{"id":67355,"date":"2018-07-24T12:40:50","date_gmt":"2018-07-24T12:40:50","guid":{"rendered":"https:\/\/shop.nlq24.eu\/produkt\/solucion-de-clorito-de-sodio-25\/"},"modified":"2026-04-02T18:18:11","modified_gmt":"2026-04-02T18:18:11","slug":"natriumchlorit-25-loesung-es","status":"publish","type":"product","link":"https:\/\/shop.nlq24.eu\/es\/ producto\/natriumchlorit-25-loesung-es\/","title":{"rendered":"Soluci\u00f3n de clorito de sodio 25%"},"content":{"rendered":"<p class=\"Normal\">Esta soluci\u00f3n de clorito de sodio al 25% es un producto de calidad. Cumple con din en 938 tipo 1.<\/p>\n<p><span class=\"style7\">Declaraciones de peligro y seguridad para<br \/>\n<strong>la soluci\u00f3n de clorita de sodio Precauci\u00f3n del 25%<\/strong><strong><br \/>\n<\/strong> <strong><img loading=\"lazy\" decoding=\"async\" class=\"\" src=\"https:\/\/shop.nlq24.eu\/wp-content\/uploads\/2018\/09\/Achtung-Gefahrzeichen-Pictogram.jpg\" alt=\"\" width=\"67\" height=\"67\"><br \/>\n <\/strong> <\/span><\/p>\n<p class=\"Standard_1\"><span class=\"tm6\">Instrucciones de peligro y seguridad:<\/span><\/p>\n<p class=\"Standard_1\"><span class=\"tm6\">Lea siempre la etiqueta + informaci\u00f3n del producto antes de usar.<\/span><\/p>\n<p class=\"Standard_1\"><span class=\"tm6\">Desarrollado en contacto con gases \u00e1cidos muy t\u00f3xicos. Da\u00f1ino si se traga. Provoca irritaci\u00f3n ocular grave. Nocivo por inhalaci\u00f3n. No inhale gas\/niebla\/vapor\/aerosol. No debe ponerse en manos de ni\u00f1os.<\/span><\/p>\n<p class=\"Standard_1\"><span class=\"tm6\">Use guantes\/ropa de protecci\u00f3n, protecci\u00f3n ocular\/protecci\u00f3n facial. Almacene solo en su embalaje original bajo llave. En caso de ingesti\u00f3n: Llame a un centro de control de intoxicaciones o a un m\u00e9dico de inmediato.  En caso de contacto con los ojos: Enjuagar suavemente con agua durante unos minutos. Qu\u00edtese las lentes de contacto si es posible. Contin\u00fae enjuagando. Si se requiere consejo m\u00e9dico, tenga a mano la etiqueta de identificaci\u00f3n.<\/span><\/p>\n<p class=\"Standard_1\"><span class=\"tm6\"> <\/span><\/p>\n<p class=\"Normal tm7\"><span class=\"tm8\">Esta mezcla no contiene ninguna sustancia que se eval\u00fae como sustancias PBT o mPmB.<\/span><\/p>\n<p>Esta soluci\u00f3n tiene un pH inferior a 11.<\/p>\n<p>&#8211;<\/p>\n<p>&nbsp;<\/p>\n<p>Si est\u00e1s buscando <strong>\u00e1cido clorh\u00eddrico<\/strong> para activar el di\u00f3xido de cloro<strong><a href=\"https:\/\/shop.nlq24.eu\/es\/ producto\/salzsaeure-4\/\">, mira AQU\u00cd.<\/a><\/strong><br \/>\nSi est\u00e1s buscando <strong>\u00e1cido l\u00e1ctico<\/strong> para activar, mira <strong><a href=\"https:\/\/shop.nlq24.eu\/es\/ producto\/milchsaeure-21-rechtsdrehend\/\">AQU\u00cd.<\/a><\/strong><br \/>\nPuedes encontrar <strong>\u00e1cido c\u00edtrico<\/strong> <strong><a href=\"https:\/\/shop.nlq24.eu\/es\/ producto\/lemonsaeure-50\/\">AQU\u00cd.<\/a><\/p>\n<p><\/strong><\/p>\n<p>Si necesita <strong>clorito de sodio y \u00e1cido clorh\u00eddrico como juego a<\/strong> un precio m\u00e1s bajo, puede encontrar <strong><a href=\"https:\/\/shop.nlq24.eu\/es\/ producto\/chlordioxid-set-typ-mms\/\">el juego<\/a> de <a href=\"https:\/\/www.natao.org\/cdh3000-cdl-wasserdesinfektion.htm\">OX-IT aqu\u00ed.<\/a><\/strong><\/p>\n","protected":false},"excerpt":{"rendered":"<p><span class=\"style7\">Soluci\u00f3n de clorito de sodio 25%<strong><br \/>\n<\/strong><\/span><\/p>\n","protected":false},"featured_media":10831,"comment_status":"open","ping_status":"closed","template":"","meta":[],"product_brand":[],"product_cat":[2345,1866],"product_tag":[2644,2681,2682,2683,2684],"class_list":{"0":"post-67355","1":"product","2":"type-product","3":"status-publish","4":"has-post-thumbnail","6":"product_cat-natriumchlorit-25-es","7":"product_cat-todos-los-productos-resumen","8":"product_tag-clorito-de-sodio-25","9":"product_tag-clorito-de-sodio-es","10":"product_tag-naclo2-es","11":"product_tag-naclo-es","12":"product_tag-solucion-de-clorito-de-sodio","13":"product_shipping_class-1-paquete-de-envio-con-seguimiento","14":"pa_flaschenart-pp-flasche-halbtransparent-es","15":"pa_flaschenart-botella-de-hdpe","16":"pa_flaschenart-botella-de-vidrio-din18","17":"pa_flaschenart-botella-de-vidrio-pp28","18":"pa_milliliter-50-ml-es","19":"pa_milliliter-465-ml-es","20":"pa_milliliter-100-ml-es","21":"pa_milliliter-250-ml-es","22":"pa_milliliter-500-ml-es","23":"pa_milliliter-5-ml-es","24":"pa_milliliter-1000-ml-es","25":"pa_milliliter-5-x-je-100-ml-es","26":"pa_milliliter-10-ml-es","27":"pa_milliliter-10-x-je-100-ml-es","28":"pa_milliliter-20-ml-es","29":"pa_milliliter-30-ml-es","31":"first","32":"instock","33":"taxable","34":"shipping-taxable","35":"purchasable","36":"product-type-variable"},"_links":{"self":[{"href":"https:\/\/shop.nlq24.eu\/es\/wp-json\/wp\/v2\/product\/67355","targetHints":{"allow":["GET"]}}],"collection":[{"href":"https:\/\/shop.nlq24.eu\/es\/wp-json\/wp\/v2\/product"}],"about":[{"href":"https:\/\/shop.nlq24.eu\/es\/wp-json\/wp\/v2\/types\/product"}],"replies":[{"embeddable":true,"href":"https:\/\/shop.nlq24.eu\/es\/wp-json\/wp\/v2\/comments?post=67355"}],"wp:featuredmedia":[{"embeddable":true,"href":"https:\/\/shop.nlq24.eu\/es\/wp-json\/wp\/v2\/media\/10831"}],"wp:attachment":[{"href":"https:\/\/shop.nlq24.eu\/es\/wp-json\/wp\/v2\/media?parent=67355"}],"wp:term":[{"taxonomy":"product_brand","embeddable":true,"href":"https:\/\/shop.nlq24.eu\/es\/wp-json\/wp\/v2\/product_brand?post=67355"},{"taxonomy":"product_cat","embeddable":true,"href":"https:\/\/shop.nlq24.eu\/es\/wp-json\/wp\/v2\/product_cat?post=67355"},{"taxonomy":"product_tag","embeddable":true,"href":"https:\/\/shop.nlq24.eu\/es\/wp-json\/wp\/v2\/product_tag?post=67355"}],"curies":[{"name":"wp","href":"https:\/\/api.w.org\/{rel}","templated":true}]}}