{"id":67365,"date":"2019-01-25T11:01:02","date_gmt":"2019-01-25T11:01:02","guid":{"rendered":"https:\/\/shop.nlq24.eu\/produkt\/conjunto-de-dioxido-de-cloro-clorito-de-sodio-25-acido-clorhidrico-4\/"},"modified":"2026-04-02T18:10:27","modified_gmt":"2026-04-02T18:10:27","slug":"chlordioxid-set-typ-mms","status":"publish","type":"product","link":"https:\/\/shop.nlq24.eu\/es\/ producto\/chlordioxid-set-typ-mms\/","title":{"rendered":"Set &#8211; Clorito de sodio 25 % + \u00e1cido clorh\u00eddrico 4 %"},"content":{"rendered":"<p>Set &#8211; Clorito de sodio 25 % + \u00e1cido clorh\u00eddrico 4 %<\/p>\n<p><span style=\"font-size: 100%;\"><strong>Puedes comprar este set a bajo precio aqu\u00ed. <\/strong>Consta de 2 componentes, a saber, a <strong>la soluci\u00f3n de clorito de sodio al 25%<\/strong> + <strong>\u00e1cido clorh\u00eddrico al 4%.<\/strong> Ya sea en un set normal en botella de cristal, PP o en <strong>un set peque\u00f1o<\/strong>. En un <strong>El juego es una botella con la cantidad indicada<\/strong> contenida. Por ejemplo, si compras un set de 100 ml, este set contiene<strong> 100 ml de clorito de sodio al 25%<\/strong> y <strong>100 ml de \u00e1cido clorh\u00eddrico <\/strong> . Un total de <strong>200 ml<\/strong> en este ejemplo. Un conjunto maravilloso de base y \u00e1cido.<br \/>\n<\/span><br \/>\nEl clorito s\u00f3dico cumple la norma DIN EN 938 tipo 1, con lo que se obtienen las frecuencias m\u00e1s puras.  <span style=\"font-size: 100%;\">Al mezclar los dos componentes, se libera gas de di\u00f3xido de cloro. Atenci\u00f3n. No se debe inhalar. <\/span><\/p>\n<p>&nbsp;<\/p>\n<hr>\n<p><span class=\"style7\">Use el conjunto de clorito de sodio 25% + \u00e1cido clorh\u00eddrico 4% cuidadosamente y siempre lea la etiqueta y la informaci\u00f3n del producto antes de su uso.<\/span><\/p>\n<p>Informaci\u00f3n sobre peligros y seguridad del material<\/p>\n<p><strong>Soluci\u00f3n de clorito de sodio 25<\/strong><strong>:<\/strong><\/p>\n<p><strong><img loading=\"lazy\" decoding=\"async\" class=\"alignnone size-full wp-image-55159\" src=\"https:\/\/shop.nlq24.eu\/wp-content\/uploads\/2019\/01\/Achtung-Ausrufezeichen-71x71-1.jpg\" alt=\"\" width=\"71\" height=\"71\">   <\/strong><strong><br \/>\nAtenci\u00f3n<\/strong><\/p>\n<p class=\"Standard_1\"><span class=\"tm6\">Instrucciones de peligro y seguridad:<\/span><\/p>\n<p class=\"Standard_1\"><span class=\"tm6\">Lea siempre la etiqueta + informaci\u00f3n del producto antes de usar.<\/span><\/p>\n<p class=\"Standard_1\"><span class=\"tm6\">Desarrollado en contacto con gases \u00e1cidos muy t\u00f3xicos. Da\u00f1ino si se traga. Provoca irritaci\u00f3n ocular grave. Nocivo por inhalaci\u00f3n. No inhale gas\/niebla\/vapor\/aerosol. No debe ponerse en manos de ni\u00f1os.<\/span><\/p>\n<p class=\"Standard_1\"><span class=\"tm6\">Use guantes\/ropa de protecci\u00f3n, protecci\u00f3n ocular\/protecci\u00f3n facial. Almacene solo en su embalaje original bajo llave. En caso de ingesti\u00f3n: Llame a un centro de control de intoxicaciones o a un m\u00e9dico de inmediato.  En caso de contacto con los ojos: Enjuagar suavemente con agua durante unos minutos. Qu\u00edtese las lentes de contacto si es posible. Contin\u00fae enjuagando. Si se requiere consejo m\u00e9dico, tenga a mano la etiqueta de identificaci\u00f3n.<\/span><\/p>\n<p class=\"Standard_1\"><span class=\"tm8\">Esta mezcla no contiene ninguna sustancia que se eval\u00fae como sustancias PBT o mPmB.<\/span><\/p>\n<p>Esta soluci\u00f3n tiene un pH inferior a 11.<\/p>\n<p>&nbsp;<\/p>\n<hr>\n<p><span class=\"style7\"><strong>\u00c1cido clorh\u00eddrico 4% de:<br \/>\n<\/strong> <strong><img loading=\"lazy\" decoding=\"async\" class=\"alignnone size-full wp-image-55159\" src=\"https:\/\/shop.nlq24.eu\/wp-content\/uploads\/2019\/01\/Achtung-Ausrufezeichen-71x71-1.jpg\" alt=\"\" width=\"71\" height=\"71\"><br \/>\nAtenci\u00f3n<br \/>\n<\/strong><\/span>Puede ser corrosivo para los metales. Provoca irritaci\u00f3n cut\u00e1nea. Provoca irritaci\u00f3n ocular grave. En caso de contacto con los ojos: Enjuague cuidadosamente con agua durante varios minutos. Qu\u00edtese las lentes de contacto existentes si es posible. Contin\u00fae enjuagando. Si se traga: Enjuague la boca. No induzca el v\u00f3mito. Use guantes protectores\/ropa protectora\/protecci\u00f3n para los ojos\/protecci\u00f3n para la cara. La mezcla de clorito de sodio al 25% y \u00e1cido produce gas di\u00f3xido de cloro.<\/p>\n<p>\u00bfBuscas estas sustancias frecuentes solo y no como un conjunto? Aqu\u00ed se obtiene el <strong><a href=\"https:\/\/shop.nlq24.eu\/es\/ producto\/natriumchlorit-25-loesung-es\/\">clorito s\u00f3dico base 25%<\/a><\/strong> y aqu\u00ed varios \u00e1cidos, como <strong><a href=\"https:\/\/shop.nlq24.eu\/es\/ producto\/salzsaeure-4\/\">\u00e1cido clorh\u00eddrico 4%,<\/a><\/strong> <strong><a href=\"https:\/\/shop.nlq24.eu\/es\/ producto\/milchsaeure-21-rechtsdrehend\/\">\u00e1cido l\u00e1ctico 21%<\/a><\/strong> y <strong><a href=\"https:\/\/shop.nlq24.eu\/es\/ producto\/lemonsaeure-50\/\">\u00e1cido c\u00edtrico 50%.<\/a><\/strong> <\/p>\n","protected":false},"excerpt":{"rendered":"<p><span class=\"style7\">Conjunto de di\u00f3xido de cloro &#8211; Clorita de sodio 25% + \u00c1cido clorh\u00eddrico 4% <\/span><\/p>\n","protected":false},"featured_media":87057,"comment_status":"open","ping_status":"closed","template":"","meta":[],"product_brand":[],"product_cat":[2348,1866],"product_tag":[2644,2646,2648,2378,2651,2425,2686],"class_list":{"0":"post-67365","1":"product","2":"type-product","3":"status-publish","4":"has-post-thumbnail","6":"product_cat-chlordioxid-sets-natriumchlorit-saeure-es","7":"product_cat-todos-los-productos-resumen","8":"product_tag-clorito-de-sodio-25","9":"product_tag-acido-clorhidrico","10":"product_tag-hcl-es","11":"product_tag-aktivator-es","12":"product_tag-wps1-es","13":"product_tag-chlordioxid-set-es","14":"product_tag-acido-clorhidrico-4","15":"product_shipping_class-1-paquete-de-envio-con-seguimiento","16":"pa_flaschenart-pp-flasche-halbtransparent-es","17":"pa_flaschenart-botella-de-hdpe","18":"pa_flaschenart-botella-de-vidrio-din18","19":"pa_flaschenart-botella-de-vidrio-pp28","20":"pa_milliliter-30-ml-es","21":"pa_milliliter-50-ml-es","22":"pa_milliliter-100-ml-es","23":"pa_milliliter-250-ml-es","24":"pa_milliliter-500-ml-es","25":"pa_milliliter-1000-ml-es","26":"pa_milliliter-5-x-je-100-ml-es","27":"pa_milliliter-10-ml-es","28":"pa_milliliter-10-x-je-100-ml-es","30":"first","31":"instock","32":"taxable","33":"shipping-taxable","34":"purchasable","35":"product-type-variable"},"_links":{"self":[{"href":"https:\/\/shop.nlq24.eu\/es\/wp-json\/wp\/v2\/product\/67365","targetHints":{"allow":["GET"]}}],"collection":[{"href":"https:\/\/shop.nlq24.eu\/es\/wp-json\/wp\/v2\/product"}],"about":[{"href":"https:\/\/shop.nlq24.eu\/es\/wp-json\/wp\/v2\/types\/product"}],"replies":[{"embeddable":true,"href":"https:\/\/shop.nlq24.eu\/es\/wp-json\/wp\/v2\/comments?post=67365"}],"wp:featuredmedia":[{"embeddable":true,"href":"https:\/\/shop.nlq24.eu\/es\/wp-json\/wp\/v2\/media\/87057"}],"wp:attachment":[{"href":"https:\/\/shop.nlq24.eu\/es\/wp-json\/wp\/v2\/media?parent=67365"}],"wp:term":[{"taxonomy":"product_brand","embeddable":true,"href":"https:\/\/shop.nlq24.eu\/es\/wp-json\/wp\/v2\/product_brand?post=67365"},{"taxonomy":"product_cat","embeddable":true,"href":"https:\/\/shop.nlq24.eu\/es\/wp-json\/wp\/v2\/product_cat?post=67365"},{"taxonomy":"product_tag","embeddable":true,"href":"https:\/\/shop.nlq24.eu\/es\/wp-json\/wp\/v2\/product_tag?post=67365"}],"curies":[{"name":"wp","href":"https:\/\/api.w.org\/{rel}","templated":true}]}}