{"id":67381,"date":"2018-09-18T13:30:48","date_gmt":"2018-09-18T13:30:48","guid":{"rendered":"https:\/\/shop.nlq24.eu\/produkt\/acido-clorhidrico-4\/"},"modified":"2025-11-17T11:38:23","modified_gmt":"2025-11-17T11:38:23","slug":"salzsaeure-4","status":"publish","type":"product","link":"https:\/\/shop.nlq24.eu\/es\/ producto\/salzsaeure-4\/","title":{"rendered":"\u00c1cido clorh\u00eddrico 4 %"},"content":{"rendered":"<div>Aqu\u00ed encontrar\u00e1 \u00e1cido clorh\u00eddrico al 4% de m\u00e1xima calidad. No es una cuesti\u00f3n de calidad t\u00e9cnica. Este \u00e1cido clorh\u00eddrico 4% corresponde a la calidad de los alimentos.<\/div>\n<div>Tal \u00e1cido clorh\u00eddrico qu\u00edmicamente puro 4% se utiliza .B en la industria de semiconductores para el grabado ligero. Adem\u00e1s, es maravillosamente adecuado para la limpieza y descalcificaci\u00f3n. Pero tambi\u00e9n se utiliza en la producci\u00f3n farmac\u00e9utica y en la elaboraci\u00f3n industrial de productos fitosanitarios. Este \u00e1cido clorh\u00eddrico es l\u00edquido. Es casi incoloro o ligeramente amarillento. Tiene un ligero olor alrededor del 80 % en contraste con el \u00e1cido clorh\u00eddrico c\u00e1ustico. Adem\u00e1s puedes usar este \u00e1cido clorh\u00eddrico maravillosamente como activador para la producci\u00f3n de CDL. Este <strong><a href=\"https:\/\/shop.nlq24.eu\/es\/Produkt\/milchsaeure-21-rechtsdrehend\/\">\u00c1cido l\u00e1ctico 21%.<\/a><\/strong> tiene un nivel de acidez similar. Tambi\u00e9n estos <strong><a href=\"https:\/\/shop.nlq24.eu\/es\/Produkt\/lemonsaeure-50\/\">\u00c1cido c\u00edtrico 50 %<\/a><\/strong>.<\/div>\n<div>\n<p>Para la producci\u00f3n de di\u00f3xido de cloro (CDL) se puede utilizar este <span style=\"color: #0000ff;\"><strong><a style=\"color: #0000ff;\" href=\"https:\/\/shop.nlq24.eu\/es\/Produkt\/chlordioxid-set-typ-mms\/\">Conjunto de di\u00f3xido de cloro tipo MMS<\/a><\/strong><\/span> (mineral multiefectiva Sustancia).<\/p>\n<\/div>\n<div>\n<hr>\n<p><strong>Este producto est\u00e1 disponible en las siguientes variantes:<\/strong><br \/>\n50 ml en frasco de PP (irrompible) o frasco de vidrio con gotero.<br \/>\n100 ml en frasco de PP (irrompible) o en frasco de vidrio con gotero.<br \/>\n250 ml en frasco de vidrio PP28 sin gotero.<br \/>\n500 ml en frasco de vidrio PP28 sin gotero.<\/p>\n<p><strong>\u00c1cido clorh\u00eddrico al 4% en soluci\u00f3n acuosa:<\/strong><\/p>\n<p><img loading=\"lazy\" decoding=\"async\" class=\"\" src=\"https:\/\/shop.es-drei.de\/images\/ghs\/50px-GHS-pictogram-exclam.svg.jpg\" alt=\"GHS-Piktogramm-Ausrufezeichen\" width=\"64\" height=\"64\"><\/p>\n<p><strong>Atenci\u00f3n<\/strong><\/p>\n<p><strong>Instrucciones de peligro y seguridad:<\/strong> Puede ser corrosivo para los metales. Provoca irritaci\u00f3n cut\u00e1nea. Provoca irritaci\u00f3n ocular grave. EN CONTACTO CON LOS OJOS: Enjuague suavemente con agua durante unos minutos. Qu\u00edtese las lentes de contacto existentes si es posible. Contin\u00fae enjuagando. SI INGESTIONES: Enjuague la boca. No induzca el v\u00f3mito. Use guantes protectores \/ ropa protectora \/ protecci\u00f3n ocular \/ protecci\u00f3n facial.<\/p>\n<p>&nbsp;<\/p>\n<\/div>\n","protected":false},"excerpt":{"rendered":"<p><strong>\u00c1cido clorh\u00eddrico al 4%, soluci\u00f3n acuosa<\/strong><strong><br \/>\n<\/strong><\/p>\n","protected":false},"featured_media":10837,"comment_status":"open","ping_status":"closed","template":"","meta":[],"product_brand":[],"product_cat":[2346,1866],"product_tag":[2646,2648,2686],"class_list":{"0":"post-67381","1":"product","2":"type-product","3":"status-publish","4":"has-post-thumbnail","6":"product_cat-saeuren-es","7":"product_cat-todos-los-productos-resumen","8":"product_tag-acido-clorhidrico","9":"product_tag-hcl-es","10":"product_tag-acido-clorhidrico-4","11":"product_shipping_class-1-paquete-de-envio-con-seguimiento","12":"pa_flaschenart-pp-flasche-halbtransparent-es","13":"pa_flaschenart-botella-de-hdpe","14":"pa_flaschenart-botella-de-vidrio-din18","15":"pa_flaschenart-botella-de-vidrio-pp28","16":"pa_milliliter-100-ml-es","17":"pa_milliliter-250-ml-es","18":"pa_milliliter-500-ml-es","19":"pa_milliliter-10-ml-es","20":"pa_milliliter-1000-ml-es","21":"pa_milliliter-30-ml-es","22":"pa_milliliter-50-ml-es","24":"first","25":"instock","26":"taxable","27":"shipping-taxable","28":"purchasable","29":"product-type-variable"},"_links":{"self":[{"href":"https:\/\/shop.nlq24.eu\/es\/wp-json\/wp\/v2\/product\/67381","targetHints":{"allow":["GET"]}}],"collection":[{"href":"https:\/\/shop.nlq24.eu\/es\/wp-json\/wp\/v2\/product"}],"about":[{"href":"https:\/\/shop.nlq24.eu\/es\/wp-json\/wp\/v2\/types\/product"}],"replies":[{"embeddable":true,"href":"https:\/\/shop.nlq24.eu\/es\/wp-json\/wp\/v2\/comments?post=67381"}],"wp:featuredmedia":[{"embeddable":true,"href":"https:\/\/shop.nlq24.eu\/es\/wp-json\/wp\/v2\/media\/10837"}],"wp:attachment":[{"href":"https:\/\/shop.nlq24.eu\/es\/wp-json\/wp\/v2\/media?parent=67381"}],"wp:term":[{"taxonomy":"product_brand","embeddable":true,"href":"https:\/\/shop.nlq24.eu\/es\/wp-json\/wp\/v2\/product_brand?post=67381"},{"taxonomy":"product_cat","embeddable":true,"href":"https:\/\/shop.nlq24.eu\/es\/wp-json\/wp\/v2\/product_cat?post=67381"},{"taxonomy":"product_tag","embeddable":true,"href":"https:\/\/shop.nlq24.eu\/es\/wp-json\/wp\/v2\/product_tag?post=67381"}],"curies":[{"name":"wp","href":"https:\/\/api.w.org\/{rel}","templated":true}]}}