{"id":67393,"date":"2018-12-11T06:44:16","date_gmt":"2018-12-11T06:44:16","guid":{"rendered":"https:\/\/shop.nlq24.eu\/produkt\/acido-lactico-21-en-el-sentido-de-las-agujas-del-reloj\/"},"modified":"2025-11-10T12:28:19","modified_gmt":"2025-11-10T12:28:19","slug":"milchsaeure-21-rechtsdrehend","status":"publish","type":"product","link":"https:\/\/shop.nlq24.eu\/es\/ producto\/milchsaeure-21-rechtsdrehend\/","title":{"rendered":"\u00c1cido l\u00e1ctico 21 % en el sentido de las agujas del reloj"},"content":{"rendered":"<div><u><strong>\u00c1cido l\u00e1ctico dextrorotatorio 21<\/strong><\/u><\/div>\n<div>Este \u00e1cido l\u00e1ctico 21 de giro a la derecha tiene una calidad superior y por supuesto fue ganado para usted.<\/div>\n<div>\n<p><img loading=\"lazy\" decoding=\"async\" class=\"\" src=\"https:\/\/shop.es-drei.de\/images\/ghs\/50px-GHS-pictogram-acid.svg.jpg\" alt=\"GHS-Piktogramm-agonizante\" width=\"71\" height=\"71\" data-cke-saved-src=\"https:\/\/shop.es-drei.de\/images\/ghs\/50px-GHS-pictogram-acid.svg.jpg\"><\/p>\n<p><strong> Riesgo<\/strong><\/p>\n<p>Instrucciones de peligro y seguridad:<br \/>\n Causa da\u00f1os oculares graves. Provoca irritaci\u00f3n cut\u00e1nea. Use guantes\/ropa protectora\/protecci\u00f3n ocular\/protecci\u00f3n facial. EN CONTACTO CON EL HAUT: Lavar con abundante agua. EN CONTACTO CON LOS OJOS: Enjuagar suavemente con agua durante unos minutos. Qu\u00edtese las lentes de contacto si es posible. Contin\u00fae enjuagando.<\/p>\n<p class=\"Normal\"><strong>\u00c1cido l\u00e1ctico 21 % en el sentido de las agujas del reloj<\/strong><\/p>\n<p>Este \u00e1cido l\u00e1ctico tambi\u00e9n se conoce como \u00e1cido 2-hidroxiprop\u00e1nico. Es un <strong>\u00e1cido org\u00e1nico<\/strong>que se encuentra como un metaboto en organismos vegetales y animales. El \u00e1cido l\u00e1ctico, si sigue siendo puro, es un l\u00edquido transparente, incoloro o ligeramente amarillento. Sabe agrio. Las sales de \u00e1cido l\u00e1ctico se llaman \u00ablactatos\u00bb.<\/p>\n<h3>\u00bfC\u00f3mo se produce este \u00e1cido l\u00e1ctico en el sentido de las agujas del reloj el 21%?<\/h3>\n<p class=\"Normal\">Este <strong><span class=\"tm5\">\u00e1cido l\u00e1ctico a la derecha<\/span><\/strong> en una concentraci\u00f3n de 21 es de origen org\u00e1nico y se <strong><span class=\"tm5\">obtuvo naturalmente.<\/span><\/strong> Se forma, por ejemplo, a partir de diferentes tipos de az\u00facar por bacterias, como las que se encuentran en el suero de leche, el queso y el yogur.<\/p>\n<p class=\"Normal\">Los carbohidratos como el az\u00facar y el almid\u00f3n se convierten en <b>\u00e1cido l\u00e1ctico<\/b> por <strong>bacterias del \u00e1cido l\u00e1ctico.<\/strong> El \u00e1cido l\u00e1ctico se produce as\u00ed por el proceso de fermentaci\u00f3n o fermentaci\u00f3n. Esto tambi\u00e9n podr\u00eda describirse con el t\u00e9rmino \u00abfermentaci\u00f3n\u00bb. En esta fermentaci\u00f3n, las bacterias convierten el az\u00facar del que se alimentan casi en \u00e1cido l\u00e1ctico a trav\u00e9s de su propio metabolismo. Desde este punto de vista, el \u00e1cido l\u00e1ctico se produce as\u00ed en el marco del metabolismo catalizado por enzimas de las bacterias del \u00e1cido l\u00e1ctico. Estas bacterias incluyen, por ejemplo, representantes de los g\u00e9neros Enterococcus, Lactococcus, Pediococcus y Streptococcus.<\/p>\n<p class=\"Normal\">Los \u00e1cidos alfa-hodoxi tambi\u00e9n contienen los llamados \u00ab\u00e1cidos AHA\u00bb en este \u00e1cido l\u00e1ctico. Estos tambi\u00e9n se forman en el metabolismo humano. Este \u00e1cido l\u00e1ctico se puede mezclar f\u00e1cilmente con \u00e9ter, agua y alcohol concentrado.<\/p>\n<h3>Sin producci\u00f3n sint\u00e9tica<\/h3>\n<p class=\"Normal\">Tambi\u00e9n hay <b>\u00e1cido l\u00e1ctico<\/b> en el comercio, que no se produce <strong>naturalmente, pero sint\u00e9ticamente.<\/strong> Esto se hace mediante la uni\u00f3n de agua al cianuro de hidr\u00f3geno. El \u00e1cido l\u00e1ctico producido sint\u00e9ticamente produce as\u00ed por una acumulaci\u00f3n de cianuro (\u00e1cido azul, HCN).<\/p>\n<h3 class=\"Normal\">Datos interesantes sobre el \u00e1cido l\u00e1ctico<\/h3>\n<p class=\"Normal\">El \u00e1cido l\u00e1ctico est\u00e1 incluso presente en el enjuague bucal y otros productos cosm\u00e9ticos. Est\u00e1 destinado a regular la flora de la piel en caso de acn\u00e9. Adem\u00e1s, se conoce como una herramienta para una mejor solubilidad de la quitina en polvo para el cabello. Tambi\u00e9n debe tener un efecto reafirmante sobre la piel y unir la humedad en ella. Tambi\u00e9n debe estimular la formaci\u00f3n de nuevas c\u00e9lulas de la piel en capas m\u00e1s profundas de la piel y as\u00ed eliminar las arrugas. El \u00e1cido l\u00e1ctico tambi\u00e9n se utiliza en las indicaciones m\u00e9dicas. Adem\u00e1s, en la producci\u00f3n de alimentos en panader\u00edas, bodegas y viticultores. Incluso se utiliza en la efervescente y la confiter\u00eda. Lleva el n\u00famero E 270. Los apicultores tambi\u00e9n utilizan \u00e1cido l\u00e1ctico para sus colonias de abejas en la lucha contra el temido \u00e1caro varroa.<\/p>\n<p class=\"Normal\">Adem\u00e1s, el \u00e1cido l\u00e1ctico se utiliza en agentes limpiadores antibacterianos, como jabones l\u00edquidos y detergentes para lavar platos. Entre un pH de 3 a un m\u00e1ximo de 5, el \u00e1cido l\u00e1ctico desarrolla su propiedad desinfectante. Evita la aparici\u00f3n de hongos y bacterias no deseados. Algunas personas tambi\u00e9n utilizan este \u00e1cido l\u00e1ctico como <strong>activador<\/strong> para activar el clorito de sodio al di\u00f3xido de cloro. Aqu\u00ed el \u00e1cido l\u00e1ctico se ofrece como un producto qu\u00edmico puro. Tiene un valor de pH de aproximadamente 1,8.<\/p>\n<p>El t\u00e9rmino \u00ab<strong>\u00e1cido l\u00e1ctico dextrorotatorio<\/strong>\u00bb explica la direcci\u00f3n que toma un rayo de luz polarizada cuando se irradia con \u00e1cido l\u00e1ctico. Si esto gira a la derecha, es \u00e1cido l\u00e1ctico que gira a la derecha. Si la viga gira a la izquierda, se habla de \u00e1cido l\u00e1ctico que gira a la izquierda.<\/p>\n<p>Algunas mol\u00e9culas tienen la capacidad de rotar la radiaci\u00f3n (luz polarizada linealmente) alrededor de un cierto \u00e1ngulo debido a la estructura de sus lunares.<\/p>\n<p>Utilice este \u00e1cido l\u00e1ctico obtenido naturalmente en la mejor calidad.<\/p>\n<\/div>\n","protected":false},"excerpt":{"rendered":"<p><strong>\u00c1cido l\u00e1ctico 21% en el sentido de las agujas del reloj, soluci\u00f3n acuosa<\/strong><strong><br \/>\n<\/strong><\/p>\n","protected":false},"featured_media":87612,"comment_status":"open","ping_status":"closed","template":"","meta":[],"product_brand":[],"product_cat":[2315,2346,1868],"product_tag":[2653,2688,2690,2378,2652],"class_list":{"0":"post-67393","1":"product","2":"type-product","3":"status-publish","4":"has-post-thumbnail","6":"product_cat-acido-lactico-21-es","7":"product_cat-saeuren-es","8":"product_cat-activadores-acidos","9":"product_tag-acido-lactico-21","10":"product_tag-acido-lactico-dextrorotatorio","11":"product_tag-activador-del-acido-lactico","12":"product_tag-aktivator-es","13":"product_tag-acido-lactico","14":"product_shipping_class-1-paquete-de-envio-con-seguimiento","15":"pa_flaschenart-pp-flasche-halbtransparent-es","16":"pa_flaschenart-botella-de-hdpe","17":"pa_flaschenart-botella-de-vidrio-din18","18":"pa_flaschenart-botella-de-vidrio-pp28","19":"pa_milliliter-100-ml-es","20":"pa_milliliter-250-ml-es","21":"pa_milliliter-500-ml-es","22":"pa_milliliter-1000-ml-es","23":"pa_milliliter-10-ml-es","24":"pa_milliliter-30-ml-es","25":"pa_milliliter-50-ml-es","27":"first","28":"instock","29":"taxable","30":"shipping-taxable","31":"purchasable","32":"product-type-variable"},"_links":{"self":[{"href":"https:\/\/shop.nlq24.eu\/es\/wp-json\/wp\/v2\/product\/67393","targetHints":{"allow":["GET"]}}],"collection":[{"href":"https:\/\/shop.nlq24.eu\/es\/wp-json\/wp\/v2\/product"}],"about":[{"href":"https:\/\/shop.nlq24.eu\/es\/wp-json\/wp\/v2\/types\/product"}],"replies":[{"embeddable":true,"href":"https:\/\/shop.nlq24.eu\/es\/wp-json\/wp\/v2\/comments?post=67393"}],"wp:featuredmedia":[{"embeddable":true,"href":"https:\/\/shop.nlq24.eu\/es\/wp-json\/wp\/v2\/media\/87612"}],"wp:attachment":[{"href":"https:\/\/shop.nlq24.eu\/es\/wp-json\/wp\/v2\/media?parent=67393"}],"wp:term":[{"taxonomy":"product_brand","embeddable":true,"href":"https:\/\/shop.nlq24.eu\/es\/wp-json\/wp\/v2\/product_brand?post=67393"},{"taxonomy":"product_cat","embeddable":true,"href":"https:\/\/shop.nlq24.eu\/es\/wp-json\/wp\/v2\/product_cat?post=67393"},{"taxonomy":"product_tag","embeddable":true,"href":"https:\/\/shop.nlq24.eu\/es\/wp-json\/wp\/v2\/product_tag?post=67393"}],"curies":[{"name":"wp","href":"https:\/\/api.w.org\/{rel}","templated":true}]}}