{"id":69830,"date":"2019-09-24T07:17:00","date_gmt":"2019-09-24T07:17:00","guid":{"rendered":"https:\/\/shop.nlq24.eu\/produkt\/especial-de-plata-coloidal-con-2-de-oro-100-ml-en-botella-de-mironglass\/"},"modified":"2025-12-04T13:02:00","modified_gmt":"2025-12-04T13:02:00","slug":"botella-de-vidrio-coloidal-plata-especial-100-ml-en-miron","status":"publish","type":"product","link":"https:\/\/shop.nlq24.eu\/es\/ producto\/botella-de-vidrio-coloidal-plata-especial-100-ml-en-miron\/","title":{"rendered":"Especial de plata coloidal con 2% de oro &#8211; 100 ml en vidrio Miron"},"content":{"rendered":"<p>\u00a1El exclusivo especial de plata coloidal multiespectro de alta energ\u00eda con oro!<\/p>\n<h3><strong>Especial de plata coloidal<\/strong><\/h3>\n<p class=\"Normal\">Este especial de plata coloidal es una <strong>nano-plata,<\/strong>que se produce seg\u00fan un proceso completamente \u00fanico. Adem\u00e1s, este Especial de Plata Coloidal 5 ppm contiene una proporci\u00f3n de <strong>2% de ORO coloidal.<\/strong> Esto lo hace especialmente potente. Cualquiera que haya tratado el tema sabe que lo que importa no es una alta proporci\u00f3n de <strong>plata,<\/strong>sino el efecto frecuente. Y \u00e9ste es \u00f3ptimo aqu\u00ed. En este proceso especial, las part\u00edculas de plata m\u00e1s peque\u00f1as y puras se aflojan con un sistema de resonancia bipolar<strong> de alta tensi\u00f3n multifrecuencia.<\/strong> Gracias a este m\u00e9todo especialmente sofisticado, se obtiene una <strong>plata coloidal pura de muy alta calidad,<\/strong>que se informa con un amplio espectro de <strong>multifrecuencia,<\/strong>ya que tambi\u00e9n se producen en la naturaleza. En pocas palabras, hay una \u00abdescarga de iluminaci\u00f3n\u00bb entre los electrodos de plata pura en el agua destilada. Como resultado, las part\u00edculas de plata se liberan y comienzan a flotar. As\u00ed que esto no es un proceso de electr\u00f3lisis (oxidante). Este m\u00e9todo fue desarrollado por Hessel Hoornveld.<\/p>\n<h3><strong>El proceso de fabricaci\u00f3n especial<\/strong><\/h3>\n<div>La base del m\u00e9todo de fabricaci\u00f3n especial es el oscilador multionda, que <strong>genera un espectro de frecuencia enormemente amplio.<\/strong> Junto con el voltaje, que puede alcanzar <strong>hasta 120,000 voltios,<\/strong> la composici\u00f3n del producto terminado se vuelve extremadamente fuerte y llena de energ\u00eda. Esto nunca se puede lograr en casa. Es por eso que esta plata coloidal es tan especial.<\/div>\n<h3><strong>Larga vida \u00fatil.<\/strong><\/h3>\n<p>La calidad tambi\u00e9n se aprecia en la durabilidad de este producto especial. La vida \u00fatil con la botella cerrada es de hasta 3 a\u00f1os. \u00a1Con la botella abierta a 1 a\u00f1o!<\/p>\n<p>&nbsp;<\/p>\n<h3 class=\"Normal\"><strong><span class=\"tm6\">Aplicaciones<\/span><\/strong><\/h3>\n<p class=\"Normal\">La plata coloidal especial es especialmente adecuada para todas las aplicaciones com\u00fanmente conocidas.<\/p>\n<h3><strong>Botella especial<\/strong><\/h3>\n<h4 class=\"Normal tm7 tm11\"><span class=\"tm10\">La botella de este producto especial de plata coloidal est\u00e1 hecha <strong>de vidrio violeta energizante (vidrio miron).<\/strong> Este vidrio tiene propiedades muy <strong>especiales.<\/strong> Por lo tanto, usted no debe tirar esta botella incluso despu\u00e9s de su uso! Definitivamente debe continuar usando esta botella. Por ejemplo, para el almacenamiento de agua u otros productos que deben gozar de un alto nivel de protecci\u00f3n lum\u00ednica. Por cierto, tambi\u00e9n te ofrezco varias <strong><br \/>\n  <a href=\"https:\/\/shop.nlq24.eu\/es\/Produkt\/botella-de-vidrio-miron\/\">botellas vac\u00edas de Mironglas<\/a><br \/>\n<\/strong> en la tienda.<br \/>\n<\/span><\/h4>\n<h3><strong>Variantes de cierre<\/strong><\/h3>\n<p>Puede adquirir esta botella de vidrio mironglass en 2 variantes:<\/p>\n<ol>\n<li>con <strong>cierre de cuentagotas<\/strong> o<\/li>\n<li><strong>con Sistema de dosificaci\u00f3n<\/strong> (inserto dosificador + jeringa de 12 ml para la medici\u00f3n + tapa especial)<\/li>\n<\/ol>\n<h3 class=\"Normal tm7 tm11\"><strong><span class=\"tm6\">Para m\u00e1s informaci\u00f3n<\/span><\/strong><\/h3>\n<p class=\"Normal\">No se permite la publicidad de posibles efectos positivos de la plata coloidal y el oro. Sin embargo, hay una gran cantidad de informaci\u00f3n sobre la experiencia.<\/p>\n<h3><strong>La m\u00e1s alta calidad de plata<\/strong><\/h3>\n<p class=\"Normal tm7 tm11\"><span class=\"tm10\">El fabricante tiene un certificado de calidad de plata fina. Contenido Ag 999.7 . <\/span><\/p>\n<h3><strong>Especial de plata coloidal en otros tama\u00f1os<\/strong><\/h3>\n<p>Esta plata especial tambi\u00e9n est\u00e1 disponible en otros tama\u00f1os, p. ej.  <strong><a href=\"https:\/\/shop.nlq24.eu\/es\/Produkt\/botella-de-vidrio-coloidal-plata-especial-250-ml-en-miron\/\">Plata coloidal especial 250 ml<\/a><\/strong><\/p>\n<p>o la <strong><a href=\"https:\/\/shop.nlq24.eu\/produkt\/kolloidales-silber-spezial-1000-ml-in-mironglasflasche\/\">plata coloidal especial 1000 ml en la botella de almacenamiento barato<\/a><\/strong><\/p>\n","protected":false},"excerpt":{"rendered":"<p>Plata coloidal con oro 100 ml<\/p>\n","protected":false},"featured_media":68485,"comment_status":"open","ping_status":"closed","template":"","meta":[],"product_brand":[],"product_cat":[1866,3686,2336],"product_tag":[2711,2712,2713,2714,2710],"class_list":{"0":"post-69830","1":"product","2":"type-product","3":"status-publish","4":"has-post-thumbnail","6":"product_cat-todos-los-productos-resumen","7":"product_cat-productos-coloidales-es","8":"product_cat-kolloidales-silber-spezial-es","9":"product_tag-plata-coloidal","10":"product_tag-nano-silver-es","11":"product_tag-plata-coloidal-con-oro-coloidal","12":"product_tag-oro-coloidal-incluido","13":"product_tag-especial-de-plata-coloidal","14":"product_shipping_class-1-paquete-de-envio-con-seguimiento","16":"first","17":"instock","18":"taxable","19":"shipping-taxable","20":"purchasable","21":"product-type-variable"},"_links":{"self":[{"href":"https:\/\/shop.nlq24.eu\/es\/wp-json\/wp\/v2\/product\/69830","targetHints":{"allow":["GET"]}}],"collection":[{"href":"https:\/\/shop.nlq24.eu\/es\/wp-json\/wp\/v2\/product"}],"about":[{"href":"https:\/\/shop.nlq24.eu\/es\/wp-json\/wp\/v2\/types\/product"}],"replies":[{"embeddable":true,"href":"https:\/\/shop.nlq24.eu\/es\/wp-json\/wp\/v2\/comments?post=69830"}],"wp:featuredmedia":[{"embeddable":true,"href":"https:\/\/shop.nlq24.eu\/es\/wp-json\/wp\/v2\/media\/68485"}],"wp:attachment":[{"href":"https:\/\/shop.nlq24.eu\/es\/wp-json\/wp\/v2\/media?parent=69830"}],"wp:term":[{"taxonomy":"product_brand","embeddable":true,"href":"https:\/\/shop.nlq24.eu\/es\/wp-json\/wp\/v2\/product_brand?post=69830"},{"taxonomy":"product_cat","embeddable":true,"href":"https:\/\/shop.nlq24.eu\/es\/wp-json\/wp\/v2\/product_cat?post=69830"},{"taxonomy":"product_tag","embeddable":true,"href":"https:\/\/shop.nlq24.eu\/es\/wp-json\/wp\/v2\/product_tag?post=69830"}],"curies":[{"name":"wp","href":"https:\/\/api.w.org\/{rel}","templated":true}]}}