{"id":71009,"date":"2019-06-13T11:43:06","date_gmt":"2019-06-13T11:43:06","guid":{"rendered":"https:\/\/shop.nlq24.eu\/produkt\/miron-glass-botella-de-vidrio-violeta-vacio\/"},"modified":"2025-12-08T11:45:46","modified_gmt":"2025-12-08T11:45:46","slug":"botella-de-vidrio-miron","status":"publish","type":"product","link":"https:\/\/shop.nlq24.eu\/es\/ producto\/botella-de-vidrio-miron\/","title":{"rendered":"Miron Glass Botella de Vidrio Violeta (vac\u00edo)"},"content":{"rendered":"<p>\u00bfDesea mantener o almacenar sus productos en buenas condiciones durante mucho tiempo? \u00a1Con una botella de vidrio Miron (vidrio violeta) esto es f\u00e1cilmente posible! A veces, sus productos pueden volverse r\u00e1pidamente ineficaz o funcionar de la manera que desea que sean despu\u00e9s de un almacenamiento prolongado. Esto suele parecer inexplicable. El vidrio violeta, tambi\u00e9n llamado Mironglas, le ofrece una soluci\u00f3n a este problema. Protege sus productos de la luz y los mantiene en muy buenas condiciones durante m\u00e1s tiempo.<\/p>\n<p>Esta botella de vidrio Miron es ideal para rellenar con aceites arom\u00e1ticos, esencias, cosm\u00e9ticos naturales, extractos, flores de Bach, globuli, aceites, perfumes, productos qu\u00edmicos y m\u00e1s.<\/p>\n<p><span class=\"tm7\">Estas botellas de vidrio Miron bloquean todo el espectro de luz visible. Solo se excluye el contenido morado. Estas botellas le ofrecen as\u00ed al mismo tiempo la permeabilidad de una cierta proporci\u00f3n para la radiaci\u00f3n en el rango espectral de UV-A y luz infrarroja. Esto activa la estructura molecular de las sustancias que se llenan una y otra vez. <strong>Por lo tanto, las energ\u00edas sutiles<\/strong> permanecen en el nivel original durante mucho tiempo. Esta combinaci\u00f3n \u00fanica ofrece as\u00ed a sus sustancias una protecci\u00f3n \u00f3ptima contra los procesos de envejecimiento. Estos se pueden hacer con luz visible. Estas botellas de vidrio Miron con vidrio violeta por lo tanto le ofrecen una mayor durabilidad y eficacia.<\/span><\/p>\n<h3>Tama\u00f1os disponibles de The Miron de una botella de vidrio (vidrio violeta)<\/h3>\n<p><strong>El tama\u00f1o de 1000 ml no se puede<\/strong> combinar con un <span style=\"color: #0000ff;\"><strong>sistema de dosificaci\u00f3n <\/strong><\/span>. La <strong>botella Mironglass de 100 ml<\/strong> se puede combinar con este sistema <a href=\"https:\/\/shop.nlq24.eu\/es\/Produkt\/doser-system-din18\/\">dosificador DIN18<\/a> <strong>(por favor pida por separado).<\/strong><\/p>\n<p>Con su coloraci\u00f3n, esta botella ofrece a su material de relleno<strong>la mejor protecci\u00f3n de la luz<\/strong>. Incluso mejor que el vidrio marr\u00f3n, incluso si ya ofrece una protecci\u00f3n relativamente buena.<\/p>\n<p>&nbsp;<\/p>\n","protected":false},"excerpt":{"rendered":"<p>Botella de vidrio Miron<\/p>\n","protected":false},"featured_media":31200,"comment_status":"open","ping_status":"closed","template":"","meta":[],"product_brand":[],"product_cat":[2320,2344,1866,1883],"product_tag":[2724,2725,2399,2457,2458,2719,2720,2721,2722,2723],"class_list":{"0":"post-71009","1":"product","2":"type-product","3":"status-publish","4":"has-post-thumbnail","6":"product_cat-botellas-de-vidrio-pp28","7":"product_cat-miron-glasflaschen-es","8":"product_cat-todos-los-productos-resumen","9":"product_cat-botellas-de-vidrio","10":"product_tag-mironglass-es","11":"product_tag-vidrio-violeta","12":"product_tag-cdh-doser-es","13":"product_tag-doser-system-es","14":"product_tag-doser-system-flasche-es","15":"product_tag-botella-de-jarabe","16":"product_tag-botella-de-vidrio-pp28","17":"product_tag-botella","18":"product_tag-botella-de-vidrio-miron","19":"product_tag-botella-de-vidrio-miron-es","20":"product_shipping_class-1-paquete-de-envio-con-seguimiento","21":"pa_milliliter-100-ml-es","22":"pa_milliliter-250-ml-es","23":"pa_milliliter-500-ml-es","24":"pa_milliliter-50-ml-es","25":"pa_milliliter-1000-ml-es","26":"pa_milliliter-200-ml-es","28":"first","29":"instock","30":"taxable","31":"shipping-taxable","32":"purchasable","33":"product-type-variable"},"_links":{"self":[{"href":"https:\/\/shop.nlq24.eu\/es\/wp-json\/wp\/v2\/product\/71009","targetHints":{"allow":["GET"]}}],"collection":[{"href":"https:\/\/shop.nlq24.eu\/es\/wp-json\/wp\/v2\/product"}],"about":[{"href":"https:\/\/shop.nlq24.eu\/es\/wp-json\/wp\/v2\/types\/product"}],"replies":[{"embeddable":true,"href":"https:\/\/shop.nlq24.eu\/es\/wp-json\/wp\/v2\/comments?post=71009"}],"wp:featuredmedia":[{"embeddable":true,"href":"https:\/\/shop.nlq24.eu\/es\/wp-json\/wp\/v2\/media\/31200"}],"wp:attachment":[{"href":"https:\/\/shop.nlq24.eu\/es\/wp-json\/wp\/v2\/media?parent=71009"}],"wp:term":[{"taxonomy":"product_brand","embeddable":true,"href":"https:\/\/shop.nlq24.eu\/es\/wp-json\/wp\/v2\/product_brand?post=71009"},{"taxonomy":"product_cat","embeddable":true,"href":"https:\/\/shop.nlq24.eu\/es\/wp-json\/wp\/v2\/product_cat?post=71009"},{"taxonomy":"product_tag","embeddable":true,"href":"https:\/\/shop.nlq24.eu\/es\/wp-json\/wp\/v2\/product_tag?post=71009"}],"curies":[{"name":"wp","href":"https:\/\/api.w.org\/{rel}","templated":true}]}}