{"id":73077,"date":"2019-11-27T11:27:52","date_gmt":"2019-11-27T11:27:52","guid":{"rendered":"https:\/\/shop.nlq24.eu\/produkt\/cartucho-de-energizacion\/"},"modified":"2025-06-19T07:42:40","modified_gmt":"2025-06-19T07:42:40","slug":"cartucho-de-energizacion","status":"publish","type":"product","link":"https:\/\/shop.nlq24.eu\/es\/ producto\/cartucho-de-energizacion\/","title":{"rendered":"Cartucho de energizaci\u00f3n"},"content":{"rendered":"<h3>Cartucho de energizaci\u00f3n para plantas de \u00f3smosis inversa<\/h3>\n<div class=\"Description SmallTopPadding\">\n<div>A trav\u00e9s <strong>de este cartucho energizante<\/strong> puede revivir energ\u00e9ticamente su agua filtrada. \u00bfPor qu\u00e9 tiene sentido esto?<\/div>\n<div>Debido a su \u00f3smosis inversa, ya tiene agua muy bien filtrada. Pero, \u00bfsigue realmente en orden la estructura energ\u00e9tica despu\u00e9s del proceso?<\/div>\n<div><\/div>\n<div>El objetivo de la revitalizaci\u00f3n del agua es restaurar la estructura original del agua. As\u00ed que la energ\u00eda natural y la informaci\u00f3n que posee naturalmente. Debido a factores tales como: presi\u00f3n en las tuber\u00edas de agua, especialmente tuber\u00edas de agua, la adici\u00f3n de productos qu\u00edmicos y disparadores met\u00e1licos, estos se pueden perder. Pero al menos, podr\u00eda da\u00f1arse. Se dice entre los investigadores del agua que el agua del grifo est\u00e1 \u00abestresada\u00bb a nivel energ\u00e9tico.<\/div>\n<div><\/div>\n<div>Los cient\u00edficos descubrieron que <strong>las vibraciones de alta frecuencia<\/strong>pueden ser generadas por la acci\u00f3n <strong>magn\u00e9tica.<\/strong> Esto, a su vez, se libera permanentemente en el agua. Por lo tanto, el agua es capaz de absorber y liberar vibraciones. As\u00ed que tiene una \u00abmemoria\u00bb. Con esto, puede, por as\u00ed decirlo, recopilar, preservar y transmitir informaci\u00f3n a otros objetos, como organismos vivos.<\/div>\n<div><\/div>\n<div>Este cartucho de energizaci\u00f3n reestructura el agua sobre la base de la biocer\u00e1mica. Reconstruye la estructura natural del agua. Al hacerlo, utiliza la energ\u00eda del espectro solar. La energ\u00eda liberada en el proceso aparentemente tambi\u00e9n promueve \/ apoya el sistema inmune del cuerpo. Tambi\u00e9n deber\u00eda tener un efecto positivo en el sistema sangu\u00edneo y, por lo tanto, a su vez en todo el organismo, pero no es una promesa de curaci\u00f3n aqu\u00ed.<\/div>\n<\/div>\n<div><\/div>\n<h3>\u00bfQu\u00e9 sucede cuando el agua fluye a trav\u00e9s del cartucho energizante?<\/h3>\n<div>Toda la informaci\u00f3n negativa se elimina y se reemplaza con informaci\u00f3n positiva. De esta manera, sin contacto f\u00edsico o agua de modificaci\u00f3n qu\u00edmica, se obtiene con la informaci\u00f3n positiva contenida en \u00e9l. Recibir\u00e1 agua reestructurada.<\/div>\n<div class=\"Description SmallTopPadding\">\n<div><\/div>\n<div>El uso del cartucho con <strong>agua reestructurada<\/strong> tiene la siguiente influencia en las propiedades de su agua<\/div>\n<div><\/div>\n<div>&#8211; Mayor capacidad de regeneraci\u00f3n y mayor potencia de autolimpieza, as\u00ed como mejor resistencia, mejor durabilidad y menor dureza. Menor radiactividad, as\u00ed como menor tensi\u00f3n superficial.<\/div>\n<\/div>\n<div><\/div>\n<div>Tambi\u00e9n puede sentir y apreciar esto cuando disfruta de esta agua.<\/div>\n<div class=\"Description SmallTopPadding\">\n<div><\/div>\n<\/div>\n<div><span style=\"color: #555555;\">Este cartucho se adapta a todos los<\/span> sistemas de <a href=\"https:\/\/shop.nlq24.eu\/produkt\/mini-umkehrosmoseanlage-smartline-gold\/\">\u00f3smosis inversa<\/a><span style=\"color: #555555;\">  en la tienda. Tambi\u00e9n es compatible con cualquier grifo de \u00f3smosis inversa. Por lo tanto, tambi\u00e9n puede adaptar su sistema anterior con \u00e9l.<\/span><\/div>\n<div class=\"Description SmallTopPadding\">\n<p>Puede obtener m\u00e1s informaci\u00f3n sobre \u00abEl agua es vida\u00bb en <strong> <a href=\"https:\/\/www.natao.org\/wasserreinigung.htm\">Natao.org.<\/a><\/p>\n<p><\/strong><\/p>\n<p><strong>Contenido: 1 cartucho<\/strong><\/p>\n<p>El tama\u00f1o del conector es de 1\/4 de pulgada.<\/p>\n<p>Este cartucho de energizaci\u00f3n se adjunta como el \u00faltimo cartucho, justo delante del grifo. Est\u00e1 destinado a ser utilizado \u00fanicamente en agua fr\u00eda. Por favor, util\u00edzcalo s\u00f3lo para agua fr\u00eda.<\/p>\n<p>Debe cambiar este cartucho cada 12 meses.<\/p>\n<\/div>\n","protected":false},"excerpt":{"rendered":"<p>Cartucho de energizaci\u00f3n para planta de \u00f3smosis inversa<\/p>\n","protected":false},"featured_media":46636,"comment_status":"open","ping_status":"closed","template":"","meta":[],"product_brand":[],"product_cat":[1866,1910,2354,2357,2358],"product_tag":[2734,2735,2736,2381,2733],"class_list":{"0":"post-73077","1":"product","2":"type-product","3":"status-publish","4":"has-post-thumbnail","6":"product_cat-todos-los-productos-resumen","7":"product_cat-filtro-de-agua-osmosis-inversa","8":"product_cat-umkehrosmose-zubehoer-es","9":"product_cat-wasserveredelung-es","10":"product_cat-wasserveredelung-es-2","11":"product_tag-cartucho-de-ph","12":"product_tag-correccion-del-valor-de-ph","13":"product_tag-cartucho-ph-neutral-para-sistema-de-osmosis-inversa","14":"product_tag-alkaline-filter-es","15":"product_tag-neutralizacion-del-ph","16":"product_shipping_class-1-paquete-de-envio-con-seguimiento","18":"first","19":"instock","20":"sale","21":"taxable","22":"shipping-taxable","23":"purchasable","24":"product-type-simple"},"_links":{"self":[{"href":"https:\/\/shop.nlq24.eu\/es\/wp-json\/wp\/v2\/product\/73077","targetHints":{"allow":["GET"]}}],"collection":[{"href":"https:\/\/shop.nlq24.eu\/es\/wp-json\/wp\/v2\/product"}],"about":[{"href":"https:\/\/shop.nlq24.eu\/es\/wp-json\/wp\/v2\/types\/product"}],"replies":[{"embeddable":true,"href":"https:\/\/shop.nlq24.eu\/es\/wp-json\/wp\/v2\/comments?post=73077"}],"wp:featuredmedia":[{"embeddable":true,"href":"https:\/\/shop.nlq24.eu\/es\/wp-json\/wp\/v2\/media\/46636"}],"wp:attachment":[{"href":"https:\/\/shop.nlq24.eu\/es\/wp-json\/wp\/v2\/media?parent=73077"}],"wp:term":[{"taxonomy":"product_brand","embeddable":true,"href":"https:\/\/shop.nlq24.eu\/es\/wp-json\/wp\/v2\/product_brand?post=73077"},{"taxonomy":"product_cat","embeddable":true,"href":"https:\/\/shop.nlq24.eu\/es\/wp-json\/wp\/v2\/product_cat?post=73077"},{"taxonomy":"product_tag","embeddable":true,"href":"https:\/\/shop.nlq24.eu\/es\/wp-json\/wp\/v2\/product_tag?post=73077"}],"curies":[{"name":"wp","href":"https:\/\/api.w.org\/{rel}","templated":true}]}}