{"id":73078,"date":"2019-09-19T10:38:11","date_gmt":"2019-09-19T10:38:11","guid":{"rendered":"https:\/\/shop.nlq24.eu\/produkt\/cdh3000-long-solucion-de-dioxido-de-cloro-cdl-sin-desactivar\/"},"modified":"2026-04-02T18:43:37","modified_gmt":"2026-04-02T18:43:37","slug":"cdl3000-largo-dioxido-de-cloro-loesung-inactivado-con-activador","status":"publish","type":"product","link":"https:\/\/shop.nlq24.eu\/es\/ producto\/cdl3000-largo-dioxido-de-cloro-loesung-inactivado-con-activador\/","title":{"rendered":"CDH3000 LARGO Soluci\u00f3n de di\u00f3xido de cloro sin activar"},"content":{"rendered":"<p><span style=\"font-size: 100%;\">Esta soluci\u00f3n de di\u00f3xido de cloro sin activar CDH3000 LONG b<\/span><span style=\"font-size: 100%;\">siste en 2 componentes<\/span><\/p>\n<p>Perfecto para activar las frecuencias m\u00e1s adelante.<\/p>\n<p>&nbsp;<\/p>\n<h3><strong>Activaci\u00f3n pr\u00e1ctica:<\/strong><\/h3>\n<p>El activador \u00e1cido clorh\u00eddrico 4% est\u00e1 en una botella peque\u00f1a aparte. Despu\u00e9s de abrir ambas botellas, exprime el activador de la botella peque\u00f1a directamente en la soluci\u00f3n madre (botella grande de cristal). Vuelve a cerrarla inmediatamente despu\u00e9s. Si has comprado un sistema Dosificador con Dosificador (jeringa dosificadora), presiona firmemente con el pulgar el inserto del Dosificador (peque\u00f1o pl\u00e1stico redondo con un peque\u00f1o orificio) en la botella de cristal y vuelve a enroscar el tap\u00f3n en la botella. La soluci\u00f3n se activa ahora durante 6 &#8211; 12 horas a temperatura ambiente para formar una soluci\u00f3n acabada.     Para un almacenamiento m\u00e1s largo, se recomienda el almacenamiento en un lugar fresco.<\/p>\n<p>Las frecuencias especiales de estos l\u00edquidos pueden sintonizarse con otros objetos mediante un radiador de org\u00f3n o radiador de Urteilchen.<\/p>\n<h3><strong>Una mezcla perfecta:<\/strong><\/h3>\n<p>Los componentes se combinan y calculan con precisi\u00f3n para que puedas crear una soluci\u00f3n perfecta de di\u00f3xido de cloro (CDL).  &lt;  0,3 % recibido.<\/p>\n<h3><strong>Contenido del conjunto:<\/strong><\/h3>\n<p><span style=\"font-size: 100%;\"><strong>Soluci\u00f3n de stock:<\/strong> Soluci\u00f3n de clorito s\u00f3dico al 1,8%, diluida a partir de clorito s\u00f3dico al 25%. <\/span><span style=\"font-size: 100%;\">La soluci\u00f3n madre es un producto de calidad UE. <strong>No<\/strong> es de calidad t\u00e9cnica o industrial. <strong>A<\/strong> <\/span><span style=\"font-size: 100%;\"><strong>ctivador:<\/strong> \u00c1cido clorh\u00eddrico al 4% en un frasco aparte.<\/span><\/p>\n<p>&nbsp;<\/p>\n<p><span class=\"style7\"><strong>Utiliza el CDH3000 LONG con cuidado y lee siempre la etiqueta y la informaci\u00f3n del producto antes de usarlo.<\/strong><\/span><\/p>\n<h3><span class=\"style7\"><span style=\"font-size: 85%;\">Informaci\u00f3n sobre peligros y seguridad de la soluci\u00f3n material<\/span><br \/>\n<\/span><\/h3>\n<p><span class=\"style7\"><strong>Clorito s\u00f3dico 1,8%:<br \/>\n<\/strong><strong><br \/>\n<\/strong><\/span><span style=\"color: #282828;\"><span style=\"color: #282828;\">Notas:<br \/>\nEn caso de ingesti\u00f3n: Beber mucha agua para diluirlo.<\/span><\/span><\/p>\n<hr>\n<p><span class=\"style7\"><strong>para el activador:  <\/strong><\/span><\/p>\n<p><span class=\"style7\"><strong>\u00c1cido clorh\u00eddrico 4% de:<br \/>\n<\/strong> <strong><img loading=\"lazy\" decoding=\"async\" class=\"alignnone wp-image-34427\" src=\"https:\/\/shop.nlq24.eu\/wp-content\/uploads\/2019\/01\/Achtung-Gefahrzeichen-Pictogram.jpg\" alt=\"\" width=\"67\" height=\"67\"><br \/>\nAtenci\u00f3n<br \/>\n<\/strong><\/span>Puede ser corrosivo para los metales. Provoca irritaci\u00f3n cut\u00e1nea. Provoca irritaci\u00f3n ocular grave. En caso de contacto con los ojos: Enjuague cuidadosamente con agua durante varios minutos. Qu\u00edtese las lentes de contacto existentes si es posible. Contin\u00fae enjuagando. Si se traga: Enjuague la boca. No induzca el v\u00f3mito. Use guantes protectores\/ropa protectora\/protecci\u00f3n para los ojos\/protecci\u00f3n para la cara. Cuando se mezclan la soluci\u00f3n madre de clorito s\u00f3dico al 1,8% y el \u00e1cido, se produce gas di\u00f3xido de cloro.<\/p>\n<p>&nbsp;<\/p>\n<hr>\n<h4><strong>Para la soluci\u00f3n de di\u00f3xido de cloro activada CDH3000 LONG, ten en cuenta<\/strong><strong>:<\/strong><\/h4>\n<p>A continuaci\u00f3n, protege la soluci\u00f3n acabada de la luz para conservar las frecuencias. No la calientes.  Almac\u00e9nelo lo m\u00e1s fresco posible. La soluci\u00f3n resultante puede decolorar la materia org\u00e1nica si no se diluye. Despu\u00e9s de inhalar el gas por encima del l\u00edquido, proporcione aire fresco. En caso de contacto con los ojos, enjuague el ojo con agua con el espacio del p\u00e1rpado abierto. Si se ingiere accidentalmente, beba mucha agua para diluirlo. Si tiene s\u00edntomas persistentes, consulte a un m\u00e9dico o natur\u00f3pata. No permita que grandes cantidades entren en el sistema de alcantarillado o cuerpos de agua. Gu\u00e1rdelo en un lugar fresco y protegido de la luz en la botella cerrada.<\/p>\n<p>Las frecuencias especiales de esta soluci\u00f3n pueden hacerse vibrar sobre otros objetos utilizando un emisor de org\u00f3n o un emisor de part\u00edculas.<\/p>\n<hr>\n<p>Si buscas una soluci\u00f3n de di\u00f3xido de cloro ya activada, mira <span style=\"color: #0000ff;\"><a style=\"color: #0000ff;\" href=\"https:\/\/shop.nlq24.eu\/produkt\/cdh3000-chlordioxid-loesung\/\"><strong>aqu\u00ed<\/strong>.<\/a><\/span><br \/>\nSi quieres que se suministre en una botella con una protecci\u00f3n perfecta contra la luz, echa un vistazo al <a href=\"https:\/\/shop.nlq24.eu\/es\/ producto\/cdh3000-premium-dioxido-de-cloro-loesung-03-en-vidrio\/\"><strong>CDH3000 Premium<\/strong><\/a> Premium. Aqu\u00ed las frecuencias est\u00e1n protegidas de forma a\u00fan m\u00e1s intensa y durante m\u00e1s tiempo por el mironglass. <\/p>\n<p>&nbsp;<\/p>\n<p>Calidad bajo el nombre <a href=\"https:\/\/www.natao.org\/cdh3000-cdl-wasserdesinfektion.htm\">OX-IT<\/a><\/p>\n","protected":false},"excerpt":{"rendered":"<p>CDH3000 LARGO Soluci\u00f3n de di\u00f3xido de cloro (CDL) sin activar<span class=\"style7\">.<\/span><\/p>\n","protected":false},"featured_media":70750,"comment_status":"open","ping_status":"closed","template":"","meta":[],"product_brand":[],"product_cat":[3417,1866],"product_tag":[2378,2402,2405,2420,2423,2425,2429],"class_list":{"0":"post-73078","1":"product","2":"type-product","3":"status-publish","4":"has-post-thumbnail","6":"product_cat-cdh3000-long-sin-activar","7":"product_cat-todos-los-productos-resumen","8":"product_tag-aktivator-es","9":"product_tag-cdh3000-long-es","10":"product_tag-cdh3000-lang-haltbar-es","11":"product_tag-cdl-laenger-haltbar-es","12":"product_tag-cds-es","13":"product_tag-chlordioxid-set-es","14":"product_tag-chlorine-dioxide-solution-2-es","15":"product_shipping_class-1-paquete-de-envio-con-seguimiento","16":"pa_milliliter-2-x-500-ml-es","17":"pa_milliliter-250-ml-es","18":"pa_milliliter-500-ml-es","19":"pa_milliliter-1000-ml-es","21":"first","22":"instock","23":"taxable","24":"shipping-taxable","25":"purchasable","26":"product-type-variable"},"_links":{"self":[{"href":"https:\/\/shop.nlq24.eu\/es\/wp-json\/wp\/v2\/product\/73078","targetHints":{"allow":["GET"]}}],"collection":[{"href":"https:\/\/shop.nlq24.eu\/es\/wp-json\/wp\/v2\/product"}],"about":[{"href":"https:\/\/shop.nlq24.eu\/es\/wp-json\/wp\/v2\/types\/product"}],"replies":[{"embeddable":true,"href":"https:\/\/shop.nlq24.eu\/es\/wp-json\/wp\/v2\/comments?post=73078"}],"wp:featuredmedia":[{"embeddable":true,"href":"https:\/\/shop.nlq24.eu\/es\/wp-json\/wp\/v2\/media\/70750"}],"wp:attachment":[{"href":"https:\/\/shop.nlq24.eu\/es\/wp-json\/wp\/v2\/media?parent=73078"}],"wp:term":[{"taxonomy":"product_brand","embeddable":true,"href":"https:\/\/shop.nlq24.eu\/es\/wp-json\/wp\/v2\/product_brand?post=73078"},{"taxonomy":"product_cat","embeddable":true,"href":"https:\/\/shop.nlq24.eu\/es\/wp-json\/wp\/v2\/product_cat?post=73078"},{"taxonomy":"product_tag","embeddable":true,"href":"https:\/\/shop.nlq24.eu\/es\/wp-json\/wp\/v2\/product_tag?post=73078"}],"curies":[{"name":"wp","href":"https:\/\/api.w.org\/{rel}","templated":true}]}}