{"id":73089,"date":"2019-10-22T20:56:22","date_gmt":"2019-10-22T20:56:22","guid":{"rendered":"https:\/\/shop.nlq24.eu\/produkt\/conjunto-de-dosificacion-copa-de-medicion-jeringa\/"},"modified":"2025-06-17T10:33:57","modified_gmt":"2025-06-17T10:33:57","slug":"conjunto-de-dosificacion-de-la-jeringa-del-vaso-de-medicion","status":"publish","type":"product","link":"https:\/\/shop.nlq24.eu\/es\/ producto\/conjunto-de-dosificacion-de-la-jeringa-del-vaso-de-medicion\/","title":{"rendered":"Set de dosificaci\u00f3n &#8211; Vaso medidor + Jeringa"},"content":{"rendered":"<p>Este set de dosificaci\u00f3n consta de un vaso medidor y una jeringa. Con esto puede medir l\u00edquidos con precisi\u00f3n. Aunque la jeringa es en realidad una jeringa de huevo, se puede usar con m\u00e1s frecuencia para otras sustancias. La jeringa est\u00e1 provista de una escala claramente visible y precisa.<\/p>\n<p>La jeringa de 2 ml tiene un escalado en pasos de 0,1 ml.<br \/>\nLa jeringa de 5 (6) ml tiene una escala en pasos de 0,2 ml.<br \/>\nLa jeringa de 10 ml tiene un escalado en pasos de 0,25 ml.<br \/>\nLa jeringa de 20 ml tiene un raspado en pasos de 1,0 ml.<\/p>\n<p>La copa de medici\u00f3n transparente tiene una capacidad de hasta 30 ml. Con \u00e9l, puede tomar l\u00edquidos hasta esta cantidad de botellas de almacenamiento y luego medirlos de esta taza exactamente con la jeringa.<\/p>\n<p>El conjunto de dosificaci\u00f3n tambi\u00e9n es adecuado para soluciones CDL como CDH3000, as\u00ed como para MKB y DMKB. Despu\u00e9s de un \u00fanico \u00abprelavado\u00bb con DMSO100, tambi\u00e9n para el uso de DMSO100. Para hacer esto, extraiga la jeringa con un poco de DMSO100, g\u00edrela hacia adelante y hacia atr\u00e1s. Luego vac\u00ede la jeringa. Ahora se eliminan los posibles plastificantes de la jeringa. Por lo tanto, tambi\u00e9n puede usar la jeringa despu\u00e9s para medir DMSO100. Sin embargo, tambi\u00e9n es m\u00e1s dif\u00edcil &#8230;<\/p>\n<p>Tambi\u00e9n puede comprar las jeringas individualmente sin una taza medidora:<br \/>\n<a href=\"https:\/\/shop.nlq24.eu\/es\/Produkt\/una-sola-inyeccion-spritze-2-ml-terumo-sin-kanuele\/\">Jeringa desechable 2 ml<\/a><br \/>\n<a href=\"https:\/\/shop.nlq24.eu\/es\/Produkt\/jeringa-simple-5-ml\/\">Jeringa desechable 5 (6) ml<\/a><br \/>\n<a href=\"https:\/\/shop.nlq24.eu\/es\/Produkt\/jeringa-unica-10-ml-chirana\/\">Jeringa desechable de 10 ml<\/a><br \/>\n<a href=\"https:\/\/shop.nlq24.eu\/es\/Produkt\/jeringa-unica-20-ml-chirana\/\">Jeringa desechable 20 ml<\/a><\/p>\n<p>Puede encontrar m\u00e1s productos para dosificar en la secci\u00f3n <a href=\"https:\/\/shop.nlq24.eu\/produkt-kategorien\/dosieren-abmessen\/\">DOSIFICACI\u00d3N \/ MEDICI\u00d3N<\/a><\/p>\n","protected":false},"excerpt":{"rendered":"<p>Este set de dosificaci\u00f3n consta de un vaso medidor y una jeringa. Con esto puede medir l\u00edquidos con precisi\u00f3n. Aunque la jeringa es en realidad una jeringa de huevo, se puede usar con m\u00e1s frecuencia para otras sustancias. La jeringa est\u00e1 provista de una escala claramente visible y precisa. La jeringa de 2 ml tiene [&#8230;]\n","protected":false},"featured_media":68881,"comment_status":"open","ping_status":"closed","template":"","meta":[],"product_brand":[],"product_cat":[2326,2329,2330,1876,1883,1886,2320,2321,2324,2325],"product_tag":[2740,2741,2461,2462,2739],"class_list":{"0":"post-73089","1":"product","2":"type-product","3":"status-publish","4":"has-post-thumbnail","6":"product_cat-dosificador-para-botellas-pp28","7":"product_cat-botellas-de-hdpe-accesorios","8":"product_cat-las-botellas-de-pp-son-irrompibles","9":"product_cat-dosificacion-medicion","10":"product_cat-botellas-de-vidrio","11":"product_cat-botellas-hdpe-de-color-solido","12":"product_cat-botellas-de-vidrio-pp28","13":"product_cat-botellas-de-vidrio-din18","14":"product_cat-jarra-medidora","15":"product_cat-jeringas-desechables","16":"product_tag-jeringa","17":"product_tag-juego-de-dosificacion-taza-de-medicion-jeringa","18":"product_tag-dosier-set-es","19":"product_tag-dosier-system-es","20":"product_tag-tazas-de-medicion","21":"product_shipping_class-1-paquete-de-envio-con-seguimiento","23":"first","24":"instock","25":"taxable","26":"shipping-taxable","27":"purchasable","28":"product-type-variable"},"_links":{"self":[{"href":"https:\/\/shop.nlq24.eu\/es\/wp-json\/wp\/v2\/product\/73089","targetHints":{"allow":["GET"]}}],"collection":[{"href":"https:\/\/shop.nlq24.eu\/es\/wp-json\/wp\/v2\/product"}],"about":[{"href":"https:\/\/shop.nlq24.eu\/es\/wp-json\/wp\/v2\/types\/product"}],"replies":[{"embeddable":true,"href":"https:\/\/shop.nlq24.eu\/es\/wp-json\/wp\/v2\/comments?post=73089"}],"wp:featuredmedia":[{"embeddable":true,"href":"https:\/\/shop.nlq24.eu\/es\/wp-json\/wp\/v2\/media\/68881"}],"wp:attachment":[{"href":"https:\/\/shop.nlq24.eu\/es\/wp-json\/wp\/v2\/media?parent=73089"}],"wp:term":[{"taxonomy":"product_brand","embeddable":true,"href":"https:\/\/shop.nlq24.eu\/es\/wp-json\/wp\/v2\/product_brand?post=73089"},{"taxonomy":"product_cat","embeddable":true,"href":"https:\/\/shop.nlq24.eu\/es\/wp-json\/wp\/v2\/product_cat?post=73089"},{"taxonomy":"product_tag","embeddable":true,"href":"https:\/\/shop.nlq24.eu\/es\/wp-json\/wp\/v2\/product_tag?post=73089"}],"curies":[{"name":"wp","href":"https:\/\/api.w.org\/{rel}","templated":true}]}}