{"id":73094,"date":"2019-07-25T12:08:14","date_gmt":"2019-07-25T12:08:14","guid":{"rendered":"https:\/\/shop.nlq24.eu\/produkt\/capsulas-vacias-resistentes-al-jugo-gastrico-tamano-00-hechas-de-celulosa\/"},"modified":"2025-10-10T18:37:08","modified_gmt":"2025-10-10T18:37:08","slug":"capsulas-vacias-resistentes-al-gas-jugo-00","status":"publish","type":"product","link":"https:\/\/shop.nlq24.eu\/es\/ producto\/capsulas-vacias-resistentes-al-gas-jugo-00\/","title":{"rendered":"C\u00e1psulas vac\u00edas gastrorresistentes tama\u00f1o \u00ab00"},"content":{"rendered":"<h3>C\u00e1psulas vac\u00edas gastrorresistentes, tama\u00f1o \u00ab00<\/h3>\n<p>Se trata de c\u00e1psulas vac\u00edas transparentes con recubrimiento ent\u00e9rico, tama\u00f1o \u00ab00\u00bb de<a href=\"http:\/\/www.natao.org\">Natao<\/a>. Estos <strong>no necesitan<\/strong> ning\u00fan tipo de <strong>gelatina<\/strong>, porque est\u00e1n hechos de celulosa. As\u00ed que estas son c\u00e1psulas vegetarianas. Est\u00e1n empacados en una bolsa.<\/p>\n<p>El tama\u00f1o 00 est\u00e1 casi en medio de las dimensiones posibles y no es ni demasiado peque\u00f1o ni demasiado grande.<\/p>\n<p>Las c\u00e1psulas vac\u00edas son realmente ent\u00e9ricas. El tiempo de resistencia es \u00f3ptimo para cruzar el est\u00f3mago. Usted recibir\u00e1 c\u00e1psulas que solo se disuelven en el intestino delgado. Seg\u00fan la experiencia de mis clientes, se puede conseguir f\u00e1cilmente a trav\u00e9s del jugo g\u00e1strico y s\u00f3lo se disuelven en el intestino delgado. Consisten en HPMC (hidroxipropil metilcelulosa), es decir, celulosa.<\/p>\n<p>&nbsp;<\/p>\n<h2>Constancia:<\/h2>\n<p>Estas c\u00e1psulas son resistentes en soluci\u00f3n \u00e1cida hasta 2 horas antes de disolverse lentamente. \u00a1Esa es una consistencia s\u00faper larga!<\/p>\n<p>Peso: 113 <span style=\"color: #000000;\">\u00b1-7 mg<\/span> \/pieza<\/p>\n<h3><\/h3>\n<h3>Dimensiones de las c\u00e1psulas vac\u00edas<\/h3>\n<div>\n<table style=\"border-collapse: collapse; width: 77.2094%; height: 76px;\" border=\"1\">\n<tbody>\n<tr>\n<td style=\"width: 7.98414%; text-align: center;\">\n  <strong>Tama\u00f1o <\/strong>\n<\/td>\n<td style=\"width: 14.3396%; text-align: center;\">\n  <strong>Altura (exterior)<\/strong>\n<\/td>\n<td style=\"width: 26.5542%; text-align: center;\">\n  <strong>Cantidad de llenado posible (seg\u00fan la densidad)<\/strong>\n<\/td>\n<td style=\"width: 14.9354%; text-align: center;\">\n  <strong>Peso aprox.<\/strong>\n<\/td>\n<td style=\"width: 10.4667%; text-align: center;\">\n  <strong>Contenido<\/strong>\n<\/td>\n<\/tr>\n<tr>\n<td style=\"width: 7.98414%; text-align: center;\">\n  <strong>\u00ab00\u00bb<\/strong>\n<\/td>\n<td style=\"width: 14.3396%; text-align: center;\">\n  <strong>25,5 mil\u00edmetros<\/strong>\n<\/td>\n<td style=\"width: 26.5542%; text-align: center;\">\n  <strong> 546 mg &#8211; 1092 mg<\/strong>\n<\/td>\n<td style=\"width: 14.9354%; text-align: center;\">\n  <strong>aprox. 113 mg<\/strong>\n<\/td>\n<td style=\"width: 10.4667%; text-align: center;\">\n  <strong>aprox. 0,91 \/ml<\/strong>\n<\/td>\n<\/tr>\n<\/tbody>\n<\/table>\n<\/div>\n<div><\/div>\n<h3>Est\u00e1n disponibles las siguientes cantidades:<\/h3>\n<div>100, 200, 300, 400, 500, 600, 700, 800, 900, 1000 y 2000 piezas de c\u00e1psulas vac\u00edas gastrorresistentes.<\/div>\n<div><\/div>\n<div>Estas c\u00e1psulas no est\u00e1n destinadas a llenar con l\u00edquidos. Sin embargo, hab\u00eda usuarios que todav\u00eda los utilizaban para este prop\u00f3sito. Despu\u00e9s de su retroalimentaci\u00f3n, el tiempo de descomposici\u00f3n disminuye un poco durante este uso. Sin embargo, todav\u00eda debe ser sorprendentemente largo y suficiente.<\/div>\n<div><\/div>\n<h2>Almacenamiento<\/h2>\n<div><strong>Guarde<\/strong> las c\u00e1psulas vac\u00edas en un lugar seco, oscuro y fresco. La temperatura \u00f3ptima est\u00e1 entre 15-25 oC. La humedad relativa debe estar entre 35-65%. Se deben evitar grandes fluctuaciones de temperatura.<\/div>\n<div><\/div>\n<div>Aqu\u00ed encontrar\u00e1 el <a href=\"https:\/\/shop.nlq24.eu\/wp-content\/uploads\/2023\/04\/Analyse-Zertifikat-Magensaftresistente-Leerkapseln-DE-Groesse-00.pdf\">certificado de an\u00e1lisis para c\u00e1psulas vac\u00edas con recubrimiento ent\u00e9rico DE tama\u00f1o 00<\/a><\/div>\n<div>El fabricante me present\u00f3 las siguientes certificaciones\/licencias:<br \/>\nLicencia para fabricar medicamentos seg\u00fan<br \/>\nISO 14001:2004<br \/>\nISO 9001:2008<br \/>\nCertificado GMP de la NSF para la norma NSF\/ANSI 173<br \/>\nCertificado de Drug Master File (DMF)<br \/>\nCertificado de registro con la FDA (EE. UU.)<br \/>\n Certificado HALAL (Certificado de productor de alimentos Halal)<\/div>\n","protected":false},"excerpt":{"rendered":"<p>C\u00e1psulas vac\u00edas resistentes al jugo g\u00e1strico, tama\u00f1o \u00ab00\u00bb de celulosa (HPMC)<\/p>\n","protected":false},"featured_media":11125,"comment_status":"open","ping_status":"closed","template":"","meta":[],"product_brand":[],"product_cat":[1866,2337],"product_tag":[2742,2743,2744],"class_list":{"0":"post-73094","1":"product","2":"type-product","3":"status-publish","4":"has-post-thumbnail","6":"product_cat-todos-los-productos-resumen","7":"product_cat-magensaftresistente-leerkapseln-es","8":"product_tag-capsulas-vacias","9":"product_tag-capsulas-vacias-resistentes-al-gas","10":"product_tag-capsulas-vacias-resistentes-a-los-acidos","11":"product_shipping_class-1-paquete-de-envio-con-seguimiento","12":"pa_stueck-600-es","13":"pa_stueck-700-es","14":"pa_stueck-800-es","15":"pa_stueck-900-es","16":"pa_stueck-1000-es","17":"pa_stueck-2000-es","18":"pa_stueck-100-es","19":"pa_stueck-200-es","20":"pa_stueck-300-es","21":"pa_stueck-400-es","22":"pa_stueck-500-es","24":"first","25":"instock","26":"taxable","27":"shipping-taxable","28":"purchasable","29":"product-type-variable"},"_links":{"self":[{"href":"https:\/\/shop.nlq24.eu\/es\/wp-json\/wp\/v2\/product\/73094","targetHints":{"allow":["GET"]}}],"collection":[{"href":"https:\/\/shop.nlq24.eu\/es\/wp-json\/wp\/v2\/product"}],"about":[{"href":"https:\/\/shop.nlq24.eu\/es\/wp-json\/wp\/v2\/types\/product"}],"replies":[{"embeddable":true,"href":"https:\/\/shop.nlq24.eu\/es\/wp-json\/wp\/v2\/comments?post=73094"}],"wp:featuredmedia":[{"embeddable":true,"href":"https:\/\/shop.nlq24.eu\/es\/wp-json\/wp\/v2\/media\/11125"}],"wp:attachment":[{"href":"https:\/\/shop.nlq24.eu\/es\/wp-json\/wp\/v2\/media?parent=73094"}],"wp:term":[{"taxonomy":"product_brand","embeddable":true,"href":"https:\/\/shop.nlq24.eu\/es\/wp-json\/wp\/v2\/product_brand?post=73094"},{"taxonomy":"product_cat","embeddable":true,"href":"https:\/\/shop.nlq24.eu\/es\/wp-json\/wp\/v2\/product_cat?post=73094"},{"taxonomy":"product_tag","embeddable":true,"href":"https:\/\/shop.nlq24.eu\/es\/wp-json\/wp\/v2\/product_tag?post=73094"}],"curies":[{"name":"wp","href":"https:\/\/api.w.org\/{rel}","templated":true}]}}