{"id":73123,"date":"2019-06-04T18:49:15","date_gmt":"2019-06-04T18:49:15","guid":{"rendered":"https:\/\/shop.nlq24.eu\/produkt\/cdh3000-premium-cdl-03-en-mironglass\/"},"modified":"2026-01-27T16:59:28","modified_gmt":"2026-01-27T16:59:28","slug":"cdh3000-premium-dioxido-de-cloro-loesung-03-en-vidrio","status":"publish","type":"product","link":"https:\/\/shop.nlq24.eu\/es\/ producto\/cdh3000-premium-dioxido-de-cloro-loesung-03-en-vidrio\/","title":{"rendered":"CDH3000 Premium (CDS\/CDL) 0,3% en Miron Glass"},"content":{"rendered":"<h3 class=\"Normal\"><strong>CDH3000 Premium (CDS\/CDL)<\/strong><\/h3>\n<p class=\"Normal\">Este CDH3000 Premium (CDS\/CDL) de <a href=\"https:\/\/www.natao.org\/cdh3000-cdl-wasserdesinfektion.htm\">OX-IT<\/a> tiene un contenido de di\u00f3xido de cloro del &lt; 0,3%. Est\u00e1 reci\u00e9n activado para ti en una <strong>botella de cristal Miron<\/strong> . Esto tiene un gran impacto en la durabilidad de tu soluci\u00f3n. El di\u00f3xido de cloro es <strong>muy sensible a la luz.<\/strong> Por lo tanto, no deber\u00edas mantenerla mucho tiempo a la luz para asegurar una mayor vida \u00fatil.<\/p>\n<h3 class=\"Normal\">Datos interesantes sobre CDH3000 Premium (CDS\/CDL):<\/h3>\n<p class=\"Normal\">Por tanto, los recipientes que permiten pasar mucha luz, como botellas semitransparentes o completamente transparentes, no son adecuados si la soluci\u00f3n CDS\/CDL va a durar mucho tiempo. El CDH3000 normal, que puedes comprar en una botella de cristal marr\u00f3n, puede conservarse durante medio a\u00f1o. En la <strong>botella de Mironglass,<\/strong>sin embargo, la soluci\u00f3n est\u00e1 a\u00fan mejor protegida de la exposici\u00f3n da\u00f1ina a la <strong>luz.<\/strong> \u00a1Pero esas no son todas tus <strong>ventajas<\/strong> de CDH3000 Premium en cristal Miron!<\/p>\n<h3 class=\"Normal\">Estas son otras ventajas del vidrio Miron:<\/h3>\n<p>Este vidrio violeta se caracteriza por una protecci\u00f3n absoluta contra la luz en el rango visible. Para la luz ultravioleta, por otro lado, es permeable. Esto crea un ambiente muy energ\u00e9tico dentro de la botella, que puedes usar para alargar su vida \u00fatil. Los procesos de degradaci\u00f3n y descomposici\u00f3n se retrasan.<\/p>\n<p>El tono \u00f3ptimo para almacenar contenidos de alta calidad en recipientes es en el rango violeta. Esto tambi\u00e9n es importante para su nuevo CDH3000 Premium. El vidrio violeta de Miron bloquea todo el espectro de luz visible. Una excepci\u00f3n es la parte p\u00farpura. Tambi\u00e9n proporciona la permeabilidad de una cierta proporci\u00f3n de radiaci\u00f3n en el rango espectral de UV-A y luz infrarroja. Por lo tanto, la <strong>estructura molecular<\/strong> de las sustancias rellenas se <strong>activa<\/strong>continuamente. <strong>Esto significa que las energ\u00edas sutiles permanecen en el nivel<\/strong> de origen durante mucho tiempo. Esta combinaci\u00f3n \u00fanica te ofrece <strong>una protecci\u00f3n \u00f3ptima frente a los procesos de envejecimiento. <\/strong>Estos pueden activarse con luz visible. La protecci\u00f3n te permite lograr una vida \u00fatil y eficacia prolongada de tu producto.<\/p>\n<h3>En resumen:<\/h3>\n<p>No hay mejor manera de almacenar soluciones de di\u00f3xido de cloro CDH3000 (CDS\/CDL).<\/p>\n<p class=\"Normal\">Por cierto, tambi\u00e9n hay otras abreviaturas para sus soluciones de di\u00f3xido de cloro, como:<br \/>\n CDL<strong><span class=\"tm6\">, soluci\u00f3n<\/span><\/strong>de \u00f3xido de cloro <strong><span class=\"tm6\">D<\/span><\/strong>.<strong><span class=\"tm6\"> <\/span><\/strong><br \/>\nCDS, significa <strong><span class=\"tm6\">C<\/span><\/strong>hlorine<strong><span class=\"tm6\"> D<\/span><\/strong>ioxide <strong><span class=\"tm6\">S<\/span><\/strong>olution.<br \/>\nCDH, significa <strong><span class=\"tm6\">C<\/span><\/strong>hlor<strong><span class=\"tm6\">d<\/span><\/strong>i\u00f3xido <strong><span class=\"tm6\">H<\/span><\/strong>altbar.<\/p>\n<h3 class=\"Normal\"><strong><span class=\"tm6\">CDH3000 Notas Premium (CDS\/CDL):<\/span><\/strong><\/h3>\n<p class=\"Normal\">Este CDH3000 Premium est\u00e1 <strong><br \/>\n  <span class=\"tm6\">hecho fresco y con amor<\/span><br \/>\n<\/strong> para usted de acuerdo con la f\u00f3rmula original. Viene en una botella de vidrio Miron de alta calidad. He anotado el <strong><br \/>\n  <span class=\"tm6\">mes de activaci\u00f3n <\/span><br \/>\n<\/strong><span class=\"tm6\">para usted <\/span><strong><br \/>\n  <span class=\"tm6\">en la botella<\/span><br \/>\n<\/strong>. Esto te ayudar\u00e1 a entender cu\u00e1n fresca est\u00e1 realmente tu soluci\u00f3n de di\u00f3xido de cloro.<\/p>\n<p class=\"Normal\">CDH3000 por favor prot\u00e9gelos de la luz y no calientar. Almac\u00e9nelo lo m\u00e1s fresco posible. El l\u00edquido CDH3000 puede decolorar el material org\u00e1nico sin diluir. Despu\u00e9s de inhalar el gas por encima del l\u00edquido, proporcione aire fresco. En caso de contacto con los ojos, enjuague el ojo con agua con el espacio del p\u00e1rpado abierto. Si se ingiere accidentalmente, beba mucha agua para diluirlo. Si tiene s\u00edntomas persistentes, consulte a un m\u00e9dico o natur\u00f3pata. No permita que grandes cantidades entren en el sistema de alcantarillado o cuerpos de agua. Gu\u00e1rdelo en un lugar fresco en la botella cerrada.<\/p>\n<h3 class=\"Normal\"><strong><span class=\"tm6\">variantes:<br \/>\n<\/span><\/strong><\/h3>\n<p><strong><span class=\"tm6\">50 ml<\/span><\/p>\n<p><\/strong> en la botella de vidrio Miron DIN18, puede elegir con una tapa de goteo o con un <a href=\"https:\/\/shop.nlq24.eu\/es\/Produkt\/doser-system-din18\/\">sistema especial de dosificador DIN18.<\/a><br \/>\n<strong><span class=\"tm6\">100 ml<\/span><\/p>\n<p><\/strong> en la botella de vidrio Miron DIN18, puede elegir con una tapa de goteo o con un <a href=\"https:\/\/shop.nlq24.eu\/es\/Produkt\/doser-system-din18\/\">sistema especial de dosificador DIN18.<\/a><br \/>\n<strong><br \/>\n  <span class=\"tm6\">250 ml<\/span><br \/>\n<\/strong> en el frasco de vidrio Miron 24-210, se pueden pedir sin tap\u00f3n de goteo (sin inserto de botella) o con sistema de dosificaci\u00f3n (sistema de dosificaci\u00f3n) (no es posible tap\u00f3n de goteo).<\/p>\n<p><strong><br \/>\n  <span style=\"color: #ff0000;\">IMPORTANTE:<\/span><br \/>\n<\/strong> El inserto del dosificador es un poco m\u00e1s suelto aqu\u00ed. Por lo tanto, \u00a1no lo mueva de un lado a otro con la jeringa dosificadora despu\u00e9s de girar la botella! Despu\u00e9s de extraer la jeringa Doser, fije el borde del inserto con el dedo y, a continuaci\u00f3n, extraiga con cuidado la jeringa Doser.<br \/>\n<strong>Te ofrezco 500 ml<\/strong> en la tapa de botella de cristal tama\u00f1o 28 mm. Aqu\u00ed no se puede seleccionar tapa de goteo, pero ahora hay un sistema doser.<br \/>\n<strong><br \/>\n  <span class=\"tm6\">1000 ml<\/span><br \/>\n<\/strong> que te ofrezco en el cierre de botella de vidrio tama\u00f1o 28 mm. Aqu\u00ed no se puede seleccionar ning\u00fan sistema de tapa de goteo ni de doser.<\/p>\n<p class=\"Normal\">\n","protected":false},"excerpt":{"rendered":"<p>CDH3000 Premium (CDS\/CDL) en botella de cristal Miron morada. La mejor protecci\u00f3n solar.<br \/>\nCDH3000 usar con cuidado. Lea siempre la etiqueta y la informaci\u00f3n del producto antes de usar.<\/p>\n","protected":false},"featured_media":79358,"comment_status":"open","ping_status":"closed","template":"","meta":[],"product_brand":[],"product_cat":[1866,1867],"product_tag":[3359,1226,1239,1246,1247,1282,1290],"class_list":{"0":"post-73123","1":"product","2":"type-product","3":"status-publish","4":"has-post-thumbnail","6":"product_cat-todos-los-productos-resumen","7":"product_cat-cdh3000-solucion-de-dioxido-de-cloro-cdl-cds","8":"product_tag-cdh3000-premium-es","9":"product_tag-cdh-es","10":"product_tag-cdh3000-es","11":"product_tag-cdh3000-solucion-de-dioxido-de-cloro","12":"product_tag-cdh3000-receta-original","13":"product_tag-cds-cdl-es","14":"product_tag-solucion-de-dioxido-de-cloro-es","15":"product_shipping_class-1-paquete-de-envio-con-seguimiento","16":"pa_milliliter-250-ml-es","17":"pa_milliliter-50-ml-es","18":"pa_milliliter-500-ml-es","19":"pa_milliliter-1000-ml-es","20":"pa_milliliter-2-x-500-ml-es","21":"pa_milliliter-100-ml-es","23":"first","24":"instock","25":"taxable","26":"shipping-taxable","27":"purchasable","28":"product-type-variable"},"_links":{"self":[{"href":"https:\/\/shop.nlq24.eu\/es\/wp-json\/wp\/v2\/product\/73123","targetHints":{"allow":["GET"]}}],"collection":[{"href":"https:\/\/shop.nlq24.eu\/es\/wp-json\/wp\/v2\/product"}],"about":[{"href":"https:\/\/shop.nlq24.eu\/es\/wp-json\/wp\/v2\/types\/product"}],"replies":[{"embeddable":true,"href":"https:\/\/shop.nlq24.eu\/es\/wp-json\/wp\/v2\/comments?post=73123"}],"wp:featuredmedia":[{"embeddable":true,"href":"https:\/\/shop.nlq24.eu\/es\/wp-json\/wp\/v2\/media\/79358"}],"wp:attachment":[{"href":"https:\/\/shop.nlq24.eu\/es\/wp-json\/wp\/v2\/media?parent=73123"}],"wp:term":[{"taxonomy":"product_brand","embeddable":true,"href":"https:\/\/shop.nlq24.eu\/es\/wp-json\/wp\/v2\/product_brand?post=73123"},{"taxonomy":"product_cat","embeddable":true,"href":"https:\/\/shop.nlq24.eu\/es\/wp-json\/wp\/v2\/product_cat?post=73123"},{"taxonomy":"product_tag","embeddable":true,"href":"https:\/\/shop.nlq24.eu\/es\/wp-json\/wp\/v2\/product_tag?post=73123"}],"curies":[{"name":"wp","href":"https:\/\/api.w.org\/{rel}","templated":true}]}}