{"id":73130,"date":"2019-11-11T18:29:35","date_gmt":"2019-11-11T18:29:35","guid":{"rendered":"https:\/\/shop.nlq24.eu\/produkt\/cierre-por-pulverizacion-para-botella-de-vidrio-pp28\/"},"modified":"2025-06-19T07:36:38","modified_gmt":"2025-06-19T07:36:38","slug":"sprueh-cierre-botella-de-vidrio-pp28","status":"publish","type":"product","link":"https:\/\/shop.nlq24.eu\/es\/ producto\/sprueh-cierre-botella-de-vidrio-pp28\/","title":{"rendered":"Cierre por pulverizaci\u00f3n para botella de vidrio PP28"},"content":{"rendered":"<h3 class=\"Normal\"><u>Cierre de pulverizaci\u00f3n para botella de vidrio marr\u00f3n PP28<\/u><\/h3>\n<p class=\"Normal\">Este cierre de pulverizaci\u00f3n para la botella de vidrio marr\u00f3n PP28 se adapta a sus botellas de vidrio marr\u00f3n con el tama\u00f1o de <strong>rosca PP28,<\/strong>es decir, 28 mm. Est\u00e1 equipado con una <strong>tapa de tornillo.<\/strong> Tambi\u00e9n tiene una <strong>bomba de pulverizaci\u00f3n,<\/strong>que est\u00e1 equipada con una <strong>tapa protectora transparente.<\/strong> Esto protege el material de llenado de fugas. Como resultado, no se produce <strong>una desgasificaci\u00f3n<\/strong> de gases sin presi\u00f3n. Consiste en el material PE. La carrera, que es la dosis por accionamiento de la bomba de pulverizaci\u00f3n de la tapa de pulverizaci\u00f3n, es de aprox. 0,15 ml. Tambi\u00e9n es adecuado como cabezal de pulverizaci\u00f3n de desinfecci\u00f3n \/ pulverizador de desinfecci\u00f3n.<\/p>\n<h3>El cierre por pulverizaci\u00f3n PP28 consta de los siguientes materiales:<\/h3>\n<p>El tap\u00f3n de rosca est\u00e1 hecho de PP blanco, el tubo <span style=\"color: #333333;\"> est\u00e1 hecho de PE transparente y el tap\u00f3n <\/span><span style=\"color: #333333;\">est\u00e1 hecho de Luran transparente<\/span> <\/p>\n<h3>Cierre por pulverizaci\u00f3n &#8211; tubo de succi\u00f3n variable<\/h3>\n<p class=\"Normal\">El tubo de admisi\u00f3n tiene una longitud suficiente para todas las botellas con el tama\u00f1o de rosca PP28. Puede acortarlo f\u00e1cilmente a la longitud requerida con un cuchillo de corte.<\/p>\n<h3>Dimensiones y pesos de la tapa de pulverizaci\u00f3n PP28:<\/h3>\n<p>La longitud total de la manguera de aspiraci\u00f3n es: aprox. 157 mm. El peso de la tapa de pulverizaci\u00f3n PP28 es de aproximadamente 8 gramos.<\/p>\n<h3>Adecuaci\u00f3n de la tapa de pulverizaci\u00f3n:<\/h3>\n<p>Este cierre de pulverizaci\u00f3n es adecuado para cualquier l\u00edquido acuoso o alcoh\u00f3lico que desee atomizar. Estas podr\u00edan ser, por ejemplo, flores de Bach.<\/p>\n<h3>No usar para:<\/h3>\n<p>La tapa de pulverizaci\u00f3n no est\u00e1 dise\u00f1ada para atomizar aceites esenciales, productos qu\u00edmicos agresivos o aceites.<\/p>\n<p>Tal vez usted tambi\u00e9n est\u00e1 buscando una botella de <a href=\"https:\/\/shop.nlq24.eu\/es\/Produkt\/botella-de-vidrio-pulverizador-100-ml-din18\/\">spray<\/a> <a href=\"https:\/\/shop.nlq24.eu\/es\/Produkt\/botella-de-vidrio-pulverizador-100-ml-din18\/\">komplette<\/a>?<\/p>\n<p class=\"Normal\">\n","protected":false},"excerpt":{"rendered":"<p>Cierre de pulverizaci\u00f3n para botella de vidrio marr\u00f3n PP28 Este cierre de pulverizaci\u00f3n para la botella de vidrio marr\u00f3n PP28 se adapta a sus botellas de vidrio marr\u00f3n con el tama\u00f1o de rosca PP28,es decir, 28 mm. Est\u00e1 equipado con una tapa de tornillo. Tambi\u00e9n tiene una bomba de pulverizaci\u00f3n,que est\u00e1 equipada con una tapa [&#8230;]\n","protected":false},"featured_media":64992,"comment_status":"open","ping_status":"closed","template":"","meta":[],"product_brand":[],"product_cat":[2334,2359,1866,1876,1882,1883,2320,2331,2332],"product_tag":[2622,2623,2624,2625,2626,2627,2628,2638],"class_list":{"0":"post-73130","1":"product","2":"type-product","3":"status-publish","4":"has-post-thumbnail","6":"product_cat-tapones-para-botellas-de-vidrio-pp28","7":"product_cat-zubehoer-fuer-flaschen","8":"product_cat-todos-los-productos-resumen","9":"product_cat-dosificacion-medicion","10":"product_cat-botellas-tapones-accesorios","11":"product_cat-botellas-de-vidrio","12":"product_cat-botellas-de-vidrio-pp28","13":"product_cat-botellas-de-pulverizador","14":"product_cat-los-frascos-rociadores-hechos-de-hdpe-o-de-vidrio","15":"product_tag-rociador","16":"product_tag-bomba-de-pulverizacion","17":"product_tag-fijacion-del-pulverizador","18":"product_tag-sprayopf","19":"product_tag-fijacion-del-pulverizador-es","20":"product_tag-fijacion-por-pulverizacion","21":"product_tag-cierre-de-pulverizacion","22":"product_tag-vidrio","23":"product_shipping_class-1-paquete-de-envio-con-seguimiento","25":"first","26":"instock","27":"taxable","28":"shipping-taxable","29":"purchasable","30":"product-type-simple"},"_links":{"self":[{"href":"https:\/\/shop.nlq24.eu\/es\/wp-json\/wp\/v2\/product\/73130","targetHints":{"allow":["GET"]}}],"collection":[{"href":"https:\/\/shop.nlq24.eu\/es\/wp-json\/wp\/v2\/product"}],"about":[{"href":"https:\/\/shop.nlq24.eu\/es\/wp-json\/wp\/v2\/types\/product"}],"replies":[{"embeddable":true,"href":"https:\/\/shop.nlq24.eu\/es\/wp-json\/wp\/v2\/comments?post=73130"}],"wp:featuredmedia":[{"embeddable":true,"href":"https:\/\/shop.nlq24.eu\/es\/wp-json\/wp\/v2\/media\/64992"}],"wp:attachment":[{"href":"https:\/\/shop.nlq24.eu\/es\/wp-json\/wp\/v2\/media?parent=73130"}],"wp:term":[{"taxonomy":"product_brand","embeddable":true,"href":"https:\/\/shop.nlq24.eu\/es\/wp-json\/wp\/v2\/product_brand?post=73130"},{"taxonomy":"product_cat","embeddable":true,"href":"https:\/\/shop.nlq24.eu\/es\/wp-json\/wp\/v2\/product_cat?post=73130"},{"taxonomy":"product_tag","embeddable":true,"href":"https:\/\/shop.nlq24.eu\/es\/wp-json\/wp\/v2\/product_tag?post=73130"}],"curies":[{"name":"wp","href":"https:\/\/api.w.org\/{rel}","templated":true}]}}