{"id":73131,"date":"2019-05-31T10:20:09","date_gmt":"2019-05-31T10:20:09","guid":{"rendered":"https:\/\/shop.nlq24.eu\/produkt\/pipeta-para-botella-de-vidrio-din18-106-mm\/"},"modified":"2025-10-31T20:25:01","modified_gmt":"2025-10-31T20:25:01","slug":"pipeta-para-vidrio-botella-din18-106-mm","status":"publish","type":"product","link":"https:\/\/shop.nlq24.eu\/es\/ producto\/pipeta-para-vidrio-botella-din18-106-mm\/","title":{"rendered":"Pipeta para botella de vidrio DIN18, 106 mm"},"content":{"rendered":"<p class=\"Normal\"><strong><span class=\"tm6\">Pipeta para botella de vidrio DIN18, 106 mm de longitud<br \/>\n<\/span><\/strong><\/p>\n<p class=\"Normal\">Esta pipeta con tubos de vidrio, es adecuada para botellas de vidrio de la talla DIN18. Simplemente puedes arruinarlos y usarlos como cierre. Se adapta a su botella de vidrio DIN18 en <strong>el tama\u00f1o 100 ml.<\/strong> Se utilizan de forma segura para medir gotas. A 106 mm, esto tiene una longitud que es lo suficientemente buena para la extracci\u00f3n, incluso si no llega a la parte inferior de la botella. Al inclinar ligeramente la botella, todav\u00eda se puede quitar el l\u00edquido bien.<\/p>\n<p class=\"Normal\">La capacidad es de aprox. 0,75 ml.<\/p>\n<p class=\"Normal\">Los materiales utilizados son: PE, para el cierre, caucho para el fuelle y vidrio para el tubo. La pipeta <strong>no<\/strong> es adecuada para las botellas de vidrio DIN18 de 10, 30 y 50 ml. El anillo de originalidad garantiza que se puede reconocer una vez que se ha abierto la botella. Se disuelve la primera vez que se abre la botella y luego permanece bajo el cierre.<\/p>\n","protected":false},"excerpt":{"rendered":"<p><strong>Pipeta para botella de vidrio DIN18, 106 mm de largo, rojo<\/strong><\/p>\n","protected":false},"featured_media":14281,"comment_status":"open","ping_status":"closed","template":"","meta":[],"product_brand":[],"product_cat":[1866,1876,1883,2323,2333,2359],"product_tag":[2746,2747,2748,2749,2750,2751,2752,2745],"class_list":{"0":"post-73131","1":"product","2":"type-product","3":"status-publish","4":"has-post-thumbnail","6":"product_cat-todos-los-productos-resumen","7":"product_cat-dosificacion-medicion","8":"product_cat-botellas-de-vidrio","9":"product_cat-pipetas","10":"product_cat-cierres-din18-para-botellas-de-vidrio","11":"product_cat-zubehoer-fuer-flaschen","12":"product_tag-pipeta-para-botella-de-vidrio-din18","13":"product_tag-pipeta-de-vidrio","14":"product_tag-pipeta-para-botella-de-vidrio","15":"product_tag-pipeta-gotero","16":"product_tag-pipette-rojo","17":"product_tag-estandar-de-pipeta","18":"product_tag-pipeta-106-mm","19":"product_tag-cuentagotas","20":"product_shipping_class-1-paquete-de-envio-con-seguimiento","22":"first","23":"instock","24":"taxable","25":"shipping-taxable","26":"purchasable","27":"product-type-simple"},"_links":{"self":[{"href":"https:\/\/shop.nlq24.eu\/es\/wp-json\/wp\/v2\/product\/73131","targetHints":{"allow":["GET"]}}],"collection":[{"href":"https:\/\/shop.nlq24.eu\/es\/wp-json\/wp\/v2\/product"}],"about":[{"href":"https:\/\/shop.nlq24.eu\/es\/wp-json\/wp\/v2\/types\/product"}],"replies":[{"embeddable":true,"href":"https:\/\/shop.nlq24.eu\/es\/wp-json\/wp\/v2\/comments?post=73131"}],"wp:featuredmedia":[{"embeddable":true,"href":"https:\/\/shop.nlq24.eu\/es\/wp-json\/wp\/v2\/media\/14281"}],"wp:attachment":[{"href":"https:\/\/shop.nlq24.eu\/es\/wp-json\/wp\/v2\/media?parent=73131"}],"wp:term":[{"taxonomy":"product_brand","embeddable":true,"href":"https:\/\/shop.nlq24.eu\/es\/wp-json\/wp\/v2\/product_brand?post=73131"},{"taxonomy":"product_cat","embeddable":true,"href":"https:\/\/shop.nlq24.eu\/es\/wp-json\/wp\/v2\/product_cat?post=73131"},{"taxonomy":"product_tag","embeddable":true,"href":"https:\/\/shop.nlq24.eu\/es\/wp-json\/wp\/v2\/product_tag?post=73131"}],"curies":[{"name":"wp","href":"https:\/\/api.w.org\/{rel}","templated":true}]}}