{"id":73133,"date":"2019-04-12T09:06:57","date_gmt":"2019-04-12T09:06:57","guid":{"rendered":"https:\/\/shop.nlq24.eu\/produkt\/acido-citrico-50\/"},"modified":"2025-06-19T07:00:18","modified_gmt":"2025-06-19T07:00:18","slug":"lemonsaeure-50","status":"publish","type":"product","link":"https:\/\/shop.nlq24.eu\/es\/ producto\/lemonsaeure-50\/","title":{"rendered":"Acido c\u00edtrico 50%"},"content":{"rendered":"<div>Aqu\u00ed encontrar\u00e1s \u00e1cido c\u00edtrico 50% en calidad superior. No es calidad t\u00e9cnica.<br \/>\nEste \u00e1cido c\u00edtrico se produce con cultivos f\u00fangicos a partir de residuos de az\u00facar en un proceso de conversi\u00f3n biol\u00f3gica.<\/div>\n<div>\n<hr>\n<p><strong>Este producto est\u00e1 disponible en las siguientes variantes:<\/strong><br \/>\nFrasco de PP de 30 ml (irrompible) con gotero, frasco de vidrio de 50 ml<br \/>\n con gotero, frasco de vidrio de 100 ml<br \/>\n con gotero, frasco de PP de 100 ml<br \/>\n (irrompible) con gotero, frasco de vidrio de 250 ml<br \/>\n PP28 sin gotero, frasco de vidrio de 500 ml<br \/>\n PP28 sin gotero.<\/p>\n<p><strong>Acido c\u00edtrico 50% en soluci\u00f3n acuosa:<\/strong><\/p>\n<p><img loading=\"lazy\" decoding=\"async\" class=\"\" src=\"https:\/\/shop.es-drei.de\/images\/ghs\/50px-GHS-pictogram-exclam.svg.jpg\" alt=\"GHS-Piktogramm-Ausrufezeichen\" width=\"64\" height=\"64\"><\/p>\n<p><strong>Atenci\u00f3n<\/strong><\/p>\n<p><strong>Instrucciones de peligro y seguridad:<\/strong> Provoca irritaci\u00f3n ocular grave. EN CONTACTO CON LOS OJOS: Enjuague suavemente con agua durante unos minutos. Qu\u00edtese las lentes de contacto existentes si es posible. Contin\u00fae enjuagando. <span class=\"tm8\">En caso de irritaci\u00f3n ocular prolongada, busque consejo m\u00e9dico\/busque atenci\u00f3n m\u00e9dica. <\/span>Use guantes protectores \/ ropa protectora \/ protecci\u00f3n ocular \/ protecci\u00f3n facial.<\/p>\n<\/div>\n","protected":false},"excerpt":{"rendered":"<p><strong>Acido c\u00edtrico 50%, soluci\u00f3n acuosa<\/strong><strong><br \/>\n<\/strong><\/p>\n","protected":false},"featured_media":75059,"comment_status":"open","ping_status":"closed","template":"","meta":[],"product_brand":[],"product_cat":[2346,1866],"product_tag":[2753,2754],"class_list":{"0":"post-73133","1":"product","2":"type-product","3":"status-publish","4":"has-post-thumbnail","6":"product_cat-saeuren-es","7":"product_cat-todos-los-productos-resumen","8":"product_tag-acido-citrico","9":"product_tag-acido-citrico-50","10":"product_shipping_class-1-paquete-de-envio-con-seguimiento","11":"pa_flaschenart-pp-flasche-halbtransparent-es","12":"pa_flaschenart-botella-de-vidrio-din18","13":"pa_flaschenart-botella-de-vidrio-pp28","14":"pa_milliliter-100-ml-es","15":"pa_milliliter-10-ml-es","16":"pa_milliliter-250-ml-es","17":"pa_milliliter-30-ml-es","18":"pa_milliliter-500-ml-es","19":"pa_milliliter-50-ml-es","20":"pa_milliliter-1000-ml-es","22":"first","23":"instock","24":"taxable","25":"shipping-taxable","26":"purchasable","27":"product-type-variable"},"_links":{"self":[{"href":"https:\/\/shop.nlq24.eu\/es\/wp-json\/wp\/v2\/product\/73133","targetHints":{"allow":["GET"]}}],"collection":[{"href":"https:\/\/shop.nlq24.eu\/es\/wp-json\/wp\/v2\/product"}],"about":[{"href":"https:\/\/shop.nlq24.eu\/es\/wp-json\/wp\/v2\/types\/product"}],"replies":[{"embeddable":true,"href":"https:\/\/shop.nlq24.eu\/es\/wp-json\/wp\/v2\/comments?post=73133"}],"wp:featuredmedia":[{"embeddable":true,"href":"https:\/\/shop.nlq24.eu\/es\/wp-json\/wp\/v2\/media\/75059"}],"wp:attachment":[{"href":"https:\/\/shop.nlq24.eu\/es\/wp-json\/wp\/v2\/media?parent=73133"}],"wp:term":[{"taxonomy":"product_brand","embeddable":true,"href":"https:\/\/shop.nlq24.eu\/es\/wp-json\/wp\/v2\/product_brand?post=73133"},{"taxonomy":"product_cat","embeddable":true,"href":"https:\/\/shop.nlq24.eu\/es\/wp-json\/wp\/v2\/product_cat?post=73133"},{"taxonomy":"product_tag","embeddable":true,"href":"https:\/\/shop.nlq24.eu\/es\/wp-json\/wp\/v2\/product_tag?post=73133"}],"curies":[{"name":"wp","href":"https:\/\/api.w.org\/{rel}","templated":true}]}}