{"id":73154,"date":"2019-11-12T21:23:37","date_gmt":"2019-11-12T21:23:37","guid":{"rendered":"https:\/\/shop.nlq24.eu\/produkt\/conjunto-de-filtros-de-osmosis-inversa-para-smartline\/"},"modified":"2025-12-02T18:09:15","modified_gmt":"2025-12-02T18:09:15","slug":"osmosis-inversa-filtro-set-para-smartline","status":"publish","type":"product","link":"https:\/\/shop.nlq24.eu\/es\/ producto\/osmosis-inversa-filtro-set-para-smartline\/","title":{"rendered":"Conjunto de filtros de \u00f3smosis inversa para Smart Premium"},"content":{"rendered":"<p><strong>Conjunto de filtros de \u00f3smosis inversa para Smart Premium<\/strong><\/p>\n<p>Este conjunto de filtros est\u00e1 especialmente adaptado a tu sencillo y ahorrador <span style=\"color: #000080;\"><strong><a style=\"color: #000080;\" href=\"https:\/\/shop.nlq24.eu\/produkt\/mini-umkehrosmoseanlage-smartline-gold\/\">de materiales Smart Premium sistema de \u00f3smosis inversa<\/a><\/strong><\/span> .<\/p>\n<p>Consta de los siguientes filtros:<\/p>\n<p><strong>El filtro de sedimentos de 5 micras elimina <\/strong>todas las part\u00edculas gruesas del agua para usted. Los dep\u00f3sitos de \u00f3xido o arena tambi\u00e9n se filtran aqu\u00ed.<\/p>\n<p><strong>El filtro de carb\u00f3n activado<\/strong> une las part\u00edculas de cloro, as\u00ed como otra materia suspendida del agua. Esto le da un sabor m\u00e1s claro y fino. Un agua que seguramente te gustar\u00e1 beber de nuevo.<\/p>\n<p>Cambia los filtros de tu <span style=\"color: #000080;\"><strong><a style=\"color: #000080;\" href=\"https:\/\/shop.nlq24.eu\/produkt\/mini-umkehrosmoseanlage-smartline-gold\/\">sistema Smart Premium Premium de \u00f3smosis inversa<\/a><\/strong><\/span> cada 5 meses.<\/p>\n<p>Despu\u00e9s de 12 meses, tambi\u00e9n deber\u00edas cambiar la <a href=\"https:\/\/shop.nlq24.eu\/es\/Produkt\/sistema-de-osmosis-membrana-para-reverso\/\">membrana<\/a> de este sistema. Para el Smart Premium, \u00a1puedes usar una membrana de hasta 150 GPD! Esto te dar\u00e1 la m\u00e1xima cantidad de agua.  <\/p>\n<p>Aqu\u00ed puedes encontrar el <strong><a href=\"https:\/\/shop.nlq24.eu\/es\/Produkt\/cartucho-de-energizacion\/\">cartucho energizante<\/a><\/strong> para reemplazar.<\/p>\n","protected":false},"excerpt":{"rendered":"<p>Filterset Smart Premium<\/p>\n","protected":false},"featured_media":79544,"comment_status":"open","ping_status":"closed","template":"","meta":[],"product_brand":[],"product_cat":[1910,2352,2353,2354],"product_tag":[2757,2758,2759],"class_list":{"0":"post-73154","1":"product","2":"type-product","3":"status-publish","4":"has-post-thumbnail","6":"product_cat-filtro-de-agua-osmosis-inversa","7":"product_cat-umkehrosmose-anlagen-wasserfilter-es","8":"product_cat-umkehrosmose-ersatz-filter-es","9":"product_cat-umkehrosmose-zubehoer-es","10":"product_tag-conjunto-de-filtros-de-osmosis-inversa","11":"product_tag-smartline-premium-es","12":"product_tag-conjunto-de-filtros-smartline-premium","13":"product_shipping_class-1-paquete-de-envio-con-seguimiento","15":"first","16":"instock","17":"taxable","18":"shipping-taxable","19":"purchasable","20":"product-type-simple"},"_links":{"self":[{"href":"https:\/\/shop.nlq24.eu\/es\/wp-json\/wp\/v2\/product\/73154","targetHints":{"allow":["GET"]}}],"collection":[{"href":"https:\/\/shop.nlq24.eu\/es\/wp-json\/wp\/v2\/product"}],"about":[{"href":"https:\/\/shop.nlq24.eu\/es\/wp-json\/wp\/v2\/types\/product"}],"replies":[{"embeddable":true,"href":"https:\/\/shop.nlq24.eu\/es\/wp-json\/wp\/v2\/comments?post=73154"}],"wp:featuredmedia":[{"embeddable":true,"href":"https:\/\/shop.nlq24.eu\/es\/wp-json\/wp\/v2\/media\/79544"}],"wp:attachment":[{"href":"https:\/\/shop.nlq24.eu\/es\/wp-json\/wp\/v2\/media?parent=73154"}],"wp:term":[{"taxonomy":"product_brand","embeddable":true,"href":"https:\/\/shop.nlq24.eu\/es\/wp-json\/wp\/v2\/product_brand?post=73154"},{"taxonomy":"product_cat","embeddable":true,"href":"https:\/\/shop.nlq24.eu\/es\/wp-json\/wp\/v2\/product_cat?post=73154"},{"taxonomy":"product_tag","embeddable":true,"href":"https:\/\/shop.nlq24.eu\/es\/wp-json\/wp\/v2\/product_tag?post=73154"}],"curies":[{"name":"wp","href":"https:\/\/api.w.org\/{rel}","templated":true}]}}