{"id":73158,"date":"2019-03-12T05:55:56","date_gmt":"2019-03-12T05:55:56","guid":{"rendered":"https:\/\/shop.nlq24.eu\/produkt\/sistema-dosificador-botella-pp28\/"},"modified":"2026-04-08T09:51:50","modified_gmt":"2026-04-08T09:51:50","slug":"botella-del-sistema-dosificador","status":"publish","type":"product","link":"https:\/\/shop.nlq24.eu\/es\/ producto\/botella-del-sistema-dosificador\/","title":{"rendered":"Sistema dosificador Botella 28mm"},"content":{"rendered":"<p>La botella Doser System se puede seleccionar con un sistema de muestreo. Un tap\u00f3n de pl\u00e1stico, el <strong><br \/>\n  <a href=\"https:\/\/shop.nlq24.eu\/de\/produkt\/doser-einsatz-fuer-doser-system\/\">llamado inserto Doser,<\/a><br \/>\n<\/strong>se presiona en el cuello de la botella hasta que se llena la botella. La plaquita dosificador, por otro lado, se combina con precisi\u00f3n con el dosificador (jeringa dosificador). Es el acoplamiento entre el inserto dosificador y el dosificador. El Dosificador es una jeringuilla dosificadora con la que puedes extraer el contenido de la botella de cristal de forma limpia y sin p\u00e9rdidas utilizando el inserto Dosificador. La extracci\u00f3n con el Dosificador es muy sencilla y procede del siguiente modo una vez que el inserto Dosificador est\u00e1 en el cuello de la botella. <strong>En primer lugar<\/strong>, abre la botella; <strong>en segundo lugar<\/strong>, introduce firmemente el Dosificador (jeringa dosificadora) en el inserto del Dosificador (acoplamiento). <strong>En tercer lugar<\/strong>, inclina la botella boca abajo. En cuarto lugar, utiliza el Dosificador para extraer tu cantidad. Gracias a su graduaci\u00f3n (una escala), puedes medir la cantidad de llenado mientras extraes el l\u00edquido al mismo tiempo.   <\/p>\n<h4><strong>Especificaciones de la botella del sistema Doser PP28:<\/strong><\/h4>\n<p>El cuerpo de cristal de la botella del sistema dosificador PP28 es de cristal \u00e1mbar de clase hidrol\u00edtica 3, que ofrece a tu contenido un alto nivel de protecci\u00f3n contra la luz gracias a su coloraci\u00f3n. El hilo es DE tama\u00f1o PP28. Esta botella es incluso resistente a \u00e1cidos y otras sustancias agresivas. Como resultado, tiene excelentes propiedades de barrera y tambi\u00e9n tiene un aspecto de alta calidad. Puedes utilizarlos muy bien para la HDC. La botella tiene un tap\u00f3n de seguridad para ni\u00f1os. <\/p>\n<p>Puedes elegir entre distintos vol\u00famenes. Tambi\u00e9n puedes elegir si quieres o no un dispensador para la retirada. <\/p>\n<p>\u00bfQuieres simplemente una botella PP28 con tapa seleccionable?<\/p>\n<p>Entonces echa un vistazo a la <a href=\"https:\/\/shop.nlq24.eu\/es\/ producto\/botella-de-vidrio-pp28\/\">botella dosificadora de cristal PP28.<\/a>  Si pide un dosificador con, puede elegir entre 5 y 10 ml.<\/p>\n<p>Si s\u00f3lo necesita un cierre de tapa, PP28, que tambi\u00e9n se adapta al sistema Doser, encontrar\u00e1 esto <strong><a href=\"https:\/\/shop.nlq24.eu\/es\/ producto\/cierre-tapa-pp28-negro\/\">AQU\u00cd.<\/a><\/p>\n<p><\/strong><\/p>\n","protected":false},"excerpt":{"rendered":"<p>Sistema dosificador botella PP28 tama\u00f1o de cierre en varios dise\u00f1os<\/p>\n","protected":false},"featured_media":10941,"comment_status":"open","ping_status":"closed","template":"","meta":[],"product_brand":[],"product_cat":[1866,1883,2320,3744],"product_tag":[2457,2458,2642,2719,2720,2721,2399],"class_list":{"0":"post-73158","1":"product","2":"type-product","3":"status-publish","4":"has-post-thumbnail","6":"product_cat-todos-los-productos-resumen","7":"product_cat-botellas-de-vidrio","8":"product_cat-botellas-de-vidrio-pp28","9":"product_cat-sistema-de-dosificacion-todos","10":"product_tag-doser-system-es","11":"product_tag-doser-system-flasche-es","12":"product_tag-jeringa-dosificadora","13":"product_tag-botella-de-jarabe","14":"product_tag-botella-de-vidrio-pp28","15":"product_tag-botella","16":"product_tag-cdh-doser-es","17":"product_shipping_class-1-paquete-de-envio-con-seguimiento","18":"pa_milliliter-250-ml-es","19":"pa_milliliter-500-ml-es","20":"pa_milliliter-1000-ml-es","22":"first","23":"instock","24":"taxable","25":"shipping-taxable","26":"purchasable","27":"product-type-variable"},"_links":{"self":[{"href":"https:\/\/shop.nlq24.eu\/es\/wp-json\/wp\/v2\/product\/73158","targetHints":{"allow":["GET"]}}],"collection":[{"href":"https:\/\/shop.nlq24.eu\/es\/wp-json\/wp\/v2\/product"}],"about":[{"href":"https:\/\/shop.nlq24.eu\/es\/wp-json\/wp\/v2\/types\/product"}],"replies":[{"embeddable":true,"href":"https:\/\/shop.nlq24.eu\/es\/wp-json\/wp\/v2\/comments?post=73158"}],"wp:featuredmedia":[{"embeddable":true,"href":"https:\/\/shop.nlq24.eu\/es\/wp-json\/wp\/v2\/media\/10941"}],"wp:attachment":[{"href":"https:\/\/shop.nlq24.eu\/es\/wp-json\/wp\/v2\/media?parent=73158"}],"wp:term":[{"taxonomy":"product_brand","embeddable":true,"href":"https:\/\/shop.nlq24.eu\/es\/wp-json\/wp\/v2\/product_brand?post=73158"},{"taxonomy":"product_cat","embeddable":true,"href":"https:\/\/shop.nlq24.eu\/es\/wp-json\/wp\/v2\/product_cat?post=73158"},{"taxonomy":"product_tag","embeddable":true,"href":"https:\/\/shop.nlq24.eu\/es\/wp-json\/wp\/v2\/product_tag?post=73158"}],"curies":[{"name":"wp","href":"https:\/\/api.w.org\/{rel}","templated":true}]}}