{"id":73169,"date":"2019-02-06T16:48:30","date_gmt":"2019-02-06T16:48:30","guid":{"rendered":"https:\/\/shop.nlq24.eu\/produkt\/uso-de-doser-para-el-sistema-doser\/"},"modified":"2025-11-15T21:21:23","modified_gmt":"2025-11-15T21:21:23","slug":"doser-insert-for-doser-system-10-28-mm","status":"publish","type":"product","link":"https:\/\/shop.nlq24.eu\/es\/ producto\/doser-insert-for-doser-system-10-28-mm\/","title":{"rendered":"Inserto dosificador para sistema dosificador 10, 28 mm"},"content":{"rendered":"<p class=\"Normal\">El inserto dosificador para <strong>el sistema dosificador 10<\/strong>, 28 mm tambi\u00e9n forma parte del <strong><span class=\"tm6\">sistema dosificador para botellas de vidrio de tama\u00f1o PP28, es decir, apertura de botellas de 28 mm.<br \/>\n<\/span><\/p>\n<p><\/strong><\/p>\n<p class=\"Normal\">Este peque\u00f1o inserto de pl\u00e1stico se llama <strong>inserto Doser<\/strong>. Se puede prensar en botellas PP28. Despu\u00e9s de presionar el inserto del dosificador en el cuello del frasco, se redujo de tama\u00f1o para que el dosificador (jeringa dosificadora) encajara exactamente en la abertura del inserto del frasco. Con el inserto y el dosificador adecuado, puede eliminar l\u00edquidos y medirlos al mismo tiempo.<\/p>\n<p class=\"Normal\">Lo mejor de todo el sistema de dosificaci\u00f3n es que puede medir el l\u00edquido al mismo tiempo que lo introduce en el dosificador. Esto es posible gracias a la b\u00e1scula, que est\u00e1 unida al pist\u00f3n del dosificador.<\/p>\n<p>&nbsp;<\/p>\n<h2>Diferentes cantidades de llenado posibles<\/h2>\n<p>Elija qu\u00e9 jeringa dosificadora necesita. Puede elegir entre la jeringa de 10 ml y la de 5 ml.<\/p>\n<h2>Comprar en un set<\/h2>\n<p>Tambi\u00e9n puede obtener el inserto del dosificador para el sistema de dosificaci\u00f3n 10, 28 mm y el dosificador (jeringa) como un conjunto.<\/p>\n<p>Est\u00e1 disponible en dos variantes:<br \/>\n 1. el <a href=\"https:\/\/shop.nlq24.eu\/es\/ producto\/doser-cdh-doser-10-ml-es\/\"><span style=\"color: #0000ff;\"><strong>sistema Doser para botellas de vidrio \u00e1mbar de tama\u00f1o PP28<\/strong><\/span><\/a>.<br \/>\n2. El <strong><a href=\"https:\/\/shop.nlq24.eu\/produkt\/doser-doser-system-fuer-mironglasflaschen\/\">sistema dosificador para botellas de vidrio Miron<\/a><\/strong> de tama\u00f1o PP28<\/p>\n<p class=\"Normal\">Si necesita una botella con un sistema de dosificaci\u00f3n, puede comprar<strong><br \/>\n  <a href=\"https:\/\/shop.nlq24.eu\/es\/Produkt\/botella-del-sistema-dosificador\/\"> una botella con el sistema de dosificaci\u00f3n<\/a><br \/>\n<\/strong> aqu\u00ed.<\/p>\n<p class=\"Normal\">Si solo necesita un dosificador (jeringa dosificadora) puede encontrarlo <a href=\"https:\/\/shop.nlq24.eu\/es\/ producto\/doser-cdh-doser-10-ml-es\/\"><br \/>\n  <span style=\"color: #0000ff;\"><br \/>\n    <strong>aqu\u00ed.<\/strong><br \/>\n  <\/span><br \/>\n<\/a><\/p>\n","protected":false},"excerpt":{"rendered":"<p>Inserto dosificador para sistema dosificador 10, 28 mm<\/p>\n","protected":false},"featured_media":10470,"comment_status":"open","ping_status":"closed","template":"","meta":[],"product_brand":[],"product_cat":[1866,3744,1876,2326],"product_tag":[2642,2764,2455,2456,2457],"class_list":{"0":"post-73169","1":"product","2":"type-product","3":"status-publish","4":"has-post-thumbnail","6":"product_cat-todos-los-productos-resumen","7":"product_cat-sistema-de-dosificacion-todos","8":"product_cat-dosificacion-medicion","9":"product_cat-dosificador-para-botellas-pp28","10":"product_tag-jeringa-dosificadora","11":"product_tag-uso","12":"product_tag-doser-es","13":"product_tag-doser-einsatz-es","14":"product_tag-doser-system-es","15":"product_shipping_class-1-paquete-de-envio-con-seguimiento","16":"pa_milliliter-5-ml-es","17":"pa_milliliter-10-ml-es","19":"first","20":"instock","21":"taxable","22":"shipping-taxable","23":"purchasable","24":"product-type-variable"},"_links":{"self":[{"href":"https:\/\/shop.nlq24.eu\/es\/wp-json\/wp\/v2\/product\/73169","targetHints":{"allow":["GET"]}}],"collection":[{"href":"https:\/\/shop.nlq24.eu\/es\/wp-json\/wp\/v2\/product"}],"about":[{"href":"https:\/\/shop.nlq24.eu\/es\/wp-json\/wp\/v2\/types\/product"}],"replies":[{"embeddable":true,"href":"https:\/\/shop.nlq24.eu\/es\/wp-json\/wp\/v2\/comments?post=73169"}],"wp:featuredmedia":[{"embeddable":true,"href":"https:\/\/shop.nlq24.eu\/es\/wp-json\/wp\/v2\/media\/10470"}],"wp:attachment":[{"href":"https:\/\/shop.nlq24.eu\/es\/wp-json\/wp\/v2\/media?parent=73169"}],"wp:term":[{"taxonomy":"product_brand","embeddable":true,"href":"https:\/\/shop.nlq24.eu\/es\/wp-json\/wp\/v2\/product_brand?post=73169"},{"taxonomy":"product_cat","embeddable":true,"href":"https:\/\/shop.nlq24.eu\/es\/wp-json\/wp\/v2\/product_cat?post=73169"},{"taxonomy":"product_tag","embeddable":true,"href":"https:\/\/shop.nlq24.eu\/es\/wp-json\/wp\/v2\/product_tag?post=73169"}],"curies":[{"name":"wp","href":"https:\/\/api.w.org\/{rel}","templated":true}]}}