{"id":73172,"date":"2019-02-05T12:54:36","date_gmt":"2019-02-05T12:54:36","guid":{"rendered":"https:\/\/shop.nlq24.eu\/produkt\/cierre-del-cepillo-para-botella-de-vidrio-din18\/"},"modified":"2025-06-12T11:26:59","modified_gmt":"2025-06-12T11:26:59","slug":"cepillo-para-vidrio-botella-din18","status":"publish","type":"product","link":"https:\/\/shop.nlq24.eu\/es\/ producto\/cepillo-para-vidrio-botella-din18\/","title":{"rendered":"Cierre del cepillo para botella de vidrio DIN18"},"content":{"rendered":"<p><strong>Tap\u00f3n de pincel para botella de vidrio DIN18 blanco o negro<\/strong><\/p>\n<p><strong>Este cierre de cepillo le permite aplicar l\u00edquidos.  <\/strong><\/p>\n<p>Es especialmente adecuado para botellas de vidrio DIN18 de tama\u00f1os 30 y 50 ml. Para botellas m\u00e1s grandes, tendr\u00eda que inclinarlas para que el cepillo llegue al l\u00edquido. El color de la tapa del tornillo es<strong>blanco o negro<\/strong>, sujeto a disponibilidad.<\/p>\n<p>El cepillo es duradero e incluso ha sido probado en DMSO100 (solvente). Resisti\u00f3 la prueba. Para ello, el pincel se sumergi\u00f3 en DMSO100 durante 24 horas. Si realiza esta prueba con jeringas desechables y aplica DMSO en ellas, puede ver una raya, lo que indica que algo se est\u00e1 desprendiendo del pl\u00e1stico de la jeringa. Esto no se pudo observar con este cierre, por lo que un desencadenante, en caso de producirse, ser\u00eda m\u00ednimo. En una soluci\u00f3n con una concentraci\u00f3n de DMSO m\u00e1s baja, dif\u00edcilmente se puede esperar un desencadenante medible. Definitivamente, la consistencia est\u00e1 ah\u00ed.    <\/p>\n<p>Si necesitas este pincel con botella, puedes encontrarlo <a href=\"https:\/\/shop.nlq24.eu\/produkt\/glasflasche-din18-slim-braun\/\">AQU\u00cd<\/a><\/p>\n<p>&nbsp;<\/p>\n<p>&nbsp;<\/p>\n","protected":false},"excerpt":{"rendered":"<p>Cierre del cepillo DIN18<\/p>\n","protected":false},"featured_media":87625,"comment_status":"open","ping_status":"closed","template":"","meta":[],"product_brand":[],"product_cat":[1866,1876,2333,2359],"product_tag":[2766,2767,2768,2433,2765],"class_list":{"0":"post-73172","1":"product","2":"type-product","3":"status-publish","4":"has-post-thumbnail","6":"product_cat-todos-los-productos-resumen","7":"product_cat-dosificacion-medicion","8":"product_cat-cierres-din18-para-botellas-de-vidrio","9":"product_cat-zubehoer-fuer-flaschen","10":"product_tag-cierre-del-cepillo-din18","11":"product_tag-cierre-del-cepillo","12":"product_tag-cepillo","13":"product_tag-din18-es","14":"product_tag-delgado","15":"product_shipping_class-1-paquete-de-envio-con-seguimiento","17":"first","18":"instock","19":"taxable","20":"shipping-taxable","21":"purchasable","22":"product-type-variable"},"_links":{"self":[{"href":"https:\/\/shop.nlq24.eu\/es\/wp-json\/wp\/v2\/product\/73172","targetHints":{"allow":["GET"]}}],"collection":[{"href":"https:\/\/shop.nlq24.eu\/es\/wp-json\/wp\/v2\/product"}],"about":[{"href":"https:\/\/shop.nlq24.eu\/es\/wp-json\/wp\/v2\/types\/product"}],"replies":[{"embeddable":true,"href":"https:\/\/shop.nlq24.eu\/es\/wp-json\/wp\/v2\/comments?post=73172"}],"wp:featuredmedia":[{"embeddable":true,"href":"https:\/\/shop.nlq24.eu\/es\/wp-json\/wp\/v2\/media\/87625"}],"wp:attachment":[{"href":"https:\/\/shop.nlq24.eu\/es\/wp-json\/wp\/v2\/media?parent=73172"}],"wp:term":[{"taxonomy":"product_brand","embeddable":true,"href":"https:\/\/shop.nlq24.eu\/es\/wp-json\/wp\/v2\/product_brand?post=73172"},{"taxonomy":"product_cat","embeddable":true,"href":"https:\/\/shop.nlq24.eu\/es\/wp-json\/wp\/v2\/product_cat?post=73172"},{"taxonomy":"product_tag","embeddable":true,"href":"https:\/\/shop.nlq24.eu\/es\/wp-json\/wp\/v2\/product_tag?post=73172"}],"curies":[{"name":"wp","href":"https:\/\/api.w.org\/{rel}","templated":true}]}}