{"id":73173,"date":"2019-01-08T07:04:50","date_gmt":"2019-01-08T07:04:50","guid":{"rendered":"https:\/\/shop.nlq24.eu\/produkt\/cierre-para-botellas-de-pe-20-410\/"},"modified":"2025-06-19T07:31:08","modified_gmt":"2025-06-19T07:31:08","slug":"sloppy-tropfer-sprayer-for-white-pe-bottles","status":"publish","type":"product","link":"https:\/\/shop.nlq24.eu\/es\/ producto\/sloppy-tropfer-sprayer-for-white-pe-bottles\/","title":{"rendered":"Cierre para botellas de PE 20-410"},"content":{"rendered":"<p>Cierre para botellas de PE 20-410<\/p>\n<p>\u00bfYa tiene una botella de PE de tama\u00f1o 20-410? Entonces usted puede comprar cierres para estos aqu\u00ed. Te ofrezco las siguientes variantes de cierre:<\/p>\n<p><strong>Cierre de goteo con punta dosificadora,<\/strong>opcionalmente en los colores: blanco, negro, oro o plata metalizado.<strong><br \/>\n<\/strong><strong>Estos cierres cuentagotas<\/strong> se utilizan para cerrar las botellas y como cuentagotas. Tienen una peque\u00f1a punta con la que se puede drenar bien el l\u00edquido, o incluso aplicarlo.<\/p>\n<p>Adem\u00e1s, est\u00e1n disponibles los siguientes accesorios para este tama\u00f1o de botella. <strong>Un accesorio de pulverizador. <\/strong>Con esto puede rociar l\u00edquidos en haz fino. Adem\u00e1s, este pulverizador tiene una tapa transparente. Esto a su vez evita que el contenido del l\u00edquido de la botella de PE se evapore o se gaste. Esto es particularmente importante cuando se utiliza di\u00f3xido de cloro, por ejemplo. Sin evaporaci\u00f3n, el contenido de la botella es m\u00e1s duradero. Esto tambi\u00e9n encaja perfectamente en estas botellas.<\/p>\n<p>Tambi\u00e9n utilizo este pulverizador para soluciones de di\u00f3xido de cloro (CDH3000). Dura f\u00e1cilmente varias semanas. Con un almacenamiento m\u00e1s largo de CDH en esta botella, recomiendo cambiar el cabezal de pulverizaci\u00f3n.<\/p>\n<p>Si todav\u00eda no tiene una botella de PE, puede comprarla <a href=\"https:\/\/shop.nlq24.eu\/produkt\/pe-flaschen-weiss-in-verschiedenen-varianten-groessen-und-zubehoer\/\">AQUI.<\/a> All\u00ed tambi\u00e9n recibir\u00e1 la botella de PE con los accesorios seleccionables.<\/p>\n<p>M\u00e1s sobre las botellas se pueden encontrar <a href=\"https:\/\/shop.nlq24.eu\/de\/pe-flaschen-20-410-und-zubehoer\/?preview_id=1116&#038;preview_nonce=e403e27724&#038;preview=true\">aqu\u00ed.<\/a><\/p>\n","protected":false},"excerpt":{"rendered":"<p>Cierre para botella de PE 20-410 o accesorio de pulverizador<\/p>\n","protected":false},"featured_media":10879,"comment_status":"open","ping_status":"closed","template":"","meta":[],"product_brand":[],"product_cat":[1866,1886,2329,2359],"product_tag":[2773,2775,2776,2633,2721,2769,2770,2368,2771,2388],"class_list":{"0":"post-73173","1":"product","2":"type-product","3":"status-publish","4":"has-post-thumbnail","6":"product_cat-todos-los-productos-resumen","7":"product_cat-botellas-hdpe-de-color-solido","8":"product_cat-botellas-de-hdpe-accesorios","9":"product_cat-zubehoer-fuer-flaschen","10":"product_tag-pe-es","11":"product_tag-punta-de-gotero","12":"product_tag-botella-vacia","13":"product_tag-botella-de-pe","14":"product_tag-botella","15":"product_tag-cuentagotas-es","16":"product_tag-cerradura","17":"product_tag-20-410-es","18":"product_tag-hdpe-es","19":"product_tag-auftraeger-es","20":"product_shipping_class-1-paquete-de-envio-con-seguimiento","22":"first","23":"instock","24":"taxable","25":"shipping-taxable","26":"purchasable","27":"product-type-variable"},"_links":{"self":[{"href":"https:\/\/shop.nlq24.eu\/es\/wp-json\/wp\/v2\/product\/73173","targetHints":{"allow":["GET"]}}],"collection":[{"href":"https:\/\/shop.nlq24.eu\/es\/wp-json\/wp\/v2\/product"}],"about":[{"href":"https:\/\/shop.nlq24.eu\/es\/wp-json\/wp\/v2\/types\/product"}],"replies":[{"embeddable":true,"href":"https:\/\/shop.nlq24.eu\/es\/wp-json\/wp\/v2\/comments?post=73173"}],"wp:featuredmedia":[{"embeddable":true,"href":"https:\/\/shop.nlq24.eu\/es\/wp-json\/wp\/v2\/media\/10879"}],"wp:attachment":[{"href":"https:\/\/shop.nlq24.eu\/es\/wp-json\/wp\/v2\/media?parent=73173"}],"wp:term":[{"taxonomy":"product_brand","embeddable":true,"href":"https:\/\/shop.nlq24.eu\/es\/wp-json\/wp\/v2\/product_brand?post=73173"},{"taxonomy":"product_cat","embeddable":true,"href":"https:\/\/shop.nlq24.eu\/es\/wp-json\/wp\/v2\/product_cat?post=73173"},{"taxonomy":"product_tag","embeddable":true,"href":"https:\/\/shop.nlq24.eu\/es\/wp-json\/wp\/v2\/product_tag?post=73173"}],"curies":[{"name":"wp","href":"https:\/\/api.w.org\/{rel}","templated":true}]}}