{"id":73179,"date":"2019-01-15T22:08:34","date_gmt":"2019-01-15T22:08:34","guid":{"rendered":"https:\/\/shop.nlq24.eu\/produkt\/dmkb-la-solucion-dmso-magnesium-potasio-borax\/"},"modified":"2025-06-19T07:26:29","modified_gmt":"2025-06-19T07:26:29","slug":"dmkb-dmso-magnesium-potasio-borax-loesung","status":"publish","type":"product","link":"https:\/\/shop.nlq24.eu\/es\/ producto\/dmkb-dmso-magnesium-potasio-borax-loesung\/","title":{"rendered":"DMKB La soluci\u00f3n DMSO-Magnesium-Potasio-Borax"},"content":{"rendered":"<p><u><strong>DMKB es una soluci\u00f3n de D<\/strong> MSO, <strong>cloruro de M<\/strong>agnesium, <strong>K<\/strong>alium y <strong>B<\/strong>orax<strong><br \/>\n<\/strong><\/u><\/p>\n<p>Es una soluci\u00f3n mineral de oligoelemento valioso con <a href=\"https:\/\/www.natao.org\/dmso.htm\">Natao DMSO.<\/a> Los ingredientes son de calidad pura. En t\u00e9rminos de energ\u00eda, est\u00e1n equilibrados entre s\u00ed.<br \/>\nIngredientes aprox.:62,17 % agua<br \/>\n,<br \/>\n 8,82 % cloruro<br \/>\n de magnesio, 0,375 % cloruro<br \/>\n de potasio, 0,275 % b\u00f3rax y<br \/>\n24,64 % <a href=\"https:\/\/shop.nlq24.eu\/es\/Produkt\/dmso100-dimethylsulfoxid-es\/\">DMSO 100<\/a><\/p>\n<p>El cloruro de magnesio proviene del secado natural por la luz solar. Su origen es el Mar Muerto. El cloruro de potasio natural completa su soluci\u00f3n en general. El Tinkal Borax es un mineral natural extra\u00eddo de lagos salados. Tambi\u00e9n se conoce como borato de sodio. Aparentemente, los ingredientes se refuerzan mutuamente. Una mezcla interesante y notable.<\/p>\n<div><strong>Como accesorio<\/strong> para su botella de vidrio, tambi\u00e9n puede comprar un <strong><a href=\"https:\/\/shop.nlq24.eu\/es\/ producto\/doser-cdh-doser-10-ml-es\/\">sistema Doser con inserto Doser y Doser.<\/a><\/strong> Con esto, podr\u00eda quitar de forma \u00f3ptima el DMKB y medirlo al mismo tiempo. Enjuague bien el dosificador despu\u00e9s de su uso. <strong>El almacenamiento de DMKB<\/strong> debe ser fresco y oscuro. Calculo que la vida \u00fatil es de 5 a\u00f1os.<\/div>\n<div><\/div>\n<div>\n<div><img loading=\"lazy\" decoding=\"async\" class=\"alignnone size-full wp-image-1675\" src=\"https:\/\/shop.nlq24.eu\/wp-content\/uploads\/2018\/09\/Achtung-Gefahrzeichen-Pictogram.jpg\" alt=\"\" width=\"77\" height=\"77\"><\/div>\n<div><strong> Atenci\u00f3n<\/strong><\/div>\n<div><\/div>\n<div><strong>Advertencias:<\/strong><br \/>\nCausa irritaci\u00f3n de los ojos. En caso de contacto con los ojos: Enjuague el ojo con agua tibia cuando el hueco del p\u00e1rpado est\u00e9 abierto.<\/div>\n<\/div>\n","protected":false},"excerpt":{"rendered":"<p>DMKB La soluci\u00f3n DMSO-Magnesium-Potasio-Borax<u><br \/>\n<\/u><\/p>\n","protected":false},"featured_media":11980,"comment_status":"open","ping_status":"closed","template":"","meta":[],"product_brand":[],"product_cat":[2339,2340,1866,1873],"product_tag":[2778,2779,2780,2781,2398,2434,2435],"class_list":{"0":"post-73179","1":"product","2":"type-product","3":"status-publish","4":"has-post-thumbnail","6":"product_cat-mkb-vital-es","7":"product_cat-magnesium-produkte-es","8":"product_cat-todos-los-productos-resumen","9":"product_cat-dmso-dimetil-sulfoxido","10":"product_tag-mkb-es","11":"product_tag-magnesio","12":"product_tag-potasio","13":"product_tag-solucion","14":"product_tag-borax-es","15":"product_tag-dmkb-es","16":"product_tag-dmso-es","17":"product_shipping_class-1-paquete-de-envio-con-seguimiento","18":"pa_milliliter-100-ml-es","19":"pa_milliliter-250-ml-es","20":"pa_milliliter-500-ml-es","21":"pa_milliliter-1000-ml-es","22":"pa_milliliter-50-ml-es","24":"first","25":"instock","26":"taxable","27":"shipping-taxable","28":"purchasable","29":"product-type-variable"},"_links":{"self":[{"href":"https:\/\/shop.nlq24.eu\/es\/wp-json\/wp\/v2\/product\/73179","targetHints":{"allow":["GET"]}}],"collection":[{"href":"https:\/\/shop.nlq24.eu\/es\/wp-json\/wp\/v2\/product"}],"about":[{"href":"https:\/\/shop.nlq24.eu\/es\/wp-json\/wp\/v2\/types\/product"}],"replies":[{"embeddable":true,"href":"https:\/\/shop.nlq24.eu\/es\/wp-json\/wp\/v2\/comments?post=73179"}],"wp:featuredmedia":[{"embeddable":true,"href":"https:\/\/shop.nlq24.eu\/es\/wp-json\/wp\/v2\/media\/11980"}],"wp:attachment":[{"href":"https:\/\/shop.nlq24.eu\/es\/wp-json\/wp\/v2\/media?parent=73179"}],"wp:term":[{"taxonomy":"product_brand","embeddable":true,"href":"https:\/\/shop.nlq24.eu\/es\/wp-json\/wp\/v2\/product_brand?post=73179"},{"taxonomy":"product_cat","embeddable":true,"href":"https:\/\/shop.nlq24.eu\/es\/wp-json\/wp\/v2\/product_cat?post=73179"},{"taxonomy":"product_tag","embeddable":true,"href":"https:\/\/shop.nlq24.eu\/es\/wp-json\/wp\/v2\/product_tag?post=73179"}],"curies":[{"name":"wp","href":"https:\/\/api.w.org\/{rel}","templated":true}]}}