{"id":73184,"date":"2018-12-20T08:00:26","date_gmt":"2018-12-20T08:00:26","guid":{"rendered":"https:\/\/shop.nlq24.eu\/produkt\/cartucho-soft-water-energy-para-revitalizacion-del-agua-0-5-pulgadas\/"},"modified":"2026-04-08T09:51:23","modified_gmt":"2026-04-08T09:51:23","slug":"agua-blanda-energia-agua-energizacion-cartucho-05-pulgadas","status":"publish","type":"product","link":"https:\/\/shop.nlq24.eu\/es\/ producto\/agua-blanda-energia-agua-energizacion-cartucho-05-pulgadas\/","title":{"rendered":"Cartucho Soft-Water-Energy para revitalizaci\u00f3n del agua 0.5 pulgadas"},"content":{"rendered":"<p class=\"Normal\"><strong><span class=\"tm6\">Cartucho Soft-Water-Energy para revitalizaci\u00f3n del agua en 0,5 pulgadas<\/span><\/strong><\/p>\n<p class=\"Normal\">\u00a1Produzca su agua suave y animada usted mismo! Este cartucho magnetiza y energiza su agua en un solo paso. Esto le da una calidad de agua s\u00faper para la cocina, ba\u00f1o, inodoro, calentador de agua, lavadora y tambi\u00e9n para sus duchas. Si utiliza un sistema de \u00f3smosis, necesitar\u00e1 menos cambios de filtro con este cartucho que antes. En el jard\u00edn trae agua clara del estanque. Por supuesto tambi\u00e9n en el acuario local.<\/p>\n<p class=\"Normal\">Con fuerte 9000 Gauss, fuerza magn\u00e9tica, mejorar su agua. Un superpoder que no tiene parang\u00f3n. El cartucho tiene la mejor calidad mediante el uso de acero inoxidable. Por lo tanto, el fabricante especifica una vida \u00fatil muy larga de hasta 50 a\u00f1os. Soft Water Energy no incurre en ning\u00fan costo de mantenimiento. Adem\u00e1s, no se requieren consumibles. Ni siquiera necesitas una conexi\u00f3n de energ\u00eda el\u00e9ctrica. Esta es otra raz\u00f3n por la que ahorras dinero.<\/p>\n<p class=\"Normal\">El precio de compra incluye el cartucho, sin conexi\u00f3n. Esto se debe al hecho de que hay diferentes tama\u00f1os de conexi\u00f3n en las tuber\u00edas de agua en casas de diferentes tama\u00f1os de conexi\u00f3n. Sin embargo, simplemente puede obtener fundas de conexi\u00f3n o adaptadores en su tienda de bricolaje o, por supuesto, desde su instalador de agua.<\/p>\n<p class=\"Normal\"><strong><span class=\"tm6\">\u00a1Ordene ahora! \u00a1Introductorio!<\/span><\/strong><\/p>\n<h3><strong>\u00bfC\u00f3mo funciona este cartucho?<\/strong><\/h3>\n<p class=\"Normal\">Soft Water Energy utiliza materiales supermagn\u00e9ticos. Estos materiales magn\u00e9ticos ndFeB en la materia prima cambian la estructura de manera diferente que un magnetizador ordinario. Cuando el agua fluye a trav\u00e9s del campo supermagn\u00e9tico, acelera el flujo de agua para que cada gota de agua est\u00e9 bien magnetizada. El campo magn\u00e9tico tiene campo 9000 Gauss, eso es 0.9000 Tesla! Esta magnetizaci\u00f3n hace que las mol\u00e9culas de agua grandes sean muy peque\u00f1as (microclusters). A continuaci\u00f3n, tienen la capacidad de absorber mejor las propiedades magn\u00e9ticas y otras. Por el campo magn\u00e9tico, el grupo macromolecular (H2O) N, se divide en bimolecular (H2O) 2 o en una sola mol\u00e9cula H2O. La fuerza magn\u00e9tica puede activar mol\u00e9culas de agua. Por un lado, este proceso aumenta la solubilidad, tambi\u00e9n reduce la tensi\u00f3n superficial y tambi\u00e9n facilita el paso del agua a trav\u00e9s de las membranas celulares. Esto hace que sea m\u00e1s f\u00e1cil para el metabolismo.<\/p>\n<p class=\"Normal\">En comparaci\u00f3n, muchas varillas magn\u00e9ticas de agua-bebida tienen s\u00f3lo 2500 gauss (0.2500 Tesla).<\/p>\n<p class=\"Normal\">En Soft Water Energy, la estructura del cartucho tambi\u00e9n hace que el agua se arremolina, como en la naturaleza. <strong><span class=\"tm6\">El im\u00e1n libera el agua de vibraciones perturbadoras y las neutraliza. La turbulencia trae un patr\u00f3n de vibraci\u00f3n arm\u00f3nica en el agua. As\u00ed que usted tiene 2 acciones en un solo cartucho.<\/span><\/strong><\/p>\n<h3><strong>Evitar las alteraciones magn\u00e9ticas<\/strong><\/h3>\n<p class=\"Normal\">Soft Water Energy se fabrica en el dise\u00f1o de un circuito magn\u00e9tico de precisi\u00f3n. Todas las l\u00edneas de campo magn\u00e9tico generadas por NdFeB se concentran en el tubo central. El dise\u00f1o de blindaje del cartucho evita la influencia de dispositivos tales como: tel\u00e9fonos, televisores, relojes y otros. As\u00ed como efectos en el cuerpo humano. As\u00ed que puedes ser bastante despreocupado aqu\u00ed.<\/p>\n<h3><strong>Beneficios a largo plazo<\/strong><\/h3>\n<p class=\"Normal\">La energ\u00eda del agua suave consiste en imanes NdFeB. El material magn\u00e9tico no es tocado por el agua. Por lo tanto, nunca puede desmagnetizar. Toda la carcasa est\u00e1 hecha de acero inoxidable 304 desde adentro hacia afuera. Su vida \u00fatil es de m\u00e1s de 50 a\u00f1os. Esto significa que usted se beneficia de la inversi\u00f3n \u00fanica a muy largo plazo. Esto hace que el precio de compra sea muy barato.<\/p>\n<h3><strong>Acero inoxidable<\/strong><\/h3>\n<p class=\"Normal\">Soft Water Energy est\u00e1 protegida de adentro hacia afuera por una carcasa de acero inoxidable 304 y por lo tanto no se oxidar\u00e1. Esto le da un agua pura, saludable, segura, potable y de servicio en alta calidad del agua. Esto previene eficazmente la contaminaci\u00f3n secundaria. El cartucho Soft Water Energy es f\u00e1cil de manejar. Simplemente se conecta una vez delante del punto de recogida de pruebas de agua.<\/p>\n<h3><strong>Ablandamiento del agua<\/strong><\/h3>\n<p class=\"Normal\">Debido a las mol\u00e9culas de agua m\u00e1s peque\u00f1as, la cal ya no se adhiere. Por lo tanto, ha perdido su efecto nocivo en cables, dispositivos, etc.<\/p>\n<h3><strong>Antifouling<\/strong><\/h3>\n<p class=\"Normal\">Despu\u00e9s del tratamiento de magnetizaci\u00f3n, la carga el\u00e9ctrica se almacena en el agua. El agua entonces tiene la misma carga el\u00e9ctrica. Esto cambia la asociaci\u00f3n gravitacional original de las impurezas. Esto a su vez evita que el calcio, el magnesio, etc. se combinen en agua, evitando as\u00ed\/reduciendo la suciedad. En resumen, la magnetizaci\u00f3n destruye una composici\u00f3n da\u00f1ina en el agua.<\/p>\n<h3><strong>Esterilizaci\u00f3n de algas<\/strong><\/h3>\n<p class=\"Normal\">En el efecto directo del campo magn\u00e9tico, la DBO y la COB disminuyen, reduciendo la energ\u00eda y los nutrientes para los microbios, lo que resulta en una muerte m\u00e1s r\u00e1pida de bacterias que su tasa de proliferaci\u00f3n (tasa de proliferaci\u00f3n). La mayor\u00eda de las bacterias mueren bajo el campo magn\u00e9tico debido a su incapacidad para adaptarse a los cambios en las propiedades f\u00edsicas y qu\u00edmicas y energ\u00e9ticas del agua.<\/p>\n<h3><strong>Instalaci\u00f3n:<\/strong><\/h3>\n<p class=\"Normal\">Este magnetizador de alta energ\u00eda se instala generalmente en la conexi\u00f3n de agua principal, b\u00e1sicamente delante de todos los dispositivos que utilizan agua. Esto proporcionar\u00eda a toda la casa agua magnetizada, energizada y neutra. Por supuesto, tambi\u00e9n se puede instalar antes de la entrada de agua o salida de purificadores de agua. Incluso una instalaci\u00f3n a corto plazo y f\u00e1cil delante de los cabezales de ducha \/ grifos es posible, que por lo general tienen una dimensi\u00f3n de conexi\u00f3n de <strong>0,5 pulgadas.<\/strong> Por ejemplo, puede desenroscar la manguera de una ducha del grifo de agua, atornillar el cartucho en el medio y luego volver a instalar la manguera de la ducha. Con una instalaci\u00f3n tan simple, incluso la aplicaci\u00f3n de un solo cartucho en diferentes lugares es posible. As\u00ed que puede conectar el cartucho a su ducha, desenroscarlo de nuevo y luego usarlo para la ba\u00f1era, por ejemplo. Adem\u00e1s, por supuesto, tambi\u00e9n se puede conectar detr\u00e1s de una bomba de estanque o una bomba de acuario. Instalado all\u00ed, el cartucho trae el mejor agua para peces sanos.<\/p>\n<p class=\"Normal\">En \u00faltima instancia, se puede instalar en las zonas de entrada o salida de cada usuario de agua. Dado que el efecto de la magnetizaci\u00f3n podr\u00eda reducirse en l\u00edneas de tuber\u00edas m\u00e1s largas, la distancia entre la energ\u00eda de agua blanda y el punto de muestreo de agua no debe superar los 30 metros. Cuanto m\u00e1s denso sea el cartucho, mejor y m\u00e1s fuerte ser\u00e1 el efecto. La temperatura \u00f3ptima del agua para Soft Water Energy est\u00e1 por debajo de los 80 grados cent\u00edgrados. Despu\u00e9s de la instalaci\u00f3n, compruebe siempre que la conexi\u00f3n es ajustada y ajustada. No empiece a usarlo hasta que se haya confirmado la estanqueidad y no haya errores al conectarse. La instalaci\u00f3n s\u00f3lo debe ser llevada a cabo por personal capacitado para evitar da\u00f1os.<\/p>\n<h3><strong>Dimensiones y peso:<\/strong><\/h3>\n<p>Tama\u00f1o de conexi\u00f3n: 22 mm (1\/2 pulgada),<br \/>\nLongitud total: 400 mm,<br \/>\nDi\u00e1metro: 89 mm<br \/>\nWoict: 4,3 kg<\/p>\n<p>VR-WS-D-0008<\/p>\n<h3><strong><br \/>\nPrimeras experiencias:<\/strong><\/h3>\n<p class=\"Normal\">Se han realizado\/comunicado las siguientes experiencias iniciales:<br \/>\nHe instalado el cartucho para la entrada del estanque de mi jard\u00edn. \u00a1Martillo! El agua es m\u00e1s clara que nunca. Puedo ver cristalino en el fondo del estanque. No ten\u00eda eso antes, a pesar del filtro de agua.<\/p>\n<p class=\"Normal\">&#8230; los peces en el estanque parecen sentirse muy c\u00f3modos en el agua energizada y clara. Est\u00e1n volando de un lado a otro.<\/p>\n<p class=\"Normal\">&#8230; la sensaci\u00f3n cuando se ducha es muy suave. El cabello se ablanda. El agua es muy agradable en la piel. Parece que si necesita menos champ\u00fa con el mismo resultado. Esto tambi\u00e9n beneficiar\u00e1 al medio ambiente!&#8230;<\/p>\n<p class=\"Normal\">&#8230; Us\u00e9 esta agua blanda para un ba\u00f1o completo. Fue muy relajante. Simplemente atornillaba el cartucho entre la manguera de la ducha y el accesorio de ducha. As\u00ed que incluso puedo usarlos en varios lugares de la casa. Para un ba\u00f1o completo, as\u00ed como para ducharse. \u00a1S\u00faper invento!<\/p>\n<p class=\"Normal\">Derram\u00e9 deliberadamente s\u00f3lo una parte de mis flores y plantas. Parecen ser m\u00e1s fuertes que los que no vert\u00ed con esta agua&#8230;<\/p>\n<p class=\"Normal\">\u00bfTambi\u00e9n est\u00e1 buscando una revitalizaci\u00f3n del agua simple y barata? Si es as\u00ed, son correctos con el im\u00e1n de agua<strong>\u00abEnerg\u00eda de agua suave\u00bb.<\/strong> La magnetizaci\u00f3n del agua es simple y autom\u00e1tica. Recibir\u00e1 agua viva y animada. Este tratamiento de agua estructuras, se arremolina y revitaliza el agua. Se activa, carga, informa o neutraliza energ\u00e9ticamente de nuevo. Simplemente se despejan o, se podr\u00eda decir, agua cristalina. Por lo tanto, el agua normal del grifo se vuelve tan valiosa como el agua de monta\u00f1a. Con Soft Water Energy, tambi\u00e9n puede obtener agua clara y turbia en estanques. Reduzca las algas de forma natural, sin qu\u00edmica. Esto funciona con Soft Water Energy. Los suavizantes de agua, que s\u00f3lo est\u00e1n orientados hacia la descalcificaci\u00f3n, no gestionan esto.<\/p>\n<p class=\"Normal\">Soft Water Energy <strong><span class=\"tm6\">disuelve<\/span><\/strong> eficazmente las vibraciones <strong><span class=\"tm6\">de sustancias o contaminantes presentes<\/span><\/strong> en el agua. Estos no pertenecen a agua pura. Consigue un \u00abagua que se sienta bien\u00bb. La curaci\u00f3n con imanes es muy discutida. Por mis observaciones, tambi\u00e9n parece funcionar. Incluso si no hay reconocimiento por esto.<\/p>\n<p class=\"Normal\">\u00a1Pru\u00e9balo!<\/p>\n","protected":false},"excerpt":{"rendered":"<p>Soft Water Energy, cartucho de energizaci\u00f3n de agua 0.5 pulgadas. Dimensiones: Conexi\u00f3n: 22 mm (1\/2 pulgada), Longitud total: 400 mm, Di\u00e1metro: 89 mm<\/p>\n","protected":false},"featured_media":10061,"comment_status":"open","ping_status":"closed","template":"","meta":[],"product_brand":[],"product_cat":[2358,1866,1910,2350,2352,2354,2356,2357],"product_tag":[2782,2783,2785,2786,2787,2788,2789,2790,2791],"class_list":{"0":"post-73184","1":"product","2":"type-product","3":"status-publish","4":"has-post-thumbnail","6":"product_cat-wasserveredelung-es-2","7":"product_cat-todos-los-productos-resumen","8":"product_cat-filtro-de-agua-osmosis-inversa","9":"product_cat-duschfilter-zubehoer-es","10":"product_cat-umkehrosmose-anlagen-wasserfilter-es","11":"product_cat-umkehrosmose-zubehoer-es","12":"product_cat-wasser-energetisierung-es","13":"product_cat-wasserveredelung-es","14":"product_tag-energia-de-agua-blanda","15":"product_tag-energizacion-del-agua","16":"product_tag-cartucho-de-agua","17":"product_tag-energizado","18":"product_tag-sin-cal","19":"product_tag-agua-animada","20":"product_tag-cartucho-soft-water-energy-para-la-revitalizacion-del-agua","21":"product_tag-agua-energetica","22":"product_tag-agua-energizada","23":"product_shipping_class-1-paquete-de-envio-con-seguimiento","25":"first","26":"instock","27":"taxable","28":"shipping-taxable","29":"purchasable","30":"product-type-simple"},"_links":{"self":[{"href":"https:\/\/shop.nlq24.eu\/es\/wp-json\/wp\/v2\/product\/73184","targetHints":{"allow":["GET"]}}],"collection":[{"href":"https:\/\/shop.nlq24.eu\/es\/wp-json\/wp\/v2\/product"}],"about":[{"href":"https:\/\/shop.nlq24.eu\/es\/wp-json\/wp\/v2\/types\/product"}],"replies":[{"embeddable":true,"href":"https:\/\/shop.nlq24.eu\/es\/wp-json\/wp\/v2\/comments?post=73184"}],"wp:featuredmedia":[{"embeddable":true,"href":"https:\/\/shop.nlq24.eu\/es\/wp-json\/wp\/v2\/media\/10061"}],"wp:attachment":[{"href":"https:\/\/shop.nlq24.eu\/es\/wp-json\/wp\/v2\/media?parent=73184"}],"wp:term":[{"taxonomy":"product_brand","embeddable":true,"href":"https:\/\/shop.nlq24.eu\/es\/wp-json\/wp\/v2\/product_brand?post=73184"},{"taxonomy":"product_cat","embeddable":true,"href":"https:\/\/shop.nlq24.eu\/es\/wp-json\/wp\/v2\/product_cat?post=73184"},{"taxonomy":"product_tag","embeddable":true,"href":"https:\/\/shop.nlq24.eu\/es\/wp-json\/wp\/v2\/product_tag?post=73184"}],"curies":[{"name":"wp","href":"https:\/\/api.w.org\/{rel}","templated":true}]}}