{"id":73185,"date":"2018-12-18T17:36:55","date_gmt":"2018-12-18T17:36:55","guid":{"rendered":"https:\/\/shop.nlq24.eu\/produkt\/botella-de-pp-a-prueba-de-roturas-con-cuentagotas\/"},"modified":"2026-04-08T09:51:16","modified_gmt":"2026-04-08T09:51:16","slug":"pp-bottles-break-proof-with-triftris","status":"publish","type":"product","link":"https:\/\/shop.nlq24.eu\/es\/ producto\/pp-bottles-break-proof-with-triftris\/","title":{"rendered":"Frasco de PP irrompible con cuentagotas"},"content":{"rendered":"<p>Esta botella de PP no s\u00f3lo es irrompible. Tambi\u00e9n est\u00e1 equipado con un cuentagotas muy preciso. Es incoloro, es decir, natural y, por tanto, semitransparente. Cada frasco lleva un tap\u00f3n de seguridad. Esto significa que el contenido es a prueba de ni\u00f1os. Puedes elegir este frasco en diferentes vol\u00famenes. Bajo el tap\u00f3n a prueba de ni\u00f1os se esconde una punta dosificadora que permite un goteo perfecto y preciso. La punta dosificadora tiene una longitud de 9 mm.<br \/>\nLa botella est\u00e1 certificada seg\u00fan la norma ISO 8317. El cierre tiene un anillo a prueba de manipulaciones que indica cu\u00e1ndo se ha abierto la botella por primera vez al arrancarlo. Esto garantiza que el frasco segu\u00eda cerrado originalmente.         <\/p>\n<h4><strong>Frasco de PP irrompible con cuentagotas &#8211; Materiales<\/strong><\/h4>\n<p>El material PP es f\u00e1cil y suave de presionar. Esto significa que los l\u00edquidos no s\u00f3lo se pueden gotear, sino tambi\u00e9n chorrear. Esta consistencia tambi\u00e9n garantiza una enorme resistencia a la rotura. El PP es muy resistente a muchos productos qu\u00edmicos y puede utilizarse, por ejemplo, para \u00e1cido clorh\u00eddrico 4 %, clorito s\u00f3dico 25 %, DMSO100 y, por supuesto, para MKB Vital. Tambi\u00e9n son <strong>absolutamente resistentes<\/strong> al acetato de etilo y a los compuestos de \u00e1cido ac\u00e9tico.    <\/p>\n<p>El tap\u00f3n est\u00e1 disponible opcionalmente en los colores: <strong>blanco, negro, <span style=\"color: #800000;\">rojo<\/span>, <span style=\"color: #000080;\">azul<\/span>, <span style=\"color: #008000;\">verde<\/span> o <span style=\"color: #ffcc00;\"> amarillo <\/span>.<\/strong><br \/>\nEl di\u00e1metro es de 41 mm y la altura de la botella: 111 mm (sin tap\u00f3n) y 125 mm con tap\u00f3n.<\/p>\n<p>Para estas botellas s\u00f3lo se han utilizado materias primas puras. Aqu\u00ed <strong>no<\/strong> se utilizan materiales reciclados (como es habitual en muchas botellas m\u00e1s baratas). Todos los materiales utilizados est\u00e1n incluso autorizados conforme al Reglamento Farmac\u00e9utico Europeo (ph. Eur.). Estas botellas para l\u00edquidos est\u00e1n totalmente certificadas (certificados de seguridad, certificados de materias primas con tolerancias, certificaci\u00f3n de seguridad infantil seg\u00fan la norma ISO 8317). Por tanto, cumplen los requisitos m\u00e1s exigentes y pueden homologarse como producto m\u00e9dico.    <\/p>\n<p>Otra ventaja del PP es, por supuesto, su bajo peso. Esto es especialmente importante a la hora de <strong>enviar<\/strong> y<strong> viajar <\/strong>. <\/p>\n<p><strong>Variantes:<\/strong> 10, 30, 50 y 100 ml<\/p>\n<p>Para el llenado de estas botellas recomiendo el <strong><a href=\"https:\/\/shop.nlq24.eu\/produkt\/glastrichter-30-mm\/\">glastfunnel 30 mm<\/a><\/strong> y para grandes cantidades el <strong><a href=\"https:\/\/shop.nlq24.eu\/es\/ producto\/embudo-de-vidrio-de-55-mm-de-vidrio-de-borosilicato-3-3\/\">embudo glasizante 55 mm.<\/a><\/strong><\/p>\n","protected":false},"excerpt":{"rendered":"<p>Esta botella de PP no s\u00f3lo es irrompible. Tambi\u00e9n est\u00e1 equipado con un cuentagotas muy preciso. Es incoloro, es decir, natural y, por tanto, semitransparente. Cada frasco lleva un tap\u00f3n de seguridad. Esto significa que el contenido es a prueba de ni\u00f1os. Puedes elegir este frasco en diferentes vol\u00famenes. Bajo el tap\u00f3n a prueba de [&#8230;]\n","protected":false},"featured_media":10993,"comment_status":"open","ping_status":"closed","template":"","meta":[],"product_brand":[],"product_cat":[1866,2330],"product_tag":[2795,2796,2797,2721,2769,2792,2793,2794],"class_list":{"0":"post-73185","1":"product","2":"type-product","3":"status-publish","4":"has-post-thumbnail","6":"product_cat-todos-los-productos-resumen","7":"product_cat-las-botellas-de-pp-son-irrompibles","8":"product_tag-botellas","9":"product_tag-resistente-a-los-productos-quimicos","10":"product_tag-botella-de-pp","11":"product_tag-botella","12":"product_tag-cuentagotas-es","13":"product_tag-cierre-de-seguridad-infantil","14":"product_tag-pp-es","15":"product_tag-a-prueba-de-roturas","16":"product_shipping_class-1-paquete-de-envio-con-seguimiento","17":"pa_milliliter-100-ml-es","18":"pa_milliliter-10-ml-es","19":"pa_milliliter-30-ml-es","20":"pa_milliliter-50-ml-es","22":"first","23":"instock","24":"taxable","25":"shipping-taxable","26":"purchasable","27":"product-type-variable"},"_links":{"self":[{"href":"https:\/\/shop.nlq24.eu\/es\/wp-json\/wp\/v2\/product\/73185","targetHints":{"allow":["GET"]}}],"collection":[{"href":"https:\/\/shop.nlq24.eu\/es\/wp-json\/wp\/v2\/product"}],"about":[{"href":"https:\/\/shop.nlq24.eu\/es\/wp-json\/wp\/v2\/types\/product"}],"replies":[{"embeddable":true,"href":"https:\/\/shop.nlq24.eu\/es\/wp-json\/wp\/v2\/comments?post=73185"}],"wp:featuredmedia":[{"embeddable":true,"href":"https:\/\/shop.nlq24.eu\/es\/wp-json\/wp\/v2\/media\/10993"}],"wp:attachment":[{"href":"https:\/\/shop.nlq24.eu\/es\/wp-json\/wp\/v2\/media?parent=73185"}],"wp:term":[{"taxonomy":"product_brand","embeddable":true,"href":"https:\/\/shop.nlq24.eu\/es\/wp-json\/wp\/v2\/product_brand?post=73185"},{"taxonomy":"product_cat","embeddable":true,"href":"https:\/\/shop.nlq24.eu\/es\/wp-json\/wp\/v2\/product_cat?post=73185"},{"taxonomy":"product_tag","embeddable":true,"href":"https:\/\/shop.nlq24.eu\/es\/wp-json\/wp\/v2\/product_tag?post=73185"}],"curies":[{"name":"wp","href":"https:\/\/api.w.org\/{rel}","templated":true}]}}