{"id":73214,"date":"2018-12-13T12:44:54","date_gmt":"2018-12-13T12:44:54","guid":{"rendered":"https:\/\/shop.nlq24.eu\/produkt\/colgante-de-taquion-energia-pura-colgante-de-energia\/"},"modified":"2026-04-08T09:51:18","modified_gmt":"2026-04-08T09:51:18","slug":"taquiones-anhaenger-pura-energia","status":"publish","type":"product","link":"https:\/\/shop.nlq24.eu\/es\/ producto\/taquiones-anhaenger-pura-energia\/","title":{"rendered":"Colgante de taqui\u00f3n &#8211; Colgante de energ\u00eda"},"content":{"rendered":"<div>\n<div><strong>Colgante de energ\u00eda taqui\u00f3nica \u00abEnerg\u00eda Pura\u00bb<br \/>\n<\/strong><\/div>\n<div>\n<p class=\"western\"><span lang=\"de-DE\">Este Colgante de Taqui\u00f3n &#8211; Colgante de Energ\u00eda tiene un poder de 6000-7000 nio seg\u00fan el fabricante. (iones negativos). Puedes ver la Prueba de Iones en el video de abajo. <\/span><\/p>\n<p class=\"western\"><span lang=\"de-DE\">Tu ventaja a\u00f1adida es la <\/span>tarjeta de autenticidad <span lang=\"de-DE\">adjunta <\/span>.<span lang=\"de-DE\">Mapa. Tambi\u00e9n tiene otro nio de 2000.  <\/span>Una pieza de joyer\u00eda con verdadero poder.<\/p>\n<\/div>\n<p><span lang=\"de-DE\">&#8211; Tama\u00f1o: 43 mm<\/span><\/p>\n<\/div>\n<p><strong>\u00a1Ya ha llegado el nuevo lote y vuelve a estar disponible! \u00a1Con m\u00e1s potencia que antes! <\/strong><\/p>\n<p>Nicola Tesla ya describi\u00f3 la energ\u00eda libre, que tambi\u00e9n se conoce como taquiones.<\/p>\n<h3><strong>La historia de la energ\u00eda taqui\u00f3nica:<\/strong><\/h3>\n<p class=\"Normal\">El descubrimiento de la energ\u00eda taqui\u00f3nica puede atribuirse a James Clark Maxwell. Era escoc\u00e9s y naci\u00f3 en el siglo XIX.  Maxwell era un genio de las matem\u00e1ticas. Su trabajo condujo al desarrollo de la f\u00edsica cu\u00e1ntica. Albert Einstein sigui\u00f3 trabajando sobre los descubrimientos de Maxwell y acab\u00f3 descubriendo la teor\u00eda de la relatividad.<\/p>\n<p class=\"Normal\">Sin embargo, tuvieron que pasar otros cincuenta a\u00f1os desde el descubrimiento de Maxwell para que se demostrara la existencia de la energ\u00eda taqui\u00f3nica. Nikola Tesla naci\u00f3 en Yugoslavia hacia 1856-1857. No se nacionaliz\u00f3 estadounidense hasta 1891. Finalmente demostr\u00f3 la existencia de esta forma de energ\u00eda. Bas\u00e1ndose en los trabajos de Maxwell, pronto empez\u00f3 a utilizar la energ\u00eda taqui\u00f3nica. Y lo hizo sin cables.      Tesla llam\u00f3 a esta <strong><span class=\"tm6\">energ\u00eda libre <\/span><\/strong>de energ\u00eda o <strong><span class=\"tm6\">ondas universales.<\/span><\/strong> Albert Einstein reconoci\u00f3 por primera vez la existencia de esta forma de energ\u00eda en la d\u00e9cada de 1920.<\/p>\n<p class=\"Normal\">Generalmente se considera a Nikola Tesla el padre de la energ\u00eda taqui\u00f3nica. Sus nombres para esta energ\u00eda eran: <strong><span class=\"tm6\">energ\u00eda de Taqui\u00f3n,<\/span><\/strong> <strong><span class=\"tm6\">energ\u00eda de punto cero<\/span><\/strong> o incluso energ\u00eda <strong><span class=\"tm6\">radiante.<\/span><\/strong> Es una energ\u00eda sutil y armonizadora. Es una energ\u00eda que tiene un efecto armonizador sobre la materia de la creaci\u00f3n. La ciencia ha demostrado recientemente su existencia y su efecto positivo. Tambi\u00e9n se est\u00e1 investigando su utilizaci\u00f3n con fines sanitarios.   <\/p>\n<p class=\"Normal\">Ahora existe un modo de transferir esta energ\u00eda regeneradora a los objetos. Estos objetos \u00abtaquionizados\u00bb emiten entonces esta energ\u00eda armonizadora. Son como antenas. Sin embargo, no se trata de radiaci\u00f3n en el sentido convencional. Seg\u00fan el tama\u00f1o del objeto taquionizado y la intensidad, tambi\u00e9n puede utilizarse para la recuperaci\u00f3n y el mantenimiento de la salud. As\u00ed lo describe el fabricante. Cuanto mayor sea el objeto, mayor ser\u00e1 el efecto. Esto tambi\u00e9n se aplica al nivel de potencia de los iones negativos.       <\/p>\n<h3><strong>\u00bfQu\u00e9 es un colgante de taqui\u00f3n?<\/strong><\/h3>\n<p class=\"Normal\">Sus minerales est\u00e1n estructuralmente conectados entre s\u00ed y vinculados a nivel molecular. El colgante emite la energ\u00eda taqui\u00f3nica. Esto es para ayudar a mejorar el campo bioenerg\u00e9tico del cuerpo. El colgante de taqui\u00f3n cu\u00e1ntico favorece el flujo positivo de energ\u00eda y ayuda a equilibrar o igualar la energ\u00eda. Al restaurar un balance energ\u00e9tico armonioso, fortalece el bienestar. Empuja el nivel de energ\u00eda a un nivel armonioso. El colgante de Taqui\u00f3n se basa en una tecnolog\u00eda japonesa. Est\u00e1 dise\u00f1ado para transformar inmediatamente la energ\u00eda Taqui\u00f3n en bioenerg\u00eda. La bioenerg\u00eda de nuestro cuerpo promueve entonces las actividades energ\u00e9ticas moleculares de las mol\u00e9culas de agua que hay en nosotros.  <\/p>\n<h3><strong>\u00bfDe qu\u00e9 est\u00e1 hecho el colgante Taqui\u00f3n?<\/strong><\/h3>\n<p class=\"Normal\">El colgante de Taqui\u00f3n est\u00e1 hecho de minerales naturales (lava volc\u00e1nica &#8211; cer\u00e1mica). Esto est\u00e1 fijo y estructuralmente unido a nivel molecular.<\/p>\n<h3><strong>\u00bfC\u00f3mo utilizar el colgante Taqui\u00f3n Cu\u00e1ntico?<\/strong><\/h3>\n<p class=\"Normal\">Puedes llevarlo en una cadena, en la correa de cuero suministrada o en el bolsillo. La energ\u00eda Taqui\u00f3nica del colgante penetra en tu cuerpo desde fuera hacia dentro. Llevarlo externamente tiene por objeto mejorar el campo bioenerg\u00e9tico del cuerpo.   Internamente, tiene un efecto energ\u00e9tico sobre la permeabilidad de las c\u00e9lulas. Esto mejora el bienestar.<\/p>\n<h3><strong>\u00bfC\u00f3mo se supone que funciona el colgante Taqui\u00f3n?<\/strong><\/h3>\n<p class=\"Normal\">En general, los colgantes se crearon para aumentar instant\u00e1neamente los niveles de energ\u00eda y potenciar as\u00ed la aptitud mental. Otros afirman que aumentan la resistencia y protegen de las radiaciones electromagn\u00e9ticas nocivas. Adem\u00e1s, la mejora del sentido del equilibrio. Tambi\u00e9n un aumento de la resistencia al estr\u00e9s.    Algunos usuarios dicen que incluso el dolor desaparecer\u00eda gradualmente. Si es necesario, el colgante Taqui\u00f3n puede frotarse directamente sobre la zona dolorida.<\/p>\n<h3><strong>\u00bfCon qu\u00e9 rapidez puedes sentir y experimentar los efectos?<\/strong><\/h3>\n<p class=\"Normal\">Algunas personas creen notar los cambios a las pocas horas, mientras que otras s\u00f3lo los notan al cabo de hasta un mes. Si no notas ning\u00fan cambio al cabo de un mes, puedes dejar de llevar el colgante durante una semana a modo de comparaci\u00f3n y entonces te dar\u00e1s cuenta de los cambios. <\/p>\n<p class=\"Normal\">Preguntas m\u00e1s frecuentes:<\/p>\n<p class=\"Normal\"><strong><span class=\"tm6\">\u00bfEl colgante es magn\u00e9tico?<\/span><\/strong>  No, no es magn\u00e9tico.<\/p>\n<p class=\"Normal\"><strong><span class=\"tm6\">\u00bfQu\u00e9 pruebas hay de que la energ\u00eda Taqui\u00f3n fluye?<\/span><\/strong> Hay tres pruebas notables para demostrar los efectos de la energ\u00eda Tachy\u00f3n en tu cuerpo.<br \/>\n1. La prueba kinesiol\u00f3gica (prueba de presi\u00f3n en el brazo)<br \/>\n2. Una prueba con equipo radi\u00f3nico<br \/>\n3. La fotograf\u00eda Kirlian. La fotograf\u00eda Kirlian. Muestra la energ\u00eda fortalecedora y armonizadora como radiaci\u00f3n en la imagen grabada. <\/p>\n<h3><strong>\u00bfHay \u00abefectos secundarios\u00bb del colgante Tachyon?<\/strong><\/h3>\n<p class=\"Normal\">No, porque por supuesto no es un medicamento. No es magn\u00e9tico, el\u00e9ctrico ni radiactivo. Sin embargo, algunos usuarios han hablado de una sensaci\u00f3n extra\u00f1a o rara durante los primeros d\u00edas. Esto podr\u00eda indicar la adaptaci\u00f3n del cuerpo a la energ\u00eda creciente y armonizadora. Si la sensaci\u00f3n no se vuelve m\u00e1s agradable, al principio s\u00f3lo debes llevar el colgante unas horas al d\u00eda. Con el tiempo, puedes aumentar gradualmente el tiempo de uso.     <\/p>\n<h3><strong>\u00bfC\u00f3mo se utiliza para energizar el agua?<\/strong><\/h3>\n<p class=\"Normal\">Para ello, coloca el colgante Taqui\u00f3n al lado o debajo de una taza, botella o garrafa de agua durante unos quince minutos. Esta agua energizada servir\u00e1 entonces excelentemente para el suministro de agua potable. Esto tambi\u00e9n se aplica al uso en animales y al riego de plantas. En principio, tambi\u00e9n se puede energizar cualquier otro l\u00edquido, como zumos, vino y cerveza. Muchos usuarios dicen que el vino y la cerveza tambi\u00e9n tienen un sabor m\u00e1s armonioso.  <\/p>\n<p><strong><span class=\"tm19\">Nota:<\/span><\/strong> <span class=\"tm18\">Lea el descargo de responsabilidad al final de este documento.<\/span><\/p>\n<h3 class=\"Normal\"><strong><span class=\"tm6\">\u00bfColgante falso?<br \/>\n<\/span><\/strong><\/h3>\n<p class=\"Normal\">No te dejes desanimar. Algunos proveedores afirman que los colgantes que yo tambi\u00e9n tengo en mi gama son supuestamente falsos. Todos los proveedores intentan diferenciarse y conseguir un punto de venta \u00fanico. Por supuesto, tambi\u00e9n intentan conseguir el precio m\u00e1s alto posible (hasta 200 euros).    Por esta raz\u00f3n, se inventan caracter\u00edsticas de calidad, que el fabricante adjunta a petici\u00f3n. Esto puede ser una contrase\u00f1a, por ejemplo. Se supone que prueba la \u00abautenticidad\u00bb. Entonces se afirma que otros productos de este tipo, falsificados. Y ello a pesar de que a menudo proceden incluso del mismo fabricante. Las \u00abfalsificaciones\u00bb ser\u00edan demasiado baratas y deber\u00edan costar mucho m\u00e1s, dicen. Algunas personas intentan ganar mucho m\u00e1s dinero con las mismas materias primas y el mismo procesamiento.<\/p>\n<p class=\"Normal\">Pero si miras de cerca los, ya viejos, videos en ingl\u00e9s y escuchas correctamente, encontrar\u00e1s que no afirman realmente que los \u00abotros\u00bb trailers no funcionan en absoluto. Tampoco se responde a las preguntas de los \u00abv\u00eddeos de YouTube\u00bb sobre la autenticidad y la eficacia o ineficacia de los otros seguidores en comparaci\u00f3n con los seguidores all\u00ed presentados.<\/p>\n<p class=\"Normal\">\u00bfAparentemente una falsificaci\u00f3n sobre una supuesta falsificaci\u00f3n? Por cierto, el fabricante que public\u00f3 el dudoso video ya no existe.<\/p>\n<h3><strong>Mis colgantes de energ\u00eda taqui\u00f3nica<\/strong><\/h3>\n<p class=\"Normal\">Los colgantes que ofrezco tienen un n\u00famero de identificaci\u00f3n, que se encuentra en la tarjeta a prueba de manipulaciones. Por cierto: Algunas de estas personas \u00abiluminadas\u00bb incluso compran al mismo fabricante del que proceden las supuestas \u00abfalsificaciones\u00bb. En otras palabras, son los mismos remolques en cuanto a sustancia b\u00e1sica y acabado. Simplemente los han convertido en una marca y les han hecho algunos cambios visuales, que el fabricante ha implementado para ellos. Esto justifica entonces el elevado precio. Hay precios mucho m\u00e1s elevados, pero eso no lo hace m\u00e1s \u00fatil o reputado, sino todo lo contrario. Se trata de un intento deliberado de crear incertidumbre para conseguir un precio m\u00e1s alto. Luego entra en juego la temible palabra radiactividad. Los remolques que ofrezco no presentan ninguna radiactividad inusual. De lo contrario, no se permitir\u00eda su transporte.       <\/p>\n<h3>\u00bfLos seguidores tienen realmente la energ\u00eda?<\/h3>\n<p>Aqu\u00ed puedes encontrar el video que muestra la prueba:<\/p>\n<div style=\"width: 960px;\" class=\"wp-video\"><video class=\"wp-video-shortcode\" id=\"video-73214-1\" width=\"960\" height=\"544\" loop autoplay preload=\"metadata\" controls=\"controls\"><source type=\"video\/mp4\" src=\"https:\/\/shop.nlq24.eu\/wp-content\/uploads\/2021\/01\/Test-Tachyon-Anhaenger.mp4?_=1\" \/><a href=\"https:\/\/shop.nlq24.eu\/wp-content\/uploads\/2021\/01\/Test-Tachyon-Anhaenger.mp4\">https:\/\/shop.nlq24.eu\/wp-content\/uploads\/2021\/01\/Test-Tachyon-Anhaenger.mp4<\/a><\/video><\/div>\n<p class=\"Normal\">Yo misma prob\u00e9 los colgantes con algunas amigas antes de a\u00f1adirlos a mi gama. Simplemente, prueba t\u00fa misma el colgante con la mente abierta. Si\u00e9ntelo y esc\u00fachate. Entonces obtendr\u00e1s la respuesta por ti mismo. Si el colgante no hace nada por ti, seguir\u00e1 siendo una joya preciosa.    <\/p>\n<p>&nbsp;<\/p>\n<h3 class=\"Normal\"><strong><u><span class=\"tm6\">Descargo de responsabilidad \/ Condiciones de uso de los productos Tachyon<\/span><\/u><\/strong><\/h3>\n<p class=\"Normal\"><strong><span class=\"tm6\">Contenido:<\/span><\/strong> Los textos de mi sitio web no pretenden estar cient\u00edficamente completos. Los productos Tachyon y su uso no sustituyen el apoyo o la terapia de un m\u00e9dico, profesional alternativo u otro terapeuta m\u00e9dico o psicol\u00f3gico. Estos productos no pretenden ser una alternativa a los remedios y m\u00e9todos tradicionales, sino una ayuda para mejorar el bienestar. Los m\u00e9todos de medici\u00f3n que pueden demostrar su efecto no est\u00e1n reconocidos seg\u00fan <u>las normas cient\u00edficas actuales<\/u>. Pero, \u00bfqu\u00e9 es la ciencia y puede aplicarse a todo? Intenta explicarlo todo. Pero s\u00f3lo cuando ya existe y funciona. Adem\u00e1s, siempre consiste en ensayo y error. M\u00e1s sobre esto a continuaci\u00f3n.       <\/p>\n<p class=\"Normal\">Las propiedades de estos productos se basan en la experiencia pr\u00e1ctica. No puedo aceptar ninguna responsabilidad ni garant\u00eda por las aplicaciones y experiencias descritas ni por las declaraciones del fabricante. No acepto ninguna responsabilidad por un uso indebido. No hago promesas de curaci\u00f3n. Se advierte a los usuarios y compradores de estos productos que son los \u00fanicos responsables de su propio uso. Si los usuarios experimentan alg\u00fan problema de salud que crean relacionado con los productos, les ruego que me lo comuniquen. Al mismo tiempo, me gustar\u00eda se\u00f1alar que, en caso de cualquier trastorno f\u00edsico o psicol\u00f3gico, siempre se debe consultar a un m\u00e9dico, terapeuta o experto psicol\u00f3gico adecuado para obtener ayuda.       Los productos de taqui\u00f3n no deben comerse ni ingerirse. Tampoco son juguetes para ni\u00f1os peque\u00f1os sin supervisi\u00f3n. S\u00f3lo bajo estas condiciones vendo estos productos y transmito la informaci\u00f3n que he recopilado sobre ellos. Hay muchos usuarios satisfechos en todo el mundo.  <\/p>\n<h3><strong>Sobre las normas cient\u00edficas:<\/strong><\/h3>\n<p class=\"Normal\">Los f\u00edsicos prometen repetidamente desarrollar una teor\u00eda completa que explique el mundo entero. Sin embargo, cualquiera que haya hecho de esta disciplina su profesi\u00f3n debe saber que, incluso en las teor\u00edas que durante mucho tiempo se han cre\u00eddo completas, a veces hay enormes incoherencias. <\/p>\n<p class=\"Normal\">La f\u00edsica es una de las ciencias naturales m\u00e1s fundamentales. Al menos as\u00ed la ven los f\u00edsicos. Naturalmente, esta visi\u00f3n y perspectiva tambi\u00e9n caracteriza la forma en que se ense\u00f1a la f\u00edsica. La gente cree que la ciencia lo abarca todo, est\u00e1 libre de contradicciones internas y siempre acierta con un concepto concluyente.   <\/p>\n<p class=\"Normal\">Cuanto m\u00e1s se desarrolle un f\u00edsico, m\u00e1s notar\u00e1 algunas contradicciones.<\/p>\n<p class=\"Normal\">Reflexionando, todo el mundo se da cuenta de que muchas cuestiones realmente fundamentales siguen sin respuesta. Por ejemplo, la masa de inercia. \u00bfCu\u00e1l es el mecanismo f\u00edsico que se esconde tras ella?  <\/p>\n<p class=\"Normal\">\u00bfCu\u00e1ntas dimensiones tiene una habitaci\u00f3n? \u00bfRealmente s\u00f3lo tres? Hay grandes lagunas mucho antes de estas preguntas.   Sin embargo, la \u00abciencia\u00bb presenta sus temas como completamente entendidos y explicados. Creemos que podemos explicar muchas cosas. Pero normalmente sigue siendo una creencia. Pero la fe no es realmente ciencia. Es su precursora. La gente simplemente afirma que existe una soluci\u00f3n exacta para cada problema. Desgraciadamente, no es as\u00ed en la realidad. S\u00f3lo dos influencias diferentes hacen imposible un c\u00e1lculo exacto. En la mayor\u00eda de los casos, sin embargo, confluyen mucho m\u00e1s de dos.       <\/p>\n<p class=\"Normal\">Lo que intento decir es que la ciencia es un intento de explicar lo que existe y lo que experimentamos. Pero nada m\u00e1s. No en vano Einstein fue tan honesto y llam\u00f3 teor\u00eda a su teor\u00eda de <strong>la relatividad<\/strong>.  <\/p>\n<p class=\"Normal\">El mundo de las part\u00edculas subat\u00f3micas y la f\u00edsica cu\u00e1ntica est\u00e1 lleno de misterios. En \u00faltima instancia, la cuesti\u00f3n es si debemos esperar a la explicaci\u00f3n, es decir, a la ciencia, antes de utilizar las cosas y las posibilidades. <\/p>\n","protected":false},"excerpt":{"rendered":"<p>Colgante Taqui\u00f3n \u00abPura Energ\u00eda\u00bb 43 mm<\/p>\n","protected":false},"featured_media":74235,"comment_status":"open","ping_status":"closed","template":"","meta":[],"product_brand":[],"product_cat":[1866,2347],"product_tag":[2799,2800,2801,2806,2807,2384,2395],"class_list":{"0":"post-73214","1":"product","2":"type-product","3":"status-publish","4":"has-post-thumbnail","6":"product_cat-todos-los-productos-resumen","7":"product_cat-tachyon-produkte-es","8":"product_tag-iones-negativos","9":"product_tag-colgante-de-taquion","10":"product_tag-energia","11":"product_tag-escalar","12":"product_tag-taquiones","13":"product_tag-anhaenger-es","14":"product_tag-bioenergie-es","15":"product_shipping_class-1-paquete-de-envio-con-seguimiento","16":"pa_stueck-1-es","17":"pa_stueck-6er-set-es","19":"first","20":"instock","21":"taxable","22":"shipping-taxable","23":"purchasable","24":"product-type-simple"},"_links":{"self":[{"href":"https:\/\/shop.nlq24.eu\/es\/wp-json\/wp\/v2\/product\/73214","targetHints":{"allow":["GET"]}}],"collection":[{"href":"https:\/\/shop.nlq24.eu\/es\/wp-json\/wp\/v2\/product"}],"about":[{"href":"https:\/\/shop.nlq24.eu\/es\/wp-json\/wp\/v2\/types\/product"}],"replies":[{"embeddable":true,"href":"https:\/\/shop.nlq24.eu\/es\/wp-json\/wp\/v2\/comments?post=73214"}],"wp:featuredmedia":[{"embeddable":true,"href":"https:\/\/shop.nlq24.eu\/es\/wp-json\/wp\/v2\/media\/74235"}],"wp:attachment":[{"href":"https:\/\/shop.nlq24.eu\/es\/wp-json\/wp\/v2\/media?parent=73214"}],"wp:term":[{"taxonomy":"product_brand","embeddable":true,"href":"https:\/\/shop.nlq24.eu\/es\/wp-json\/wp\/v2\/product_brand?post=73214"},{"taxonomy":"product_cat","embeddable":true,"href":"https:\/\/shop.nlq24.eu\/es\/wp-json\/wp\/v2\/product_cat?post=73214"},{"taxonomy":"product_tag","embeddable":true,"href":"https:\/\/shop.nlq24.eu\/es\/wp-json\/wp\/v2\/product_tag?post=73214"}],"curies":[{"name":"wp","href":"https:\/\/api.w.org\/{rel}","templated":true}]}}