{"id":73215,"date":"2018-12-12T17:42:27","date_gmt":"2018-12-12T17:42:27","guid":{"rendered":"https:\/\/shop.nlq24.eu\/produkt\/sal-del-himalaya-natural-pura-por-natao\/"},"modified":"2025-10-10T10:05:59","modified_gmt":"2025-10-10T10:05:59","slug":"himalaya-sal-natural-puro-1-o-2-kg","status":"publish","type":"product","link":"https:\/\/shop.nlq24.eu\/es\/ producto\/himalaya-sal-natural-puro-1-o-2-kg\/","title":{"rendered":"Sal del Himalaya Natural Natao"},"content":{"rendered":"<p class=\"Normal\"><strong><u><span class=\"tm5\">La sal del Himalaya de Natao es una sal primaria.<\/span><\/u><\/strong><\/p>\n<p class=\"Normal\">Esta sal de fama mundial es de calidad natural. Est\u00e1 libre de aditivos y ayudas para rociadores. Tambi\u00e9n es ideal para la prevenci\u00f3n de crisis&#8230;.<br \/>\nLa edad estimada de esta sal es de m\u00e1s de 200 millones de a\u00f1os. Un patrimonio natural del mar antiguo. Un ej\u00e9rcito de Alejandro Magno una vez descubri\u00f3 los dep\u00f3sitos. Por lo tanto, tambi\u00e9n se llama \u00abSal de Alejandro\u00bb.<\/p>\n<p class=\"Normal\">Esta sal natural est\u00e1 bien protegida de las influencias ambientales y la contaminaci\u00f3n en el mundo moderno. Est\u00e1 escondido bajo las rocas. La sal se encuentra a una profundidad de hasta 600 metros. En el momento de su creaci\u00f3n, hoy en d\u00eda no hab\u00eda contaminaci\u00f3n. Adem\u00e1s, la sal del Himalaya se extrae sin productos qu\u00edmicos. Por lo tanto, se considera particularmente puro. La sal consiste en grandes cristales de sal uniformes en comparaci\u00f3n con los cristales de sal relativamente peque\u00f1os de la sal marina. Cuando se forma roca salada, los minerales del mar antiguo en ese momento deciden sobre sus componentes. Desde el descubrimiento de esta sal, se ha extra\u00eddo suavemente a mano. La zona minera m\u00e1s grande se encuentra a unos 250 km de las monta\u00f1as del Himalaya en Pakist\u00e1n. Sin embargo, desde un punto de vista geogr\u00e1fico, pertenece a la zona del Himalaya. Los cr\u00edticos dicen que el nombre ser\u00eda enga\u00f1oso porque la sal del Himalaya ser\u00eda extra\u00edda en una cresta diferente.<\/p>\n<h3>En comparaci\u00f3n con el cloruro de sodio \u00absal\u00bb<\/h3>\n<p class=\"Normal\">Aunque la sal se encuentra en el Himalaya, hasta el 98% del cloruro de sodio habitual, los m\u00e9todos de degradaci\u00f3n garantizan una pureza particularmente alta y la libertad de toxinas ambientales. Esta es la principal diferencia con la sal marina. Por lo tanto, la sal del Himalaya est\u00e1 libre de partes de micropl\u00e1sticos, petr\u00f3leo u otros oligoelementos indeseables. Sin embargo, el 2% de los oligoelementos en la sal del Himalaya definitivamente tienen un efecto de promoci\u00f3n de la salud. El \u00f3xido de hierro, que es reconocido por la hermosa coloraci\u00f3n roja de esta sal, se dice que tiene un efecto positivo en el hogar de la hemoglobina. Como aditivo para el ba\u00f1o, nutre la piel, como el agua del mar primario. Se dice que es uno de los misterios naturales de la belleza.<\/p>\n<p class=\"Normal\">Adem\u00e1s del contenido de hierro, se han detectado calcio, magnesio, manganeso, potasio, cobalto, fl\u00faor y cobre en los an\u00e1lisis qu\u00edmicos. D\u00e9mosle a nuestros peces s\u00f3lo lo mejor, porque es maravillosamente adecuado para acuarios de agua salada.<\/p>\n<p class=\"Normal\">\n","protected":false},"excerpt":{"rendered":"<p>Sal del Himalaya, sal primordial<\/p>\n","protected":false},"featured_media":88636,"comment_status":"open","ping_status":"closed","template":"","meta":[],"product_brand":[],"product_cat":[1866,2881,1896,3827],"product_tag":[2809,2810,2811,2813,2667],"class_list":{"0":"post-73215","1":"product","2":"type-product","3":"status-publish","4":"has-post-thumbnail","6":"product_cat-todos-los-productos-resumen","7":"product_cat-weihnachtstipps-es","8":"product_cat-minerales","9":"product_cat-sales-naturales","10":"product_tag-sal-del-himalaya","11":"product_tag-sal-natural","12":"product_tag-sal-antigua","13":"product_tag-himalaya-es-2","14":"product_tag-sal","15":"product_shipping_class-1-paquete-de-envio-con-seguimiento","17":"first","18":"instock","19":"taxable","20":"shipping-taxable","21":"purchasable","22":"product-type-simple"},"_links":{"self":[{"href":"https:\/\/shop.nlq24.eu\/es\/wp-json\/wp\/v2\/product\/73215","targetHints":{"allow":["GET"]}}],"collection":[{"href":"https:\/\/shop.nlq24.eu\/es\/wp-json\/wp\/v2\/product"}],"about":[{"href":"https:\/\/shop.nlq24.eu\/es\/wp-json\/wp\/v2\/types\/product"}],"replies":[{"embeddable":true,"href":"https:\/\/shop.nlq24.eu\/es\/wp-json\/wp\/v2\/comments?post=73215"}],"wp:featuredmedia":[{"embeddable":true,"href":"https:\/\/shop.nlq24.eu\/es\/wp-json\/wp\/v2\/media\/88636"}],"wp:attachment":[{"href":"https:\/\/shop.nlq24.eu\/es\/wp-json\/wp\/v2\/media?parent=73215"}],"wp:term":[{"taxonomy":"product_brand","embeddable":true,"href":"https:\/\/shop.nlq24.eu\/es\/wp-json\/wp\/v2\/product_brand?post=73215"},{"taxonomy":"product_cat","embeddable":true,"href":"https:\/\/shop.nlq24.eu\/es\/wp-json\/wp\/v2\/product_cat?post=73215"},{"taxonomy":"product_tag","embeddable":true,"href":"https:\/\/shop.nlq24.eu\/es\/wp-json\/wp\/v2\/product_tag?post=73215"}],"curies":[{"name":"wp","href":"https:\/\/api.w.org\/{rel}","templated":true}]}}