{"id":73219,"date":"2018-11-22T19:33:27","date_gmt":"2018-11-22T19:33:27","guid":{"rendered":"https:\/\/shop.nlq24.eu\/produkt\/taquiones-anti-radiacion-pegatinas\/"},"modified":"2025-06-12T10:12:13","modified_gmt":"2025-06-12T10:12:13","slug":"taquiones-anti-radiacion-pegatina","status":"publish","type":"product","link":"https:\/\/shop.nlq24.eu\/es\/ producto\/taquiones-anti-radiacion-pegatina\/","title":{"rendered":"Tachyon \u00abAnti-Radiation Stickers\u00bb"},"content":{"rendered":"<p class=\"Normal\"><strong><span class=\"tm5\">Tachyon \u00abAnti-Radiation Stickers\u00bb<br \/>\n<\/span><\/strong><\/p>\n<p class=\"Normal\">Seg\u00fan el fabricante, estas pegatinas tienen una potencia de 800-1000 iones negativos.<\/p>\n<p class=\"Normal\">As\u00ed que una joya con poder real. El di\u00e1metro es de 25 mm<\/p>\n<p class=\"Normal\">Por favor, lea el descargo de responsabilidad al final de este documento.<\/p>\n<p class=\"Normal\"><strong><span class=\"tm5\">\u00bfQu\u00e9 dice el fabricante y qu\u00e9 dicen los usuarios?<\/span><\/strong><\/p>\n<p>&nbsp;<\/p>\n<h3 class=\"Normal\"><strong><span class=\"tm5\">\u00bfPeligro por la radiaci\u00f3n del tel\u00e9fono m\u00f3vil y 5G?<\/span><\/strong><\/h3>\n<p class=\"Normal\">Los tel\u00e9fonos m\u00f3viles funcionar\u00edan con radiaci\u00f3n da\u00f1ina que sea peligrosa para nuestra salud. Esto habr\u00eda sido demostrado por muchos estudios en todo el mundo. Las personas sensibles han identificado durante mucho tiempo los tel\u00e9fonos m\u00f3viles y otros electrosmog como un factor disruptivo. Aprecian el efecto positivo de las pegatinas anti-radiaci\u00f3n Tachyon.<\/p>\n<p class=\"Normal\">Absorbe y transmite ondas de radiaci\u00f3n de campos electromagn\u00e9ticos (EMF). Esto es posible mediante el uso de materiales especiales. Esto est\u00e1 destinado a <strong>reducir<\/strong>los <strong>efectos negativos<\/strong> de taquiones \u00abanti-radiaci\u00f3n\u00bb en el cerebro humano hasta en un 99 por ciento. El Dr. David Carpenter dijo que el 30% de todos los c\u00e1nceres en ni\u00f1os podr\u00edan estar relacionados con la exposici\u00f3n a ELF. Es decano de la Escuela de Salud P\u00fablica. Esta es la Escuela de Salud P\u00fablica de la Universidad Estatal de Nueva York. Los m\u00e9dicos del Reino Unido tambi\u00e9n han emitido advertencias. En estos, usted insiste en que los ni\u00f1os menores de 16 a\u00f1os no deben usar tel\u00e9fonos m\u00f3viles. \u00bfPodemos aceptar que nuestros seres queridos est\u00e1n expuestos a estos factores de estr\u00e9s externos y a la radiaci\u00f3n emF da\u00f1ina todos los d\u00edas? Aunque generalmente se acepta que la radiaci\u00f3n de campo electromagn\u00e9tico emana de los tel\u00e9fonos m\u00f3viles, tendemos a ignorar esto. Esto es a pesar del hecho de que estos pueden afectar nuestra salud. Muchas personas se han vuelto demasiado dependientes de sus tel\u00e9fonos m\u00f3viles.<\/p>\n<p class=\"Normal\">Investigaciones prolongadas han demostrado que el contacto repetido con radiaci\u00f3n agresiva de EMF y EPR puede causar una reacci\u00f3n y estr\u00e9s medibles. Esto conduce a cambios negativos en el cuerpo y en el sistema energ\u00e9tico. Esto se refiere al campo bioenerg\u00e9tico. Tambi\u00e9n se espera que la radiaci\u00f3n EMF y EPR promueva una serie de reacciones negativas bioqu\u00edmicas preocupantes. Problemas de salud, como fatiga y presi\u00f3n arterial alta, as\u00ed como potencialmente efectos mucho m\u00e1s peligrosos, podr\u00edan estar asociados con esto.<\/p>\n<p class=\"Normal\">Las im\u00e1genes t\u00e9rmicas ilustran el efecto en el cuerpo.<\/p>\n<div>\n<h3 class=\"Normal\"><strong><span class=\"tm6\">Consejos para usuarios preocupados de tel\u00e9fonos m\u00f3viles<\/span><\/strong><\/h3>\n<p class=\"Normal\">Sin la pegatina Tachyon, una carga se puede reducir poco. Si no sostienes el tel\u00e9fono en la oreja cuando te conectas, al menos eres un poco menos capaz de reducir el efecto en el cerebro. Un auricular con cable, apenas trae nada. Esto se debe a que actuar\u00eda como una antena que amplifica la radiaci\u00f3n.<\/p>\n<p class=\"Normal\">Esta peque\u00f1a pegatina dorada se puede pegar a otros dispositivos, excepto en el tel\u00e9fono m\u00f3vil. Seg\u00fan el fabricante, absorbe y transmite campos electromagn\u00e9ticos (EMF) de ondas de radiaci\u00f3n mediante el uso de materiales especiales, reduciendo as\u00ed el da\u00f1o al cerebro humano hasta en un 99% que podr\u00eda estar relacionado con la radiaci\u00f3n del tel\u00e9fono m\u00f3vil.<\/p>\n<h3 class=\"Normal\"><strong><span class=\"tm6\">\u00bfC\u00f3mo podemos reducir la radiaci\u00f3n del tel\u00e9fono m\u00f3vil usando las \u00abpegatinas anti-radiaci\u00f3n\u00bb de Tachyon?<\/span><\/strong><\/h3>\n<p class=\"Normal\">La tecnolog\u00eda Tachyon es l\u00edder en \u00abmedicina energ\u00e9tica\u00bb. La introducci\u00f3n de esta tecnolog\u00eda cu\u00e1ntica es una verdadera innovaci\u00f3n nueva. Por lo tanto, le ofrece una tecnolog\u00eda revolucionaria y moderna para contrarrestar el estr\u00e9s. Y ah\u00ed es donde vives, trabajas o incluso juegas. La pegatina Tachyon es universalmente aplicable. <strong>Au<span class=\"tm6\">f todo el equipo electr\u00f3nico y t\u00e9cnico.<\/span><\/strong> No importa si est\u00e1n cableados o inal\u00e1mbricos. Puede aplicar a todos los diferentes niveles de campos electromagn\u00e9ticos (EMF) o radiaci\u00f3n electromagn\u00e9tica (EMR).<\/p>\n<p class=\"Normal\">Esto incluye electrodom\u00e9sticos, tel\u00e9fonos m\u00f3viles, todas las fuentes de alimentaci\u00f3n de dispositivos como televisores, cafeteras, impresoras, tel\u00e9fonos dom\u00e9sticos, etc. Simplemente pegue la pegatina en la fuente de alimentaci\u00f3n o en el compartimiento de la bater\u00eda. Esta pegatina es inofensiva para el cuerpo humano. No interfiere con la recepci\u00f3n m\u00f3vil de los tel\u00e9fonos.<\/p>\n<p class=\"Normal\"><strong><u><span class=\"tm6\">Descargo de responsabilidad \/ T\u00e9rminos de uso para los productos de Tachyon<\/span><\/u><\/strong><\/p>\n<p class=\"Normal\"><strong><span class=\"tm6\">Contenido:<\/span><\/strong> Los textos de mi sitio web no pretenden estar cient\u00edficamente completos. Los productos de Taqui\u00f3n y su uso no reemplazan de ninguna manera el apoyo o la terapia de un m\u00e9dico, natur\u00f3pata u otro terapeuta m\u00e9dico o psicol\u00f3gico o experto. Los productos no se utilizan como una alternativa a los remedios y m\u00e9todos cl\u00e1sicos. Los m\u00e9todos de medici\u00f3n que pueden probar el efecto no se reconocen de acuerdo con <u><a href=\"http:\/\/www.spektrum.de\/alias\/wissenschaftstheorie\/die-physik-ein-baufaelliger-turm-von-babel\/1139123\">las normas cient\u00edficas actuales.<\/a><\/u> Las caracter\u00edsticas mencionadas de nuestros productos se basan en la experiencia pr\u00e1ctica. No puedo aceptar ninguna responsabilidad por las solicitudes y experiencias presentadas. Ni para las explicaciones del fabricante, que he reproducido aqu\u00ed. No acepto ninguna responsabilidad o garant\u00eda por los efectos descritos. Tampoco acepto ninguna responsabilidad por posibles aplicaciones err\u00f3neas. Adem\u00e1s, no hago promesas de salvaci\u00f3n. El usuario y el cliente de estos productos son informados de que la aplicaci\u00f3n sigue siendo su propia responsabilidad. Si experimenta alg\u00fan problema de salud relacionado con el producto, por favor reciba sus comentarios. Al mismo tiempo, me gustar\u00eda llamar la atenci\u00f3n sobre el hecho de que cualquier trastorno de la condici\u00f3n f\u00edsica o mental debe en cualquier caso implicar el uso de un m\u00e9dico, terapeuta o natur\u00f3pata. Los productos de Taquiones no deben comerse ni tragarse. Tampoco son juguetes para ni\u00f1os peque\u00f1os desatendidos. S\u00f3lo en estas condiciones vendo estos productos. Tambi\u00e9n transmito la informaci\u00f3n recopilada de los usuarios s\u00f3lo en estas condiciones. Hay muchos usuarios satisfechos en todo el mundo.<\/p>\n<p class=\"Normal\"><strong><span class=\"tm6\">Enlaces:<\/span><\/strong> A pesar de un control cuidadoso del contenido, no acepto ninguna responsabilidad por el contenido de los enlaces externos. Los operadores de las p\u00e1ginas enlazadas son los \u00fanicos responsables de su contenido.<\/p>\n<\/div>\n<p>&nbsp;<\/p>\n<p>&nbsp;<\/p>\n<p>&nbsp;<\/p>\n","protected":false},"excerpt":{"rendered":"<p>Tachyon \u00abAnti-Radiation Stickers\u00bb<\/p>\n","protected":false},"featured_media":11993,"comment_status":"open","ping_status":"closed","template":"","meta":[],"product_brand":[],"product_cat":[1866,2347],"product_tag":[2816,2817,2819,2386,2799,2807],"class_list":{"0":"post-73219","1":"product","2":"type-product","3":"status-publish","4":"has-post-thumbnail","6":"product_cat-todos-los-productos-resumen","7":"product_cat-tachyon-produkte-es","8":"product_tag-proteccion-contra-la-radiacion","9":"product_tag-sticker-es","10":"product_tag-enery-escalar","11":"product_tag-anti-strahlungs-sticker-es","12":"product_tag-iones-negativos","13":"product_tag-taquiones","14":"product_shipping_class-1-paquete-de-envio-con-seguimiento","15":"pa_stueck-2-es","16":"pa_stueck-3-es","17":"pa_stueck-1-es","18":"pa_stueck-6er-set-es","20":"first","21":"instock","22":"taxable","23":"shipping-taxable","24":"purchasable","25":"product-type-variable"},"_links":{"self":[{"href":"https:\/\/shop.nlq24.eu\/es\/wp-json\/wp\/v2\/product\/73219","targetHints":{"allow":["GET"]}}],"collection":[{"href":"https:\/\/shop.nlq24.eu\/es\/wp-json\/wp\/v2\/product"}],"about":[{"href":"https:\/\/shop.nlq24.eu\/es\/wp-json\/wp\/v2\/types\/product"}],"replies":[{"embeddable":true,"href":"https:\/\/shop.nlq24.eu\/es\/wp-json\/wp\/v2\/comments?post=73219"}],"wp:featuredmedia":[{"embeddable":true,"href":"https:\/\/shop.nlq24.eu\/es\/wp-json\/wp\/v2\/media\/11993"}],"wp:attachment":[{"href":"https:\/\/shop.nlq24.eu\/es\/wp-json\/wp\/v2\/media?parent=73219"}],"wp:term":[{"taxonomy":"product_brand","embeddable":true,"href":"https:\/\/shop.nlq24.eu\/es\/wp-json\/wp\/v2\/product_brand?post=73219"},{"taxonomy":"product_cat","embeddable":true,"href":"https:\/\/shop.nlq24.eu\/es\/wp-json\/wp\/v2\/product_cat?post=73219"},{"taxonomy":"product_tag","embeddable":true,"href":"https:\/\/shop.nlq24.eu\/es\/wp-json\/wp\/v2\/product_tag?post=73219"}],"curies":[{"name":"wp","href":"https:\/\/api.w.org\/{rel}","templated":true}]}}