{"id":73223,"date":"2018-11-21T11:06:46","date_gmt":"2018-11-21T11:06:46","guid":{"rendered":"https:\/\/shop.nlq24.eu\/produkt\/soda-polvo-fino-de-natao\/"},"modified":"2025-11-18T10:48:35","modified_gmt":"2025-11-18T10:48:35","slug":"soda-sodio-bicarbonato-finest-powder-various-variants-for-selection","status":"publish","type":"product","link":"https:\/\/shop.nlq24.eu\/es\/ producto\/soda-sodio-bicarbonato-finest-powder-various-variants-for-selection\/","title":{"rendered":"Bicarbonato de sodio &#8211; polvo fino"},"content":{"rendered":"\t<div class=\"img has-hover x md-x lg-x y md-y lg-y\" id=\"image_292658086\">\n\t\t\t\t\t\t<div data-animate=\"fadeInLeft\">\t\t<div class=\"img-inner image-blur box-shadow-1 dark\" >\n\t\t\t<img loading=\"lazy\" decoding=\"async\" width=\"533\" height=\"533\" src=\"https:\/\/shop.nlq24.eu\/wp-content\/uploads\/2018\/11\/Natao-Logo-Vektor2.png\" class=\"attachment-large size-large\" alt=\"\" srcset=\"https:\/\/shop.nlq24.eu\/wp-content\/uploads\/2018\/11\/Natao-Logo-Vektor2.png 533w, https:\/\/shop.nlq24.eu\/wp-content\/uploads\/2018\/11\/Natao-Logo-Vektor2-247x247.png 247w, https:\/\/shop.nlq24.eu\/wp-content\/uploads\/2018\/11\/Natao-Logo-Vektor2-100x100.png 100w, https:\/\/shop.nlq24.eu\/wp-content\/uploads\/2018\/11\/Natao-Logo-Vektor2-466x466.png 466w, https:\/\/shop.nlq24.eu\/wp-content\/uploads\/2018\/11\/Natao-Logo-Vektor2-280x280.png 280w, https:\/\/shop.nlq24.eu\/wp-content\/uploads\/2018\/11\/Natao-Logo-Vektor2-400x400.png 400w, https:\/\/shop.nlq24.eu\/wp-content\/uploads\/2018\/11\/Natao-Logo-Vektor2-510x510.png 510w\" sizes=\"auto, (max-width: 533px) 100vw, 533px\" \/>\t\t\t\t\t\t\n\t\t\t\t\t<\/div>\n\t\t<\/div>\t\t\t\t\t\t\n<style>\n#image_292658086 {\n  width: 15%;\n}\n<\/style>\n\t<\/div>\n\t\n<p>Soda &#8211; Polvo fino <b>de bicarbonato<\/b> de sodio<\/p>\n<p>Este polvo de bicarbonato s\u00f3dico est\u00e1 hecho de<span class=\"svelte-1fz0gqk\"> <\/span><span class=\"svelte-1fz0gqk\"> materias primas naturales como la caliza y la sal<\/span> proceden de dos principales zonas mineras: el campo de sal de Lenoncourt, situado en Art-sur-Meurthe, Cerville y Lenoncourt, y la miner\u00eda de piedra caliza en la mina de Pagny-sur-Meuse en Francia.<strong class=\"svelte-1fz0gqk\"><span class=\"svelte-1fz0gqk\"><\/span> Este acceso directo a materias primas permite que la f\u00e1brica de La Madeleine, en el coraz\u00f3n de Lorena, produzca de forma continua y de alta calidad. <span class=\"qa-highlight svelte-x57wqa\"><span class=\"svelte-x57wqa\"> Tiene calidad de comida.<\/span><\/span><\/strong>  <\/p>\n<p><strong>Por lo tanto, no es un<\/strong> producto de desecho <strong>de la industria<\/strong> qu\u00edmica y, por tanto, tiene un estatus completamente diferente al de \u00abbicarbonato de sodio residual\u00bb. As\u00ed es como lo llamo. <\/p>\n<p>El bicarbonato de sodio, tambi\u00e9n conocido como \u00abSoda para hornear\u00bb, neutraliza los \u00e1cidos. A diferencia de la soda granulada y gruesa, esta soda es m\u00e1s fina y, por lo tanto, se puede utilizar m\u00e1s f\u00e1cilmente para ciertos usos.<\/p>\n<p>La soda une y neutraliza los \u00e1cidos (por ejemplo, en el agua del estanque). Esto hace que el agua dura sea m\u00e1s suave. Elimina olores desagradables en el refrigerador. Une los olores de pescado y cebolla en las manos y los platos. Agrega una pizca al agua para lavar platos. Tambi\u00e9n proporciona agua clara en la piscina. Aqu\u00ed se utiliza 1 kg por cada 10 metros c\u00fabicos de agua. Por lo tanto, mantiene el valor de pH en el rango \u00f3ptimo. Como resultado, ya no hay ardor en los ojos al nadar. El refresco se puede utilizar a\u00fan m\u00e1s ampliamente.<\/p>\n<p>Este refresco est\u00e1 libre de aluminio y otros productos qu\u00edmicos. Es f\u00e1cil de resolver.<\/p>\n<p>Los cierres tambi\u00e9n son adecuados para volver a sellar.<\/p>\n<p><strong>La soda no <a href=\"https:\/\/shop.nlq24.eu\/es\/Produkt\/gaseosa-sodio-carbonato-polvo-puro-polvo-varias-variantes\/\" target=\"_blank\" rel=\"noopener noreferrer\">Soda<\/a> debe confundirse con<br \/>\n soda (carbonato de sodio).<\/strong> La soda es 4 veces m\u00e1s fuerte que el refresco y, por lo tanto, conduce a la zona b\u00e1sica.<strong><br \/>\n<\/strong><\/p>\n<p><strong>Notas:<\/strong> El polvo de soda irrita los ojos despu\u00e9s del tacto. Cuando est\u00e9 en contacto con los ojos, enjuague inmediatamente con agua clara. Conservar protegido del calor y la humedad.<\/p>\n<p><strong>Diferentes cantidades a elegir:<\/strong><br \/>\n50 g en bolsa stand-up (para llevar)<br \/>\n200 g en lata<br \/>\nde HDPE 200 g en bolsa<br \/>\nde PE 250 g bolsa de PE<br \/>\n500 g bolsa<br \/>\nde PE 700 g en lata de HDPE (polvo fino y f\u00e1cilmente soluble, cierre tambi\u00e9n apto para volver a sellar.)<br \/>\n1500 g en lata de HDPE o bolsa de PE<\/p>\n","protected":false},"excerpt":{"rendered":"<p>Soda (bicarbonato de sodio), el polvo m\u00e1s fino, en varias cantidades<\/p>\n","protected":false},"featured_media":11143,"comment_status":"open","ping_status":"closed","template":"","meta":[],"product_brand":[],"product_cat":[1866,1896,2342],"product_tag":[2822,2824,2826,2391,2821],"class_list":{"0":"post-73223","1":"product","2":"type-product","3":"status-publish","4":"has-post-thumbnail","6":"product_cat-todos-los-productos-resumen","7":"product_cat-minerales","8":"product_cat-natron-es","9":"product_tag-bicarbonato-de-sodio","10":"product_tag-bicarbonato-de-sodio-es","11":"product_tag-soda-del-emperador","12":"product_tag-bakingsoda-es","13":"product_tag-soda-es-2","14":"product_shipping_class-1-paquete-de-envio-con-seguimiento","15":"pa_dose-oder-beutel-pe-beutel-es","16":"pa_dose-oder-beutel-in-dose-es","17":"pa_gramm-150-g-es","18":"pa_gramm-200-es","19":"pa_gramm-100-es","20":"pa_gramm-50-g-es","21":"pa_gramm-250-es","22":"pa_gramm-500-es","23":"pa_gramm-700-es","24":"pa_gramm-1500-es","26":"first","27":"instock","28":"taxable","29":"shipping-taxable","30":"purchasable","31":"product-type-variable"},"_links":{"self":[{"href":"https:\/\/shop.nlq24.eu\/es\/wp-json\/wp\/v2\/product\/73223","targetHints":{"allow":["GET"]}}],"collection":[{"href":"https:\/\/shop.nlq24.eu\/es\/wp-json\/wp\/v2\/product"}],"about":[{"href":"https:\/\/shop.nlq24.eu\/es\/wp-json\/wp\/v2\/types\/product"}],"replies":[{"embeddable":true,"href":"https:\/\/shop.nlq24.eu\/es\/wp-json\/wp\/v2\/comments?post=73223"}],"wp:featuredmedia":[{"embeddable":true,"href":"https:\/\/shop.nlq24.eu\/es\/wp-json\/wp\/v2\/media\/11143"}],"wp:attachment":[{"href":"https:\/\/shop.nlq24.eu\/es\/wp-json\/wp\/v2\/media?parent=73223"}],"wp:term":[{"taxonomy":"product_brand","embeddable":true,"href":"https:\/\/shop.nlq24.eu\/es\/wp-json\/wp\/v2\/product_brand?post=73223"},{"taxonomy":"product_cat","embeddable":true,"href":"https:\/\/shop.nlq24.eu\/es\/wp-json\/wp\/v2\/product_cat?post=73223"},{"taxonomy":"product_tag","embeddable":true,"href":"https:\/\/shop.nlq24.eu\/es\/wp-json\/wp\/v2\/product_tag?post=73223"}],"curies":[{"name":"wp","href":"https:\/\/api.w.org\/{rel}","templated":true}]}}