{"id":73276,"date":"2020-09-16T11:40:21","date_gmt":"2020-09-16T11:40:21","guid":{"rendered":"https:\/\/shop.nlq24.eu\/?post_type=product&#038;p=73276"},"modified":"2025-07-01T07:04:18","modified_gmt":"2025-07-01T07:04:18","slug":"german-honey-schleswig-holstein-es","status":"publish","type":"product","link":"https:\/\/shop.nlq24.eu\/es\/ producto\/german-honey-schleswig-holstein-es\/","title":{"rendered":"Miel alemana de Schleswig-Holstein, 500 g"},"content":{"rendered":"<p class=\"Normal\">BBD 10\/2023<\/p>\n<p class=\"Normal\">Su nueva miel alemana es un producto de Schleswig-Holstein, en el distrito de Stormarn. \u00a1La miel del norte!<\/p>\n<p>Este producto natural es el resultado del incre\u00edblemente diligente trabajo de recolecci\u00f3n de las abejas mel\u00edferas. Se estima que se necesita un promedio de unos 20.000 vuelos para un litro de n\u00e9ctar o melaza. De un litro as\u00ed se pueden extraer unos 150 gramos de miel. Compra este poder mineral que te dar\u00e1 alegr\u00eda. Para esto, una abeja vuela unas 40 veces en la naturaleza. Las abejas pasan un promedio de 10.000 horas de vuelo en esto. Una gran actuaci\u00f3n para tu cari\u00f1o.<\/p>\n<p class=\"Normal\">Cuando se ingiere, la abeja diluye el n\u00e9ctar con su saliva. \u00c9sta, a su vez, contiene enzimas. Finalmente, estos intervienen de forma significativa en la conversi\u00f3n del n\u00e9ctar en miel. La miel contiene importantes minerales, que podemos aprovechar.<\/p>\n<p class=\"Normal tm5\"><span class=\"tm6\">Finalmente, la miel limpia es cuidadosamente llenada en frascos por el apicultor.<\/span><\/p>\n<h3>\u00a1Calidad y amor del apicultor aficionado!<\/h3>\n<div dir=\"auto\">Ludger Fr\u00f6hlich es un joven estudiante de 20 a\u00f1os. A los 17 a\u00f1os se hizo cargo de la apicultura de su abuelo, que la practic\u00f3 con pasi\u00f3n durante d\u00e9cadas.<\/div>\n<div dir=\"auto\">Sus colonias de abejas est\u00e1n en su casa, en el id\u00edlico pueblo de K\u00f6thel, situado en el distrito de Stormarn.<\/div>\n<div dir=\"auto\"><\/div>\n<div dir=\"auto\">K\u00f6thel es un peque\u00f1o pueblo de 400 habitantes, situado entre Hamburgo y L\u00fcbeck, por lo que est\u00e1 completamente en el campo.<\/div>\n<div dir=\"auto\">El pueblo est\u00e1 rodeado de bosques, prados y campos donde sus abejas recogen diligentemente el polen durante la \u00e9poca de floraci\u00f3n.<\/div>\n<div dir=\"auto\"><\/div>\n<div dir=\"auto\">El tipo de miel que se recoge depende de la estaci\u00f3n y de la \u00e9poca de floraci\u00f3n.<\/div>\n<div dir=\"auto\">As\u00ed, en primavera, cuando la colza est\u00e1 en flor, hay una miel muy ligera y suave, porque la proporci\u00f3n de polen de colza es muy grande.<\/div>\n<div dir=\"auto\">Esta es entonces la miel de la \u00ab<strong>Floraci\u00f3n de primavera<\/strong>\u00ab.<\/div>\n<div dir=\"auto\"><\/div>\n<div dir=\"auto\"><\/div>\n<div dir=\"auto\">A principios del verano, cuando la colza se desvanece lentamente y florecen otras flores valiosas,<\/div>\n<div dir=\"auto\">como las de los tilos, la miel se vuelve m\u00e1s arom\u00e1tica y<strong>oscura<\/strong>.<\/div>\n<div dir=\"auto\">Durante este tiempo la miel de la \u00ab<strong>Floraci\u00f3n de principios de verano<\/strong>\u00ab.<\/div>\n<div dir=\"auto\"><\/div>\n<div dir=\"auto\"><\/div>\n<div dir=\"auto\">\n<div dir=\"auto\">A finales del verano, cuando florecen las flores preciosas tard\u00edas, esta miel se vuelve m\u00e1s arom\u00e1tica <strong>y oscura, y al principio a\u00fan m\u00e1s l\u00edquida.<\/strong><\/div>\n<div dir=\"auto\">Durante este tiempo, se produce la miel de la<strong>\u00abfloraci\u00f3n de finales de verano\u00bb.<\/strong><\/div>\n<div dir=\"auto\"><\/div>\n<\/div>\n<p>&nbsp;<\/p>\n<h3 class=\"Normal tm5\"><span class=\"tm6\"><strong>ingredientes:<\/strong><\/span><\/h3>\n<p class=\"Normal tm5\"><span class=\"tm6\">Fructosa &#8211; 40%, glucosa &#8211; 30% y polisac\u00e1ridos &#8211; 10% agua &#8211; 17% co-formulantes &#8211; 3% enzimas, inhibidores, vitaminas, minerales y oligoelementos, \u00e1cidos, as\u00ed como amino\u00e1cidos, prote\u00ednas y aromas. <\/span><\/p>\n<h3 class=\"Normal tm5\"><span class=\"tm6\"><strong>La vida \u00fatil de la miel:<\/strong><\/span><\/h3>\n<p class=\"Normal tm5\"><span class=\"tm6\">Puedes guardar tu nueva miel durante muchos a\u00f1os sin que se eche a perder. Sin embargo, la ley requiere la fijaci\u00f3n de una fecha de vencimiento, que se indica anteriormente. Guarde esta preciosa miel en un lugar fresco y oscuro.<\/span><\/p>\n<p class=\"Normal\">\n","protected":false},"excerpt":{"rendered":"<p>Miel alemana de Schleswig-Holstein Stormarn Consumir preferentemente antes de: 10\/2023!<\/p>\n","protected":false},"featured_media":73281,"comment_status":"open","ping_status":"closed","template":"","meta":[],"product_brand":[],"product_cat":[2881,1866,1896],"product_tag":[2838,3208,2836],"class_list":{"0":"post-73276","1":"product","2":"type-product","3":"status-publish","4":"has-post-thumbnail","6":"product_cat-weihnachtstipps-es","7":"product_cat-todos-los-productos-resumen","8":"product_cat-minerales","9":"product_tag-miel-nordica","10":"product_tag-deutscher-honig-es","11":"product_tag-miel","12":"product_shipping_class-1-paquete-de-envio-con-seguimiento","14":"first","15":"outofstock","16":"sale","17":"taxable","18":"shipping-taxable","19":"purchasable","20":"product-type-variable"},"_links":{"self":[{"href":"https:\/\/shop.nlq24.eu\/es\/wp-json\/wp\/v2\/product\/73276","targetHints":{"allow":["GET"]}}],"collection":[{"href":"https:\/\/shop.nlq24.eu\/es\/wp-json\/wp\/v2\/product"}],"about":[{"href":"https:\/\/shop.nlq24.eu\/es\/wp-json\/wp\/v2\/types\/product"}],"replies":[{"embeddable":true,"href":"https:\/\/shop.nlq24.eu\/es\/wp-json\/wp\/v2\/comments?post=73276"}],"wp:featuredmedia":[{"embeddable":true,"href":"https:\/\/shop.nlq24.eu\/es\/wp-json\/wp\/v2\/media\/73281"}],"wp:attachment":[{"href":"https:\/\/shop.nlq24.eu\/es\/wp-json\/wp\/v2\/media?parent=73276"}],"wp:term":[{"taxonomy":"product_brand","embeddable":true,"href":"https:\/\/shop.nlq24.eu\/es\/wp-json\/wp\/v2\/product_brand?post=73276"},{"taxonomy":"product_cat","embeddable":true,"href":"https:\/\/shop.nlq24.eu\/es\/wp-json\/wp\/v2\/product_cat?post=73276"},{"taxonomy":"product_tag","embeddable":true,"href":"https:\/\/shop.nlq24.eu\/es\/wp-json\/wp\/v2\/product_tag?post=73276"}],"curies":[{"name":"wp","href":"https:\/\/api.w.org\/{rel}","templated":true}]}}