{"id":73298,"date":"2018-11-09T08:07:33","date_gmt":"2018-11-09T08:07:33","guid":{"rendered":"https:\/\/shop.nlq24.eu\/produkt\/copos-de-magnesio-del-mar-muerto\/"},"modified":"2026-04-08T09:51:16","modified_gmt":"2026-04-08T09:51:16","slug":"magnesiumchlorid-flocken-aus-dem-toten-meer","status":"publish","type":"product","link":"https:\/\/shop.nlq24.eu\/es\/ producto\/magnesiumchlorid-flocken-aus-dem-toten-meer\/","title":{"rendered":"Copos de magnesio del Mar Muerto"},"content":{"rendered":"<p><strong>Copos de cloruro de magnesio del Mar Muerto<\/strong><\/p>\n<p>Es un cloruro de magnesio de alta calidad, natural y secado al sol, procedente del Mar Muerto.<\/p>\n<p>Otros nombres son cloruro de magnesio, hexahidrato, MgCl2, 6H2O o E 511, copos de magnesio. Estos copos de cloruro de magnesio del Mar Muerto tienen una calidad pura. Tampoco son una sustancia qu\u00edmica peligrosa seg\u00fan la Directiva 67\/548\/CEE.  <\/p>\n<p>Tambi\u00e9n es muy adecuado para aumentar la concentraci\u00f3n de magnesio en acuarios y estanques.<\/p>\n<div><\/div>\n<div><\/div>\n<div>Del certificado de magnesio:<br \/>\nCertificado de cloruro de magnesio 2020-1 MF<br \/>\n(MGCl2 x 6H2O) MgCl2<br \/>\n47 % grano grueso &#8211; copos &#8211; escamas<br \/>\nSe cumplen los siguientes valores:<br \/>\nMgCl2: 47 %<br \/>\nCaCI2: 2 %<br \/>\nNaCi: 0, 6 %<br \/>\nKCI: 0,3 %<br \/>\nH2O: 50 %<\/div>\n<div><\/div>\n<div>S\u00f3lo se consigue una mayor concentraci\u00f3n si hay una proporci\u00f3n residual de agua a\u00fan menor que la presente en las escamas. Sin embargo, \u00e9ste no es el caso en la mayor\u00eda de las zonas de uso.<br \/>\nObtenido del Mar Muerto. <\/div>\n<div><\/div>\n","protected":false},"excerpt":{"rendered":"<p>Copos de cloruro de magnesio del Mar Muerto, en una bolsa de PE<\/p>\n","protected":false},"featured_media":11093,"comment_status":"open","ping_status":"closed","template":"","meta":[],"product_brand":[],"product_cat":[1866,2340],"product_tag":[2779,2840,2841,2842,2843,2844,2845],"class_list":{"0":"post-73298","1":"product","2":"type-product","3":"status-publish","4":"has-post-thumbnail","6":"product_cat-todos-los-productos-resumen","7":"product_cat-magnesium-produkte-es","8":"product_tag-magnesio","9":"product_tag-copos-de-magnesio","10":"product_tag-cloruro-de-magnesio","11":"product_tag-hexahydrat-es","12":"product_tag-mgcl2-es","13":"product_tag-escamas-de-cloruro-de-magnesio","14":"product_tag-escamas-de-magnesio","15":"product_shipping_class-1-paquete-de-envio-con-seguimiento","17":"first","18":"instock","19":"taxable","20":"shipping-taxable","21":"purchasable","22":"product-type-variable"},"_links":{"self":[{"href":"https:\/\/shop.nlq24.eu\/es\/wp-json\/wp\/v2\/product\/73298","targetHints":{"allow":["GET"]}}],"collection":[{"href":"https:\/\/shop.nlq24.eu\/es\/wp-json\/wp\/v2\/product"}],"about":[{"href":"https:\/\/shop.nlq24.eu\/es\/wp-json\/wp\/v2\/types\/product"}],"replies":[{"embeddable":true,"href":"https:\/\/shop.nlq24.eu\/es\/wp-json\/wp\/v2\/comments?post=73298"}],"wp:featuredmedia":[{"embeddable":true,"href":"https:\/\/shop.nlq24.eu\/es\/wp-json\/wp\/v2\/media\/11093"}],"wp:attachment":[{"href":"https:\/\/shop.nlq24.eu\/es\/wp-json\/wp\/v2\/media?parent=73298"}],"wp:term":[{"taxonomy":"product_brand","embeddable":true,"href":"https:\/\/shop.nlq24.eu\/es\/wp-json\/wp\/v2\/product_brand?post=73298"},{"taxonomy":"product_cat","embeddable":true,"href":"https:\/\/shop.nlq24.eu\/es\/wp-json\/wp\/v2\/product_cat?post=73298"},{"taxonomy":"product_tag","embeddable":true,"href":"https:\/\/shop.nlq24.eu\/es\/wp-json\/wp\/v2\/product_tag?post=73298"}],"curies":[{"name":"wp","href":"https:\/\/api.w.org\/{rel}","templated":true}]}}