{"id":73712,"date":"2020-11-04T11:14:47","date_gmt":"2020-11-04T11:14:47","guid":{"rendered":"https:\/\/shop.nlq24.eu\/produkt\/manguera-para-el-sistema-de-osmosis-inversa-1-4-de-pulgada\/"},"modified":"2025-06-19T07:30:47","modified_gmt":"2025-06-19T07:30:47","slug":"schlauch-fuer-umkehrosmoseanlage-1-4-zoll-es","status":"publish","type":"product","link":"https:\/\/shop.nlq24.eu\/es\/ producto\/schlauch-fuer-umkehrosmoseanlage-1-4-zoll-es\/","title":{"rendered":"Manguera para el sistema de \u00f3smosis inversa 1\/4 de pulgada"},"content":{"rendered":"<p>Esta manguera para el sistema de \u00f3smosis inversa de 1\/4 de pulgada se ajusta a todos los grifos est\u00e1ndar de \u00f3smosis inversa.<\/p>\n<p>La unidad de pedido es 1 metro lineal. As\u00ed que si necesitas 1 metro, el n\u00famero debe ser indicado con 1, para 2 metros con 2, etc.<\/p>\n","protected":false},"excerpt":{"rendered":"<p>Esta manguera para el sistema de \u00f3smosis inversa de 1\/4 de pulgada se ajusta a todos los grifos est\u00e1ndar de \u00f3smosis inversa. La unidad de pedido es 1 metro lineal. As\u00ed que si necesitas 1 metro, el n\u00famero debe ser indicado con 1, para 2 metros con 2, etc.<\/p>\n","protected":false},"featured_media":73691,"comment_status":"open","ping_status":"closed","template":"","meta":[],"product_brand":[],"product_cat":[2354,2355],"product_tag":[2866,2862,2863,2864,2865],"class_list":{"0":"post-73712","1":"product","2":"type-product","3":"status-publish","4":"has-post-thumbnail","6":"product_cat-umkehrosmose-zubehoer-es","7":"product_cat-grifos-de-osmosis-inversa","8":"product_tag-manguera-del-grifo","9":"product_tag-manguera-del-sistema-de-osmosis-inversa-1-4-de-pulgada","10":"product_tag-manguera","11":"product_tag-manguera-de-osmosis-inversa","12":"product_tag-manguera-de-conexion","13":"product_shipping_class-1-paquete-de-envio-con-seguimiento","15":"first","16":"instock","17":"taxable","18":"shipping-taxable","19":"purchasable","20":"product-type-simple"},"_links":{"self":[{"href":"https:\/\/shop.nlq24.eu\/es\/wp-json\/wp\/v2\/product\/73712","targetHints":{"allow":["GET"]}}],"collection":[{"href":"https:\/\/shop.nlq24.eu\/es\/wp-json\/wp\/v2\/product"}],"about":[{"href":"https:\/\/shop.nlq24.eu\/es\/wp-json\/wp\/v2\/types\/product"}],"replies":[{"embeddable":true,"href":"https:\/\/shop.nlq24.eu\/es\/wp-json\/wp\/v2\/comments?post=73712"}],"wp:featuredmedia":[{"embeddable":true,"href":"https:\/\/shop.nlq24.eu\/es\/wp-json\/wp\/v2\/media\/73691"}],"wp:attachment":[{"href":"https:\/\/shop.nlq24.eu\/es\/wp-json\/wp\/v2\/media?parent=73712"}],"wp:term":[{"taxonomy":"product_brand","embeddable":true,"href":"https:\/\/shop.nlq24.eu\/es\/wp-json\/wp\/v2\/product_brand?post=73712"},{"taxonomy":"product_cat","embeddable":true,"href":"https:\/\/shop.nlq24.eu\/es\/wp-json\/wp\/v2\/product_cat?post=73712"},{"taxonomy":"product_tag","embeddable":true,"href":"https:\/\/shop.nlq24.eu\/es\/wp-json\/wp\/v2\/product_tag?post=73712"}],"curies":[{"name":"wp","href":"https:\/\/api.w.org\/{rel}","templated":true}]}}