{"id":73721,"date":"2018-10-31T08:17:00","date_gmt":"2018-10-31T08:17:00","guid":{"rendered":"https:\/\/shop.nlq24.eu\/produkt\/botella-de-vidrio-din18-slim-vario\/"},"modified":"2025-08-02T19:13:35","modified_gmt":"2025-08-02T19:13:35","slug":"glasflasche-din18-vario","status":"publish","type":"product","link":"https:\/\/shop.nlq24.eu\/es\/ producto\/glasflasche-din18-vario\/","title":{"rendered":"Botella de vidrio DIN18 Vario"},"content":{"rendered":"<p><strong>Botella de vidrio DIN18 Vario &#8211; Botella de boticario fabricada en vidrio \u00e1mbar.<\/strong><br \/>\nEsta botella de vidrio vac\u00eda DIN18 hecha de vidrio \u00e1mbar est\u00e1 disponible aqu\u00ed con una amplia variedad de accesorios. Tiene clase hidrol\u00edtica III y, por lo tanto, un est\u00e1ndar farmac\u00e9utico.  El tama\u00f1o de la rosca es DIN18, es decir, 18 mm. Es bastante estrecha, a diferencia de las botellas normales. La superficie grande y recta permite la aplicaci\u00f3n de grandes etiquetas. Esto significa que esta botella puede ser cubierta con etiquetas m\u00e1s grandes sin que el redondeo provoque arrugas en la etiqueta. Tambi\u00e9n es posible aplicar m\u00e1s texto e im\u00e1genes. Debido a un bajo peso de solo 93 gramos (con un volumen de 100 ml), esta botella de vidrio tambi\u00e9n es liviana. Esto significa menos peso durante el env\u00edo y, por lo tanto, menores costos.  Otra ventaja de este frasco de cristal \u00e1mbar es la alta protecci\u00f3n lum\u00ednica de su contenido.<\/p>\n<p>Este frasco gotero de vidrio DIN18 tambi\u00e9n se conoce como frasco de vidrio \u00e1mbar, frasco gotero o frasco boticario.<\/p>\n<p>Esta botella tambi\u00e9n tiene la ventaja de que es resistente a los \u00e1cidos y otras sustancias agresivas. Tambi\u00e9n tiene una apariencia de alta calidad. Este vidrio tiene excelentes propiedades de barrera, lo que hace que este vidrio farmac\u00e9utico sea la mejor opci\u00f3n y un producto de calidad. Por cierto, estos frascos tambi\u00e9n son muy adecuados para llenar con aceites esenciales, aceites arom\u00e1ticos, extractos de hierbas, etc. Especialmente para esta botella de vidrio Slim hay una pipeta extra larga de 114 mm que llega hasta el fondo de la botella. <\/p>\n<p><strong>Los siguientes tapones est\u00e1n disponibles para su botella de vidrio DIN18 Vario:<br \/>\n<\/strong>1. Est\u00e1ndar de cierre<br \/>\nde cuentagotas 2. Cierre de cuentagotas con bloqueo<br \/>\npara ni\u00f1os 3. Cierre<br \/>\nde pipeta dispensadora 4. Cierre<br \/>\nde accesorio del rociador 5. <strong>Cierre de cepillo<\/strong> (lea m\u00e1s sobre la durabilidad del material <strong><a href=\"https:\/\/shop.nlq24.eu\/es\/Produkt\/cepillo-para-vidrio-botella-din18\/\">aqu\u00ed<\/a><\/strong> ).<br \/>\n6. Sistema de dosificaci\u00f3n con inserto y jeringa dosificadora (dosificador) para la extracci\u00f3n y medici\u00f3n en una sola operaci\u00f3n.<\/p>\n<p>El sistema de dosificaci\u00f3n DIN18 (sistema de dosificaci\u00f3n DIN18) sin botella se puede encontrar en <strong><a href=\"https:\/\/shop.nlq24.eu\/es\/Produkt\/doser-system-din18\/\">AQU\u00cd<\/a><\/strong>.<\/p>\n<p><strong>Est\u00e1n disponibles los siguientes vol\u00famenes:<\/strong><\/p>\n<p>10, 30, 50 o 100 ml<\/p>\n","protected":false},"excerpt":{"rendered":"<p>Botella de vidrio DIN18 Vario<\/p>\n","protected":false},"featured_media":8642,"comment_status":"open","ping_status":"closed","template":"","meta":[],"product_brand":[],"product_cat":[1866,1883,2321,2331],"product_tag":[2873,2874,2875,2876,2877,2637,2878,2745,2769,3096,2870,2387,2871,2446,2872],"class_list":{"0":"post-73721","1":"product","2":"type-product","3":"status-publish","4":"has-post-thumbnail","6":"product_cat-todos-los-productos-resumen","7":"product_cat-botellas-de-vidrio","8":"product_cat-botellas-de-vidrio-din18","9":"product_cat-botellas-de-pulverizador","10":"product_tag-botella-de-vidrio-de-10ml","11":"product_tag-botella-de-vidrio-de-30-ml","12":"product_tag-botella-de-vidrio-de-50-ml","13":"product_tag-botella-de-vidrio-de-100-ml","14":"product_tag-botella-de-vidrio-din-18-cepillo","15":"product_tag-botella-de-pulverizador","16":"product_tag-botella-de-vidrio-din-18-con-pincel","17":"product_tag-cuentagotas","18":"product_tag-cuentagotas-es","19":"product_tag-botella-con-sistema-de-dosificacion","20":"product_tag-botella-de-vidrio-din18","21":"product_tag-apothekenflasche-es","22":"product_tag-pipetten-flasche","23":"product_tag-deckel-fuer-pp28-glasflaschen-es","24":"product_tag-botella-de-vidrio-resistente-a-los-ninos","25":"product_shipping_class-1-paquete-de-envio-con-seguimiento","26":"pa_milliliter-100-ml-es","27":"pa_milliliter-10-ml-es","28":"pa_milliliter-30-ml-es","29":"pa_milliliter-50-ml-es","31":"first","32":"instock","33":"taxable","34":"shipping-taxable","35":"purchasable","36":"product-type-variable"},"_links":{"self":[{"href":"https:\/\/shop.nlq24.eu\/es\/wp-json\/wp\/v2\/product\/73721","targetHints":{"allow":["GET"]}}],"collection":[{"href":"https:\/\/shop.nlq24.eu\/es\/wp-json\/wp\/v2\/product"}],"about":[{"href":"https:\/\/shop.nlq24.eu\/es\/wp-json\/wp\/v2\/types\/product"}],"replies":[{"embeddable":true,"href":"https:\/\/shop.nlq24.eu\/es\/wp-json\/wp\/v2\/comments?post=73721"}],"wp:featuredmedia":[{"embeddable":true,"href":"https:\/\/shop.nlq24.eu\/es\/wp-json\/wp\/v2\/media\/8642"}],"wp:attachment":[{"href":"https:\/\/shop.nlq24.eu\/es\/wp-json\/wp\/v2\/media?parent=73721"}],"wp:term":[{"taxonomy":"product_brand","embeddable":true,"href":"https:\/\/shop.nlq24.eu\/es\/wp-json\/wp\/v2\/product_brand?post=73721"},{"taxonomy":"product_cat","embeddable":true,"href":"https:\/\/shop.nlq24.eu\/es\/wp-json\/wp\/v2\/product_cat?post=73721"},{"taxonomy":"product_tag","embeddable":true,"href":"https:\/\/shop.nlq24.eu\/es\/wp-json\/wp\/v2\/product_tag?post=73721"}],"curies":[{"name":"wp","href":"https:\/\/api.w.org\/{rel}","templated":true}]}}