{"id":73766,"date":"2020-05-05T18:46:39","date_gmt":"2020-05-05T18:46:39","guid":{"rendered":"https:\/\/shop.nlq24.eu\/produkt\/filtro-para-la-ducha-slim-cabezal-de-ducha-aquafilter\/"},"modified":"2025-06-03T21:00:02","modified_gmt":"2025-06-03T21:00:02","slug":"duschfilter-slim-aquafilter-duschkopf-es","status":"publish","type":"product","link":"https:\/\/shop.nlq24.eu\/es\/ producto\/duschfilter-slim-aquafilter-duschkopf-es\/","title":{"rendered":"Filtro para la ducha \u00abSlim\u00bb Cabezal de ducha Aquafilter"},"content":{"rendered":"<p>Compre aqu\u00ed su <strong>Filtro de ducha \u00abSlim\u00bb de Aquafilter. \u00a1El cabezal de ducha de marca con dise\u00f1o de la empresa Aquafilter!<\/strong><\/p>\n<p class=\"Normal\"><strong><span class=\"tm6\">Filtro de ducha estrecho con filtro de agua 3 en 1 &#8211; la ducha de bienestar s\u00faper fresca!<\/span><\/strong><\/p>\n<p>Simplemente lava el estr\u00e9s de la vida cotidiana. Experimenta momentos de bienestar relajante. El agua se siente particularmente fresca y suave. Hasta el 99% del contenido de cloro en el agua es eliminado por este filtro de ducha. Los metales pesados como el mercurio y el plomo tambi\u00e9n se filtran.<\/p>\n<p class=\"Normal\"><strong><span class=\"tm6\"><br \/>\nLa aplicaci\u00f3n sistem\u00e1tica puede tener un efecto positivo en el aspecto de la piel.<br \/>\n<\/span><\/strong>Este filtro de ducha protege la piel, el cabello y los pulmones filtrando las sustancias no deseadas. Tambi\u00e9n te protege de los efectos nocivos del cloro y los metales pesados. Debido a que el agua es m\u00e1s pura, necesitas mucho menos champ\u00fa y gel de ducha. Esto protege el medio ambiente. Una capa de filtro KDF tambi\u00e9n tiene un efecto antibacteriano.<\/p>\n<p class=\"Normal\"><strong><span class=\"tm6\">\u00bfQu\u00e9 ventajas le ofrece este filtro para la ducha?<\/span><\/strong><\/p>\n<p class=\"Normal\">El agua pura alivia la piel seca y enrojecida y los ojos irritados. Tu piel se siente bien de nuevo. Adem\u00e1s, se obtiene un cabello suave y m\u00e1s f\u00e1cil de peinar. Las membranas mucosas y los pulmones est\u00e1n protegidos. Adem\u00e1s, no hay olores desagradables del agua del grifo. Los metales pesados se eliminan o reducen. Los iones de cloro se convierten en cloruros inofensivos. El champ\u00fa y los geles de ducha son mejores para ti. Tambi\u00e9n puedes disfrutar de esta agua en las vacaciones. \u00a1Ll\u00e9vate el filtro de la ducha contigo!<\/p>\n<p class=\"Normal\"><strong><span class=\"tm6\">Datos t\u00e9cnicos:<\/span><\/strong><\/p>\n<p class=\"Normal\">La conexi\u00f3n es compatible con casi todas las mangueras de ducha. Puedes conectarlo r\u00e1pida y f\u00e1cilmente.<\/p>\n<p class=\"Normal\">Adem\u00e1s del hermoso dise\u00f1o cromado, el filtro de la ducha tambi\u00e9n est\u00e1 disponible en blanco o negro.<\/p>\n<p class=\"Normal\">El filtro de agua 3 en 1 dura hasta 6 meses. Entonces, simplemente reemplace el inserto del filtro de agua. Tambi\u00e9n puedes saber cuando la cal se est\u00e1 pegando de nuevo.<\/p>\n<p class=\"Normal\"><strong><span class=\"tm6\"><br \/>\nPara el filtro de la ducha 3 en 1:<\/span><\/strong><\/p>\n<p class=\"Normal\">A medida que el agua del grifo fluye a trav\u00e9s del cartucho filtrante de la ducha, es dirigida a trav\u00e9s de la combinaci\u00f3n \u00fanica del KDF-55 y el cartucho filtrante de bola cer\u00e1mica. De este modo, el agua se libera de sustancias qu\u00edmicas como el cloro, las bacterias, los metales pesados y otras impurezas. Esto te da un agua de ducha cristalina.<\/p>\n<p class=\"Normal\"><strong><span class=\"tm6\"><br \/>\n\u00bfQu\u00e9 es KDF? <\/span><\/strong><\/p>\n<p class=\"Normal\">Es una mezcla a base de cobre y zinc granulada de alta pureza, es decir, un agente redox. Esto funciona con oxidaci\u00f3n y reducci\u00f3n de iones. El proceso redox funciona intercambiando electrones. Este intercambio convierte muchos contaminantes nocivos en aditivos inofensivos (como el cloro al cloruro). Otros contaminantes, como los metales pesados, se unen en el agente de KDF. Por lo tanto, reduce o elimina estas sustancias. Las bolas de cer\u00e1mica reducen el contenido de cloro y as\u00ed mejoran a\u00fan m\u00e1s el efecto del KDF-55. Esto reduce la proporci\u00f3n de productos qu\u00edmicos, bacterias y otros contaminantes que se pueden encontrar en el agua del grifo de nuevo.<\/p>\n<table border=\"2px\" width=\"100%\">\n<tbody>\n<tr>\n<td style=\"text-align: center;\">Eliminaci\u00f3n de sedimentos<\/td>\n<td style=\"text-align: center;\">Eliminaci\u00f3n de CLORO<\/td>\n<td style=\"text-align: center;\">Eliminaci\u00f3n de metales pesados<\/td>\n<td style=\"text-align: center;\">Bacteriost\u00e1tico<\/td>\n<\/tr>\n<tr>\n<td><img loading=\"lazy\" decoding=\"async\" class=\"aligncenter\" src=\"http:\/\/aquafilter.com\/source\/Marketing_Materials\/IKONY\/Katalog_IKONY.png\" width=\"80\" height=\"80\"><\/td>\n<td><img loading=\"lazy\" decoding=\"async\" class=\"aligncenter\" src=\"http:\/\/aquafilter.com\/source\/Marketing_Materials\/IKONY\/IK_chlor.png\" width=\"80\" height=\"80\"><\/td>\n<td><img loading=\"lazy\" decoding=\"async\" class=\"aligncenter\" src=\"http:\/\/aquafilter.com\/source\/Marketing_Materials\/IKONY\/IK_metale.png\" width=\"80\" height=\"80\"><\/td>\n<td><img loading=\"lazy\" decoding=\"async\" class=\"aligncenter\" src=\"http:\/\/aquafilter.com\/source\/Marketing_Materials\/IKONY\/IK_antybakteryjny.png\" width=\"80\" height=\"80\"><\/td>\n<\/tr>\n<\/tbody>\n<\/table>\n<p>&nbsp;<\/p>\n<p><strong>Los filtros de ducha de repuesto se pueden encontrar <a href=\"https:\/\/shop.nlq24.eu\/es\/Produkt\/cartucho-de-reemplazo-del-filtro-de-ducha\/\">aqu\u00ed<\/a>.<\/strong><\/p>\n<h3>Variantes para elegir:<\/h3>\n<p>El filtro de ducha blanco tiene la designaci\u00f3n FSH-8-CW.<br \/>\nEl filtro de ducha de color cromo tiene la designaci\u00f3n FSH-8-CCH.<br \/>\nEl filtro de ducha negro tiene la designaci\u00f3n FSH-8-CW.<\/p>\n<p class=\"Normal\"><strong><span class=\"tm6\"><br \/>\nAlcance de la entrega:<\/span><\/strong><\/p>\n<p class=\"Normal\">Un cabezal de ducha con un filtro de agua 3 en 1 y un juego de sellado.<\/p>\n<p class=\"Normal\">Las instrucciones de instalaci\u00f3n del filtro de ducha se pueden encontrar <u><a href=\"https:\/\/shop.nlq24.eu\/produkt\/duschfilter-sanfter-regen\/\">AQU\u00cd<\/a><\/u><\/p>\n","protected":false},"excerpt":{"rendered":"<p>Filtro de ducha con cabezal de ducha y filtro \u00abSlim\u00bb.<\/p>\n","protected":false},"featured_media":66959,"comment_status":"open","ping_status":"closed","template":"","meta":[],"product_brand":[],"product_cat":[1866,2881,1910,2350,2352,2357,2358],"product_tag":[2660,2889,2891,2894,2895,2906],"class_list":{"0":"post-73766","1":"product","2":"type-product","3":"status-publish","4":"has-post-thumbnail","6":"product_cat-todos-los-productos-resumen","7":"product_cat-weihnachtstipps-es","8":"product_cat-filtro-de-agua-osmosis-inversa","9":"product_cat-duschfilter-zubehoer-es","10":"product_cat-umkehrosmose-anlagen-wasserfilter-es","11":"product_cat-wasserveredelung-es","12":"product_cat-wasserveredelung-es-2","13":"product_tag-filtro-de-ducha","14":"product_tag-duschersatzfilter-es","15":"product_tag-duschfilter-slim-es","16":"product_tag-duschkopf-es","17":"product_tag-duschkopf-mit-wasserreingung-es","18":"product_tag-lluvia-calmante","19":"product_shipping_class-1-paquete-de-envio-con-seguimiento","21":"first","22":"instock","23":"taxable","24":"shipping-taxable","25":"purchasable","26":"product-type-variable"},"_links":{"self":[{"href":"https:\/\/shop.nlq24.eu\/es\/wp-json\/wp\/v2\/product\/73766","targetHints":{"allow":["GET"]}}],"collection":[{"href":"https:\/\/shop.nlq24.eu\/es\/wp-json\/wp\/v2\/product"}],"about":[{"href":"https:\/\/shop.nlq24.eu\/es\/wp-json\/wp\/v2\/types\/product"}],"replies":[{"embeddable":true,"href":"https:\/\/shop.nlq24.eu\/es\/wp-json\/wp\/v2\/comments?post=73766"}],"wp:featuredmedia":[{"embeddable":true,"href":"https:\/\/shop.nlq24.eu\/es\/wp-json\/wp\/v2\/media\/66959"}],"wp:attachment":[{"href":"https:\/\/shop.nlq24.eu\/es\/wp-json\/wp\/v2\/media?parent=73766"}],"wp:term":[{"taxonomy":"product_brand","embeddable":true,"href":"https:\/\/shop.nlq24.eu\/es\/wp-json\/wp\/v2\/product_brand?post=73766"},{"taxonomy":"product_cat","embeddable":true,"href":"https:\/\/shop.nlq24.eu\/es\/wp-json\/wp\/v2\/product_cat?post=73766"},{"taxonomy":"product_tag","embeddable":true,"href":"https:\/\/shop.nlq24.eu\/es\/wp-json\/wp\/v2\/product_tag?post=73766"}],"curies":[{"name":"wp","href":"https:\/\/api.w.org\/{rel}","templated":true}]}}