{"id":73772,"date":"2018-11-03T21:49:33","date_gmt":"2018-11-03T21:49:33","guid":{"rendered":"https:\/\/shop.nlq24.eu\/produkt\/dmso-50-de-dilucion\/"},"modified":"2025-06-03T10:18:06","modified_gmt":"2025-06-03T10:18:06","slug":"dmso-50-verduennung-es","status":"publish","type":"product","link":"https:\/\/shop.nlq24.eu\/es\/ producto\/dmso-50-verduennung-es\/","title":{"rendered":"DMSO 50% de diluci\u00f3n"},"content":{"rendered":"<div><strong>DMSO 50% de diluci\u00f3n <\/strong><strong><br \/>\n<\/strong><\/div>\n<div>\n<div>\n<div>\n<p>La sustancia b\u00e1sica de esta diluci\u00f3n de DMSO al 50% es el DMSO 99.99 de muy alta calidad, ver <a href=\"https:\/\/shop.nlq24.eu\/produkt\/dmso100-100-ml-glasflasche-din18\/\"><span style=\"color: #0000ff;\"><strong>DMSO100.<\/strong><\/span><\/a><br \/>\nEst\u00e1 libre de sustancias cancer\u00edgenas, es decir, cancer\u00edgenas. La soluci\u00f3n se diluye con agua destilada al 50% para usted.<\/p>\n<p><strong>Variantes:<br \/>\n<\/strong>50 o 100 ml en frasco de PP, frasco de PEAD o frasco de vidrio DIN18 con gotero.<br \/>\nFrascos de vidrio DIN18 opcionalmente tambi\u00e9n con pipeta, de 106 mm de longitud.<br \/>\nHay disponible un <strong>tap\u00f3n de cepillo<\/strong> para los frascos de vidrio de 30 y 50 ml DIN18<br \/>\nFrasco de vidrio de 250 ml PP28 sin gotero<br \/>\nBote de vidrio de 500 ml PP28 sin gotero<br \/>\nFrasco de vidrio de 1000 ml PP28 sin gotero<\/p>\n<p>M\u00e1s sobre el DMSO encontrar\u00e1s <a href=\"https:\/\/www.natao.org\/dmso.htm\">aqu\u00ed<\/a>.<\/p>\n<\/div>\n<\/div>\n<\/div>\n","protected":false},"excerpt":{"rendered":"<p><strong>Soluci\u00f3n DMSO al 50 %.<br \/>\n<\/strong><\/p>\n","protected":false},"featured_media":87532,"comment_status":"open","ping_status":"closed","template":"","meta":[],"product_brand":[],"product_cat":[2318,1866],"product_tag":[2435,2436,2437],"class_list":{"0":"post-73772","1":"product","2":"type-product","3":"status-publish","4":"has-post-thumbnail","6":"product_cat-dmso-50-von-natao-es","7":"product_cat-todos-los-productos-resumen","8":"product_tag-dmso-es","9":"product_tag-dmso-50-es","10":"product_tag-dmso50-es","11":"product_shipping_class-1-paquete-de-envio-con-seguimiento","12":"pa_flaschenart-pp-flasche-halbtransparent-es","13":"pa_flaschenart-botella-de-hdpe","14":"pa_flaschenart-botella-de-vidrio-din18","15":"pa_flaschenart-botella-de-vidrio-pp28","16":"pa_milliliter-30-ml-es","17":"pa_milliliter-50-ml-es","18":"pa_milliliter-100-ml-es","19":"pa_milliliter-250-ml-es","20":"pa_milliliter-500-ml-es","21":"pa_milliliter-1000-ml-es","23":"first","24":"instock","25":"taxable","26":"shipping-taxable","27":"purchasable","28":"product-type-variable"},"_links":{"self":[{"href":"https:\/\/shop.nlq24.eu\/es\/wp-json\/wp\/v2\/product\/73772","targetHints":{"allow":["GET"]}}],"collection":[{"href":"https:\/\/shop.nlq24.eu\/es\/wp-json\/wp\/v2\/product"}],"about":[{"href":"https:\/\/shop.nlq24.eu\/es\/wp-json\/wp\/v2\/types\/product"}],"replies":[{"embeddable":true,"href":"https:\/\/shop.nlq24.eu\/es\/wp-json\/wp\/v2\/comments?post=73772"}],"wp:featuredmedia":[{"embeddable":true,"href":"https:\/\/shop.nlq24.eu\/es\/wp-json\/wp\/v2\/media\/87532"}],"wp:attachment":[{"href":"https:\/\/shop.nlq24.eu\/es\/wp-json\/wp\/v2\/media?parent=73772"}],"wp:term":[{"taxonomy":"product_brand","embeddable":true,"href":"https:\/\/shop.nlq24.eu\/es\/wp-json\/wp\/v2\/product_brand?post=73772"},{"taxonomy":"product_cat","embeddable":true,"href":"https:\/\/shop.nlq24.eu\/es\/wp-json\/wp\/v2\/product_cat?post=73772"},{"taxonomy":"product_tag","embeddable":true,"href":"https:\/\/shop.nlq24.eu\/es\/wp-json\/wp\/v2\/product_tag?post=73772"}],"curies":[{"name":"wp","href":"https:\/\/api.w.org\/{rel}","templated":true}]}}