{"id":73811,"date":"2018-09-16T12:24:27","date_gmt":"2018-09-16T12:24:27","guid":{"rendered":"https:\/\/shop.nlq24.eu\/produkt\/mkb-vital-solucion-de-borax-de-magnesio-y-potasio\/"},"modified":"2025-11-10T12:30:47","modified_gmt":"2025-11-10T12:30:47","slug":"mkb-magnesium-kalium-borax-mischung-in-glasflasche-100-ml-es","status":"publish","type":"product","link":"https:\/\/shop.nlq24.eu\/es\/ producto\/mkb-magnesium-kalium-borax-mischung-in-glasflasche-100-ml-es\/","title":{"rendered":"MKB Vital &#8211; Soluci\u00f3n de B\u00f3rax de Magnesio y Potasio"},"content":{"rendered":"<p class=\"Normal tm5\"><strong><span class=\"tm6\">MKB Vital &#8211; es la soluci\u00f3n de b\u00f3rax de magnesio y potasio<br \/>\n<\/span><\/strong><\/p>\n<p class=\"Normal tm5\">MKB Vital es una soluci\u00f3n muy fina de oligoelementos de pura calidad. Tiene un contenido muy alto de cloruro de magnesio. Por lo tanto, el MKB Vital tambi\u00e9n puede cristalizarse al secarse. Aqu\u00ed es donde la alta proporci\u00f3n de esta sal solar se hace visible. Este cloruro de magnesio fue extra\u00eddo del Mar Muerto por secado al sol. La peque\u00f1a pero importante proporci\u00f3n de cloruro de potasio completa la mezcla. Otro peque\u00f1o pero importante componente es el b\u00f3rax natural. Tambi\u00e9n se conoce como tetraborato dis\u00f3dico decahidratado o Tinkal. Es el mineral natural b\u00f3rax de California, que se origina en los lagos salados. El b\u00f3rax es generalmente poco soluble en agua. En esta mezcla especial, sin embargo, ha tenido \u00e9xito.<\/p>\n<p class=\"Normal tm5\">Esta mezcla contiene aproximadamente: 62% de agua, 35% de cloruro de magnesio, 1,5% de cloruro de potasio, 1,1% de b\u00f3rax.<\/p>\n<p><u><strong>MKB Vital &#8211; es la soluci\u00f3n de b\u00f3rax de magnesio y potasio<br \/>\n<\/strong><\/u><\/p>\n<p>&nbsp;<\/p>\n<div>\n<div><img loading=\"lazy\" decoding=\"async\" class=\"alignnone size-full wp-image-1675\" src=\"https:\/\/shop.nlq24.eu\/wp-content\/uploads\/2018\/09\/Achtung-Gefahrzeichen-Pictogram.jpg\" alt=\"\" width=\"77\" height=\"77\"><\/div>\n<div><strong> Atenci\u00f3n<\/strong><\/div>\n<div><\/div>\n<div><strong>Advertencias de peligro:<\/strong> Causa irritaci\u00f3n de la piel. Causa una grave irritaci\u00f3n de los ojos.<\/div>\n<\/div>\n<div><\/div>\n<div><strong>El MKB est\u00e1 disponible en diferentes cantidades y variantes:<\/strong><\/div>\n<div>50 ml en PP, HDPE o botella de vidrio DIN18 con gotero<\/div>\n<div>100 ml en frasco de PP, HDPE o vidrio DIN18 STD con gotero<\/div>\n<div>Botella de vidrio de 250 ml PP28 marr\u00f3n<\/div>\n<div>Botella de vidrio de 500 ml PP28 marr\u00f3n<\/div>\n<div>Botella de vidrio de 1000 ml PP28 marr\u00f3n<\/div>\n","protected":false},"excerpt":{"rendered":"<p><u><strong>MKB Magnesio, Mezcla de B\u00f3rax Pot\u00e1sico<\/strong><\/u><\/p>\n<p>Una mezcla de minerales y oligoelementos en pura calidad<\/p>\n","protected":false},"featured_media":10820,"comment_status":"open","ping_status":"closed","template":"","meta":[],"product_brand":[],"product_cat":[2339,2340,2341,1866,1896],"product_tag":[2778,2779,2780,2841,2907,2398,2908,2453,2909],"class_list":{"0":"post-73811","1":"product","2":"type-product","3":"status-publish","4":"has-post-thumbnail","6":"product_cat-mkb-vital-es","7":"product_cat-magnesium-produkte-es","8":"product_cat-magnesium-kalium-borax-mkb-vital-es","9":"product_cat-todos-los-productos-resumen","10":"product_cat-minerales","11":"product_tag-mkb-es","12":"product_tag-magnesio","13":"product_tag-potasio","14":"product_tag-cloruro-de-magnesio","15":"product_tag-mkb-vital-es","16":"product_tag-borax-es","17":"product_tag-magnesio-potasio-borax","18":"product_tag-dinatriumtetraborat-decahydrat-es","19":"product_tag-cloruro-de-potasio","20":"product_shipping_class-1-paquete-de-envio-con-seguimiento","21":"pa_flaschenart-botella-de-vidrio-din18","22":"pa_flaschenart-botella-de-vidrio-pp28","23":"pa_flaschenart-pp-flasche-halbtransparent-es","24":"pa_flaschenart-botella-de-hdpe","25":"pa_milliliter-30-ml-es","26":"pa_milliliter-50-ml-es","27":"pa_milliliter-100-ml-es","28":"pa_milliliter-250-ml-es","29":"pa_milliliter-500-ml-es","30":"pa_milliliter-1000-ml-es","32":"first","33":"instock","34":"taxable","35":"shipping-taxable","36":"purchasable","37":"product-type-variable"},"_links":{"self":[{"href":"https:\/\/shop.nlq24.eu\/es\/wp-json\/wp\/v2\/product\/73811","targetHints":{"allow":["GET"]}}],"collection":[{"href":"https:\/\/shop.nlq24.eu\/es\/wp-json\/wp\/v2\/product"}],"about":[{"href":"https:\/\/shop.nlq24.eu\/es\/wp-json\/wp\/v2\/types\/product"}],"replies":[{"embeddable":true,"href":"https:\/\/shop.nlq24.eu\/es\/wp-json\/wp\/v2\/comments?post=73811"}],"wp:featuredmedia":[{"embeddable":true,"href":"https:\/\/shop.nlq24.eu\/es\/wp-json\/wp\/v2\/media\/10820"}],"wp:attachment":[{"href":"https:\/\/shop.nlq24.eu\/es\/wp-json\/wp\/v2\/media?parent=73811"}],"wp:term":[{"taxonomy":"product_brand","embeddable":true,"href":"https:\/\/shop.nlq24.eu\/es\/wp-json\/wp\/v2\/product_brand?post=73811"},{"taxonomy":"product_cat","embeddable":true,"href":"https:\/\/shop.nlq24.eu\/es\/wp-json\/wp\/v2\/product_cat?post=73811"},{"taxonomy":"product_tag","embeddable":true,"href":"https:\/\/shop.nlq24.eu\/es\/wp-json\/wp\/v2\/product_tag?post=73811"}],"curies":[{"name":"wp","href":"https:\/\/api.w.org\/{rel}","templated":true}]}}