{"id":73840,"date":"2020-11-14T20:44:29","date_gmt":"2020-11-14T20:44:29","guid":{"rendered":"https:\/\/shop.nlq24.eu\/?post_type=product&#038;p=73840"},"modified":"2025-01-08T19:40:45","modified_gmt":"2025-01-08T19:40:45","slug":"sprueh-aufsatz-negro","status":"publish","type":"product","link":"https:\/\/shop.nlq24.eu\/es\/ producto\/sprueh-aufsatz-negro\/","title":{"rendered":"Accesorio de pulverizaci\u00f3n -Atomizador de bomba para botellas de vidrio DIN18 &#8211; negro"},"content":{"rendered":"<h3 class=\"Normal\"><u>Accesorio de pulverizaci\u00f3n -Atomizador de bomba para botellas de vidrio DIN18 &#8211; negro<\/u><\/h3>\n<p><strong>Botella de vidrio Miron 100 ml<\/strong>. Pero tambi\u00e9n en otras botellas con rosca DIN18. <\/p>\n<p class=\"Normal\">Este cierre de pulverizaci\u00f3n de botella de vidrio se adapta a sus botellas de vidrio Miron con tama\u00f1o de rosca DIN18. Est\u00e1 equipado con una tapa de tornillo. Tambi\u00e9n tiene una bomba de pulverizaci\u00f3n, que est\u00e1 equipada con una tapa protectora. Esto protege el material de llenado de fugas. Como resultado, no se produce una salida a gases sin presi\u00f3n. Adem\u00e1s, este polinizador negro es \u00f3ptimamente adecuado para el almacenamiento protegido por luz.<\/p>\n<ul type=\"circle\">\n<li>Peso: unos 6,9 gramos<\/li>\n<li>Rosca: ND 18 (18 mm), adecuada para botellas de vidrio con rosca ND18 &#8211; DIN18 (18 mm)<\/li>\n<li>Dise\u00f1o: Atomizador de bomba (cabezal de pulverizaci\u00f3n) con tapa protectora negra<\/li>\n<li>Volumen por explosi\u00f3n de pulverizaci\u00f3n: aprox. 0,10 ml por carrera<\/li>\n<li>Longitud total de la manguera de aspiraci\u00f3n: aprox. 122 mm (simplemente acortar la manguera a la longitud deseada)<\/li>\n<li>Altura de la tapa: 41 mm<\/li>\n<li>Di\u00e1metro: 33 mm<\/li>\n<li>Tipo de cierre: Est\u00e1ndar<\/li>\n<li>Material y componentes:\n<ul>\n<li>Tapa de tornillo hecha de PP negro<\/li>\n<li>Manguera hecha de PP transparente<\/li>\n<li>Gorra negra del PP<\/li>\n<li>Material de sellado: nitrilo<\/li>\n<\/ul>\n<\/li>\n<li>Adecuado para todos los l\u00edquidos acuosos\/ alcoh\u00f3licos para ser atomizados, por ejemplo flores de Bach, desinfectantes.<\/li>\n<li>No est\u00e1 permitido: aceites arom\u00e1ticos, aceites, productos qu\u00edmicos agresivos, etc.<\/li>\n<li>Para botellas de 10 a 100 ml<\/li>\n<li>Ideal para botellas de vidrio Miron para uso ligero<\/li>\n<\/ul>\n<p class=\"Normal\">Est\u00e1 formado por el PP material. La carrera, que es la dosis por accionamiento de la bomba de pulverizaci\u00f3n, es de aproximadamente 0,10 ml.<\/p>\n<h4><strong>El tubo de admisi\u00f3n se puede variar  <\/strong><\/h4>\n<p class=\"Normal\">El tubo de admisi\u00f3n tiene una longitud suficiente para todas las botellas con tama\u00f1o de rosca DIN18. Puede acortarlo f\u00e1cilmente a la longitud requerida con un cuchillo de corte.<\/p>\n<p>Encaja perfectamente con estas <a href=\"https:\/\/shop.nlq24.eu\/produkt\/miron-glasflasche\/\">botellas de vidrio Miron.<\/a><\/p>\n","protected":false},"excerpt":{"rendered":"<p>Aditamento pulverizador DIN18 negro en PP<\/p>\n","protected":false},"featured_media":73843,"comment_status":"open","ping_status":"closed","template":"","meta":[],"product_brand":[],"product_cat":[2333,2359,1866,1876,1882,2321,2331,2332],"product_tag":[2622,2623,2624,2626,3159,3167],"class_list":{"0":"post-73840","1":"product","2":"type-product","3":"status-publish","4":"has-post-thumbnail","6":"product_cat-cierres-din18-para-botellas-de-vidrio","7":"product_cat-zubehoer-fuer-flaschen","8":"product_cat-todos-los-productos-resumen","9":"product_cat-dosificacion-medicion","10":"product_cat-botellas-tapones-accesorios","11":"product_cat-botellas-de-vidrio-din18","12":"product_cat-botellas-de-pulverizador","13":"product_cat-los-frascos-rociadores-hechos-de-hdpe-o-de-vidrio","14":"product_tag-rociador","15":"product_tag-bomba-de-pulverizacion","16":"product_tag-fijacion-del-pulverizador","17":"product_tag-fijacion-del-pulverizador-es","18":"product_tag-sprayer-schwarz-es","19":"product_tag-spruehverschluss-schwarz-es","20":"product_shipping_class-1-paquete-de-envio-con-seguimiento","22":"first","23":"instock","24":"taxable","25":"shipping-taxable","26":"purchasable","27":"product-type-simple"},"_links":{"self":[{"href":"https:\/\/shop.nlq24.eu\/es\/wp-json\/wp\/v2\/product\/73840","targetHints":{"allow":["GET"]}}],"collection":[{"href":"https:\/\/shop.nlq24.eu\/es\/wp-json\/wp\/v2\/product"}],"about":[{"href":"https:\/\/shop.nlq24.eu\/es\/wp-json\/wp\/v2\/types\/product"}],"replies":[{"embeddable":true,"href":"https:\/\/shop.nlq24.eu\/es\/wp-json\/wp\/v2\/comments?post=73840"}],"wp:featuredmedia":[{"embeddable":true,"href":"https:\/\/shop.nlq24.eu\/es\/wp-json\/wp\/v2\/media\/73843"}],"wp:attachment":[{"href":"https:\/\/shop.nlq24.eu\/es\/wp-json\/wp\/v2\/media?parent=73840"}],"wp:term":[{"taxonomy":"product_brand","embeddable":true,"href":"https:\/\/shop.nlq24.eu\/es\/wp-json\/wp\/v2\/product_brand?post=73840"},{"taxonomy":"product_cat","embeddable":true,"href":"https:\/\/shop.nlq24.eu\/es\/wp-json\/wp\/v2\/product_cat?post=73840"},{"taxonomy":"product_tag","embeddable":true,"href":"https:\/\/shop.nlq24.eu\/es\/wp-json\/wp\/v2\/product_tag?post=73840"}],"curies":[{"name":"wp","href":"https:\/\/api.w.org\/{rel}","templated":true}]}}