{"id":73886,"date":"2019-01-03T20:31:41","date_gmt":"2019-01-03T20:31:41","guid":{"rendered":"https:\/\/shop.nlq24.eu\/produkt\/jabon-de-potasa-1-litro-jabon-natural\/"},"modified":"2025-11-25T17:34:41","modified_gmt":"2025-11-25T17:34:41","slug":"kaliseife-1-liter-verschiedene-varianten-offen-es","status":"publish","type":"product","link":"https:\/\/shop.nlq24.eu\/es\/ producto\/kaliseife-1-liter-verschiedene-varianten-offen-es\/","title":{"rendered":"Jab\u00f3n de potasa 1 litro &#8211; jab\u00f3n natural"},"content":{"rendered":"<div><strong><span style=\"color: #555555;\">Jab\u00f3n de potasa, el jab\u00f3n natural<\/span><\/strong><\/div>\n<div><\/div>\n<div><span style=\"color: #555555;\">Mi recomendaci\u00f3n: \u00a1jab\u00f3n de potasa con aroma a b\u00f3rax y citronela!<\/span><\/div>\n<div><\/div>\n<div><span style=\"color: #555555;\">Este jab\u00f3n de potasa puro, tradicional y natural se produce a partir de aceites vegetales y potasa locales, as\u00ed como de manera sostenible. Contiene un 15% de potasa en el agua de los pozos. Este jab\u00f3n no contiene surfactantes. Dependiendo de la elecci\u00f3n de la variedad, se incluyen las fragancias. El jab\u00f3n de potasa natural y el b\u00f3rax de potasa no contienen fragancias.<\/span><\/div>\n<div>\n<p>El proceso de producci\u00f3n se llev\u00f3 a cabo sin aditivos qu\u00edmicos. El jab\u00f3n es muy activo limpiando y bien tolerado. Por lo tanto, es ideal para el cuidado de la limpieza de PVC, piedra, madera, lin\u00f3leo y pisos de baldosas y muebles. Tambi\u00e9n como removedor de manchas en alfombras y ropa, tambi\u00e9n es muy adecuado. Sin embargo, no debe usarlos en pisos de madera sin sellar.<\/p>\n<\/div>\n<div><\/div>\n<div><strong>Dosis de jab\u00f3n de potasa &#8211; jab\u00f3n natural:<\/strong><\/div>\n<div>Agregue a 10 litros de agua de limpieza, 50 ml de jab\u00f3n de lima. En caso de suciedad pesada, tambi\u00e9n puede dosificar este jab\u00f3n natural m\u00e1s alto. Como protecci\u00f3n de la superficie, incluso puede pulirlos sin diluir.<\/div>\n<div><\/div>\n<div>Puede encontrar los ingredientes de acuerdo con el Reglamento de Detergentes aqu\u00ed: <a href=\"https:\/\/shop.nlq24.eu\/es\/hojas-de-datos-segun-el-reglamento-de-detergentes\/?preview=true\" data-link-type=\"tree\" data-type=\"linkpicker\" data-cke-saved-href=\"http:\/\/www.neue-lebensqualitaet.com\/epages\/neue-lebensqualitaet.sf\/?ObjectPath=\/Shops\/neue-lebensqualitaet\/Categories\/Kaliseife\/Kaliseife_Inhaltsstoffe_Datenblatt\">Hojas de datos seg\u00fan el Reglamento de Detergentes<\/a><\/div>\n<div><\/div>\n<div><\/div>\n<div>\n<div><strong><img loading=\"lazy\" decoding=\"async\" class=\"alignnone size-full wp-image-1675\" src=\"https:\/\/shop.nlq24.eu\/wp-content\/uploads\/2018\/09\/Achtung-Gefahrzeichen-Pictogram.jpg\" alt=\"\" width=\"77\" height=\"77\"><br \/>\nAtenci\u00f3n<\/strong><\/div>\n<div>\n<p>Causa irritaci\u00f3n de la piel, puede causar reacciones al\u00e9rgicas en la piel Causa irritaci\u00f3n ocular severa, use guantes protectores\/protecci\u00f3n ocular\/protecci\u00f3n facial EN CONTACTO CON LOS OJOS: enjuague suavemente con agua durante unos minutos. Qu\u00edtese los lentes de contacto si es necesario. Contin\u00fae enjuagando. Evite el contacto con los ojos. Guardar en un lugar fresco y libre de heladas, cerrado y fuera del alcance de los ni\u00f1os. Agitar antes de usar. Usar s\u00f3lo en el envase original.<\/p>\n<\/div>\n<div>\n<div>\n<div><strong>Uso previsto \/ propiedades:<\/strong><\/div>\n<div>Producto de limpieza y cuidado para superficies y textiles impermeables. Concentrado f\u00e1cilmente soluble en agua, basado en un jab\u00f3n hecho de aceite vegetal.<\/div>\n<div><\/div>\n<div><strong>Composici\u00f3n:<br \/>\n<\/strong>Agua, aceite de colza como jab\u00f3n (oleato de potasio), hidr\u00f3xido de potasio, \u00e1cido c\u00edtrico.<\/div>\n<div><strong>Informaci\u00f3n seg\u00fan <\/strong><strong>el Reglamento de Detergentes:<\/strong><br \/>\n&gt; 60% agua, 15-30% jab\u00f3n, &lt;1% aceite esencial, &lt;5% otros.<\/div>\n<p><strong>Embalaje:<\/strong> Botella de polietileno.<\/p>\n<\/div>\n<div><strong>Este jab\u00f3n de potasa natural est\u00e1 disponible en diferentes variantes:<\/strong><\/div>\n<div>Jab\u00f3n de potasa natural<\/div>\n<div>&#8211; con aroma a citronela,<\/div>\n<div>&#8211; con aroma a<br \/>\n lavanda- con b\u00f3rax,<\/div>\n<div>&#8211; con fragancia de b\u00f3rax y citronela,<\/div>\n<\/div>\n<\/div>\n","protected":false},"excerpt":{"rendered":"<p>Jab\u00f3n de potasa disponible en diferentes variantes.<\/p>\n","protected":false},"featured_media":10637,"comment_status":"open","ping_status":"closed","template":"","meta":[],"product_brand":[],"product_cat":[1866,2335],"product_tag":[2888,2902,2915,2398,2431],"class_list":{"0":"post-73886","1":"product","2":"type-product","3":"status-publish","4":"has-post-thumbnail","6":"product_cat-todos-los-productos-resumen","7":"product_cat-jabon-de-potasa","8":"product_tag-duft-es","9":"product_tag-kali-borax-seife-es","10":"product_tag-jabon-de-potasa","11":"product_tag-borax-es","12":"product_tag-citronella-es","13":"product_shipping_class-1-paquete-de-envio-con-seguimiento","15":"first","16":"instock","17":"taxable","18":"shipping-taxable","19":"purchasable","20":"product-type-variable"},"_links":{"self":[{"href":"https:\/\/shop.nlq24.eu\/es\/wp-json\/wp\/v2\/product\/73886","targetHints":{"allow":["GET"]}}],"collection":[{"href":"https:\/\/shop.nlq24.eu\/es\/wp-json\/wp\/v2\/product"}],"about":[{"href":"https:\/\/shop.nlq24.eu\/es\/wp-json\/wp\/v2\/types\/product"}],"replies":[{"embeddable":true,"href":"https:\/\/shop.nlq24.eu\/es\/wp-json\/wp\/v2\/comments?post=73886"}],"wp:featuredmedia":[{"embeddable":true,"href":"https:\/\/shop.nlq24.eu\/es\/wp-json\/wp\/v2\/media\/10637"}],"wp:attachment":[{"href":"https:\/\/shop.nlq24.eu\/es\/wp-json\/wp\/v2\/media?parent=73886"}],"wp:term":[{"taxonomy":"product_brand","embeddable":true,"href":"https:\/\/shop.nlq24.eu\/es\/wp-json\/wp\/v2\/product_brand?post=73886"},{"taxonomy":"product_cat","embeddable":true,"href":"https:\/\/shop.nlq24.eu\/es\/wp-json\/wp\/v2\/product_cat?post=73886"},{"taxonomy":"product_tag","embeddable":true,"href":"https:\/\/shop.nlq24.eu\/es\/wp-json\/wp\/v2\/product_tag?post=73886"}],"curies":[{"name":"wp","href":"https:\/\/api.w.org\/{rel}","templated":true}]}}