{"id":74022,"date":"2020-12-10T10:54:59","date_gmt":"2020-12-10T10:54:59","guid":{"rendered":"https:\/\/shop.nlq24.eu\/?post_type=product&#038;p=74022"},"modified":"2025-07-29T07:19:25","modified_gmt":"2025-07-29T07:19:25","slug":"cdh3000-long-ms-milchsaeure-es","status":"publish","type":"product","link":"https:\/\/shop.nlq24.eu\/es\/ producto\/cdh3000-long-ms-milchsaeure-es\/","title":{"rendered":"CDH3000 LONG MS (CDL\/CDS) sin activar &#8211; \u00c1cido l\u00e1ctico activador"},"content":{"rendered":"<p><span style=\"font-size: 100%;\">Esta soluci\u00f3n de di\u00f3xido de cloro CDH3000 LONG (CDL\/CDS) consta de 2 componentes y est\u00e1<strong>sin activar<\/strong>en el momento de la compra. Como resultado, este <\/span><strong>\u00a1Vida \u00fatil durante a\u00f1os<\/strong> hasta el d\u00eda de la activaci\u00f3n!<\/p>\n<p>El activador aqu\u00ed es un \u00e1cido l\u00e1ctico 21%. CDH se vende aqu\u00ed como un producto qu\u00edmico puro.<\/p>\n<h3><strong>Pr\u00e1ctico:<\/strong><\/h3>\n<p>El \u00e1cido l\u00e1ctico activador al 21% est\u00e1 contenido en un <strong>frasco peque\u00f1o e irrompible<\/strong>. Despu\u00e9s de abrir ambos frascos, empuje el activador completo fuera del frasco peque\u00f1o directamente en la soluci\u00f3n madre. Despu\u00e9s de eso, la soluci\u00f3n maestra se cierra con la tapa y ahora se activa durante unas 6 -12 horas, dependiendo de la temperatura.<\/p>\n<h3><strong>Mezcla perfecta:<\/strong><\/h3>\n<p>Los componentes se adaptan con precisi\u00f3n entre s\u00ed y se calculan para que pueda utilizarlos para crear una soluci\u00f3n perfecta.  &lt;  0.3%. Esto est\u00e1 aprobado para la desinfecci\u00f3n de agua potable.<\/p>\n<h3><strong>Contenido del conjunto:<\/strong><\/h3>\n<p><span style=\"font-size: 100%;\"><strong>Soluci\u00f3n madre:<\/strong> Soluci\u00f3n de clorito de sodio al 1,8%. <\/span><span style=\"font-size: 100%;\"> <strong>Un<\/strong><\/span><span style=\"font-size: 100%;\"><strong>ctivador:<\/strong> \u00c1cido l\u00e1ctico al 21% en frasco de HPDE irrompible.<\/span><\/p>\n<p>&nbsp;<\/p>\n<p><span class=\"style7\"><span style=\"color: #000000; font-size: 110%;\">Use CDH3000 LONG MS cuidadosamente y siempre lea la etiqueta y la informaci\u00f3n del producto antes de usarlo.<\/span><\/span><\/p>\n<h3><span class=\"style7\">Instrucciones de peligro y seguridad para<br \/>\n<\/span><\/h3>\n<p><span class=\"style7\"><br \/>\n  <strong>Soluci\u00f3n madre: Clorito de sodio 1.8 %:<br \/>\n<\/strong><br \/>\n  <strong><\/p>\n<p>  <\/strong><br \/>\n<\/span><span style=\"color: #282828;\"><br \/>\n  <span style=\"color: #282828;\">Notas: <\/span><br \/>\n<\/span>Si se ingiere: Beber abundante agua para la diluci\u00f3n.<\/p>\n<hr>\n<p><span class=\"style7\"><strong>Activador: <\/strong><strong><br \/>\n<\/strong><\/span><\/p>\n<div><u><strong>\u00c1cido l\u00e1ctico dextrorotatorio 21<\/strong><\/u><\/div>\n<div>Este \u00e1cido l\u00e1ctico 21 de giro a la derecha tiene una calidad superior y por supuesto fue ganado para usted.<\/div>\n<div>\n<p><img loading=\"lazy\" decoding=\"async\" class=\"\" src=\"https:\/\/shop.es-drei.de\/images\/ghs\/50px-GHS-pictogram-acid.svg.jpg\" alt=\"GHS-Piktogramm-agonizante\" width=\"71\" height=\"71\" data-cke-saved-src=\"https:\/\/shop.es-drei.de\/images\/ghs\/50px-GHS-pictogram-acid.svg.jpg\"><\/p>\n<p><strong> Riesgo<\/strong><\/p>\n<p><strong>Informaci\u00f3n de peligro y seguridad:<\/strong><br \/>\nCausa da\u00f1os oculares graves. Provoca irritaci\u00f3n cut\u00e1nea. Use guantes\/ropa protectora\/protecci\u00f3n ocular\/protecci\u00f3n facial. EN CONTACTO CON EL HAUT: Lavar con abundante agua. EN CONTACTO CON LOS OJOS: Enjuagar suavemente con agua durante unos minutos. Qu\u00edtese las lentes de contacto si es posible. Contin\u00fae enjuagando.<\/p>\n<p class=\"Normal\">\n<\/div>\n<hr>\n<h4><strong>Para la soluci\u00f3n CDH3000 LONG MS activada:<\/strong><\/h4>\n<p class=\"Normal tm5\">El l\u00edquido CDH3000 puede decolorar el material org\u00e1nico sin diluir. Despu\u00e9s de inhalar el gas por encima del l\u00edquido, proporcione aire fresco. En caso de contacto con los ojos, enjuague el ojo con agua con el espacio del p\u00e1rpado abierto. Si se ingiere accidentalmente, beba mucha agua para diluirlo. Si tiene s\u00edntomas persistentes, consulte a un m\u00e9dico o natur\u00f3pata. No permita que grandes cantidades entren en el sistema de alcantarillado o cuerpos de agua. Gu\u00e1rdelo en un lugar fresco y protegido de la luz en la botella cerrada.<\/p>\n<hr>\n<p>Si est\u00e1 buscando una soluci\u00f3n de di\u00f3xido de cloro ya activada, mire <span style=\"color: #0000ff;\"><a style=\"color: #0000ff;\" href=\"https:\/\/shop.nlq24.eu\/produkt\/cdh3000-chlordioxid-loesung\/\"><strong>aqu\u00ed<\/strong>.<\/a><\/span><br \/>\nSi quieres que te lo entreguen en un frasco con una protecci\u00f3n solar perfecta, solo tienes que echar un vistazo al <a href=\"https:\/\/shop.nlq24.eu\/es\/Produkt\/cdh3000-premium-dioxido-de-cloro-loesung-03-en-vidrio\/\"><strong>CDH3000 Premium<\/strong><\/a> .<\/p>\n","protected":false},"excerpt":{"rendered":"<p>CDH3000 LONG MS Soluci\u00f3n de di\u00f3xido de cloro (CDL\/CDS) desactivada con activador<span class=\"style7\"><br \/>\n  <span style=\"color: #000000; font-size: 110%;\"> Use \u00e1cido l\u00e1ctico cuidadosamente y siempre lea la etiqueta y la informaci\u00f3n del producto antes de usar.<\/span><br \/>\n<\/span><\/p>\n","protected":false},"featured_media":87676,"comment_status":"open","ping_status":"closed","template":"","meta":[],"product_brand":[],"product_cat":[3417,1866],"product_tag":[2646,2648,2652,2378,3090,2402,2405,2420,2423,2425,2429],"class_list":{"0":"post-74022","1":"product","2":"type-product","3":"status-publish","4":"has-post-thumbnail","6":"product_cat-cdh3000-long-sin-activar","7":"product_cat-todos-los-productos-resumen","8":"product_tag-acido-clorhidrico","9":"product_tag-hcl-es","10":"product_tag-acido-lactico","11":"product_tag-aktivator-es","12":"product_tag-cdh-long-ms-es","13":"product_tag-cdh3000-long-es","14":"product_tag-cdh3000-lang-haltbar-es","15":"product_tag-cdl-laenger-haltbar-es","16":"product_tag-cds-es","17":"product_tag-chlordioxid-set-es","18":"product_tag-chlorine-dioxide-solution-2-es","19":"product_shipping_class-1-paquete-de-envio-con-seguimiento","20":"pa_milliliter-2-x-500-ml-es","21":"pa_milliliter-250-ml-es","22":"pa_milliliter-500-ml-es","23":"pa_milliliter-1000-ml-es","25":"first","26":"instock","27":"taxable","28":"shipping-taxable","29":"purchasable","30":"product-type-variable"},"_links":{"self":[{"href":"https:\/\/shop.nlq24.eu\/es\/wp-json\/wp\/v2\/product\/74022","targetHints":{"allow":["GET"]}}],"collection":[{"href":"https:\/\/shop.nlq24.eu\/es\/wp-json\/wp\/v2\/product"}],"about":[{"href":"https:\/\/shop.nlq24.eu\/es\/wp-json\/wp\/v2\/types\/product"}],"replies":[{"embeddable":true,"href":"https:\/\/shop.nlq24.eu\/es\/wp-json\/wp\/v2\/comments?post=74022"}],"wp:featuredmedia":[{"embeddable":true,"href":"https:\/\/shop.nlq24.eu\/es\/wp-json\/wp\/v2\/media\/87676"}],"wp:attachment":[{"href":"https:\/\/shop.nlq24.eu\/es\/wp-json\/wp\/v2\/media?parent=74022"}],"wp:term":[{"taxonomy":"product_brand","embeddable":true,"href":"https:\/\/shop.nlq24.eu\/es\/wp-json\/wp\/v2\/product_brand?post=74022"},{"taxonomy":"product_cat","embeddable":true,"href":"https:\/\/shop.nlq24.eu\/es\/wp-json\/wp\/v2\/product_cat?post=74022"},{"taxonomy":"product_tag","embeddable":true,"href":"https:\/\/shop.nlq24.eu\/es\/wp-json\/wp\/v2\/product_tag?post=74022"}],"curies":[{"name":"wp","href":"https:\/\/api.w.org\/{rel}","templated":true}]}}