{"id":74170,"date":"2018-09-18T13:08:01","date_gmt":"2018-09-18T13:08:01","guid":{"rendered":"https:\/\/shop.nlq24.eu\/produkt\/dosificador-sistema-de-dosificacion-para-botella-de-vidrio-ambar-de-28-mm\/"},"modified":"2025-06-17T10:33:22","modified_gmt":"2025-06-17T10:33:22","slug":"doser-cdh-doser-10-ml-es","status":"publish","type":"product","link":"https:\/\/shop.nlq24.eu\/es\/ producto\/doser-cdh-doser-10-ml-es\/","title":{"rendered":"Doser-System STD 28 mm &#8211; para botella de vidrio \u00e1mbar"},"content":{"rendered":"<p class=\"Normal\"><strong><span class=\"tm6\">El Doser<\/span><\/strong> es una parte de la <strong><span class=\"tm6\">Sistema de dosificaci\u00f3n ORIGINAL.<br \/>\n<\/span><\/strong><\/p>\n<p>Este sistema dosificador STD 28 mm solo se adapta a botellas PP28,  <strong>NO pero no en el frasco de vidrio Miron de 1000 ml.<\/strong><\/p>\n<p class=\"Normal\">Este dosificador es una ayuda de dosificaci\u00f3n precisa para l\u00edquidos como: CDH, agua, jugos, etc. Es una especie de jeringa dosificadora. Esto se convierte en un dispositivo de extracci\u00f3n por medio de un inserto de botella, el llamado inserto dosificador.  Se puede prensar en botellas PP28. El<strong>Doser<\/strong> otra vez, <strong>encaja<\/strong> preciso <strong>en el dosificador<\/strong>. As\u00ed que puedes usar el <strong>inserto<\/strong> del dosificador y el dosificador de paso preciso para sacar los <strong>l\u00edquidos de estas<\/strong> botellas. Y esto <strong>sin p\u00e9rdidas<\/strong> y completamente limpio. Lo mejor de este sistema es que puede medir el l\u00edquido<strong> al mismo tiempo<\/strong> que lo introduce en el dosificador. Esto permite la graduaci\u00f3n del dosificador de 10 ml. Se divide en pasos de 0,5 ml. Por lo tanto, puede <strong>dosificar con mucha m\u00e1s precisi\u00f3n<\/strong> con \u00e9l que con una taza medidora.<\/p>\n<p>El <strong>sistema Doser se adapta tanto a botellas de vidrio PP28 como a botellas de PET<\/strong> de este tama\u00f1o. El pestillo en el dosificador est\u00e1 hecho del material PE.<\/p>\n<h3 class=\"Normal\"><strong><span class=\"tm6\">Mi consejo de cuidado:<\/span><\/strong><\/h3>\n<p class=\"Normal\">Si el dosificador se vuelve dif\u00edcil de usar, simplemente proceda de la siguiente manera.<br \/>\n1.) Saque el \u00e9mbolo de la carcasa del dosificador.<br \/>\n2.) Humedece el sello de goma alrededor del \u00e9mbolo con una gota de aceite vegetal.<br \/>\n3.) Empuje el \u00e9mbolo hacia adentro y mu\u00e9valo hacia arriba y hacia abajo varias veces. Despu\u00e9s de eso es suave de nuevo!<\/p>\n<p class=\"Normal\"><strong><span class=\"tm6\">Variantes del dosificador:<br \/>\n<\/span><\/strong>El Dosificador est\u00e1 disponible con un volumen de 5 ml o 10 ml.<\/p>\n<p class=\"Normal\">1.) El dosificador para 10 ml de volumen tiene 13,6 mm de di\u00e1metro y 134 mm de longitud. La graduaci\u00f3n es f\u00e1cil de leer en pasos de 0,5 ml.<\/p>\n<p class=\"Normal\">2.) El dosificador para 5 ml de volumen tiene un di\u00e1metro de 11 mm y una longitud de 123 mm. La graduaci\u00f3n se divide en pasos de 0,1 ml. Esto permite una dosis muy precisa.<\/p>\n<p class=\"Normal\">-&gt; Ambos tama\u00f1os pueden ser seleccionados con o sin un inserto de dosis.<\/p>\n<p>3.) Una m\u00e1s  <strong><a href=\"https:\/\/shop.nlq24.eu\/de\/produkt\/doser-system-28mm-dosierspritze\/\">La jeringa dosificadora m\u00e1s duradera se puede encontrar en el sistema dosificador<\/a><\/strong>  con jeringa de 12 ml.<\/p>\n<p class=\"Normal\">Puedes equipar y comprar aqu\u00ed una <strong><span class=\"tm6\">botella de Doser System<\/span><\/strong><strong><u><a href=\"https:\/\/shop.nlq24.eu\/produkt\/glasflasche-pp28-grosse-oeffnung-mit-verschiedenem-groessen-und-zubehoer\/\"><span class=\"tm6\"><span style=\"color: #0000ff;\"> como<\/span><\/span><\/a><\/u><\/strong> desees.<\/p>\n<p class=\"Normal\">Si <strong>solo<\/strong> necesita un inserto de doser, puede encontrarlo <strong><br \/>\n  <u><br \/>\n    <a href=\"https:\/\/shop.nlq24.eu\/produkt\/doser-einsatz\/\"><br \/>\n      <span class=\"tm6\">aqu\u00ed<\/span><br \/>\n    <\/a><br \/>\n  <\/u><br \/>\n  <span class=\"tm7\">.<\/span><br \/>\n<\/strong><\/p>\n<p class=\"Normal\">\u00bfYa has comprado una botella PP28? Si desea utilizar el dosificador para una botella de este tipo, es posible que necesite una tapa separada.  El cierre c\u00f3nico utilizado en los frascos de DMSO y MKB, por ejemplo, no puede utilizarse para la aplicaci\u00f3n del Dosificador. En este caso, necesitar\u00eda el <a href=\"https:\/\/shop.nlq24.eu\/es\/Produkt\/cierre-a-prueba-de-ninos-para-vidrio-botella-pp28-gran-apertura\/\">cierre PP28 a prueba de ni\u00f1os<\/a> adecuado. Esto tambi\u00e9n se puede seleccionar como un accesorio en este producto aqu\u00ed.<\/p>\n<p>&nbsp;<\/p>\n","protected":false},"excerpt":{"rendered":"<p>Dosificador &#8211; Sistema de dosificaci\u00f3n<\/p>\n","protected":false},"featured_media":11067,"comment_status":"open","ping_status":"closed","template":"","meta":[],"product_brand":[],"product_cat":[1866,3744,1876,2326],"product_tag":[2642,2470,2643,2944,3381,2399,2455,2456,2457],"class_list":{"0":"post-74170","1":"product","2":"type-product","3":"status-publish","4":"has-post-thumbnail","6":"product_cat-todos-los-productos-resumen","7":"product_cat-sistema-de-dosificacion-todos","8":"product_cat-dosificacion-medicion","9":"product_cat-dosificador-para-botellas-pp28","10":"product_tag-jeringa-dosificadora","11":"product_tag-dosierer-es","12":"product_tag-pipeta-dosificadora","13":"product_tag-sistema-de-dosificacion-28-mm","14":"product_tag-jeringa-dosificadora-es","15":"product_tag-cdh-doser-es","16":"product_tag-doser-es","17":"product_tag-doser-einsatz-es","18":"product_tag-doser-system-es","19":"product_shipping_class-1-paquete-de-envio-con-seguimiento","20":"pa_milliliter-5-ml-es","21":"pa_milliliter-10-ml-es","23":"first","24":"instock","25":"taxable","26":"shipping-taxable","27":"purchasable","28":"product-type-variable"},"_links":{"self":[{"href":"https:\/\/shop.nlq24.eu\/es\/wp-json\/wp\/v2\/product\/74170","targetHints":{"allow":["GET"]}}],"collection":[{"href":"https:\/\/shop.nlq24.eu\/es\/wp-json\/wp\/v2\/product"}],"about":[{"href":"https:\/\/shop.nlq24.eu\/es\/wp-json\/wp\/v2\/types\/product"}],"replies":[{"embeddable":true,"href":"https:\/\/shop.nlq24.eu\/es\/wp-json\/wp\/v2\/comments?post=74170"}],"wp:featuredmedia":[{"embeddable":true,"href":"https:\/\/shop.nlq24.eu\/es\/wp-json\/wp\/v2\/media\/11067"}],"wp:attachment":[{"href":"https:\/\/shop.nlq24.eu\/es\/wp-json\/wp\/v2\/media?parent=74170"}],"wp:term":[{"taxonomy":"product_brand","embeddable":true,"href":"https:\/\/shop.nlq24.eu\/es\/wp-json\/wp\/v2\/product_brand?post=74170"},{"taxonomy":"product_cat","embeddable":true,"href":"https:\/\/shop.nlq24.eu\/es\/wp-json\/wp\/v2\/product_cat?post=74170"},{"taxonomy":"product_tag","embeddable":true,"href":"https:\/\/shop.nlq24.eu\/es\/wp-json\/wp\/v2\/product_tag?post=74170"}],"curies":[{"name":"wp","href":"https:\/\/api.w.org\/{rel}","templated":true}]}}