{"id":74179,"date":"2020-12-17T11:44:39","date_gmt":"2020-12-17T11:44:39","guid":{"rendered":"https:\/\/shop.nlq24.eu\/produkt\/generador-de-frecuencia-terrestre-dual-frecuencia-de-schumann\/"},"modified":"2025-06-19T07:29:45","modified_gmt":"2025-06-19T07:29:45","slug":"erdfrequenz-generator-es","status":"publish","type":"product","link":"https:\/\/shop.nlq24.eu\/es\/ producto\/erdfrequenz-generator-es\/","title":{"rendered":"Generador de frecuencia terrestre dual &#8211; frecuencia de Schumann"},"content":{"rendered":"<p class=\"Normal\">Ein <strong><span class=\"tm5\">El generador de frecuencia terrestre dual trae armon\u00eda a su vida a trav\u00e9s de la frecuencia de Schumann<\/span><\/strong><\/p>\n<p class=\"Normal tm6 tm7\"><span class=\"tm8\">Una innovaci\u00f3n de Meditech es la nueva <\/span><strong><span class=\"tm5\">Generador de frecuencia terrestre doble<\/span><\/strong><span class=\"tm8\"> (Dual Earth Frequency Generator). Este dispositivo es muy adecuado para usted si quiere vivir una \u00abvida consciente de la radiaci\u00f3n\u00bb y minimizar los riesgos. El nuevo <\/span><strong><span class=\"tm5\">Generador de frecuencia terrestre doble<\/span><\/strong><span class=\"tm8\"> genera la resonancia de Schumann (la frecuencia terrestre) de 7,83 Hz y la transmite a su entorno vital.<\/span><\/p>\n<p class=\"Normal tm6 tm7\"><span class=\"tm8\"> <\/span><\/p>\n<p class=\"Normal tm6 tm7\"><span class=\"tm8\">Es la frecuencia terrestre, que es indispensable para el bienestar de toda la vida en la tierra y por lo tanto tambi\u00e9n para los seres humanos! \u00abEl latido de la Tierra\u00bb. Si esta frecuencia no est\u00e1 presente o es desplazada por otras radiaciones como 5G, 4G, Wi-Fi, Bluetooth, microondas o el tel\u00e9fono m\u00f3vil, puede experimentar s\u00edntomas como ansiedad, inquietud, estr\u00e9s o malestar general. El cuerpo podr\u00eda desequilibrarse y entonces podr\u00edan presentarse vagas quejas como fatiga, dolores de cabeza y otras.<br \/>\n<\/span><\/p>\n<p class=\"Normal tm6 tm7\"><span class=\"tm8\">Con su nuevo<\/span> <strong> <span class=\"tm5\">generador de frecuencia de doble tierra<\/span><\/p>\n<p><\/strong><span class=\"tm8\">  Puedes hacer algo al respecto, traer la resonancia de la Madre Tierra, la frecuencia Schumann, de vuelta a tu vida. El nuevo <\/span><strong><span class=\"tm5\">Generador de frecuencia terrestre doble<\/span><\/strong><span class=\"tm8\"> emite un campo de vibraci\u00f3n de s\u00f3lo estos 7,83 Hz. Con la ayuda de un sistema de transmisi\u00f3n mejorado en diciembre de 2020, este campo oscilante es a\u00fan m\u00e1s fuerte y, por lo tanto, a\u00fan m\u00e1s adecuado para neutralizar para nosotros la masa cada vez mayor de radiaci\u00f3n alien\u00edgena que nos rodea. Con el nuevo <\/span><strong><span class=\"tm5\">Generador de frecuencia terrestre doble<\/span><\/strong><span class=\"tm8\"> es posible armonizar mejor su entorno de vida pero tambi\u00e9n su entorno de trabajo. Tambi\u00e9n puede ayudar a mejorar el sue\u00f1o, aliviar la tensi\u00f3n y el dolor, y armonizar las perturbaciones en la bebida y la alimentaci\u00f3n. <\/span><\/p>\n<p class=\"Normal tm6 tm7\"><span class=\"tm8\"> <\/span><\/p>\n<p class=\"Normal tm6 tm7\"><span class=\"tm8\">Proporcionamos m\u00e1s informaci\u00f3n en nuestro <\/span><strong><span class=\"tm5\">Art\u00edculo del blog<\/span><\/strong><span class=\"tm8\">: \u201e<strong><a href=\"https:\/\/shop.nlq24.eu\/es\/volver-a-la-frecuencia-natural\/\">Volver a la frecuencia natural<\/a><\/strong>\u00ab. Con el <\/span><strong><span class=\"tm5\">Generador de frecuencia de tierra dual<\/span><\/strong><span class=\"tm8\">. Se puede encontrar informaci\u00f3n adicional detallada en el blog en el art\u00edculo: <a href=\"https:\/\/shop.nlq24.eu\/es\/informacion-sobre-el-generador-de-frecuencia-de-tierra\/\"> <strong>Informaci\u00f3n sobre el generador de frecuencia de tierra.<\/strong><\/p>\n<p><\/a><\/span><\/p>\n<p>Aqu\u00ed encontrar\u00e1 las <strong> <a href=\"https:\/\/shop.nlq24.eu\/es\/generador-manual-de-frecuencia-de-tierra-dual\/\">instrucciones de funcionamiento para el generador de frecuencia de tierra dual<\/a><\/p>\n<p><\/strong><\/p>\n<p class=\"Normal tm5 tm6\"><strong><span class=\"tm8\">Tus beneficios:<\/span><\/strong><\/p>\n<p class=\"Normal tm5 tm6\"><span class=\"tm7\">Neutralizar efectivamente la radiaci\u00f3n electromagn\u00e9tica.<\/span><\/p>\n<p class=\"Normal tm5 tm6\"><span class=\"tm7\">\u2713 M\u00e1s equilibrio y paz en tu entorno<\/span><\/p>\n<p class=\"Normal tm5 tm6\"><span class=\"tm7\">\u2713 Producto de alta calidad<\/span><\/p>\n<p class=\"Normal tm6 tm7\"><span class=\"tm8\">\u00a1Compre su<\/span> <strong> <span class=\"tm5\">generador de frecuencia de doble tierra para producir la frecuencia Schumann hoy!<\/span><\/p>\n<p><\/strong><\/p>\n<p>El dispositivo es con 9 cm de longitud y aprox. 4,5 cm de ancho muy pr\u00e1ctico y puede ser utilizado por su funcionamiento de la bater\u00eda tambi\u00e9n muy bien m\u00f3vil en el camino. Por ejemplo, en el coche, en la caravana, en el camping o en el barco.<\/p>\n<p>Se suministra sin la bater\u00eda LR03.<\/p>\n<h3>Operaci\u00f3n Generador de frecuencia terrestre<\/h3>\n<p>La operaci\u00f3n es muy sencilla: pulse el interruptor ON durante 3 segundos. Despu\u00e9s de eso, el procesador arranca y luego libera la frecuencia permanentemente. Primero, el diodo se ilumina m\u00e1s r\u00e1pido y luego se ralentiza hasta que parpadea lentamente, de vez en cuando.<\/p>\n<p>Apague el generador de frecuencia terrestre si ya no desea usarlo. Para ello, pulse el interruptor ON de nuevo durante 3 segundos. Entonces se apaga.<\/p>\n<p>El diodo con el signo lunar est\u00e1 activo al reiniciar el procesador. Para ello, pulse brevemente el bot\u00f3n ON una vez cuando el dispositivo est\u00e9 encendido. Durante un corto per\u00edodo de tiempo, ambos diodos parpadean hasta que el procesador se ha vuelto a ajustar. Este proceso no es necesario en principio.<\/p>\n<p>&nbsp;<\/p>\n<p>El diodo verde del EFG parpadea cada 0,5 segundos despu\u00e9s de encenderse y arrancar. Luego cambia al modo de ahorro de energ\u00eda (modo 3 = modo continuo), el modo normal. El diodo parpadea solo cada 3 segundos.<\/p>\n<h3>Configuraci\u00f3n del Generador de Frecuencia Terrestre<\/h3>\n<p>Coloque el generador de frecuencia de tierra en la habitaci\u00f3n. La frecuencia se emite desde la parte frontal ancha del generador. Apunte al espacio \/espacio donde se hospeda. Cuanto m\u00e1s denso sea el generador de frecuencias de la Tierra, m\u00e1s fuerte ser\u00e1 el efecto de la frecuencia de la Tierra. Por lo tanto, llevar en el bolsillo tambi\u00e9n puede ser \u00fatil. Tambi\u00e9n el transporte en el coche \/ caravana \/ autocaravana \/ barco.<\/p>\n<p>Por favor, informe sobre sus experiencias con el Generador de Frecuencia terrestre en la revisi\u00f3n del producto o en el libro de visitas.<\/p>\n<p>Haga clic aqu\u00ed para <a href=\"https:\/\/shop.nlq24.eu\/wp-content\/uploads\/2021\/05\/Anleitung-Dualer-EFG-Erdfrequenz-Generator-Gebrauchsanweisung-DE.pdf\">obtener las instrucciones manuales del generador de frecuencias de tierra EFG dual para usar DE<\/a><\/p>\n","protected":false},"excerpt":{"rendered":"<p>Generador de frecuencia terrestre dual &#8211; frecuencia de Schumann<\/p>\n","protected":false},"featured_media":74150,"comment_status":"open","ping_status":"closed","template":"","meta":[],"product_brand":[],"product_cat":[1866,2953],"product_tag":[2954,2955,2956,2957],"class_list":{"0":"post-74179","1":"product","2":"type-product","3":"status-publish","4":"has-post-thumbnail","6":"product_cat-todos-los-productos-resumen","7":"product_cat-la-tecnologia-de-frecuencia","8":"product_tag-generador-de-frecuencia-terrestre-dual-frecuencia-de-schumann","9":"product_tag-la-frecuencia-de-la-tierra","10":"product_tag-la-frecuencia-de-schumann","11":"product_tag-generador-de-frecuencia","12":"product_shipping_class-1-paquete-de-envio-con-seguimiento","14":"first","15":"instock","16":"taxable","17":"shipping-taxable","18":"purchasable","19":"product-type-simple"},"_links":{"self":[{"href":"https:\/\/shop.nlq24.eu\/es\/wp-json\/wp\/v2\/product\/74179","targetHints":{"allow":["GET"]}}],"collection":[{"href":"https:\/\/shop.nlq24.eu\/es\/wp-json\/wp\/v2\/product"}],"about":[{"href":"https:\/\/shop.nlq24.eu\/es\/wp-json\/wp\/v2\/types\/product"}],"replies":[{"embeddable":true,"href":"https:\/\/shop.nlq24.eu\/es\/wp-json\/wp\/v2\/comments?post=74179"}],"wp:featuredmedia":[{"embeddable":true,"href":"https:\/\/shop.nlq24.eu\/es\/wp-json\/wp\/v2\/media\/74150"}],"wp:attachment":[{"href":"https:\/\/shop.nlq24.eu\/es\/wp-json\/wp\/v2\/media?parent=74179"}],"wp:term":[{"taxonomy":"product_brand","embeddable":true,"href":"https:\/\/shop.nlq24.eu\/es\/wp-json\/wp\/v2\/product_brand?post=74179"},{"taxonomy":"product_cat","embeddable":true,"href":"https:\/\/shop.nlq24.eu\/es\/wp-json\/wp\/v2\/product_cat?post=74179"},{"taxonomy":"product_tag","embeddable":true,"href":"https:\/\/shop.nlq24.eu\/es\/wp-json\/wp\/v2\/product_tag?post=74179"}],"curies":[{"name":"wp","href":"https:\/\/api.w.org\/{rel}","templated":true}]}}