{"id":74225,"date":"2020-12-18T19:00:56","date_gmt":"2020-12-18T19:00:56","guid":{"rendered":"https:\/\/shop.nlq24.eu\/produkt\/polarizador-de-ambiente-vivo-3\/"},"modified":"2025-11-07T19:32:59","modified_gmt":"2025-11-07T19:32:59","slug":"lebensumfeld-polarisierer-3","status":"publish","type":"product","link":"https:\/\/shop.nlq24.eu\/es\/ producto\/lebensumfeld-polarisierer-3\/","title":{"rendered":"Polarizador del medio ambiente"},"content":{"rendered":"<h3><strong>Polarizador del medio ambiente <\/strong><\/h3>\n<h3><strong>Neutralizaci\u00f3n de las longitudes de onda perjudiciales<\/strong><\/h3>\n<p class=\"Normal tm5 tm7\"><span class=\"tm8\">Un dispositivo que puedes configurar o enchufar en un lugar fijo de tu casa. Este es tu nuevo   <\/span><strong><span class=\"tm9\">Polarizador del medio ambiente<\/span><\/strong><span class=\"tm8\">. Su sistema de antenas neutraliza las longitudes de onda da\u00f1inas. Adem\u00e1s, el dispositivo restaura las frecuencias normales y naturales, mejoradas. Gracias a la  <\/span><strong><span class=\"tm9\">Polarizador del medio ambiente <\/span><\/strong><span class=\"tm8\">Puede reducir el efecto invisible e indeseable de la radiaci\u00f3n negativa. No solo eso, sino que puedes usarlo para convertirlo en algo positivo. La calidad del agua en casa tambi\u00e9n se ve influenciada positivamente por el dispositivo.  <\/span><\/p>\n<p class=\"Normal tm5 tm7\"><span class=\"tm8\"> <\/span><\/p>\n<h3><strong>Agua energ\u00e9tica<\/strong><\/h3>\n<p class=\"Normal tm5 tm7\"><span class=\"tm8\">\u00bfEl sistema de tuber\u00edas el\u00e9ctricas de su casa est\u00e1 conectado a tierra a la tuber\u00eda de agua? Luego, los patrones el\u00e9ctricos de las sustancias en el agua tambi\u00e9n se corrigen gracias al polarizador.  Normalmente, el agua disipa las energ\u00edas. Con el polarizador, el agua dar\u00e1 energ\u00eda en su lugar. De esta manera, el polarizador Lebensfeld mejora inmediatamente <strong>la calidad del agua de la<\/strong> casa.<\/span><\/p>\n<p class=\"Normal tm5 tm7\"><span class=\"tm8\"> <\/span><\/p>\n<h3><strong>\u00bfCu\u00e1l es el entorno de vida del polarizador?<\/strong><\/h3>\n<p class=\"Normal tm5 tm7\"><span class=\"tm8\">Este sistema de antenas, que absorbe, agrega (concentra), reagrupa, invierte (invierte) y vuelve a irradiar una gama infinitamente amplia de longitudes de onda, puede traer una nueva armon\u00eda a su vida. Esta versi\u00f3n ha sido especialmente dise\u00f1ada para su entorno de vida y trabajo.  Conect\u00e1ndolo a la toma, se ampl\u00eda el sistema de antenas y se incrementa el alcance muchas veces.<\/span><\/p>\n<p class=\"Normal tm5 tm7\"><span class=\"tm8\"> <\/span><\/p>\n<h4 class=\"Normal tm5 tm7\"><strong><span class=\"tm9\">\u00bfC\u00f3mo funciona la polarizaci\u00f3n?<\/span><\/strong><\/h4>\n<p class=\"Normal tm5 tm7\"><span class=\"tm8\">La radiaci\u00f3n est\u00e1 en todas partes estos d\u00edas. Piense en microondas, televisores, tubos fluorescentes, estaciones de televisi\u00f3n y radar, torres de transmisi\u00f3n de microondas, torres de transmisi\u00f3n, equipos de radio y tel\u00e9fono, el tel\u00e9fono DECT, computadoras, la red el\u00e9ctrica, herramientas y equipos alimentados por motores de CA. Adem\u00e1s de todo esto, tambi\u00e9n hay influencias dom\u00e9sticas, como Wi-Fi, WLAN, tel\u00e9fonos m\u00f3viles y tambi\u00e9n el \u00abmedidor inteligente\u00bb: medidor de electricidad en el gabinete del medidor. <\/span><\/p>\n<p class=\"Normal tm5 tm7\"><span class=\"tm8\"> <\/span><\/p>\n<p class=\"Normal tm5 tm7\"><span class=\"tm8\">Por cierto, me parece totalmente inaceptable que tantas fuentes de radiaci\u00f3n antinaturales puedan causar en algunos casos graves da\u00f1os a la salud.  <\/span><\/p>\n<p class=\"Normal tm5 tm7\"><span class=\"tm8\"> <\/span><\/p>\n<h4 class=\"Normal tm5 tm7\"><strong><span class=\"tm9\">\u00bfPor qu\u00e9 deber\u00eda usar un polarizador para entornos vivos?<\/span><\/strong><\/h4>\n<p class=\"Normal tm5 tm7\"><span class=\"tm8\">&#8211; Un <\/span><strong><span class=\"tm9\">polarizador de entorno de vida <\/span><\/strong><span class=\"tm8\">protege y optimiza los sistemas biol\u00f3gicos, as\u00ed como todas las formas de vida.<\/span><\/p>\n<p class=\"Normal tm5 tm7\"><span class=\"tm8\">&#8211; Cada medio como: El agua, los l\u00edquidos, los alimentos, las plantas, as\u00ed como los seres humanos y los animales tienen un campo de frecuencia y por lo tanto tambi\u00e9n transmiten informaci\u00f3n. Adem\u00e1s de normalizar el entorno electromagn\u00e9tico y reducir el electrosmog, nuestro campo de energ\u00eda (tambi\u00e9n llamado aura) est\u00e1 protegido por la eliminaci\u00f3n de las vibraciones disonantes obstructivas.<\/span><\/p>\n<p class=\"Normal tm5 tm7\"><span class=\"tm8\">&#8211; Adem\u00e1s de proteger y neutralizar las longitudes de onda perjudiciales, este polarizador tambi\u00e9n tiene un efecto restaurador, amplificador y vitalizador de las frecuencias normales de las vibraciones celulares.<\/span><\/p>\n<p class=\"Normal tm5 tm7\"><span class=\"tm8\">&#8211; Si el sistema de tuber\u00edas el\u00e9ctricas de su casa est\u00e1 conectado a tierra con el suministro de agua, el polarizador tambi\u00e9n corrige los patrones el\u00e9ctricos de las sustancias contenidas en el agua. Con su polarizador, energiza y usa el agua de tal manera que las vibraciones son mejores que con cualquier agua destilada comercialmente. Esto fue probado.<\/span><\/p>\n<p class=\"Normal tm5 tm7\"><strong><span class=\"tm9\"> <\/span><\/strong><\/p>\n<h3><strong>\u00bfC\u00f3mo funciona el polarizador del entorno vital?<\/strong><\/h3>\n<p class=\"Normal tm5 tm7\"><span class=\"tm8\">&#8211; Este polarizador no funciona con energ\u00eda ni bater\u00edas. Funciona como un sistema de antenas que tiene un efecto armonizador. Por lo tanto, el rendimiento es consistentemente alto. Tiene un sistema de antena incorporado. El <\/span><strong><span class=\"tm9\">El polarizador del entorno habitable<\/span><\/strong><span class=\"tm8\"> se conecta a una toma de corriente y utiliza el cableado del circuito el\u00e9ctrico de la casa como antena.<\/span><\/p>\n<p class=\"Normal tm5 tm7\"><span class=\"tm8\">&#8211; Todas las partes del <\/span><strong><span class=\"tm9\">polarizador del entorno vital<\/span><\/strong><span class=\"tm8\"> son intensamente \u00abtratadas\u00bb con frecuencias en un \u00abba\u00f1o de frecuencias\u00bb. Estos est\u00e1n programados para una hora con la informaci\u00f3n del \u00aboscilador multiondas\u00bb. Esto utiliza un rango de frecuencia de 144 Hz a 12.300 GHz. El poder de su nuevo  <\/span><strong><span class=\"tm9\">Polarizadores del entorno vital  <\/span><\/strong><span class=\"tm8\">por lo tanto, es a\u00fan m\u00e1s intenso. Esto incluso le da una ventaja sobre sus predecesores.<\/span><\/p>\n<p class=\"Normal tm5 tm7\"><span class=\"tm8\">&#8211; Este polarizador est\u00e1 especialmente dise\u00f1ado para su hogar o espacio de trabajo. Utiliza todo el sistema de cableado de la casa como una <strong>potente antena<\/strong>.<\/span><\/p>\n<p class=\"Normal tm5 tm7\"><span class=\"tm8\">&#8211; Las vibraciones arm\u00f3nicas se transmiten a toda la propiedad y a su entorno. Los campos el\u00e9ctricos de todos los dispositivos conectados a la red el\u00e9ctrica est\u00e1n, por lo tanto, en l\u00ednea con sus sistemas de vida biol\u00f3gica.<\/span><\/p>\n<p class=\"Normal tm5 tm7\"><span class=\"tm8\">&#8211; Normalmente, s\u00f3lo se necesita un polarizador para cada red el\u00e9ctrica. Sin embargo, puede que se necesite m\u00e1s para cargas pesadas.<\/span><\/p>\n<p class=\"Normal tm5 tm7\"><span class=\"tm8\"> \u00bfM\u00c1S INFORMACI\u00d3N? <strong><a href=\"https:\/\/shop.nlq24.eu\/es\/informacion-sobre-el-polarizador-del-entorno-vivo-v3\/\">Haga clic AQU\u00cd.<\/a><\/strong><\/span><\/p>\n<p class=\"Normal tm5\"><strong><span class=\"tm9\">Aviso: <\/span><\/strong><\/p>\n<p class=\"Normal tm5\"><span class=\"tm8\">Ten cuidado cuando polarizes<\/span><span class=\"tm8\"> <\/span><strong><span class=\"tm9\">el entorno de vida. <\/span><\/strong> <span class=\"tm8\">Transporte:<br \/>\n El polarizador no debe caerse ni mojarse. Si esto sucede accidentalmente y hace un ruido de traqueteo al agitar ligeramente el dispositivo, env\u00edelo a reparar o compre uno nuevo <\/span><span class=\"tm8\">  Polarizador.<\/span><\/p>\n<p>&nbsp;<\/p>\n<h3>Manual del usuario para el polarizador del entorno vivo<\/h3>\n<p>Simplemente conecte el polarizador del entorno habitable a la toma de corriente. A continuaci\u00f3n, utiliza la red el\u00e9ctrica de la casa como antena para captar la radiaci\u00f3n negativa.  En el polarizador, estos se invierten (neutralizan). Si su red el\u00e9ctrica tambi\u00e9n est\u00e1 conectada a tierra a la red de tuber\u00edas de agua, tambi\u00e9n la utiliza como antena. O llevarlo contigo en la mochila, por ejemplo. Es as\u00ed de simple&#8230; <\/p>\n<p>&nbsp;<\/p>\n<p class=\"Normal tm5\"><span class=\"tm8\">Ahora divi\u00e9rtete con la nueva armon\u00eda&#8230;.<\/span><\/p>\n","protected":false},"excerpt":{"rendered":"<h3><strong>Polarizador del medio ambiente<\/strong><\/h3>\n","protected":false},"featured_media":87458,"comment_status":"open","ping_status":"closed","template":"","meta":[],"product_brand":[],"product_cat":[2881,2953],"product_tag":[3764,2974,2976,2977,2978],"class_list":{"0":"post-74225","1":"product","2":"type-product","3":"status-publish","4":"has-post-thumbnail","6":"product_cat-weihnachtstipps-es","7":"product_cat-la-tecnologia-de-frecuencia","8":"product_tag-polarizador-plus","9":"product_tag-lebensumfeld-polarisierer-3-es","10":"product_tag-antennensysteme-es","11":"product_tag-positive-energie-es","12":"product_tag-energiefelder-es","13":"product_shipping_class-1-paquete-de-envio-con-seguimiento","15":"first","16":"instock","17":"taxable","18":"shipping-taxable","19":"purchasable","20":"product-type-simple"},"_links":{"self":[{"href":"https:\/\/shop.nlq24.eu\/es\/wp-json\/wp\/v2\/product\/74225","targetHints":{"allow":["GET"]}}],"collection":[{"href":"https:\/\/shop.nlq24.eu\/es\/wp-json\/wp\/v2\/product"}],"about":[{"href":"https:\/\/shop.nlq24.eu\/es\/wp-json\/wp\/v2\/types\/product"}],"replies":[{"embeddable":true,"href":"https:\/\/shop.nlq24.eu\/es\/wp-json\/wp\/v2\/comments?post=74225"}],"wp:featuredmedia":[{"embeddable":true,"href":"https:\/\/shop.nlq24.eu\/es\/wp-json\/wp\/v2\/media\/87458"}],"wp:attachment":[{"href":"https:\/\/shop.nlq24.eu\/es\/wp-json\/wp\/v2\/media?parent=74225"}],"wp:term":[{"taxonomy":"product_brand","embeddable":true,"href":"https:\/\/shop.nlq24.eu\/es\/wp-json\/wp\/v2\/product_brand?post=74225"},{"taxonomy":"product_cat","embeddable":true,"href":"https:\/\/shop.nlq24.eu\/es\/wp-json\/wp\/v2\/product_cat?post=74225"},{"taxonomy":"product_tag","embeddable":true,"href":"https:\/\/shop.nlq24.eu\/es\/wp-json\/wp\/v2\/product_tag?post=74225"}],"curies":[{"name":"wp","href":"https:\/\/api.w.org\/{rel}","templated":true}]}}