{"id":74463,"date":"2021-01-08T11:14:40","date_gmt":"2021-01-08T11:14:40","guid":{"rendered":"https:\/\/shop.nlq24.eu\/?post_type=product&#038;p=74463"},"modified":"2025-06-19T07:27:40","modified_gmt":"2025-06-19T07:27:40","slug":"glastrichter-35-mm-kalk-soda-glas-es","status":"publish","type":"product","link":"https:\/\/shop.nlq24.eu\/es\/ producto\/glastrichter-35-mm-kalk-soda-glas-es\/","title":{"rendered":"Embudo de vidrio 35 mm de vidrio sodoc\u00e1lcico"},"content":{"rendered":"<p class=\"Normal\">Este embudo de vidrio de 35 mm est\u00e1 hecho de vidrio sodoc\u00e1lcico. Tiene un di\u00e1metro de s\u00f3lo 30 mm y por lo tanto es un embudo muy peque\u00f1o pero fino. Es muy adecuado para peque\u00f1as cantidades que quieres gastar en botellas peque\u00f1as. Por ejemplo, en el 30, 50 ml <strong><a href=\"https:\/\/shop.nlq24.eu\/produkt\/glasflasche-din18-slim-braun\/\">Botellas de vidrio DIN18<\/a><\/strong>. Pero tambi\u00e9n para el relleno de la estructura inastillable <strong><a href=\"https:\/\/shop.nlq24.eu\/produkt\/pp-flaschen-bruchsicher-halbtransparent-mit-kindersicherheitsverschluss-div-groessen-farben\/\">Botellas de PP<\/a><\/strong> esto es ideal debido al peque\u00f1o di\u00e1metro de la salida.<\/p>\n<h3>El embudo de vidrio de 35 mm hecho de vidrio sodoc\u00e1lcico es resistente<\/h3>\n<p>El vidrio sodoc\u00e1lcico es resistente al DMSO100 y al 99,99%, lo que lo hace ideal para llenar el DMSO y otros disolventes. Incluso las sustancias m\u00e1s agresivas, no hacen que tu nuevo embudo de cristal sea un problema. No importa si es un \u00e1cido, un \u00e1lcali o un disolvente, nada puede salir de tu nuevo vaso. Esto significa, por ejemplo, que el DMSO puede ser llenado sin disolventes pl\u00e1sticos. Incluso puedes rellenar el polvo con \u00e9l bastante bien ahora, gracias a la superficie de deslizamiento. Por supuesto, esto tambi\u00e9n se aplica a los alimentos. Su empinado \u00e1ngulo <strong>de 60\u00b0<\/strong> facilita el deslizamiento del material de relleno.<\/p>\n<p>As\u00ed que con tu nuevo mini embudo de vidrio puedes llenar tus peque\u00f1os vasos de forma <strong>segura<\/strong>.<\/p>\n<p class=\"Normal\">Te gustar\u00e1 especialmente este peque\u00f1o embudo de cristal de 35 mm si quieres <strong>botellas o recipientes muy peque\u00f1os<\/strong> quieren llenar. Es perfectamente adecuado para llenar botellas DIN18.<\/p>\n<h3>Los datos del embudo de cristal de un vistazo<\/h3>\n<p><strong>El peso es <\/strong>ca. 11 g, el <strong>La longitud total<\/strong> aproximadamente 68 mm, el <strong>El di\u00e1metro de la abertura<\/strong> aproximadamente 35 mm, el <strong>El di\u00e1metro del tallo<\/strong> aprox. 6 mm y el <strong>La longitud del mango<\/strong> aproximadamente 35 mm. El <strong>El \u00e1ngulo es<\/strong> aprox. 60\u00b0 y el <strong>El di\u00e1metro en la salida<\/strong> aprox. 5 mm.<\/p>\n<p>Tambi\u00e9n se dispone de <strong><a href=\"https:\/\/shop.nlq24.eu\/es\/Produkt\/filtro-papel-para-glastum-35-mm\/\">papel de filtro<\/a><\/strong> para este filtro.<\/p>\n<p>\u00bfEst\u00e1 buscando un embudo barato hecho de PP durable, entonces eche un vistazo al <strong><a href=\"https:\/\/shop.nlq24.eu\/produkt\/trichter-minitrichter-6-cm\/\">mini embudo de 60 mm<\/a><\/strong>.<\/p>\n","protected":false},"excerpt":{"rendered":"<p>Embudo de vidrio de 35 mm de di\u00e1metro, salida de aprox. 5 mm<\/p>\n","protected":false},"featured_media":74469,"comment_status":"open","ping_status":"closed","template":"","meta":[],"product_brand":[],"product_cat":[1866,1876,2322],"product_tag":[3026,3027,3018,3019,3020],"class_list":{"0":"post-74463","1":"product","2":"type-product","3":"status-publish","4":"has-post-thumbnail","6":"product_cat-todos-los-productos-resumen","7":"product_cat-dosificacion-medicion","8":"product_cat-embudo","9":"product_tag-embudo-de-vidrio-de-35-mm","10":"product_tag-pequeno-embudo","11":"product_tag-embudo","12":"product_tag-pequeno","13":"product_tag-embudo-de-vidrio","14":"product_shipping_class-1-paquete-de-envio-con-seguimiento","16":"first","17":"outofstock","18":"taxable","19":"shipping-taxable","20":"purchasable","21":"product-type-simple"},"_links":{"self":[{"href":"https:\/\/shop.nlq24.eu\/es\/wp-json\/wp\/v2\/product\/74463","targetHints":{"allow":["GET"]}}],"collection":[{"href":"https:\/\/shop.nlq24.eu\/es\/wp-json\/wp\/v2\/product"}],"about":[{"href":"https:\/\/shop.nlq24.eu\/es\/wp-json\/wp\/v2\/types\/product"}],"replies":[{"embeddable":true,"href":"https:\/\/shop.nlq24.eu\/es\/wp-json\/wp\/v2\/comments?post=74463"}],"wp:featuredmedia":[{"embeddable":true,"href":"https:\/\/shop.nlq24.eu\/es\/wp-json\/wp\/v2\/media\/74469"}],"wp:attachment":[{"href":"https:\/\/shop.nlq24.eu\/es\/wp-json\/wp\/v2\/media?parent=74463"}],"wp:term":[{"taxonomy":"product_brand","embeddable":true,"href":"https:\/\/shop.nlq24.eu\/es\/wp-json\/wp\/v2\/product_brand?post=74463"},{"taxonomy":"product_cat","embeddable":true,"href":"https:\/\/shop.nlq24.eu\/es\/wp-json\/wp\/v2\/product_cat?post=74463"},{"taxonomy":"product_tag","embeddable":true,"href":"https:\/\/shop.nlq24.eu\/es\/wp-json\/wp\/v2\/product_tag?post=74463"}],"curies":[{"name":"wp","href":"https:\/\/api.w.org\/{rel}","templated":true}]}}