{"id":74472,"date":"2021-01-08T11:40:20","date_gmt":"2021-01-08T11:40:20","guid":{"rendered":"https:\/\/shop.nlq24.eu\/?post_type=product&#038;p=74472"},"modified":"2025-06-19T07:28:20","modified_gmt":"2025-06-19T07:28:20","slug":"filtro-papel-para-glastum-35-mm","status":"publish","type":"product","link":"https:\/\/shop.nlq24.eu\/es\/ producto\/filtro-papel-para-glastum-35-mm\/","title":{"rendered":"Filtro de papel para glastatores 35 mm &#8211; 1 hoja"},"content":{"rendered":"<p>Este papel filtrante para el <strong> <a href=\"https:\/\/shop.nlq24.eu\/es\/Produkt\/glastrichter-35-mm-kalk-soda-glas-es\/\">glastater de 35 mm.<\/a> <\/strong> Es ideal para filtrar sus l\u00edquidos. Este papel filtrante para filtros redondos le ofrece buena calidad y es barato. Simplemente doble este papel de filtro 2 veces si desea usarlo para el deslumbramiento. Una imagen del m\u00e9todo de plegado se puede encontrar en las im\u00e1genes de la galer\u00eda.<\/p>\n<p>El peso de un papel filtrante es de aprox. 1 g.<\/p>\n<p>Su di\u00e1metro es de 94 mm.<\/p>\n<p>Es un papel labpor ligero que filtra los l\u00edquidos de forma media-r\u00e1pida. Es adecuado para su an\u00e1lisis cualitativo de l\u00edquidos<\/p>\n<p>Otros nombres para el papel filtrante son: filtros redondos, filtros de laboratorio, filtros de an\u00e1lisis, filtros de an\u00e1lisis, papel de filtro.<\/p>\n<h3><strong>Instrucciones Para doblar el papel filtrante redondo para embudos<\/strong><\/h3>\n<ol>\n<li>Abrochar el papel filtrante en el medio y colocar las mitades uno encima del otro.<\/li>\n<li>A continuaci\u00f3n, doble el papel de nuevo en el medio.<\/li>\n<li>Ahora endereza el papel filtrante. Debe parecer una bolsa de helado, con la punta apuntando hacia abajo. Para ello, pulse ligeramente las dos esquinas en el extremo redondo del papel.<\/li>\n<li>El papel filtrante erigido ahora se puede insertar en la tolva.<\/li>\n<\/ol>\n","protected":false},"excerpt":{"rendered":"<p>Filtro de papel para glastatores 35 mm &#8211; 1 hoja<\/p>\n","protected":false},"featured_media":74475,"comment_status":"open","ping_status":"closed","template":"","meta":[],"product_brand":[],"product_cat":[1866,1876,2322],"product_tag":[3027,3018,3019,3020,3026],"class_list":{"0":"post-74472","1":"product","2":"type-product","3":"status-publish","4":"has-post-thumbnail","6":"product_cat-todos-los-productos-resumen","7":"product_cat-dosificacion-medicion","8":"product_cat-embudo","9":"product_tag-pequeno-embudo","10":"product_tag-embudo","11":"product_tag-pequeno","12":"product_tag-embudo-de-vidrio","13":"product_tag-embudo-de-vidrio-de-35-mm","14":"product_shipping_class-1-paquete-de-envio-con-seguimiento","16":"first","17":"instock","18":"taxable","19":"shipping-taxable","20":"purchasable","21":"product-type-simple"},"_links":{"self":[{"href":"https:\/\/shop.nlq24.eu\/es\/wp-json\/wp\/v2\/product\/74472","targetHints":{"allow":["GET"]}}],"collection":[{"href":"https:\/\/shop.nlq24.eu\/es\/wp-json\/wp\/v2\/product"}],"about":[{"href":"https:\/\/shop.nlq24.eu\/es\/wp-json\/wp\/v2\/types\/product"}],"replies":[{"embeddable":true,"href":"https:\/\/shop.nlq24.eu\/es\/wp-json\/wp\/v2\/comments?post=74472"}],"wp:featuredmedia":[{"embeddable":true,"href":"https:\/\/shop.nlq24.eu\/es\/wp-json\/wp\/v2\/media\/74475"}],"wp:attachment":[{"href":"https:\/\/shop.nlq24.eu\/es\/wp-json\/wp\/v2\/media?parent=74472"}],"wp:term":[{"taxonomy":"product_brand","embeddable":true,"href":"https:\/\/shop.nlq24.eu\/es\/wp-json\/wp\/v2\/product_brand?post=74472"},{"taxonomy":"product_cat","embeddable":true,"href":"https:\/\/shop.nlq24.eu\/es\/wp-json\/wp\/v2\/product_cat?post=74472"},{"taxonomy":"product_tag","embeddable":true,"href":"https:\/\/shop.nlq24.eu\/es\/wp-json\/wp\/v2\/product_tag?post=74472"}],"curies":[{"name":"wp","href":"https:\/\/api.w.org\/{rel}","templated":true}]}}