{"id":74488,"date":"2018-12-18T19:10:25","date_gmt":"2018-12-18T19:10:25","guid":{"rendered":"https:\/\/shop.nlq24.eu\/produkt\/embudo-mini-embudo-de-6-cm\/"},"modified":"2025-12-08T11:26:51","modified_gmt":"2025-12-08T11:26:51","slug":"trichter-mini-trichter-es","status":"publish","type":"product","link":"https:\/\/shop.nlq24.eu\/es\/ producto\/trichter-mini-trichter-es\/","title":{"rendered":"Embudo &#8211; Mini embudo de 6 cm"},"content":{"rendered":"<p class=\"Normal\">Este embudo es un mini embudo con un di\u00e1metro de 6 cm. Puedes usar esto maravillosamente para llenar tus peque\u00f1os vasos. El material utilizado fue polietileno duro (PP natural). Es resistente a los disolventes. Tambi\u00e9n tiene un pr\u00e1ctico ojal para colgar. En este se puede colgar esto, por ejemplo, para el secado. Con este mini embudo puedes llenar los vasos de forma segura. Es adecuado tanto para la comida como para los \u00e1cidos\/\u00e1lcalis y los polvos.<\/p>\n<p class=\"Normal\">El <strong>di\u00e1metro de salida<\/strong> es de 8 mm. El <strong>di\u00e1metro exterior<\/strong> en el borde superior es de s\u00f3lo 6 cm.<\/p>\n<p class=\"Normal\">\u00c9l encaja <strong><a href=\"https:\/\/shop.nlq24.eu\/produkt\/glasflasche-din18-slim-braun\/\">Botellas de vidrio con rosca de tama\u00f1o DIN18<\/a><\/strong>. Tambi\u00e9n cabe en las bocas de sus <strong><a href=\"https:\/\/shop.nlq24.eu\/produkt\/pe-flaschen-weiss-in-verschiedenen-varianten-groessen-und-zubehoer\/\">Botellas de HDPE 20-410<\/a><\/strong>. Tambi\u00e9n en la apertura de la <strong><a href=\"https:\/\/shop.nlq24.eu\/produkt\/pp-flaschen-bruchsicher-halbtransparent-mit-kindersicherheitsverschluss-div-groessen-farben\/\">botellas PP irrompibles<\/a><\/strong> apenas encaja. El <strong><a href=\"https:\/\/shop.nlq24.eu\/produkt\/glastrichter-30-mm\/\">Embudo de vidrio de 30 mm<\/a><\/strong>pero encaja aqu\u00ed a\u00fan mejor, porque tiene un di\u00e1metro ligeramente m\u00e1s peque\u00f1o en la salida. Si necesitas un di\u00e1metro m\u00e1s amplio, te recomiendo el <strong><a href=\"https:\/\/shop.nlq24.eu\/es\/Produkt\/embudo-de-vidrio-de-55-mm-de-vidrio-de-borosilicato-3-3\/\">Embudo de vidrio de 55 mm<\/a><\/strong>. Incluso est\u00e1 dise\u00f1ado para llenarse con l\u00edquidos calientes y fr\u00edos.<\/p>\n","protected":false},"excerpt":{"rendered":"<p>Mini embudo, embudo de 6 cm de di\u00e1metro, salida: 8 mm<\/p>\n","protected":false},"featured_media":11190,"comment_status":"open","ping_status":"closed","template":"","meta":[],"product_brand":[],"product_cat":[1866,1876,2322],"product_tag":[3018,3019],"class_list":{"0":"post-74488","1":"product","2":"type-product","3":"status-publish","4":"has-post-thumbnail","6":"product_cat-todos-los-productos-resumen","7":"product_cat-dosificacion-medicion","8":"product_cat-embudo","9":"product_tag-embudo","10":"product_tag-pequeno","11":"product_shipping_class-1-paquete-de-envio-con-seguimiento","13":"first","14":"instock","15":"taxable","16":"shipping-taxable","17":"purchasable","18":"product-type-simple"},"_links":{"self":[{"href":"https:\/\/shop.nlq24.eu\/es\/wp-json\/wp\/v2\/product\/74488","targetHints":{"allow":["GET"]}}],"collection":[{"href":"https:\/\/shop.nlq24.eu\/es\/wp-json\/wp\/v2\/product"}],"about":[{"href":"https:\/\/shop.nlq24.eu\/es\/wp-json\/wp\/v2\/types\/product"}],"replies":[{"embeddable":true,"href":"https:\/\/shop.nlq24.eu\/es\/wp-json\/wp\/v2\/comments?post=74488"}],"wp:featuredmedia":[{"embeddable":true,"href":"https:\/\/shop.nlq24.eu\/es\/wp-json\/wp\/v2\/media\/11190"}],"wp:attachment":[{"href":"https:\/\/shop.nlq24.eu\/es\/wp-json\/wp\/v2\/media?parent=74488"}],"wp:term":[{"taxonomy":"product_brand","embeddable":true,"href":"https:\/\/shop.nlq24.eu\/es\/wp-json\/wp\/v2\/product_brand?post=74488"},{"taxonomy":"product_cat","embeddable":true,"href":"https:\/\/shop.nlq24.eu\/es\/wp-json\/wp\/v2\/product_cat?post=74488"},{"taxonomy":"product_tag","embeddable":true,"href":"https:\/\/shop.nlq24.eu\/es\/wp-json\/wp\/v2\/product_tag?post=74488"}],"curies":[{"name":"wp","href":"https:\/\/api.w.org\/{rel}","templated":true}]}}