{"id":74490,"date":"2018-10-30T20:13:50","date_gmt":"2018-10-30T20:13:50","guid":{"rendered":"https:\/\/shop.nlq24.eu\/produkt\/embudo-de-75-cm-de-plastico-pp-duradero\/"},"modified":"2025-06-27T07:53:58","modified_gmt":"2025-06-27T07:53:58","slug":"trichter-7-5-zentimeter-aus-bestaendigem-pp-kunststoff-es","status":"publish","type":"product","link":"https:\/\/shop.nlq24.eu\/es\/ producto\/trichter-7-5-zentimeter-aus-bestaendigem-pp-kunststoff-es\/","title":{"rendered":"Embudo de 7,5 cm de pl\u00e1stico PP duradero"},"content":{"rendered":"<p class=\"Normal\">Este embudo de 7,5 cm de pl\u00e1stico PP duradero es ideal para llenar recipientes a partir de un di\u00e1metro de 11 mm.<\/p>\n<p class=\"Normal\">El material utilizado para su nuevo embudo es el polietileno de material duro (PP natural). Este material es resistente a los disolventes.<\/p>\n<h3>Pr\u00e1ctico ojal de suspensi\u00f3n<\/h3>\n<p class=\"Normal\">Su nuevo embudo tiene un pr\u00e1ctico ojal de colgado en el que puede colgarlo f\u00e1cilmente para que se seque despu\u00e9s de enjuagarlo.<\/p>\n<h3>Llenado seguro de botellas<\/h3>\n<p class=\"Normal\">Con este embudo de 7,5 cm. de pl\u00e1stico PP duradero llenas tus botellas y tarros de forma segura. Puedes usar esto, por ejemplo, para rellenar zumos y l\u00edquidos para comida, as\u00ed como para, \u00e1cidos\/alcalinos y polvos.<\/p>\n<p>El di\u00e1metro de la salida de su nueva tolva es <strong>11 mm<\/strong>. El di\u00e1metro exterior en el borde superior es de s\u00f3lo 7,5 cm. Por lo tanto, esto encaja en las botellas de vidrio PP28 (28 mm) y en las bocas de m\u00e1s de 11 mm.<\/p>\n<p class=\"Normal\">Para para <strong><a href=\"https:\/\/shop.nlq24.eu\/produkt\/glasflasche-din18-slim-braun\/\">Botellas de vidrio DIN18<\/a><\/strong> (18 mm) y para el relleno <strong><a href=\"https:\/\/shop.nlq24.eu\/es\/Produkt\/pe-botellas-blanco-en-variantes\/\">Botellas de PE tama\u00f1o 20-410<\/a><\/strong> no es adecuado, porque la salida es demasiado grande. Para los frascos m\u00e1s peque\u00f1os, simplemente usa el <a href=\"https:\/\/shop.nlq24.eu\/produkt\/trichter-minitrichter-6-cm-aussen-durchmesser-auslauf-8-mm\/\">Embudo de menta 6 cm<\/a>.<\/p>\n","protected":false},"excerpt":{"rendered":"<p>Embudo de 7,5 cm de di\u00e1metro hecho de PP. Pico: 11 mm<\/p>\n","protected":false},"featured_media":11192,"comment_status":"open","ping_status":"closed","template":"","meta":[],"product_brand":[],"product_cat":[1866,1876,2322],"product_tag":[3031,3032,3033,3034,3035,2382,3018,3030],"class_list":{"0":"post-74490","1":"product","2":"type-product","3":"status-publish","4":"has-post-thumbnail","6":"product_cat-todos-los-productos-resumen","7":"product_cat-dosificacion-medicion","8":"product_cat-embudo","9":"product_tag-gran-embudo","10":"product_tag-un-embudo-mas-grande","11":"product_tag-embudo-7","12":"product_tag-embudo-resistente-a-los-quimicos","13":"product_tag-5-cm-es","14":"product_tag-allzwecktrichter-es","15":"product_tag-embudo","16":"product_tag-embudo-para-la-comida","17":"product_shipping_class-1-paquete-de-envio-con-seguimiento","19":"first","20":"outofstock","21":"taxable","22":"shipping-taxable","23":"purchasable","24":"product-type-simple"},"_links":{"self":[{"href":"https:\/\/shop.nlq24.eu\/es\/wp-json\/wp\/v2\/product\/74490","targetHints":{"allow":["GET"]}}],"collection":[{"href":"https:\/\/shop.nlq24.eu\/es\/wp-json\/wp\/v2\/product"}],"about":[{"href":"https:\/\/shop.nlq24.eu\/es\/wp-json\/wp\/v2\/types\/product"}],"replies":[{"embeddable":true,"href":"https:\/\/shop.nlq24.eu\/es\/wp-json\/wp\/v2\/comments?post=74490"}],"wp:featuredmedia":[{"embeddable":true,"href":"https:\/\/shop.nlq24.eu\/es\/wp-json\/wp\/v2\/media\/11192"}],"wp:attachment":[{"href":"https:\/\/shop.nlq24.eu\/es\/wp-json\/wp\/v2\/media?parent=74490"}],"wp:term":[{"taxonomy":"product_brand","embeddable":true,"href":"https:\/\/shop.nlq24.eu\/es\/wp-json\/wp\/v2\/product_brand?post=74490"},{"taxonomy":"product_cat","embeddable":true,"href":"https:\/\/shop.nlq24.eu\/es\/wp-json\/wp\/v2\/product_cat?post=74490"},{"taxonomy":"product_tag","embeddable":true,"href":"https:\/\/shop.nlq24.eu\/es\/wp-json\/wp\/v2\/product_tag?post=74490"}],"curies":[{"name":"wp","href":"https:\/\/api.w.org\/{rel}","templated":true}]}}