{"id":74493,"date":"2020-12-20T12:42:12","date_gmt":"2020-12-20T12:42:12","guid":{"rendered":"https:\/\/shop.nlq24.eu\/produkt\/botella-de-agua-alcalina-energia-cuantica\/"},"modified":"2024-02-14T18:00:08","modified_gmt":"2024-02-14T18:00:08","slug":"alkalische-wasserflasche-quantum-energy-es","status":"publish","type":"product","link":"https:\/\/shop.nlq24.eu\/es\/ producto\/alkalische-wasserflasche-quantum-energy-es\/","title":{"rendered":"Botella de agua alcalina &#8211; Quantum Energy ya no est\u00e1 disponible"},"content":{"rendered":"<p>La Botella de Agua Alcalina &#8211; Energ\u00eda Cu\u00e1ntica hace que su agua sea alcalina y la infunde con energ\u00eda positiva. Botella de agua de energ\u00eda cu\u00e1ntica<\/p>\n<p>Precio reducido debido a la ligera corrosi\u00f3n en los soportes del fregadero en el bolsillo exterior.<\/p>\n<p>Hacer que el agua potable sea alcalina, neutralizar las sustancias \u00e1cidas end\u00f3genas y mantener el equilibrio del pH.<\/p>\n<p>&nbsp;<\/p>\n<h3>El agua con iones negativos tiene un efecto positivo:<\/h3>\n<p>El nuevo agua potencial, que puede producir usted mismo con un ORP por debajo de -200mV en aprox. 3-5 minutos, es un<br \/>\npoderoso antioxidante, que elimina los radicales libres y por lo tanto fortalece la inmunidad. La base se supone que ralentiza el proceso de envejecimiento.<\/p>\n<p>&nbsp;<\/p>\n<h3>Los microelementos \u00fatiles mejoran el agua:<\/h3>\n<p>Varios minerales naturales est\u00e1n presentes en su agua despu\u00e9s de la preservaci\u00f3n y la energizaci\u00f3n, proporcionando al cuerpo los microelementos necesarios.<\/p>\n<p>Esta botella energiza el agua con peque\u00f1as estructuras de c\u00famulos moleculares:<\/p>\n<p>La energizaci\u00f3n de las piedras contenidas es para mejorar la capacidad de difusi\u00f3n y la afinidad del ox\u00edgeno, esta agua energizada. Esto es para absorber nutrientes y m\u00e1s ox\u00edgeno en las c\u00e9lulas del cuerpo. As\u00ed pues, se espera que una mejor movilidad celular mejore el metabolismo.<\/p>\n<p>&nbsp;<\/p>\n<h3>Bueno tambi\u00e9n para el camino<\/h3>\n<p>Esta botella est\u00e1 hecha de acero inoxidable 304. Su tama\u00f1o es peque\u00f1o (aprox. 360 ml) y ligero. Por lo tanto, es conveniente utilizarlo sobre la marcha.<br \/>\nDisfruta de agua con energ\u00eda saludable dondequiera que vayas!<br \/>\nPr\u00e1ctico con correa para el hombro, incluso en el lugar!<\/p>\n<p>\u00a1Disfrute de su agua de energ\u00eda alcalina ahora!<\/p>\n","protected":false},"excerpt":{"rendered":"<p>Botella de agua alcalina &#8211; Energ\u00eda cu\u00e1ntica<\/p>\n","protected":false},"featured_media":74255,"comment_status":"open","ping_status":"closed","template":"","meta":[],"product_brand":[],"product_cat":[2352,2357],"product_tag":[3044,2790,3041,3042,3043],"class_list":{"0":"post-74493","1":"product","2":"type-product","3":"status-publish","4":"has-post-thumbnail","6":"product_cat-umkehrosmose-anlagen-wasserfilter-es","7":"product_cat-wasserveredelung-es","8":"product_tag-agua-alcalina","9":"product_tag-agua-energetica","10":"product_tag-botella-de-agua-alcalina-energia-cuantica","11":"product_tag-agua-de-taquion","12":"product_tag-energia-de-taquiones","13":"product_shipping_class-1-paquete-de-envio-con-seguimiento","15":"first","16":"outofstock","17":"sale","18":"taxable","19":"shipping-taxable","20":"purchasable","21":"product-type-simple"},"_links":{"self":[{"href":"https:\/\/shop.nlq24.eu\/es\/wp-json\/wp\/v2\/product\/74493","targetHints":{"allow":["GET"]}}],"collection":[{"href":"https:\/\/shop.nlq24.eu\/es\/wp-json\/wp\/v2\/product"}],"about":[{"href":"https:\/\/shop.nlq24.eu\/es\/wp-json\/wp\/v2\/types\/product"}],"replies":[{"embeddable":true,"href":"https:\/\/shop.nlq24.eu\/es\/wp-json\/wp\/v2\/comments?post=74493"}],"wp:featuredmedia":[{"embeddable":true,"href":"https:\/\/shop.nlq24.eu\/es\/wp-json\/wp\/v2\/media\/74255"}],"wp:attachment":[{"href":"https:\/\/shop.nlq24.eu\/es\/wp-json\/wp\/v2\/media?parent=74493"}],"wp:term":[{"taxonomy":"product_brand","embeddable":true,"href":"https:\/\/shop.nlq24.eu\/es\/wp-json\/wp\/v2\/product_brand?post=74493"},{"taxonomy":"product_cat","embeddable":true,"href":"https:\/\/shop.nlq24.eu\/es\/wp-json\/wp\/v2\/product_cat?post=74493"},{"taxonomy":"product_tag","embeddable":true,"href":"https:\/\/shop.nlq24.eu\/es\/wp-json\/wp\/v2\/product_tag?post=74493"}],"curies":[{"name":"wp","href":"https:\/\/api.w.org\/{rel}","templated":true}]}}