{"id":74494,"date":"2020-06-05T19:03:01","date_gmt":"2020-06-05T19:03:01","guid":{"rendered":"https:\/\/shop.nlq24.eu\/produkt\/cdh3000-largo-cdl-sin-activar-para-1000-ml-2-dosificador-250-ml-botella-del-sistema-de-dosificacion-iew\/"},"modified":"2025-07-01T06:53:46","modified_gmt":"2025-07-01T06:53:46","slug":"cdh3000-largo","status":"publish","type":"product","link":"https:\/\/shop.nlq24.eu\/es\/ producto\/cdh3000-largo\/","title":{"rendered":"CDH3000 LARGO (CDL) sin activar para 1000 ml + 2 Dosificador + 250 ml Botella del sistema de dosificaci\u00f3n IEW"},"content":{"rendered":"<p><span style=\"font-size: 100%;\">Esta soluci\u00f3n de di\u00f3xido de cloro (CDL) CDH3000 LONG consta de 2 componentes y no est\u00e1 <strong>desactivada<\/strong>en el momento de la compra. Como resultado, este <\/span><strong>\u00a1Vida \u00fatil durante a\u00f1os<\/strong> hasta el d\u00eda de la activaci\u00f3n!<\/p>\n<p><strong>ARMAMOS PARA TI:<\/strong><\/p>\n<p>Recibir\u00e1 un <strong>frasco<\/strong> grande <strong>con 2 dosis de jeringas<\/strong><strong>  para 1000 ml CDH3000. \u00d3ptima <\/strong>para un buen uso prolongado.<br \/>\nCon un uso prolongado, el dosificador puede volverse m\u00e1s lento. Por lo tanto, recibir\u00e1 <strong>2 dosificadores (jeringas dosificadoras)<\/strong> para un uso m\u00e1s prolongado.<br \/>\nTambi\u00e9n incluye un frasco de 250 ml Doser System con inserto dosificador, en el que se puede transferir parte de los CDH \u0301 activados.  Este frasco de 250 ml es muy pr\u00e1ctico de usar. Una recarga s\u00f3lo debe tener lugar si la botella de la que se va a tomar el CDH se ha enfriado previamente en el refrigerador. El trasfondo es que no tanto el gas de di\u00f3xido de cloro se escapa durante el llenado. Con la soluci\u00f3n de CDH enfriada, el gas de di\u00f3xido de cloro se une predominantemente en el agua, mientras que con una soluci\u00f3n caliente tiene la necesidad de dispersarse en el aire.<\/p>\n<p>Aqu\u00ed tambi\u00e9n puede comprar un <strong><br \/>\n  <a href=\"https:\/\/shop.nlq24.eu\/produkt\/trichter-75-mm\/\">FUNNEL<\/a><br \/>\n<\/strong> adecuado. Si no enfr\u00eda previamente el CDH activado, la decantaci\u00f3n debe realizarse en una habitaci\u00f3n bien ventilada.<\/p>\n<h3><strong>Pr\u00e1cticamente activado:<\/strong><\/h3>\n<p>Despu\u00e9s de abrir ambos frascos, empuje el activador fuera del frasco activador directamente en la soluci\u00f3n madre. Despu\u00e9s de eso, la soluci\u00f3n maestra se cierra con la tapa y ahora se activa durante unas 6 -12 horas, dependiendo de la temperatura.<\/p>\n<h3><strong>Mezcla perfecta:<\/strong><\/h3>\n<p>Los componentes se adaptan con precisi\u00f3n entre s\u00ed y se calculan para que pueda utilizarlos para crear una soluci\u00f3n perfecta de di\u00f3xido de cloro (CDL).  &lt;  0.3%.<\/p>\n<h3><strong>Contenido del conjunto:<\/strong><\/h3>\n<p><span style=\"font-size: 100%;\"><strong>Soluci\u00f3n de stock:<\/strong> Soluci\u00f3n de clorito de sodio 1.8%, diluida a partir de una soluci\u00f3n de clorito de sodio 25%. <\/span><span style=\"font-size: 100%;\">No tiene <strong> calidad t\u00e9cnica ni industrial. <strong>Un<\/strong><\/strong><\/span><span style=\"font-size: 100%;\"><strong>Ktivator:<\/strong> \u00c1cido clorh\u00eddrico al 4% en frasco aparte. Adicional: 1 frasco de sistema dosificador para 250 ml con 2 dosificadores (jeringas dosificadoras)<\/span><\/p>\n<p>&nbsp;<\/p>\n<p><span class=\"style7\"><span style=\"color: #000000; font-size: 110%;\">La mezcla de los componentes crea CDH3000.<\/span><\/span><\/p>\n<p><span class=\"style7\"><span style=\"color: #000000; font-size: 110%;\">Use CDH3000 cuidadosamente y siempre lea la etiqueta y la informaci\u00f3n del producto antes de usarlo.  <\/span><br \/>\n<\/span><\/p>\n<h3><span class=\"style7\">Instrucciones de peligro y seguridad para<br \/>\n<\/span><\/h3>\n<p><span class=\"style7\"><strong>Soluci\u00f3n madre: Natriumchlorit 1,8 %:<br \/>\n<\/strong> <strong><br \/>\n<\/strong><\/span><span style=\"color: #282828;\">Notas: <\/span>linebreakSi se ingiere:wpml_linebreak Beber abundante agua para la diluci\u00f3n.<\/p>\n<p><span class=\"style7\"><strong><span style=\"font-size: 115%;\">Activador: \u00c1cido clorh\u00eddrico 4%<\/span>:<br \/>\n<\/strong> <strong><img loading=\"lazy\" decoding=\"async\" class=\"alignnone wp-image-34427\" src=\"https:\/\/shop.nlq24.eu\/wp-content\/uploads\/2019\/01\/Achtung-Gefahrzeichen-Pictogram.jpg\" alt=\"\" width=\"67\" height=\"67\"><br \/>\nAchtung<br \/>\n<\/strong><\/span>KPuede ser corrosivo para los metales. Provoca irritaci\u00f3n cut\u00e1nea. Provoca irritaci\u00f3n ocular grave. En caso de contacto con los ojos: Enjuague cuidadosamente con agua durante varios minutos. Qu\u00edtese las lentes de contacto existentes si es posible. Contin\u00fae enjuagando. Si se traga: Enjuague la boca. No induzca el v\u00f3mito. Use guantes protectores\/ropa protectora\/protecci\u00f3n para los ojos\/protecci\u00f3n para la cara. La mezcla de la soluci\u00f3n madre de clorito de sodio 1.8% y \u00e1cido produce gas de di\u00f3xido de cloro.<\/p>\n<h4><strong>Para la soluci\u00f3n CDH3000 LONG activada:<\/strong><\/h4>\n<p>El l\u00edquido CDH3000 puede decolorar el material org\u00e1nico sin diluir. Despu\u00e9s de inhalar el gas por encima del l\u00edquido, proporcione aire fresco. En caso de contacto con los ojos, enjuague el ojo con agua con el espacio del p\u00e1rpado abierto. Si se ingiere accidentalmente, beba mucha agua para diluirlo. Si tiene s\u00edntomas persistentes, consulte a un m\u00e9dico o natur\u00f3pata. No permita que grandes cantidades entren en el sistema de alcantarillado o cuerpos de agua. Gu\u00e1rdelo en un lugar fresco y protegido de la luz en la botella cerrada.<\/p>\n<p>Si est\u00e1 buscando una soluci\u00f3n de di\u00f3xido de cloro ya activada, mire <span style=\"color: #0000ff;\"><a style=\"color: #0000ff;\" href=\"https:\/\/shop.nlq24.eu\/produkt\/cdh3000-chlordioxid-loesung\/\"><strong>aqu\u00ed<\/strong>.<\/a><\/span><br \/>\nSi quieres que te lo entreguen en un frasco con una protecci\u00f3n solar perfecta, solo tienes que echar un vistazo al <a href=\"https:\/\/shop.nlq24.eu\/es\/Produkt\/cdh3000-premium-dioxido-de-cloro-loesung-03-en-vidrio\/\"><strong>CDH3000 Premium<\/strong><\/a> .<\/p>\n","protected":false},"excerpt":{"rendered":"<p>Use CDH3000 LONG Soluci\u00f3n de di\u00f3xido de cloro (CDL) sin activar cuidadosamente y <span class=\"style7\"><span style=\"color: #000000; font-size: 110%;\">siempre lea la etiqueta y la informaci\u00f3n del producto antes de usarlo.<\/span><\/span><\/p>\n","protected":false},"featured_media":69629,"comment_status":"open","ping_status":"closed","template":"","meta":[],"product_brand":[],"product_cat":[2362],"product_tag":[2899,2378,2402,2405,2420,2423,2425,2429,2686,2882,2884],"class_list":{"0":"post-74494","1":"product","2":"type-product","3":"status-publish","4":"has-post-thumbnail","6":"product_cat-uncategorized-es","7":"product_tag-iew-es","8":"product_tag-aktivator-es","9":"product_tag-cdh3000-long-es","10":"product_tag-cdh3000-lang-haltbar-es","11":"product_tag-cdl-laenger-haltbar-es","12":"product_tag-cds-es","13":"product_tag-chlordioxid-set-es","14":"product_tag-chlorine-dioxide-solution-2-es","15":"product_tag-acido-clorhidrico-4","16":"product_tag-cdh-long-iew-es","17":"product_tag-cdh-iew-es","18":"product_shipping_class-1-paquete-de-envio-con-seguimiento","19":"pa_milliliter-2-x-500-ml-es","20":"pa_milliliter-250-ml-es","21":"pa_milliliter-500-ml-es","22":"pa_milliliter-1000-ml-es","24":"first","25":"instock","26":"taxable","27":"shipping-taxable","28":"purchasable","29":"product-type-simple"},"_links":{"self":[{"href":"https:\/\/shop.nlq24.eu\/es\/wp-json\/wp\/v2\/product\/74494","targetHints":{"allow":["GET"]}}],"collection":[{"href":"https:\/\/shop.nlq24.eu\/es\/wp-json\/wp\/v2\/product"}],"about":[{"href":"https:\/\/shop.nlq24.eu\/es\/wp-json\/wp\/v2\/types\/product"}],"replies":[{"embeddable":true,"href":"https:\/\/shop.nlq24.eu\/es\/wp-json\/wp\/v2\/comments?post=74494"}],"wp:featuredmedia":[{"embeddable":true,"href":"https:\/\/shop.nlq24.eu\/es\/wp-json\/wp\/v2\/media\/69629"}],"wp:attachment":[{"href":"https:\/\/shop.nlq24.eu\/es\/wp-json\/wp\/v2\/media?parent=74494"}],"wp:term":[{"taxonomy":"product_brand","embeddable":true,"href":"https:\/\/shop.nlq24.eu\/es\/wp-json\/wp\/v2\/product_brand?post=74494"},{"taxonomy":"product_cat","embeddable":true,"href":"https:\/\/shop.nlq24.eu\/es\/wp-json\/wp\/v2\/product_cat?post=74494"},{"taxonomy":"product_tag","embeddable":true,"href":"https:\/\/shop.nlq24.eu\/es\/wp-json\/wp\/v2\/product_tag?post=74494"}],"curies":[{"name":"wp","href":"https:\/\/api.w.org\/{rel}","templated":true}]}}