{"id":74500,"date":"2019-11-20T16:42:03","date_gmt":"2019-11-20T16:42:03","guid":{"rendered":"https:\/\/shop.nlq24.eu\/produkt\/embudo-de-vidrio-de-55-mm-de-vidrio-de-borosilicato-3-3\/"},"modified":"2025-06-19T07:27:19","modified_gmt":"2025-06-19T07:27:19","slug":"embudo-de-vidrio-de-55-mm-de-vidrio-de-borosilicato-3-3","status":"publish","type":"product","link":"https:\/\/shop.nlq24.eu\/es\/ producto\/embudo-de-vidrio-de-55-mm-de-vidrio-de-borosilicato-3-3\/","title":{"rendered":"Embudo de vidrio de 55 mm de vidrio de borosilicato 3.3"},"content":{"rendered":"<p class=\"Normal\">Este embudo de cristal de 55 mm est\u00e1 hecho de cristal de borosilicato 3.3. Tiene un di\u00e1metro de 55 mm y por lo tanto es un embudo \u00f3ptimo para llenar botellas de 100 ml. Es muy adecuado para estas cantidades. Por ejemplo, en los 30, 50, 100 ml <strong><a href=\"https:\/\/shop.nlq24.eu\/produkt\/glasflasche-din18-slim-braun\/\">Botellas de vidrio DIN18<\/a><\/strong>. Pero tambi\u00e9n para el relleno de la estructura inastillable <strong><a href=\"https:\/\/shop.nlq24.eu\/produkt\/pp-flaschen-bruchsicher-halbtransparent-mit-kindersicherheitsverschluss-div-groessen-farben\/\">Botellas de PP<\/a><\/strong> en todos los tama\u00f1os, esto es ideal debido al peque\u00f1o di\u00e1metro de la salida. Este embudo de cristal tambi\u00e9n es resistente al calor seg\u00fan la norma DIN ISO 4798. Tambi\u00e9n puedes usarlo para llenar tus l\u00edquidos calientes y fr\u00edos o incluso sustancias de grano peque\u00f1o.<\/p>\n<h3>El embudo de vidrio de 55 mm hecho de vidrio sodoc\u00e1lcico es resistente<\/h3>\n<p>Este embudo de vidrio de borosilicato 3.3 es resistente al DMSO100 y al 99,99%, por lo que es ideal para rellenar el DMSO y otros disolventes. Incluso las sustancias m\u00e1s agresivas, no hacen que tu nuevo embudo de cristal sea un problema. No importa si es un \u00e1cido, un \u00e1lcali o un disolvente, nada puede salir de tu nuevo vaso. Esto significa, por ejemplo, que el DMSO puede ser llenado sin disolventes pl\u00e1sticos. Incluso puedes rellenar el polvo con \u00e9l bastante bien ahora, gracias a la superficie de deslizamiento. Por supuesto, esto tambi\u00e9n se aplica a los alimentos. Su empinado \u00e1ngulo <strong>de 60\u00b0<\/strong> facilita el deslizamiento del material de relleno.<\/p>\n<p>As\u00ed que con tu nuevo mini embudo de vidrio puedes llenar tus peque\u00f1os vasos de forma <strong>segura<\/strong>.<\/p>\n<p class=\"Normal\">Te gustar\u00e1 especialmente este peque\u00f1o embudo de cristal de 30 mm si quieres <strong>botellas o frascos peque\u00f1os y medianos<\/strong> llenar con. Es perfectamente adecuado para llenar botellas DIN18.<\/p>\n<h3>Los datos del embudo de cristal de un vistazo<\/h3>\n<p><strong>El peso es <\/strong>ca. 23 g, el <strong>La longitud total<\/strong> ca. 107 mm, el <strong>El di\u00e1metro de la abertura<\/strong> ca. 55 mm, el <strong>El di\u00e1metro del tallo<\/strong> ca. 8 mm y el <strong>La longitud del mango<\/strong> ca. 55 mm. El <strong>El \u00e1ngulo<\/strong>es ca. 60\u00b0 y el <strong>El di\u00e1metro en la salida<\/strong> ca. 6 mm.<\/p>\n<p>Tambi\u00e9n se dispone de papel de filtro para este filtro.<\/p>\n<p>\u00bfEst\u00e1 buscando un embudo barato hecho de PP durable, entonces eche un vistazo al <strong><a href=\"https:\/\/shop.nlq24.eu\/produkt\/trichter-minitrichter-6-cm\/\">mini embudo de 60 mm<\/a><\/strong>.<\/p>\n","protected":false},"excerpt":{"rendered":"<p>Embudo de vidrio de 55 mm de di\u00e1metro, salida de aprox. 6 mm<\/p>\n","protected":false},"featured_media":45946,"comment_status":"open","ping_status":"closed","template":"","meta":[],"product_brand":[],"product_cat":[1866,1876,2322],"product_tag":[3028,3018,3019,3020],"class_list":{"0":"post-74500","1":"product","2":"type-product","3":"status-publish","4":"has-post-thumbnail","6":"product_cat-todos-los-productos-resumen","7":"product_cat-dosificacion-medicion","8":"product_cat-embudo","9":"product_tag-embudo-de-vidrio-de-55-mm","10":"product_tag-embudo","11":"product_tag-pequeno","12":"product_tag-embudo-de-vidrio","13":"product_shipping_class-1-paquete-de-envio-con-seguimiento","15":"first","16":"outofstock","17":"taxable","18":"shipping-taxable","19":"purchasable","20":"product-type-simple"},"_links":{"self":[{"href":"https:\/\/shop.nlq24.eu\/es\/wp-json\/wp\/v2\/product\/74500","targetHints":{"allow":["GET"]}}],"collection":[{"href":"https:\/\/shop.nlq24.eu\/es\/wp-json\/wp\/v2\/product"}],"about":[{"href":"https:\/\/shop.nlq24.eu\/es\/wp-json\/wp\/v2\/types\/product"}],"replies":[{"embeddable":true,"href":"https:\/\/shop.nlq24.eu\/es\/wp-json\/wp\/v2\/comments?post=74500"}],"wp:featuredmedia":[{"embeddable":true,"href":"https:\/\/shop.nlq24.eu\/es\/wp-json\/wp\/v2\/media\/45946"}],"wp:attachment":[{"href":"https:\/\/shop.nlq24.eu\/es\/wp-json\/wp\/v2\/media?parent=74500"}],"wp:term":[{"taxonomy":"product_brand","embeddable":true,"href":"https:\/\/shop.nlq24.eu\/es\/wp-json\/wp\/v2\/product_brand?post=74500"},{"taxonomy":"product_cat","embeddable":true,"href":"https:\/\/shop.nlq24.eu\/es\/wp-json\/wp\/v2\/product_cat?post=74500"},{"taxonomy":"product_tag","embeddable":true,"href":"https:\/\/shop.nlq24.eu\/es\/wp-json\/wp\/v2\/product_tag?post=74500"}],"curies":[{"name":"wp","href":"https:\/\/api.w.org\/{rel}","templated":true}]}}