{"id":74501,"date":"2019-10-21T11:51:56","date_gmt":"2019-10-21T11:51:56","guid":{"rendered":"https:\/\/shop.nlq24.eu\/produkt\/tanque-de-osmosis-inversa-tanque-de-almacenamiento-de-3-litros\/"},"modified":"2026-04-02T18:22:14","modified_gmt":"2026-04-02T18:22:14","slug":"umkehr-osmose-tank-3-liter-vorratstank-es","status":"publish","type":"product","link":"https:\/\/shop.nlq24.eu\/es\/ producto\/umkehr-osmose-tank-3-liter-vorratstank-es\/","title":{"rendered":"Tanque de \u00d3smosis Inversa &#8211; Tanque de Almacenamiento 6 Litros"},"content":{"rendered":"<p>Este estrecho <a href=\"https:\/\/de.wikipedia.org\/wiki\/Umkehrosmose\" target=\"_blank\" rel=\"noopener noreferrer\"><strong>tanque de \u00f3smosis inversa<\/strong><\/a>(<a href=\"https:\/\/shop.nlq24.eu\/produkt\/umkehrosmoseanlage-osmoseanlage-proline-600-gpd-x3\/\" target=\"_blank\" rel=\"noopener noreferrer\">accesorio para el sistema de \u00f3smosis inversa<\/a>) ahorra mucho espacio debido a sus peque\u00f1as dimensiones. Almacena el agua de la \u00f3smosis inversa. Por lo tanto, tambi\u00e9n se le llama tanque de almacenamiento. Tiene una altura de solo 34,5 cm y un di\u00e1metro de 24,5 cm. Esto lo convierte en la soluci\u00f3n ideal para un armario bajo de fregadero estrecho. El tanque puede ser usado de pie o incluso acostado. La capacidad de absorci\u00f3n es de hasta 12,11 litros (3,2 galones) de agua purificada de \u00f3smosis inversa y aire para aumentar la presi\u00f3n. La capacidad de agua es de 6 litros.<\/p>\n<p>El interior de este tanque de almacenamiento ha sido recubierto con un revestimiento aprobado por los alimentos. As\u00ed, el agua almacenada en ella no entra en contacto directo con el metal. La membrana integrada, hecha de goma, asegura que el agua del tanque se agote por s\u00ed sola, ya que est\u00e1 bajo presi\u00f3n. Cuando se abre el grifo del tanque de \u00f3smosis inversa, la presi\u00f3n obliga al agua a salir del tanque a trav\u00e9s de la membrana de goma. \u00a1Y todo sin electricidad!<\/p>\n<p>El tanque de almacenamiento tiene una base de pl\u00e1stico ABS.<\/p>\n<p>Tenga en cuenta que la v\u00e1lvula del tanque no est\u00e1 incluida en la entrega, porque cuando usted compra un tanque como reemplazo, por lo general todav\u00eda tiene la v\u00e1lvula del tanque viejo. Si necesita uno, puede pedirlo adicionalmente en la tienda. Para instalarlo, basta con atornillar la v\u00e1lvula del tanque con cinta selladora roscada y conectar el tanque a la manguera del sistema de \u00f3smosis inversa.<\/p>\n<div>Dimensiones: di\u00e1metro 245 mm, altura 345 mm<\/div>\n<div>Conexi\u00f3n: rosca macho de 1\/4&#8243;<\/div>\n<div>Capacidad bruta (agua + aire): 12 litros<\/div>\n<div>Capacidad m\u00e1xima neta (agua): 6 litros<\/div>\n<div>Presi\u00f3n de servicio: de 2,5 a 6 bar<\/div>\n<div>Temperatura de funcionamiento: 2-45 \u00b0C<\/div>\n","protected":false},"excerpt":{"rendered":"<p>Dep\u00f3sito de 6 litros<\/p>\n","protected":false},"featured_media":81953,"comment_status":"open","ping_status":"closed","template":"","meta":[],"product_brand":[],"product_cat":[2354],"product_tag":[3045,3046,3047,3048],"class_list":{"0":"post-74501","1":"product","2":"type-product","3":"status-publish","4":"has-post-thumbnail","6":"product_cat-umkehrosmose-zubehoer-es","7":"product_tag-tanque-de-osmosis","8":"product_tag-tanque-de-osmosis-inversa","9":"product_tag-tanque-de-reemplazo-de-osmosis-inversa","10":"product_tag-tanque-de-osmosis-de-3-litros","12":"first","13":"instock","14":"taxable","15":"shipping-taxable","16":"purchasable","17":"product-type-simple"},"_links":{"self":[{"href":"https:\/\/shop.nlq24.eu\/es\/wp-json\/wp\/v2\/product\/74501","targetHints":{"allow":["GET"]}}],"collection":[{"href":"https:\/\/shop.nlq24.eu\/es\/wp-json\/wp\/v2\/product"}],"about":[{"href":"https:\/\/shop.nlq24.eu\/es\/wp-json\/wp\/v2\/types\/product"}],"replies":[{"embeddable":true,"href":"https:\/\/shop.nlq24.eu\/es\/wp-json\/wp\/v2\/comments?post=74501"}],"wp:featuredmedia":[{"embeddable":true,"href":"https:\/\/shop.nlq24.eu\/es\/wp-json\/wp\/v2\/media\/81953"}],"wp:attachment":[{"href":"https:\/\/shop.nlq24.eu\/es\/wp-json\/wp\/v2\/media?parent=74501"}],"wp:term":[{"taxonomy":"product_brand","embeddable":true,"href":"https:\/\/shop.nlq24.eu\/es\/wp-json\/wp\/v2\/product_brand?post=74501"},{"taxonomy":"product_cat","embeddable":true,"href":"https:\/\/shop.nlq24.eu\/es\/wp-json\/wp\/v2\/product_cat?post=74501"},{"taxonomy":"product_tag","embeddable":true,"href":"https:\/\/shop.nlq24.eu\/es\/wp-json\/wp\/v2\/product_tag?post=74501"}],"curies":[{"name":"wp","href":"https:\/\/api.w.org\/{rel}","templated":true}]}}