{"id":74503,"date":"2018-11-09T08:27:55","date_gmt":"2018-11-09T08:27:55","guid":{"rendered":"https:\/\/shop.nlq24.eu\/produkt\/aceite-de-magnesio-solucion-acuosa-de-cloruro-de-magnesio-al-31\/"},"modified":"2025-11-12T11:39:08","modified_gmt":"2025-11-12T11:39:08","slug":"magnesiumoel-31-verschiedene-mengen-es","status":"publish","type":"product","link":"https:\/\/shop.nlq24.eu\/es\/ producto\/magnesiumoel-31-verschiedene-mengen-es\/","title":{"rendered":"Aceite de magnesio, soluci\u00f3n acuosa de cloruro de magnesio al 31%."},"content":{"rendered":"<p class=\"Normal\"><strong><u><span class=\"tm5\">Cloruro de magnesio, soluci\u00f3n acuosa 31% \u00abAceite de magnesio\u00bb.<\/span><\/u><\/strong><\/p>\n<p class=\"Normal\">Esta soluci\u00f3n de cloruro de magnesio fue hecha con cloruro de magnesio natural (MgCl2) del Mar Muerto. Esta soluci\u00f3n tiene un contenido de 31% de cloruro de magnesio puro. Calidad natural en una botella de vidrio marr\u00f3n. El agua de osmosis fue usada para la porci\u00f3n de agua. Es un \u00abaceite de magnesio\u00bb puro sin ning\u00fan otro aditivo. Natural y sin conservantes. Esta mezcla tambi\u00e9n se conoce como \u00absalmuera de magnesio\u00bb y \u00abaceite de magnesio\u00bb. Aceite de magnesio\u00bb es su nombre, no porque haya aceite en \u00e9l, sino porque se siente aceitoso.<\/p>\n<p>&nbsp;<\/p>\n<p>Sin embargo, recomiendo la soluci\u00f3n a\u00fan m\u00e1s completa <a href=\"https:\/\/shop.nlq24.eu\/es\/Produkt\/mkb-magnesium-kalium-borax-mischung-in-glasflasche-100-ml-es\/\">MKB Vital<\/a><\/p>\n<div><\/div>\n<div>\n<div><img loading=\"lazy\" decoding=\"async\" class=\"alignnone size-full wp-image-55159\" src=\"https:\/\/shop.nlq24.eu\/wp-content\/uploads\/2019\/01\/Achtung-Ausrufezeichen-71x71-1.jpg\" alt=\"\" width=\"71\" height=\"71\"><strong><br \/>\nAtenci\u00f3n<\/strong><\/div>\n<p class=\"Normal\"><strong><span class=\"tm5\">Advertencias de peligro:<br \/>\n<\/span><\/strong>Causa irritaci\u00f3n de la piel. Causa una grave irritaci\u00f3n de los ojos.<\/p>\n<p class=\"Normal\">Ejemplo de uso:<br \/>\nPara aumentar la concentraci\u00f3n de magnesio en acuarios\/estanques<\/p>\n<p class=\"Normal\"><strong><span class=\"tm5\">Son posibles las siguientes variantes:<br \/>\n<\/span><\/strong>Frasco de 50 ml de vidrio, PP o HDPE con gotero<br \/>\nFrasco de 100 ml de vidrio, PP o HDPE con gotero o accesorio<br \/>\nde pulverizaci\u00f3n adicional Frasco de HDPE de 200 ml blanco con punta<br \/>\ncuentagotas Frasco de vidrio de 250 ml PP28 sin gotero<br \/>\nFrasco de vidrio de 500 ml PP28 sin gotero<br \/>\nFrasco de vidrio de 1000 ml PP28 sin gotero<\/p>\n<p>&nbsp;<\/p>\n<\/div>\n","protected":false},"excerpt":{"rendered":"<p>Cloruro de magnesio, soluci\u00f3n acuosa 31% \u00abAceite de magnesio\u00bb.<\/p>\n","protected":false},"featured_media":10816,"comment_status":"open","ping_status":"closed","template":"","meta":[],"product_brand":[],"product_cat":[2340,1866],"product_tag":[2779,2840,2841,2842,2843],"class_list":{"0":"post-74503","1":"product","2":"type-product","3":"status-publish","4":"has-post-thumbnail","6":"product_cat-magnesium-produkte-es","7":"product_cat-todos-los-productos-resumen","8":"product_tag-magnesio","9":"product_tag-copos-de-magnesio","10":"product_tag-cloruro-de-magnesio","11":"product_tag-hexahydrat-es","12":"product_tag-mgcl2-es","13":"product_shipping_class-1-paquete-de-envio-con-seguimiento","14":"pa_flaschenart-pp-flasche-halbtransparent-es","15":"pa_flaschenart-botella-de-hdpe","16":"pa_flaschenart-botella-de-vidrio-din18","17":"pa_flaschenart-botella-de-vidrio-pp28","18":"pa_milliliter-100-ml-es","19":"pa_milliliter-250-ml-es","20":"pa_milliliter-500-ml-es","21":"pa_milliliter-1000-ml-es","22":"pa_milliliter-50-ml-es","23":"pa_milliliter-200-ml-es","25":"first","26":"instock","27":"taxable","28":"shipping-taxable","29":"purchasable","30":"product-type-variable"},"_links":{"self":[{"href":"https:\/\/shop.nlq24.eu\/es\/wp-json\/wp\/v2\/product\/74503","targetHints":{"allow":["GET"]}}],"collection":[{"href":"https:\/\/shop.nlq24.eu\/es\/wp-json\/wp\/v2\/product"}],"about":[{"href":"https:\/\/shop.nlq24.eu\/es\/wp-json\/wp\/v2\/types\/product"}],"replies":[{"embeddable":true,"href":"https:\/\/shop.nlq24.eu\/es\/wp-json\/wp\/v2\/comments?post=74503"}],"wp:featuredmedia":[{"embeddable":true,"href":"https:\/\/shop.nlq24.eu\/es\/wp-json\/wp\/v2\/media\/10816"}],"wp:attachment":[{"href":"https:\/\/shop.nlq24.eu\/es\/wp-json\/wp\/v2\/media?parent=74503"}],"wp:term":[{"taxonomy":"product_brand","embeddable":true,"href":"https:\/\/shop.nlq24.eu\/es\/wp-json\/wp\/v2\/product_brand?post=74503"},{"taxonomy":"product_cat","embeddable":true,"href":"https:\/\/shop.nlq24.eu\/es\/wp-json\/wp\/v2\/product_cat?post=74503"},{"taxonomy":"product_tag","embeddable":true,"href":"https:\/\/shop.nlq24.eu\/es\/wp-json\/wp\/v2\/product_tag?post=74503"}],"curies":[{"name":"wp","href":"https:\/\/api.w.org\/{rel}","templated":true}]}}