{"id":74590,"date":"2021-01-11T19:15:52","date_gmt":"2021-01-11T19:15:52","guid":{"rendered":"https:\/\/shop.nlq24.eu\/?post_type=product&#038;p=74590"},"modified":"2025-06-19T07:32:52","modified_gmt":"2025-06-19T07:32:52","slug":"disco-de-taquiones-bio-energia","status":"publish","type":"product","link":"https:\/\/shop.nlq24.eu\/es\/ producto\/disco-de-taquiones-bio-energia\/","title":{"rendered":"Bio Energie Tachyon Scheibe"},"content":{"rendered":"<h3 class=\"Normal tm5 tm6\"><span class=\"tm7\">Disco de vidrio de taquiones de bioenerg\u00eda<\/span><\/h3>\n<p class=\"Normal tm5 tm6\"><span class=\"tm7\">Su nuevo <strong>disco Tachyon bio energ\u00e9tico<\/strong> de vidrio transparente tiene un di\u00e1metro de 90 mm y un grosor de 10 mm.<\/span> <span class=\"tm7\">Con este disco de vidrio bio-energ\u00eda, usted puede producir agua de iones energizado usted mismo.<\/span><\/p>\n<p class=\"Normal tm5 tm6\"><span class=\"tm7\">La energ\u00eda del disco dura m\u00e1s de 5 a\u00f1os. <\/span><span class=\"tm7\"> <\/span><span class=\"tm7\">La resistencia de la energ\u00eda taquiones oscila entre 2500 y 3000 NIO.<\/span><\/p>\n<p class=\"Normal tm5 tm8\"><span class=\"tm7\">Est\u00e1 dise\u00f1ado para mejorar el sabor de sus bebidas y aumentar el nivel de energ\u00eda de su agua potable. <\/span><span class=\"tm7\">Esto tambi\u00e9n maximiza la energ\u00eda en su preparaci\u00f3n de alimentos. Una buena energ\u00eda significa armon\u00eda.<\/span><\/p>\n<p class=\"Normal tm5 tm8\"><span class=\"tm7\">Incluso la vida \u00fatil de las verduras, frutas y carne debe extenderse cuando se almacenan juntas.<\/span><\/p>\n<p class=\"Normal tm5 tm8\"><span class=\"tm7\">Se supone que el yin y el yang entrar\u00e1n en armon\u00eda a trav\u00e9s de esta energ\u00eda, para que muchos puedan desaparecer, lo que se desencaden\u00f3 en la desarmon\u00eda. <\/span><span class=\"tm7\">Rel\u00e1jese con esta nueva energ\u00eda armoniosa.<\/span><\/p>\n<p class=\"Normal tm5 tm8\"><span class=\"tm7\"> <\/span><\/p>\n<p class=\"Normal tm5 tm8\"><strong><span class=\"tm9\">C\u00f3mo utilizar el<\/span> <span class=\"tm9\">disco<\/span> <span class=\"tm9\">bioen energ\u00eda<\/span><\/strong><\/p>\n<p class=\"Normal tm5 tm8\"><span class=\"tm7\">El fabricante especifica los siguientes usos:  <\/span><\/p>\n<p class=\"Normal tm5 tm8\"><strong><span class=\"tm9\">L\u00edquidos energizantes:<\/span><\/strong><br \/>\n<span class=\"tm7\">Vierta el agua o cualquier l\u00edquido <\/span>en un recipiente y col\u00f3quelo en <span class=\"tm7\">el<\/span> <span class=\"tm7\">a trav\u00e9s del disco. El agua se energiza inmediatamente y tiene un mejor sabor y un mayor contenido de ox\u00edgeno<\/span><span class=\"tm7\">.  <\/span><\/p>\n<p class=\"Normal tm5 tm8\"><strong><br \/>\n  <span class=\"tm7\">Usar en el<\/span><span class=\"tm7\">refrigerador<\/span><\/p>\n<p><\/strong><span class=\"tm7\"><strong>:<\/strong><br \/>\n St<\/span><span class=\"tm7\">ellen<\/span><span class=\"tm7\">  ellos y los alimentos almacenados deben ser optimizados y energizados. Similar al <a href=\"https:\/\/shop.nlq24.eu\/es\/Produkt\/taquion-nano-energia-schuessel-1-stueck\/\"> <strong>Tachyon<\/strong> Nano <strong>Energy<\/strong> Bowl.<\/a><\/span><\/p>\n<p class=\"Normal tm5 tm8\"><strong><br \/>\n  <span class=\"tm9\">Energizar<\/span> <span class=\"tm9\">el agua en una<\/span> <span class=\"tm9\">botella:<\/span> <\/p>\n<p><\/strong> <span class=\"tm7\"><br \/>\n Coloque la botella en la rebanada y espere<\/span> <span class=\"tm7\">20 minutos<\/span><span class=\"tm7\">. A continuaci\u00f3n, la E<\/span><span class=\"tm7\">Nergie.<\/span> <span class=\"tm7\"><\/span><\/p>\n<h4 class=\"Normal tm5 tm8\"><strong><br \/>\n  <span class=\"tm9\">Mejorar la calidad del sue\u00f1o:<\/span> <span class=\"tm9\"><br \/>\n <\/span> <\/p>\n<p><\/strong> <strong> <span class=\"tm9\">1. Coloque el<\/span><span class=\"tm9\">disco<\/span> de energ\u00eda org\u00e1nica<\/p>\n<p><\/strong> debajo de la cama y <span class=\"tm7\">duerma bien.<br \/>\n <\/span> <strong><span class=\"tm9\">2.<\/span><\/p>\n<p><\/strong> <span class=\"tm7\">Coloque 4 botellas de agua energizada debajo de la cama, <\/span>una <span class=\"tm7\">botella<\/span> cada una en cada pierna de<span class=\"tm7\"> la cama<\/span><span class=\"tm7\">. Esto est\u00e1 destinado a  <\/span><span class=\"tm7\">energ\u00eda<\/span> <span class=\"tm7\"> <\/span>negativa y dar<span class=\"tm7\">energ\u00eda positiva.<\/span> <span class=\"tm7\"><\/span><\/h4>\n<p class=\"Normal tm5 tm8\"><strong><span class=\"tm9\">Aplicar al cuerpo:<\/span><\/p>\n<p><\/strong>Coloque<span class=\"tm7\"><br \/>\n el disco en <\/span>un ba\u00f1o <span class=\"tm7\">de<\/span> agua<span class=\"tm7\">. A continuaci\u00f3n, el agua energizada en la piel<\/span><span class=\"tm7\">Sobresalen<\/span><span class=\"tm7\">. Se supone que esto es un jet lag  <\/span><span class=\"tm7\"> <span class=\"tm7\">y<\/span> <span class=\"tm7\">mejorar el nivel de energ\u00eda.<\/span> <span class=\"tm7\"> <\/span><\/span><\/p>\n<p class=\"Normal tm5 tm8\"><strong><span class=\"tm9\">Mejorar la<\/span><\/p>\n<p><\/strong> energ\u00eda<span class=\"tm7\"><br \/>\n corporal:<\/span><span class=\"tm7\">Lleva<\/span> el<span class=\"tm7\"> disco bio-energ\u00e9tico en el<\/span> <span class=\"tm7\">bolsillo.<\/span> <span class=\"tm7\"> <\/span><\/p>\n<p class=\"Normal tm5 tm8\"><strong><span class=\"tm9\">Irradiar el dolor:<\/span><\/p>\n<p><\/strong> <span class=\"tm7\">Deja que los <\/span>rayos del sol se<span class=\"tm7\"> recreen<\/span> a trav\u00e9s de la lente hasta el <span class=\"tm7\">\u00e1rea<\/span> <span class=\"tm7\">dolorida<\/span><span class=\"tm7\">. Haltbar (alem\u00e1n) = Durable<\/span><span class=\"tm7\">viejo el disco<\/span> <span class=\"tm7\">para este prop\u00f3sito aprox.<\/span> <span class=\"tm7\">21 cm del \u00e1rea afectada y gire el disco en sentido contrario a las agujas del reloj.<\/span> <span class=\"tm7\"> <\/span><\/p>\n<h3>\u00bfEl disco de energ\u00eda biol\u00f3gica realmente tiene la energ\u00eda?<\/h3>\n<p>Aqu\u00ed puedes encontrar el video que muestra la prueba:<\/p>\n<div style=\"width: 736px;\" class=\"wp-video\"><video class=\"wp-video-shortcode\" id=\"video-74590-1\" width=\"736\" height=\"544\" preload=\"metadata\" controls=\"controls\"><source type=\"video\/mp4\" src=\"https:\/\/shop.nlq24.eu\/wp-content\/uploads\/2021\/01\/Test-Bio-Energie-Glas.mp4?_=1\" \/><a href=\"https:\/\/shop.nlq24.eu\/wp-content\/uploads\/2021\/01\/Test-Bio-Energie-Glas.mp4\">https:\/\/shop.nlq24.eu\/wp-content\/uploads\/2021\/01\/Test-Bio-Energie-Glas.mp4<\/a><\/video><\/div>\n<p class=\"Normal\">Prob\u00e9 los remolques yo mismo con algunos conocidos antes de agregarlos a mi surtido. S\u00f3lo prueba el tr\u00e1iler t\u00fa mismo imparcial. Si\u00e9ntase y esc\u00fachese a s\u00ed mismo. Entonces obtendr\u00e1s la respuesta por ti mismo. Si el remolque no te trae nada, seguir\u00eda siendo una buena joya.<\/p>\n<p>&nbsp;<\/p>\n<h3 class=\"Normal\"><strong><u><span class=\"tm6\">Descargo de responsabilidad \/ Condiciones de uso de los productos energ\u00e9ticos<\/span><\/u><\/strong><\/h3>\n<p class=\"Normal\"><strong><span class=\"tm6\">Contenido:<\/span><\/strong> Los textos de mi sitio web no pretenden estar cient\u00edficamente completos. Los productos de Taqui\u00f3n y su uso no reemplazan el apoyo o la terapia por un m\u00e9dico, natur\u00f3pata u otro terapeuta m\u00e9dico o psicol\u00f3gico. Estos productos no se utilizan como una alternativa a los remedios y m\u00e9todos cl\u00e1sicos, sino como una herramienta para un mejor bienestar. Los m\u00e9todos de medici\u00f3n que pueden probar el efecto no se reconocen s\u00f3lo de acuerdo con <u>las normas cient\u00edficas actuales.<\/u> Pero, \u00bfqu\u00e9 es la ciencia y se puede aplicar a todo? Trata de explicarlo todo. Pero s\u00f3lo despu\u00e9s de que ya est\u00e1 all\u00ed y funciona. Adem\u00e1s, siempre es una cuesti\u00f3n de prueba y error. Aqu\u00ed hay m\u00e1s sobre abajo.<\/p>\n<p class=\"Normal\">Las propiedades de estos productos se basan en la experiencia pr\u00e1ctica. No puedo aceptar ninguna responsabilidad o garant\u00eda por las solicitudes y experiencias presentadas o por los dise\u00f1os del fabricante. No acepto ninguna responsabilidad por cualquier mal uso. No hago promesas de salvaci\u00f3n. Se aconseja al usuario y cliente de estos productos que el uso sigue siendo s\u00f3lo su propia responsabilidad. Si hay problemas de salud en los usuarios que ven a los usuarios en relaci\u00f3n con los productos, p\u00f3ngase en contacto con nosotros para sus comentarios. Al mismo tiempo, me gustar\u00eda llamar la atenci\u00f3n sobre el hecho de que cualquier trastorno de condici\u00f3n f\u00edsica o psicol\u00f3gica debe implicar en cualquier caso el uso de un m\u00e9dico, terapeuta o experto psicol\u00f3gico correspondiente. Los productos de taqui\u00f3n no deben comerse ni ingerirse. Tampoco son juguetes para ni\u00f1os peque\u00f1os desatendidos. S\u00f3lo bajo estas condiciones distribuyo estos productos y transmito la informaci\u00f3n que he recopilado sobre ellos. Hay muchos usuarios satisfechos en todo el mundo.<\/p>\n<h3><strong>Sobre las normas cient\u00edficas:<\/strong><\/h3>\n<p class=\"Normal\">Los f\u00edsicos prometen una y otra vez desarrollar una teor\u00eda integral que explique el mundo entero. Todos los que han hecho de esta disciplina su profesi\u00f3n deben saber que incluso en teor\u00edas que durante mucho tiempo se han cre\u00eddo que est\u00e1n listas, a veces hay enormes inconsistencias.<\/p>\n<p class=\"Normal\">La f\u00edsica es una de las m\u00e1s fundamentales en las ciencias naturales. Al menos as\u00ed lo ven los f\u00edsicos. Esta vista, y la vista, por supuesto, tambi\u00e9n da forma a la forma en que se ense\u00f1a la f\u00edsica. Se cree que la ciencia es integral, libre de contradicciones internas, siempre con un concepto coherente.<\/p>\n<p class=\"Normal\">Cuanto m\u00e1s se desarrolla un f\u00edsico, m\u00e1s visible debe notar alguna incoherencia.<\/p>\n<p class=\"Normal\">En una reflexi\u00f3n m\u00e1s estrecha, est\u00e1 claro para todos que muchas preguntas realmente fundamentales a\u00fan no han sido respondidas. Por ejemplo, en la masa de inercia. \u00bfCu\u00e1l es el mecanismo f\u00edsico detr\u00e1s de esto?<\/p>\n<p class=\"Normal\">\u00bfCu\u00e1ntas dimensiones tiene una habitaci\u00f3n? \u00bfDe verdad s\u00f3lo tres? Incluso mucho antes de estas preguntas, hay grandes lagunas. Sin embargo, la \u00abciencia\u00bb presenta sus temas como completamente entendidos y explicados. Se cree que es capaz de explicar muchas cosas. Pero tambi\u00e9n se adhiere principalmente a la fe. Pero la fe no es realmente ciencia. Pero su precursor. Simplemente se dice que hay una soluci\u00f3n exacta a cada problema. Desafortunadamente, sin embargo, este no es el caso en la realidad. Incluso dos influencias diferentes hacen que un c\u00e1lculo preciso sea imposible. La mayor\u00eda, sin embargo, mucho m\u00e1s de dos se encuentran.<\/p>\n<p class=\"Normal\">Lo que quiero decir con esto es que la ciencia es un intento de explicar lo que existe y lo que se ha experimentado. Pero nada m\u00e1s. No en vano, Einstein era tan honesto, llamando a su teor\u00eda<strong>de<\/strong> la relatividad una teor\u00eda.<\/p>\n<p class=\"Normal\">El mundo de las part\u00edculas subat\u00f3micas y la f\u00edsica cu\u00e1ntica producen muchos misterios. La pregunta final es si debemos esperar la explicaci\u00f3n, es decir, la ciencia, hasta que uno haga uso de las cosas y las posibilidades.<\/p>\n","protected":false},"excerpt":{"rendered":"<p>Bio Energie Tachyon Scheibe<\/p>\n","protected":false},"featured_media":0,"comment_status":"open","ping_status":"closed","template":"","meta":[],"product_brand":[],"product_cat":[1866,2347],"product_tag":[2807,3103,3104,2395,2799,2801,2806],"class_list":{"0":"post-74590","1":"product","2":"type-product","3":"status-publish","5":"product_cat-todos-los-productos-resumen","6":"product_cat-tachyon-produkte-es","7":"product_tag-taquiones","8":"product_tag-bio-energie-tachyon-scheibe-es","9":"product_tag-energie-scheibe-es","10":"product_tag-bioenergie-es","11":"product_tag-iones-negativos","12":"product_tag-energia","13":"product_tag-escalar","14":"product_shipping_class-1-paquete-de-envio-con-seguimiento","16":"first","17":"outofstock","18":"taxable","19":"shipping-taxable","20":"purchasable","21":"product-type-simple"},"_links":{"self":[{"href":"https:\/\/shop.nlq24.eu\/es\/wp-json\/wp\/v2\/product\/74590","targetHints":{"allow":["GET"]}}],"collection":[{"href":"https:\/\/shop.nlq24.eu\/es\/wp-json\/wp\/v2\/product"}],"about":[{"href":"https:\/\/shop.nlq24.eu\/es\/wp-json\/wp\/v2\/types\/product"}],"replies":[{"embeddable":true,"href":"https:\/\/shop.nlq24.eu\/es\/wp-json\/wp\/v2\/comments?post=74590"}],"wp:attachment":[{"href":"https:\/\/shop.nlq24.eu\/es\/wp-json\/wp\/v2\/media?parent=74590"}],"wp:term":[{"taxonomy":"product_brand","embeddable":true,"href":"https:\/\/shop.nlq24.eu\/es\/wp-json\/wp\/v2\/product_brand?post=74590"},{"taxonomy":"product_cat","embeddable":true,"href":"https:\/\/shop.nlq24.eu\/es\/wp-json\/wp\/v2\/product_cat?post=74590"},{"taxonomy":"product_tag","embeddable":true,"href":"https:\/\/shop.nlq24.eu\/es\/wp-json\/wp\/v2\/product_tag?post=74590"}],"curies":[{"name":"wp","href":"https:\/\/api.w.org\/{rel}","templated":true}]}}