{"id":74651,"date":"2021-01-15T18:24:51","date_gmt":"2021-01-15T18:24:51","guid":{"rendered":"https:\/\/shop.nlq24.eu\/produkt\/grifo-3-en-1-vena-de-acero-inoxidable\/"},"modified":"2025-09-24T15:30:24","modified_gmt":"2025-09-24T15:30:24","slug":"3-in-1-wasserhahn-vena-edelstahl-es","status":"publish","type":"product","link":"https:\/\/shop.nlq24.eu\/es\/ producto\/3-in-1-wasserhahn-vena-edelstahl-es\/","title":{"rendered":"Grifo 3 en 1 Vena de acero inoxidable"},"content":{"rendered":"<div>\n<h3 class=\"Normal tm5\">Grifo 3 en 1 Vena de acero inoxidable<\/h3>\n<p class=\"Normal tm5\"><span class=\"tm6\">Este grifo 3 en 1 de acero inoxidable Vena es una soluci\u00f3n pr\u00e1ctica para una cocina moderna. Permite el acceso constante a agua fr\u00eda y caliente del grifo, as\u00ed como a agua filtrada. Un accesorio de tres v\u00edas hecho de acero inoxidable tambi\u00e9n cumple con los m\u00e1s altos requisitos est\u00e9ticos y materiales. El acero inoxidable ha sido sin\u00f3nimo de elegancia y lujo durante a\u00f1os. Los accesorios de acero inoxidable son llamativos, son una hermosa decoraci\u00f3n interior de la que es dif\u00edcil escapar.<\/span><\/p>\n<p class=\"Normal tm5\"><span class=\"tm6\">El grifo de la cocina de acero inoxidable es la pieza central de una cocina bien dise\u00f1ada. Est\u00e9ticamente agradable y funcional, el grifo 3 en 1 WaterCell\u2122 asegura el m\u00e1ximo disfrute durante las actividades diarias.<\/span><\/p>\n<p class=\"Normal tm5\"><span class=\"tm6\">Bater\u00eda de mezcla bidireccional Vena Inox de WaterCell\u2122 es un <\/span>grifo de acero inoxidable de alta calidad con accesorios<\/p>\n<p class=\"Normal tm5\"><span class=\"tm6\">El grifo 3 en 1 de acero inoxidable Vena encaja perfectamente en los interiores modernos y tradicionales. El sutil dise\u00f1o y la belleza del acero inoxidable armonizan con los interiores peque\u00f1os y grandes. El acero inoxidable atemporal armoniza perfectamente con casi cualquier estilo y luce hermoso con cualquier fregadero.<\/span><\/p>\n<p class=\"Normal tm5\"><span class=\"tm6\">Su nuevo grifo est\u00e1 hecho de acero inoxidable resistente a la corrosi\u00f3n. El acero inoxidable ha sido cepillado en el proceso de acabado para resaltar la belleza del material precioso.<\/span><\/p>\n<p class=\"Normal tm5\"><span class=\"tm6\">El acero inoxidable se caracteriza por su alta durabilidad, resistencia a los ara\u00f1azos, a la corrosi\u00f3n y a las altas temperaturas. Tal dise\u00f1o hace que el grifo WaterCell\u2122 3 en 1 de acero inoxidable Vena sea casi indestructible. La superficie de acero cepillado facilita la limpieza del grifo, y el agua filtrada evita la acumulaci\u00f3n de incrustaciones.<\/span><\/p>\n<p class=\"Normal tm5\"><span class=\"tm6\">El acero inoxidable como material duradero, resistente a los ara\u00f1azos y ecol\u00f3gico es perfecto para cualquier cocina.<\/span><\/p>\n<h3 class=\"Normal tm5\"><span class=\"tm6\">3 en 1 grifo Vena de acero inoxidable &#8211; elegante y pr\u00e1ctico<\/span><\/h3>\n<p class=\"Normal tm5\"><span class=\"tm6\">El grifo tambi\u00e9n es una soluci\u00f3n pr\u00e1ctica: la instalaci\u00f3n de un filtro de agua no requiere espacio adicional ni un agujero en el fregadero para el grifo de agua filtrada. El grifo 3 en 1 de acero inoxidable Vena es un grifo de doble circuito de tres v\u00edas con doble funci\u00f3n, es decir. <\/span><strong><span class=\"tm7\">El agua caliente<\/span><\/strong>, <span class=\"tm6\">fr\u00eda y filtrada<\/span> <strong><span class=\"tm7\">se suministra a un grifo<\/span><\/strong><span class=\"tm6\"> conectado. Por lo tanto, es la soluci\u00f3n perfecta para aquellos que quieren evitar la instalaci\u00f3n de un grifo separado para el filtro de agua. Todo lo que necesita hacer es reemplazar su actual grifo por el nuevo y conectarlo al agua del grifo y al agua filtrada.<\/span><\/p>\n<p class=\"Normal tm5\"><span class=\"tm6\">El acero inoxidable es completamente ecol\u00f3gico y, por \u00faltimo pero no menos importante, extremadamente higi\u00e9nico. Los discos de cer\u00e1mica aseguran una larga vida y durabilidad del grifo.<\/span><\/p>\n<p class=\"Normal tm5\"><span class=\"tm6\">Est\u00e1 equipado con dos circuitos independientes y dos aireadores:<\/span><\/p>\n<p class=\"Normal tm5\"><span class=\"tm6\">&#8211; para el agua caliente y fr\u00eda del grifo<\/span><\/p>\n<p class=\"Normal tm5\"><span class=\"tm6\">&#8211; para el agua filtrada (el agua filtrada no se mezcla con el agua del grifo)<\/span><\/p>\n<p class=\"Normal tm5\"><span class=\"tm6\">El grifo 3 en 1 Vena de acero inoxidable <strong>se adapta a todos los modelos de filtros<\/strong> de agua, incluyendo los filtros de \u00f3smosis inversa y los ionizadores de agua de membrana redox ORP.<\/span><\/p>\n<p>&nbsp;<\/p>\n<p class=\"Normal tm5\"><strong><span class=\"tm6\">El grifo 3 en 1 Vena de acero inoxidable<\/span><\/strong><\/p>\n<p class=\"Normal tm5\"><span class=\"tm6\">&#8211; de acero inoxidable garantiza una alta durabilidad<\/span><\/p>\n<p class=\"Normal tm5\"><span class=\"tm6\"><strong>&#8211; Acabado<\/strong>: acero inoxidable cepillado<\/span><\/p>\n<p class=\"Normal tm5\"><span class=\"tm6\">&#8211; dos circuitos independientes<\/span><\/p>\n<p class=\"Normal tm5\"><span class=\"tm6\">&#8211; dos aireadores de agua econ\u00f3micos<\/span><\/p>\n<p class=\"Normal tm5\"><span class=\"tm6\">&#8211; Mango de una sola palanca para agua caliente y fr\u00eda &#8211; puede ajustar f\u00e1cil y r\u00e1pidamente la temperatura e intensidad del chorro de agua a sus necesidades.<\/span><\/p>\n<p class=\"Normal tm5\"><span class=\"tm6\">&#8211; Los discos de cer\u00e1mica reducen la acumulaci\u00f3n de cal y suciedad.<\/span><\/p>\n<p class=\"Normal tm5\"><span class=\"tm6\">&#8211; Tres mangueras flexibles blindadas para conectar agua caliente, fr\u00eda y filtrada.<\/span><\/p>\n<p class=\"Normal tm5\"><span class=\"tm6\">&#8211; Adaptador para conectar la manguera del filtro de agua de \u00bc<\/span><\/p>\n<h3 class=\"Normal tm5\"><span class=\"tm6\">Informaci\u00f3n t\u00e9cnica:<\/span><\/h3>\n<p class=\"Normal tm5\"><span class=\"tm6\"><strong>Acabado:<\/strong> acero<br \/>\n inoxidable cepillado<strong>Conexi\u00f3n:<\/strong> agua<br \/>\n caliente, fr\u00eda y filtrada<strong>Instalaci\u00f3n:<\/strong> 2 mangueras flexibles reforzadas para conexi\u00f3n (agua fr\u00eda y caliente) &#8211; 500 mm<\/span><\/p>\n<p class=\"Normal tm5\"><span class=\"tm6\"><strong>Accesorios<\/strong>: 1 manguera reforzada para la conexi\u00f3n al filtro &#8211; 370 mm con una conexi\u00f3n para la manguera del filtro de agua 1\/4 \u2033. <\/span><\/p>\n<p class=\"Normal tm5\"><span class=\"tm6\"><strong>Equipo:<\/strong> 2 circuitos independientes,<\/span><span class=\"tm6\"> 2 aireadores &#8211; giratorios 360 \u00b0 ,<\/span><span class=\"tm6\"> Pico giratorio de 360\u00b0., <\/span><span class=\"tm6\">V\u00e1lvula con discos de cer\u00e1mica.<\/span><\/p>\n<p class=\"Normal tm5\"><span class=\"tm6\"><strong>El juego de accesorios tambi\u00e9n incluye<\/strong>: roseta, juntas, pieza de conexi\u00f3n a la manguera del filtro de agua Dimensi\u00f3n: Altura 350 mm.<\/span><\/p>\n<\/div>\n<h3><\/h3>\n<h3>Diagrama de conexi\u00f3n<\/h3>\n<div>\n<p class=\"Normal\"><img loading=\"lazy\" decoding=\"async\" id=\"tinymce-editor-image-b2136f21-0a9d-424a-9f85-152a12247d18\" class=\"tinymce-editor-image tinymce-editor-image-b2136f21-0a9d-424a-9f85-152a12247d18\" src=\"https:\/\/www.osmofresh.de\/media\/image\/1a\/9d\/2c\/3-Wege-Armatur-Anschluss.jpg\" alt=\"Grifo 3 en 1 Vena conexi\u00f3n de acero inoxidable y aireador\" width=\"319\" height=\"304\" data-src=\"media\/image\/3-Wege-Armatur-Anschluss.jpg\"><\/p>\n<div class=\"product--description\"><\/div>\n<\/div>\n<div class=\"content--description\">\n<div class=\"product--description\">\n<div class=\"content--description\">\n<div class=\"product--description\">\n<p>\u00a1Divi\u00e9rtete con esta gran soluci\u00f3n!<\/p>\n<\/div>\n<\/div>\n<\/div>\n<\/div>\n","protected":false},"excerpt":{"rendered":"<p>Grifo 3 en 1 Vena de acero inoxidable<\/p>\n","protected":false},"featured_media":74649,"comment_status":"open","ping_status":"closed","template":"","meta":[],"product_brand":[],"product_cat":[1866,2349,2354,2355],"product_tag":[3057,3058,2364,2365,3056],"class_list":{"0":"post-74651","1":"product","2":"type-product","3":"status-publish","4":"has-post-thumbnail","6":"product_cat-todos-los-productos-resumen","7":"product_cat-3-in-1-wasserhaehne-es","8":"product_cat-umkehrosmose-zubehoer-es","9":"product_cat-grifos-de-osmosis-inversa","10":"product_tag-grifo-de-agua-de-osmosis","11":"product_tag-ajuste-de-la-osmosis-inversa","12":"product_tag-3-wege-armatur-es","13":"product_tag-3-in-1-wasserhahn-es","14":"product_tag-grifo","15":"product_shipping_class-1-paquete-de-envio-con-seguimiento","17":"first","18":"instock","19":"taxable","20":"shipping-taxable","21":"purchasable","22":"product-type-simple"},"_links":{"self":[{"href":"https:\/\/shop.nlq24.eu\/es\/wp-json\/wp\/v2\/product\/74651","targetHints":{"allow":["GET"]}}],"collection":[{"href":"https:\/\/shop.nlq24.eu\/es\/wp-json\/wp\/v2\/product"}],"about":[{"href":"https:\/\/shop.nlq24.eu\/es\/wp-json\/wp\/v2\/types\/product"}],"replies":[{"embeddable":true,"href":"https:\/\/shop.nlq24.eu\/es\/wp-json\/wp\/v2\/comments?post=74651"}],"wp:featuredmedia":[{"embeddable":true,"href":"https:\/\/shop.nlq24.eu\/es\/wp-json\/wp\/v2\/media\/74649"}],"wp:attachment":[{"href":"https:\/\/shop.nlq24.eu\/es\/wp-json\/wp\/v2\/media?parent=74651"}],"wp:term":[{"taxonomy":"product_brand","embeddable":true,"href":"https:\/\/shop.nlq24.eu\/es\/wp-json\/wp\/v2\/product_brand?post=74651"},{"taxonomy":"product_cat","embeddable":true,"href":"https:\/\/shop.nlq24.eu\/es\/wp-json\/wp\/v2\/product_cat?post=74651"},{"taxonomy":"product_tag","embeddable":true,"href":"https:\/\/shop.nlq24.eu\/es\/wp-json\/wp\/v2\/product_tag?post=74651"}],"curies":[{"name":"wp","href":"https:\/\/api.w.org\/{rel}","templated":true}]}}